{"id":9456,"date":"2022-08-29T11:16:19","date_gmt":"2022-08-29T16:16:19","guid":{"rendered":"https:\/\/live-gordon-food-service.pantheonsite.io\/?page_id=9456"},"modified":"2026-01-23T09:55:22","modified_gmt":"2026-01-23T14:55:22","slug":"dons","status":"publish","type":"page","link":"https:\/\/gfs.ca\/fr-ca\/about-us\/our-responsibility\/donations\/","title":{"rendered":"Dons"},"content":{"rendered":"<div data-elementor-type=\"wp-page\" data-elementor-id=\"9456\" class=\"elementor elementor-9456\" data-elementor-post-type=\"page\">\n\t\t\t\t<div data-particle_enable=\"false\" data-particle-mobile-disabled=\"false\" class=\"elementor-element elementor-element-6669265d e-flex e-con-boxed e-con e-parent\" data-id=\"6669265d\" data-element_type=\"container\" data-e-type=\"container\" data-settings=\"{&quot;background_background&quot;:&quot;classic&quot;}\">\n\t\t\t\t\t<div class=\"e-con-inner\">\n\t\t<div data-particle_enable=\"false\" data-particle-mobile-disabled=\"false\" class=\"elementor-element elementor-element-6557d611 e-con-full e-flex e-con e-child\" data-id=\"6557d611\" data-element_type=\"container\" data-e-type=\"container\">\n\t\t\t\t<div class=\"elementor-element elementor-element-55a3ffc0 elementor-widget elementor-widget-heading\" data-id=\"55a3ffc0\" data-element_type=\"widget\" data-e-type=\"widget\" data-widget_type=\"heading.default\">\n\t\t\t\t<div class=\"elementor-widget-container\">\n\t\t\t\t\t<h2 class=\"elementor-heading-title elementor-size-default\">Dons et commandites<\/h2>\t\t\t\t<\/div>\n\t\t\t\t<\/div>\n\t\t\t\t<div class=\"elementor-element elementor-element-18750802 elementor-widget elementor-widget-text-editor\" data-id=\"18750802\" data-element_type=\"widget\" data-e-type=\"widget\" data-widget_type=\"text-editor.default\">\n\t\t\t\t<div class=\"elementor-widget-container\">\n\t\t\t\t\t\t\t\t\t<p>Avoir un effet positif sur la communaut\u00e9<\/p>\t\t\t\t\t\t\t\t<\/div>\n\t\t\t\t<\/div>\n\t\t\t\t<\/div>\n\t\t\t\t\t<\/div>\n\t\t\t\t<\/div>\n\t\t<div data-particle_enable=\"false\" data-particle-mobile-disabled=\"false\" class=\"elementor-element elementor-element-8f5cee4 e-flex e-con-boxed e-con e-parent\" data-id=\"8f5cee4\" data-element_type=\"container\" data-e-type=\"container\">\n\t\t\t\t\t<div class=\"e-con-inner\">\n\t\t<div data-particle_enable=\"false\" data-particle-mobile-disabled=\"false\" class=\"elementor-element elementor-element-634d54e e-con-full e-flex e-con e-child\" data-id=\"634d54e\" data-element_type=\"container\" data-e-type=\"container\">\n\t\t\t\t<div class=\"elementor-element elementor-element-493d334 elementor-widget elementor-widget-text-editor\" data-id=\"493d334\" data-element_type=\"widget\" data-e-type=\"widget\" data-widget_type=\"text-editor.default\">\n\t\t\t\t<div class=\"elementor-widget-container\">\n\t\t\t\t\t\t\t\t\t<p>LA COMMUNAUT\u00c9 NOUS TIENT \u00c0 C\u0152UR<\/p>\t\t\t\t\t\t\t\t<\/div>\n\t\t\t\t<\/div>\n\t\t\t\t<div class=\"elementor-element elementor-element-c3f333d elementor-widget elementor-widget-heading\" data-id=\"c3f333d\" data-element_type=\"widget\" data-e-type=\"widget\" data-widget_type=\"heading.default\">\n\t\t\t\t<div class=\"elementor-widget-container\">\n\t\t\t\t\t<h2 class=\"elementor-heading-title elementor-size-default\">Nous croyons qu\u2019il faut redonner aux communaut\u00e9s dans lesquelles nous vivons et travaillons<\/h2>\t\t\t\t<\/div>\n\t\t\t\t<\/div>\n\t\t\t\t<div class=\"elementor-element elementor-element-d0062eb elementor-widget elementor-widget-text-editor\" data-id=\"d0062eb\" data-element_type=\"widget\" data-e-type=\"widget\" data-widget_type=\"text-editor.default\">\n\t\t\t\t<div class=\"elementor-widget-container\">\n\t\t\t\t\t\t\t\t\t<p>Nous soutenons les organisations dont les valeurs correspondent aux n\u00f4tres et celles qui s\u2019efforcent de rem\u00e9dier aux probl\u00e8mes de l\u2019ins\u00e9curit\u00e9 alimentaire, du logement, des soins de sant\u00e9 ou de l\u2019\u00e9ducation dans les r\u00e9gions que nous desservons.<\/p><p>Nous examinons soigneusement chaque demande. Veuillez consulter nos directives avant de soumettre la v\u00f4tre.<\/p>\t\t\t\t\t\t\t\t<\/div>\n\t\t\t\t<\/div>\n\t\t\t\t<\/div>\n\t\t<div data-particle_enable=\"false\" data-particle-mobile-disabled=\"false\" class=\"elementor-element elementor-element-b835515 e-con-full e-flex e-con e-child\" data-id=\"b835515\" data-element_type=\"container\" data-e-type=\"container\">\n\t\t\t\t<div class=\"elementor-element elementor-element-62cd3a1 elementor-widget elementor-widget-image\" data-id=\"62cd3a1\" data-element_type=\"widget\" data-e-type=\"widget\" data-widget_type=\"image.default\">\n\t\t\t\t<div class=\"elementor-widget-container\">\n\t\t\t\t\t\t\t\t\t\t\t\t\t\t\t<img fetchpriority=\"high\" decoding=\"async\" width=\"800\" height=\"534\" src=\"https:\/\/gfs.ca\/wp-content\/uploads\/2025\/06\/Habitat-for-Humanity-Building-Inside-Group-1024x683.jpg\" class=\"attachment-large size-large wp-image-37501\" alt=\"\" srcset=\"https:\/\/gfs.ca\/wp-content\/uploads\/2025\/06\/Habitat-for-Humanity-Building-Inside-Group-1024x683.jpg 1024w, https:\/\/gfs.ca\/wp-content\/uploads\/2025\/06\/Habitat-for-Humanity-Building-Inside-Group-300x200.jpg 300w, https:\/\/gfs.ca\/wp-content\/uploads\/2025\/06\/Habitat-for-Humanity-Building-Inside-Group-768x512.jpg 768w, https:\/\/gfs.ca\/wp-content\/uploads\/2025\/06\/Habitat-for-Humanity-Building-Inside-Group-1536x1024.jpg 1536w, https:\/\/gfs.ca\/wp-content\/uploads\/2025\/06\/Habitat-for-Humanity-Building-Inside-Group-18x12.jpg 18w, https:\/\/gfs.ca\/wp-content\/uploads\/2025\/06\/Habitat-for-Humanity-Building-Inside-Group.jpg 2048w\" sizes=\"(max-width: 800px) 100vw, 800px\" \/>\t\t\t\t\t\t\t\t\t\t\t\t\t\t\t<\/div>\n\t\t\t\t<\/div>\n\t\t\t\t<\/div>\n\t\t\t\t\t<\/div>\n\t\t\t\t<\/div>\n\t\t<div data-particle_enable=\"false\" data-particle-mobile-disabled=\"false\" class=\"elementor-element elementor-element-5627ae72 e-flex e-con-boxed e-con e-parent\" data-id=\"5627ae72\" data-element_type=\"container\" data-e-type=\"container\" data-settings=\"{&quot;background_background&quot;:&quot;classic&quot;}\">\n\t\t\t\t\t<div class=\"e-con-inner\">\n\t\t\t\t<div class=\"elementor-element elementor-element-157a9a8b elementor-widget elementor-widget-heading\" data-id=\"157a9a8b\" data-element_type=\"widget\" data-e-type=\"widget\" data-widget_type=\"heading.default\">\n\t\t\t\t<div class=\"elementor-widget-container\">\n\t\t\t\t\t<h2 class=\"elementor-heading-title elementor-size-default\">Soumettre une demande<\/h2>\t\t\t\t<\/div>\n\t\t\t\t<\/div>\n\t\t\t\t<div class=\"elementor-element elementor-element-2ddd7cb4 elementor-widget elementor-widget-text-editor\" data-id=\"2ddd7cb4\" data-element_type=\"widget\" data-e-type=\"widget\" data-widget_type=\"text-editor.default\">\n\t\t\t\t<div class=\"elementor-widget-container\">\n\t\t\t\t\t\t\t\t\t<p>Il y a deux fa\u00e7ons de soumettre une demande :<\/p>\t\t\t\t\t\t\t\t<\/div>\n\t\t\t\t<\/div>\n\t\t<div data-particle_enable=\"false\" data-particle-mobile-disabled=\"false\" class=\"elementor-element elementor-element-44f4efb8 e-grid e-con-full e-con e-child\" data-id=\"44f4efb8\" data-element_type=\"container\" data-e-type=\"container\">\n\t\t<div data-particle_enable=\"false\" data-particle-mobile-disabled=\"false\" class=\"elementor-element elementor-element-4705f637 e-con-full e-flex e-con e-child\" data-id=\"4705f637\" data-element_type=\"container\" data-e-type=\"container\" data-settings=\"{&quot;background_background&quot;:&quot;classic&quot;}\">\n\t\t\t\t<div class=\"elementor-element elementor-element-44594357 elementor-widget elementor-widget-heading\" data-id=\"44594357\" data-element_type=\"widget\" data-e-type=\"widget\" data-widget_type=\"heading.default\">\n\t\t\t\t<div class=\"elementor-widget-container\">\n\t\t\t\t\t<h2 class=\"elementor-heading-title elementor-size-default\">Directives pour les demandes de don et de commandite<\/h2>\t\t\t\t<\/div>\n\t\t\t\t<\/div>\n\t\t\t\t<div class=\"elementor-element elementor-element-485e019f elementor-widget elementor-widget-text-editor\" data-id=\"485e019f\" data-element_type=\"widget\" data-e-type=\"widget\" data-widget_type=\"text-editor.default\">\n\t\t\t\t<div class=\"elementor-widget-container\">\n\t\t\t\t\t\t\t\t\t<p>Les organisations doivent \u00eatre situ\u00e9es dans une zone comprise dans notre r\u00e9seau de distribution et ne peuvent recevoir qu\u2019un don par ann\u00e9e.<\/p><p>Les \u00e9v\u00e9nements sportifs faisant l\u2019objet d\u2019une demande doivent \u00eatre organis\u00e9s dans le cadre d\u2019une collecte de fonds.<\/p><p>Veuillez pr\u00e9voir un d\u00e9lai de trois semaines pour recevoir une r\u00e9ponse. Si l\u2019\u00e9v\u00e9nement a lieu dans moins de trois semaines, nous ne pouvons pas examiner la demande.<\/p><p>Si vous avez soumis votre demande depuis une adresse courriel, la r\u00e9ponse pourrait se trouver dans votre dossier de pourriels.<\/p><p>Les re\u00e7us ne sont pas n\u00e9cessaires pour les dons d\u2019une valeur inf\u00e9rieure \u00e0 500 $.<\/p>\t\t\t\t\t\t\t\t<\/div>\n\t\t\t\t<\/div>\n\t\t\t\t<\/div>\n\t\t<div data-particle_enable=\"false\" data-particle-mobile-disabled=\"false\" class=\"elementor-element elementor-element-3ef1f0f6 e-con-full e-flex e-con e-child\" data-id=\"3ef1f0f6\" data-element_type=\"container\" data-e-type=\"container\" data-settings=\"{&quot;background_background&quot;:&quot;classic&quot;}\">\n\t\t\t\t<div class=\"elementor-element elementor-element-6034dbe8 elementor-widget elementor-widget-heading\" data-id=\"6034dbe8\" data-element_type=\"widget\" data-e-type=\"widget\" data-widget_type=\"heading.default\">\n\t\t\t\t<div class=\"elementor-widget-container\">\n\t\t\t\t\t<h2 class=\"elementor-heading-title elementor-size-default\">En ligne (option \u00e0 privil\u00e9gier)<\/h2>\t\t\t\t<\/div>\n\t\t\t\t<\/div>\n\t\t\t\t<div class=\"elementor-element elementor-element-21900001 elementor-widget elementor-widget-text-editor\" data-id=\"21900001\" data-element_type=\"widget\" data-e-type=\"widget\" data-widget_type=\"text-editor.default\">\n\t\t\t\t<div class=\"elementor-widget-container\">\n\t\t\t\t\t\t\t\t\t<p class=\"translation-block\">Le formulaire de demande de don en ligne (en anglais seulement) se trouve <a href=\"https:\/\/docs.google.com\/forms\/d\/e\/1FAIpQLScWhjPdrzBRcXQp6aqRbypK7CC4jxh1x8DQQy4ZG4jVxub08g\/viewform\" target=\"_self\">ici. <\/a><\/p><p class=\"translation-block\">Veuillez pr\u00e9voir un d\u00e9lai de trois semaines pour le traitement de votre demande. Vous serez avis\u00e9 par courriel lorsqu\u2019une d\u00e9cision aura \u00e9t\u00e9 prise. Si vous avez d\u2019autres questions, \u00e9crivez \u00e0 l\u2019adresse <a href=\"mailto:donationrequest@gfs.com\" target=\"_self\">donationrequest@gfs.com<\/a>.<\/p>\t\t\t\t\t\t\t\t<\/div>\n\t\t\t\t<\/div>\n\t\t\t\t<\/div>\n\t\t<div data-particle_enable=\"false\" data-particle-mobile-disabled=\"false\" class=\"elementor-element elementor-element-5e55079f e-con-full e-flex e-con e-child\" data-id=\"5e55079f\" data-element_type=\"container\" data-e-type=\"container\" data-settings=\"{&quot;background_background&quot;:&quot;classic&quot;}\">\n\t\t\t\t<div class=\"elementor-element elementor-element-18545f44 elementor-widget elementor-widget-heading\" data-id=\"18545f44\" data-element_type=\"widget\" data-e-type=\"widget\" data-widget_type=\"heading.default\">\n\t\t\t\t<div class=\"elementor-widget-container\">\n\t\t\t\t\t<h2 class=\"elementor-heading-title elementor-size-default\">Par la poste (\u00c9.-U.)<\/h2>\t\t\t\t<\/div>\n\t\t\t\t<\/div>\n\t\t\t\t<div class=\"elementor-element elementor-element-1781d127 elementor-widget elementor-widget-text-editor\" data-id=\"1781d127\" data-element_type=\"widget\" data-e-type=\"widget\" data-widget_type=\"text-editor.default\">\n\t\t\t\t<div class=\"elementor-widget-container\">\n\t\t\t\t\t\t\t\t\t<p>Soumettez votre demande par courrier \u00e0 l\u2019adresse ci-dessous :<\/p><h6>DONATION COMMITTEE<\/h6><p>Gordon Food Service, Inc.<br \/>PO Box 1787<br \/>Grand Rapids, MI 49501<\/p><p><em>Reception times of mail delivery can vary. Online requests are preferred through our <a href=\"https:\/\/docs.google.com\/forms\/d\/e\/1FAIpQLScWhjPdrzBRcXQp6aqRbypK7CC4jxh1x8DQQy4ZG4jVxub08g\/viewform\" target=\"_blank\" rel=\"noopener\">form<\/a> to expedite your request as quickly as possible.\u00a0<span style=\"font-family: tahoma, sans-serif;\">When requesting a donation for an organization&#8217;s event, please submit the request on letterhead which must include your mailing address.<\/span><\/em><\/p>\t\t\t\t\t\t\t\t<\/div>\n\t\t\t\t<\/div>\n\t\t\t\t<\/div>\n\t\t\t\t<\/div>\n\t\t\t\t<div class=\"elementor-element elementor-element-a025efd elementor-widget elementor-widget-text-editor\" data-id=\"a025efd\" data-element_type=\"widget\" data-e-type=\"widget\" data-widget_type=\"text-editor.default\">\n\t\t\t\t<div class=\"elementor-widget-container\">\n\t\t\t\t\t\t\t\t\t<p class=\"translation-block\">Veuillez pr\u00e9voir un d\u00e9lai de trois semaines pour le traitement de votre demande. Vous serez avis\u00e9 par courriel lorsqu\u2019une d\u00e9cision aura \u00e9t\u00e9 prise. Si vous avez d\u2019autres questions, \u00e9crivez \u00e0 l\u2019adresse <a href=\"mailto:donationrequest@gfs.com\" target=\"_self\">donationrequest@gfs.com<\/a>.<\/p>\t\t\t\t\t\t\t\t<\/div>\n\t\t\t\t<\/div>\n\t\t\t\t\t<\/div>\n\t\t\t\t<\/div>\n\t\t\t\t<\/div>","protected":false},"excerpt":{"rendered":"<p>Donations &amp; Sponsorships Making a Positive Impact in the Community WE CARE ABOUT THE COMMUNITY We Believe in Giving Back to the Communities Where We Live and Work We support organizations whose values align with ours and those who are working to address hunger, housing, healthcare or education in the areas we serve. We carefully [&hellip;]<\/p>\n","protected":false},"author":20,"featured_media":0,"parent":36961,"menu_order":0,"comment_status":"closed","ping_status":"closed","template":"","meta":{"_acf_changed":false,"footnotes":""},"class_list":["post-9456","page","type-page","status-publish","hentry"],"acf":[],"yoast_head":"<!-- This site is optimized with the Yoast SEO Premium plugin v22.9 (Yoast SEO v27.0) - https:\/\/yoast.com\/product\/yoast-seo-premium-wordpress\/ -->\n<title>Donations | Gordon Food Service<\/title>\n<meta name=\"description\" content=\"Looking for donations for a special cause? Gordon Food Service takes pride in contributing to the community. Find out how you can receive a donation.\" \/>\n<meta name=\"robots\" content=\"index, follow, max-snippet:-1, max-image-preview:large, max-video-preview:-1\" \/>\n<link rel=\"canonical\" href=\"https:\/\/gfs.ca\/fr-ca\/notre-entreprise\/notre-responsabilite\/dons\/\" \/>\n<meta property=\"og:locale\" content=\"fr_CA\" \/>\n<meta property=\"og:type\" content=\"article\" \/>\n<meta property=\"og:title\" content=\"Donations\" \/>\n<meta property=\"og:description\" content=\"Looking for donations for a special cause? Gordon Food Service takes pride in contributing to the community. Find out how you can receive a donation.\" \/>\n<meta property=\"og:url\" content=\"https:\/\/gfs.ca\/fr-ca\/notre-entreprise\/notre-responsabilite\/dons\/\" \/>\n<meta property=\"og:site_name\" content=\"Gordon Food Service\" \/>\n<meta property=\"article:publisher\" content=\"https:\/\/www.facebook.com\/GordonFoodService\/\" \/>\n<meta property=\"article:modified_time\" content=\"2026-01-23T14:55:22+00:00\" \/>\n<meta property=\"og:image\" content=\"https:\/\/gfs.ca\/wp-content\/uploads\/2025\/06\/Habitat-for-Humanity-Building-Inside-Group.jpg\" \/>\n\t<meta property=\"og:image:width\" content=\"2048\" \/>\n\t<meta property=\"og:image:height\" content=\"1365\" \/>\n\t<meta property=\"og:image:type\" content=\"image\/jpeg\" \/>\n<meta name=\"twitter:card\" content=\"summary_large_image\" \/>\n<meta name=\"twitter:site\" content=\"@GFSDelivers\" \/>\n<meta name=\"twitter:label1\" content=\"Estimation du temps de lecture\" \/>\n\t<meta name=\"twitter:data1\" content=\"2 minutes\" \/>\n<!-- \/ Yoast SEO Premium plugin. -->","yoast_head_json":{"title":"Dons | Service Alimentaire Gordon","description":"Vous recherchez des dons pour une cause particuli\u00e8re ? Service Alimentaire Gordon est fier de contribuer \u00e0 la communaut\u00e9. D\u00e9couvrez comment vous pouvez recevoir un don.","robots":{"index":"index","follow":"follow","max-snippet":"max-snippet:-1","max-image-preview":"max-image-preview:large","max-video-preview":"max-video-preview:-1"},"canonical":"https:\/\/gfs.ca\/fr-ca\/notre-entreprise\/notre-responsabilite\/dons\/","og_locale":"fr_CA","og_type":"article","og_title":"Donations","og_description":"Looking for donations for a special cause? Gordon Food Service takes pride in contributing to the community. Find out how you can receive a donation.","og_url":"https:\/\/gfs.ca\/fr-ca\/notre-entreprise\/notre-responsabilite\/dons\/","og_site_name":"Gordon Food Service","article_publisher":"https:\/\/www.facebook.com\/GordonFoodService\/","article_modified_time":"2026-01-23T14:55:22+00:00","og_image":[{"width":2048,"height":1365,"url":"https:\/\/gfs.ca\/wp-content\/uploads\/2025\/06\/Habitat-for-Humanity-Building-Inside-Group.jpg","type":"image\/jpeg"}],"twitter_card":"summary_large_image","twitter_site":"@GFSDelivers","twitter_misc":{"Estimation du temps de lecture":"2 minutes"},"schema":{"@context":"https:\/\/schema.org","@graph":[{"@type":"WebPage","@id":"https:\/\/gfs.ca\/about-us\/our-responsibility\/donations\/","url":"https:\/\/gfs.ca\/about-us\/our-responsibility\/donations\/","name":"Dons | Service Alimentaire Gordon","isPartOf":{"@id":"https:\/\/gfs.ca\/en-ca\/#website"},"primaryImageOfPage":{"@id":"https:\/\/gfs.ca\/about-us\/our-responsibility\/donations\/#primaryimage"},"image":{"@id":"https:\/\/gfs.ca\/about-us\/our-responsibility\/donations\/#primaryimage"},"thumbnailUrl":"https:\/\/gfs.ca\/wp-content\/uploads\/2025\/06\/Habitat-for-Humanity-Building-Inside-Group-1024x683.jpg","datePublished":"2022-08-29T16:16:19+00:00","dateModified":"2026-01-23T14:55:22+00:00","description":"Vous recherchez des dons pour une cause particuli\u00e8re ? Service Alimentaire Gordon est fier de contribuer \u00e0 la communaut\u00e9. D\u00e9couvrez comment vous pouvez recevoir un don.","breadcrumb":{"@id":"https:\/\/gfs.ca\/about-us\/our-responsibility\/donations\/#breadcrumb"},"inLanguage":"fr-CA","potentialAction":[{"@type":"ReadAction","target":["https:\/\/gfs.ca\/about-us\/our-responsibility\/donations\/"]}]},{"@type":"ImageObject","inLanguage":"fr-CA","@id":"https:\/\/gfs.ca\/about-us\/our-responsibility\/donations\/#primaryimage","url":"https:\/\/gfs.ca\/wp-content\/uploads\/2025\/06\/Habitat-for-Humanity-Building-Inside-Group-1024x683.jpg","contentUrl":"https:\/\/gfs.ca\/wp-content\/uploads\/2025\/06\/Habitat-for-Humanity-Building-Inside-Group-1024x683.jpg"},{"@type":"BreadcrumbList","@id":"https:\/\/gfs.ca\/about-us\/our-responsibility\/donations\/#breadcrumb","itemListElement":[{"@type":"ListItem","position":1,"name":"Home","item":"https:\/\/gfs.ca\/en-ca\/"},{"@type":"ListItem","position":2,"name":"About Us","item":"https:\/\/gfs.ca\/about-us\/"},{"@type":"ListItem","position":3,"name":"Our Responsibility","item":"https:\/\/gfs.ca\/about-us\/our-responsibility\/"},{"@type":"ListItem","position":4,"name":"Donations"}]},{"@type":"WebSite","@id":"https:\/\/gfs.ca\/en-ca\/#website","url":"https:\/\/gfs.ca\/en-ca\/","name":"Service alimentaire Gordon","description":"","publisher":{"@id":"https:\/\/gfs.ca\/en-ca\/#organization"},"potentialAction":[{"@type":"SearchAction","target":{"@type":"EntryPoint","urlTemplate":"https:\/\/gfs.ca\/en-ca\/?s={search_term_string}"},"query-input":{"@type":"PropertyValueSpecification","valueRequired":true,"valueName":"search_term_string"}}],"inLanguage":"fr-CA"},{"@type":"Organization","@id":"https:\/\/gfs.ca\/en-ca\/#organization","name":"Service alimentaire Gordon","url":"https:\/\/gfs.ca\/en-ca\/","logo":{"@type":"ImageObject","inLanguage":"fr-CA","@id":"https:\/\/gfs.ca\/en-ca\/#\/schema\/logo\/image\/","url":"https:\/\/gfs.ca\/wp-content\/uploads\/2025\/11\/GFS-EN-Logo-og-image.png","contentUrl":"https:\/\/gfs.ca\/wp-content\/uploads\/2025\/11\/GFS-EN-Logo-og-image.png","width":1200,"height":630,"caption":"Gordon Food Service"},"image":{"@id":"https:\/\/gfs.ca\/en-ca\/#\/schema\/logo\/image\/"},"sameAs":["https:\/\/www.facebook.com\/GordonFoodService\/","https:\/\/x.com\/GFSDelivers","https:\/\/www.instagram.com\/gordonfoodservice\/","https:\/\/www.linkedin.com\/company\/gordon-food-service\/"]}]}},"_links":{"self":[{"href":"https:\/\/gfs.ca\/fr-ca\/wp-json\/wp\/v2\/pages\/9456","targetHints":{"allow":["GET"]}}],"collection":[{"href":"https:\/\/gfs.ca\/fr-ca\/wp-json\/wp\/v2\/pages"}],"about":[{"href":"https:\/\/gfs.ca\/fr-ca\/wp-json\/wp\/v2\/types\/page"}],"author":[{"embeddable":true,"href":"https:\/\/gfs.ca\/fr-ca\/wp-json\/wp\/v2\/users\/20"}],"replies":[{"embeddable":true,"href":"https:\/\/gfs.ca\/fr-ca\/wp-json\/wp\/v2\/comments?post=9456"}],"version-history":[{"count":27,"href":"https:\/\/gfs.ca\/fr-ca\/wp-json\/wp\/v2\/pages\/9456\/revisions"}],"predecessor-version":[{"id":42541,"href":"https:\/\/gfs.ca\/fr-ca\/wp-json\/wp\/v2\/pages\/9456\/revisions\/42541"}],"up":[{"embeddable":true,"href":"https:\/\/gfs.ca\/fr-ca\/wp-json\/wp\/v2\/pages\/36961"}],"wp:attachment":[{"href":"https:\/\/gfs.ca\/fr-ca\/wp-json\/wp\/v2\/media?parent=9456"}],"curies":[{"name":"wp","href":"https:\/\/api.w.org\/{rel}","templated":true}]}}