{"id":7490,"date":"2022-08-19T15:45:38","date_gmt":"2022-08-19T20:45:38","guid":{"rendered":"https:\/\/live-gordon-food-service.pantheonsite.io\/?page_id=7490"},"modified":"2025-07-22T14:51:14","modified_gmt":"2025-07-22T18:51:14","slug":"fiches-signaletiques","status":"publish","type":"page","link":"https:\/\/gfs.ca\/fr-ca\/safety-data-sheets\/","title":{"rendered":"Fiches de donn\u00e9es de s\u00e9curit\u00e9 (FDS)"},"content":{"rendered":"<div data-elementor-type=\"wp-page\" data-elementor-id=\"7490\" class=\"elementor elementor-7490\" data-elementor-post-type=\"page\">\n\t\t\t\t<div data-particle_enable=\"false\" data-particle-mobile-disabled=\"false\" class=\"elementor-element elementor-element-78805f5 e-flex e-con-boxed e-con e-parent\" data-id=\"78805f5\" data-element_type=\"container\" data-e-type=\"container\" data-settings=\"{&quot;background_background&quot;:&quot;classic&quot;}\">\n\t\t\t\t\t<div class=\"e-con-inner\">\n\t\t<div data-particle_enable=\"false\" data-particle-mobile-disabled=\"false\" class=\"elementor-element elementor-element-a5d33e8 e-con-full e-flex e-con e-child\" data-id=\"a5d33e8\" data-element_type=\"container\" data-e-type=\"container\">\n\t\t\t\t<div class=\"elementor-element elementor-element-ed61c26 elementor-widget__width-inherit elementor-widget elementor-widget-heading\" data-id=\"ed61c26\" data-element_type=\"widget\" data-e-type=\"widget\" data-widget_type=\"heading.default\">\n\t\t\t\t<div class=\"elementor-widget-container\">\n\t\t\t\t\t<h1 class=\"elementor-heading-title elementor-size-default\">Fiches de donn\u00e9es de s\u00e9curit\u00e9 (FDS)<\/h1>\t\t\t\t<\/div>\n\t\t\t\t<\/div>\n\t\t\t\t<div class=\"elementor-element elementor-element-b44b19f elementor-widget__width-inherit elementor-widget elementor-widget-text-editor\" data-id=\"b44b19f\" data-element_type=\"widget\" data-e-type=\"widget\" data-widget_type=\"text-editor.default\">\n\t\t\t\t<div class=\"elementor-widget-container\">\n\t\t\t\t\t\t\t\t\t<p>Afin de faciliter l\u2019acc\u00e8s \u00e0 certains renseignements pour nos clients, nous vous offrons une fonction de recherche de fiches de donn\u00e9es de s\u00e9curit\u00e9 en ligne. Vous trouverez dans ces fiches des consignes sur l\u2019utilisation des produits, des renseignements sur l\u2019utilisation et l\u2019\u00e9limination s\u00e9curitaire des produits, ainsi que des renseignements sur la dangerosit\u00e9 des produits et de leurs principaux ingr\u00e9dients.<\/p><p><strong>Pour trouver un document<\/strong>, entrez des mots-cl\u00e9s, le code du produit ou son CUP dans le champ de recherche de la page.<\/p>\t\t\t\t\t\t\t\t<\/div>\n\t\t\t\t<\/div>\n\t\t\t\t<div class=\"elementor-element elementor-element-4b54102 elementor-align-left elementor-widget elementor-widget-button\" data-id=\"4b54102\" data-element_type=\"widget\" data-e-type=\"widget\" data-widget_type=\"button.default\">\n\t\t\t\t<div class=\"elementor-widget-container\">\n\t\t\t\t\t\t\t\t\t<div class=\"elementor-button-wrapper\">\n\t\t\t\t\t<a class=\"elementor-button elementor-button-link elementor-size-sm\" href=\"https:\/\/www.3eonline.com\/EeeOnlinePortal\/DesktopDefault.aspx?id=v0ABhYsSLwHAX3lV8EaLpv5fIw0WaFVffG9GZ2Bc44DE9yP2TsikFyD0sClzLr8HqUZ%2f0oGBqY0cPfJqDyqX%2bg%3d%3d\">\n\t\t\t\t\t\t<span class=\"elementor-button-content-wrapper\">\n\t\t\t\t\t\t\t\t\t<span class=\"elementor-button-text\">Recherche de FDS<\/span>\n\t\t\t\t\t<\/span>\n\t\t\t\t\t<\/a>\n\t\t\t\t<\/div>\n\t\t\t\t\t\t\t\t<\/div>\n\t\t\t\t<\/div>\n\t\t\t\t<\/div>\n\t\t\t\t\t<\/div>\n\t\t\t\t<\/div>\n\t\t\t\t<\/div>","protected":false},"excerpt":{"rendered":"<p>Safety Data Sheets In order to make business tools more readily available to our customers, we have made\u00a0Safety Data Sheets (SDS) available online. Instructions for the safe use, hazards, and disposal methods of a product (along with the ingredients) are included in these sheets. To find a document, enter keywords, item code or UPC in [&hellip;]<\/p>\n","protected":false},"author":20,"featured_media":0,"parent":0,"menu_order":0,"comment_status":"closed","ping_status":"closed","template":"","meta":{"_acf_changed":false,"footnotes":""},"class_list":["post-7490","page","type-page","status-publish","hentry"],"acf":[],"yoast_head":"<!-- This site is optimized with the Yoast SEO Premium plugin v22.9 (Yoast SEO v27.0) - https:\/\/yoast.com\/product\/yoast-seo-premium-wordpress\/ -->\n<title>Safety Data Sheets | Gordon Food Service<\/title>\n<meta name=\"description\" content=\"Learn more about our online Material Safety Data Sheets (MSDS) database which includes all our cleaning chemicals.\" \/>\n<meta name=\"robots\" content=\"index, follow, max-snippet:-1, max-image-preview:large, max-video-preview:-1\" \/>\n<link rel=\"canonical\" href=\"https:\/\/gfs.ca\/fr-ca\/fiches-signaletiques\/\" \/>\n<meta property=\"og:locale\" content=\"fr_CA\" \/>\n<meta property=\"og:type\" content=\"article\" \/>\n<meta property=\"og:title\" content=\"Safety Data Sheets\" \/>\n<meta property=\"og:description\" content=\"Learn more about our online Material Safety Data Sheets (MSDS) database which includes all our cleaning chemicals.\" \/>\n<meta property=\"og:url\" content=\"https:\/\/gfs.ca\/fr-ca\/fiches-signaletiques\/\" \/>\n<meta property=\"og:site_name\" content=\"Gordon Food Service\" \/>\n<meta property=\"article:publisher\" content=\"https:\/\/www.facebook.com\/GordonFoodService\/\" \/>\n<meta property=\"article:modified_time\" content=\"2025-07-22T18:51:14+00:00\" \/>\n<meta property=\"og:image\" content=\"https:\/\/gfs.ca\/wp-content\/uploads\/2023\/02\/GordonFoodService_Logo_RGB.png\" \/>\n\t<meta property=\"og:image:width\" content=\"628\" \/>\n\t<meta property=\"og:image:height\" content=\"210\" \/>\n\t<meta property=\"og:image:type\" content=\"image\/png\" \/>\n<meta name=\"twitter:card\" content=\"summary_large_image\" \/>\n<meta name=\"twitter:site\" content=\"@GFSDelivers\" \/>\n<meta name=\"twitter:label1\" content=\"Estimation du temps de lecture\" \/>\n\t<meta name=\"twitter:data1\" content=\"1 minute\" \/>\n<!-- \/ Yoast SEO Premium plugin. -->","yoast_head_json":{"title":"Fiches signal\u00e9tiques | Service alimentaire Gordon","description":"D\u00e9couvrez notre base de donn\u00e9es de fiches de donn\u00e9es de s\u00e9curit\u00e9 (FDS) en ligne, qui comprend tous nos produits chimiques de nettoyage.","robots":{"index":"index","follow":"follow","max-snippet":"max-snippet:-1","max-image-preview":"max-image-preview:large","max-video-preview":"max-video-preview:-1"},"canonical":"https:\/\/gfs.ca\/fr-ca\/fiches-signaletiques\/","og_locale":"fr_CA","og_type":"article","og_title":"Safety Data Sheets","og_description":"Learn more about our online Material Safety Data Sheets (MSDS) database which includes all our cleaning chemicals.","og_url":"https:\/\/gfs.ca\/fr-ca\/fiches-signaletiques\/","og_site_name":"Gordon Food Service","article_publisher":"https:\/\/www.facebook.com\/GordonFoodService\/","article_modified_time":"2025-07-22T18:51:14+00:00","og_image":[{"width":628,"height":210,"url":"https:\/\/gfs.ca\/wp-content\/uploads\/2023\/02\/GordonFoodService_Logo_RGB.png","type":"image\/png"}],"twitter_card":"summary_large_image","twitter_site":"@GFSDelivers","twitter_misc":{"Estimation du temps de lecture":"1 minute"},"schema":{"@context":"https:\/\/schema.org","@graph":[{"@type":"WebPage","@id":"https:\/\/gfs.ca\/en-ca\/safety-data-sheets\/","url":"https:\/\/gfs.ca\/en-ca\/safety-data-sheets\/","name":"Fiches signal\u00e9tiques | Service alimentaire Gordon","isPartOf":{"@id":"https:\/\/gfs.ca\/en-ca\/#website"},"datePublished":"2022-08-19T20:45:38+00:00","dateModified":"2025-07-22T18:51:14+00:00","description":"D\u00e9couvrez notre base de donn\u00e9es de fiches de donn\u00e9es de s\u00e9curit\u00e9 (FDS) en ligne, qui comprend tous nos produits chimiques de nettoyage.","breadcrumb":{"@id":"https:\/\/gfs.ca\/en-ca\/safety-data-sheets\/#breadcrumb"},"inLanguage":"fr-CA","potentialAction":[{"@type":"ReadAction","target":["https:\/\/gfs.ca\/en-ca\/safety-data-sheets\/"]}]},{"@type":"BreadcrumbList","@id":"https:\/\/gfs.ca\/en-ca\/safety-data-sheets\/#breadcrumb","itemListElement":[{"@type":"ListItem","position":1,"name":"Home","item":"https:\/\/gfs.ca\/en-ca\/"},{"@type":"ListItem","position":2,"name":"Safety Data Sheets"}]},{"@type":"WebSite","@id":"https:\/\/gfs.ca\/en-ca\/#website","url":"https:\/\/gfs.ca\/en-ca\/","name":"Service alimentaire Gordon","description":"","publisher":{"@id":"https:\/\/gfs.ca\/en-ca\/#organization"},"potentialAction":[{"@type":"SearchAction","target":{"@type":"EntryPoint","urlTemplate":"https:\/\/gfs.ca\/en-ca\/?s={search_term_string}"},"query-input":{"@type":"PropertyValueSpecification","valueRequired":true,"valueName":"search_term_string"}}],"inLanguage":"fr-CA"},{"@type":"Organization","@id":"https:\/\/gfs.ca\/en-ca\/#organization","name":"Service alimentaire Gordon","url":"https:\/\/gfs.ca\/en-ca\/","logo":{"@type":"ImageObject","inLanguage":"fr-CA","@id":"https:\/\/gfs.ca\/en-ca\/#\/schema\/logo\/image\/","url":"https:\/\/gfs.ca\/wp-content\/uploads\/2025\/11\/GFS-EN-Logo-og-image.png","contentUrl":"https:\/\/gfs.ca\/wp-content\/uploads\/2025\/11\/GFS-EN-Logo-og-image.png","width":1200,"height":630,"caption":"Gordon Food Service"},"image":{"@id":"https:\/\/gfs.ca\/en-ca\/#\/schema\/logo\/image\/"},"sameAs":["https:\/\/www.facebook.com\/GordonFoodService\/","https:\/\/x.com\/GFSDelivers","https:\/\/www.instagram.com\/gordonfoodservice\/","https:\/\/www.linkedin.com\/company\/gordon-food-service\/"]}]}},"_links":{"self":[{"href":"https:\/\/gfs.ca\/fr-ca\/wp-json\/wp\/v2\/pages\/7490","targetHints":{"allow":["GET"]}}],"collection":[{"href":"https:\/\/gfs.ca\/fr-ca\/wp-json\/wp\/v2\/pages"}],"about":[{"href":"https:\/\/gfs.ca\/fr-ca\/wp-json\/wp\/v2\/types\/page"}],"author":[{"embeddable":true,"href":"https:\/\/gfs.ca\/fr-ca\/wp-json\/wp\/v2\/users\/20"}],"replies":[{"embeddable":true,"href":"https:\/\/gfs.ca\/fr-ca\/wp-json\/wp\/v2\/comments?post=7490"}],"version-history":[{"count":9,"href":"https:\/\/gfs.ca\/fr-ca\/wp-json\/wp\/v2\/pages\/7490\/revisions"}],"predecessor-version":[{"id":39725,"href":"https:\/\/gfs.ca\/fr-ca\/wp-json\/wp\/v2\/pages\/7490\/revisions\/39725"}],"wp:attachment":[{"href":"https:\/\/gfs.ca\/fr-ca\/wp-json\/wp\/v2\/media?parent=7490"}],"curies":[{"name":"wp","href":"https:\/\/api.w.org\/{rel}","templated":true}]}}