{"id":6032,"date":"2022-08-12T11:40:14","date_gmt":"2022-08-12T16:40:14","guid":{"rendered":"https:\/\/live-gordon-food-service.pantheonsite.io\/?page_id=6032"},"modified":"2025-05-01T08:53:56","modified_gmt":"2025-05-01T12:53:56","slug":"politiques-sur-les-droits-dauteur-et-marques-de-commerce","status":"publish","type":"page","link":"https:\/\/gfs.ca\/fr-ca\/copyright-trademark-policies\/","title":{"rendered":"Droit d'auteur et marque d\u00e9pos\u00e9e"},"content":{"rendered":"<div data-elementor-type=\"wp-page\" data-elementor-id=\"6032\" class=\"elementor elementor-6032\" data-elementor-post-type=\"page\">\n\t\t\t\t\t\t<section data-particle_enable=\"false\" data-particle-mobile-disabled=\"false\" class=\"elementor-section elementor-top-section elementor-element elementor-element-2e94eec7 elementor-section-boxed elementor-section-height-default elementor-section-height-default\" data-id=\"2e94eec7\" data-element_type=\"section\" data-e-type=\"section\" data-settings=\"{&quot;background_background&quot;:&quot;classic&quot;}\">\n\t\t\t\t\t\t<div class=\"elementor-container elementor-column-gap-default\">\n\t\t\t\t\t<div class=\"elementor-column elementor-col-100 elementor-top-column elementor-element elementor-element-12c585d0\" data-id=\"12c585d0\" data-element_type=\"column\" data-e-type=\"column\">\n\t\t\t<div class=\"elementor-widget-wrap elementor-element-populated\">\n\t\t\t\t\t\t<div class=\"elementor-element elementor-element-7cd72b11 elementor-widget__width-inherit elementor-widget elementor-widget-heading\" data-id=\"7cd72b11\" data-element_type=\"widget\" data-e-type=\"widget\" data-widget_type=\"heading.default\">\n\t\t\t\t<div class=\"elementor-widget-container\">\n\t\t\t\t\t<h1 class=\"elementor-heading-title elementor-size-default\">Politiques sur les droits d'auteur et marques de commerce<\/h1>\t\t\t\t<\/div>\n\t\t\t\t<\/div>\n\t\t\t\t<div class=\"elementor-element elementor-element-4005a5df elementor-widget__width-inherit elementor-widget elementor-widget-text-editor\" data-id=\"4005a5df\" data-element_type=\"widget\" data-e-type=\"widget\" data-widget_type=\"text-editor.default\">\n\t\t\t\t<div class=\"elementor-widget-container\">\n\t\t\t\t\t\t\t\t\t<p><strong>Copyright<\/strong><br \/>Gordon Food Service\u00ae<br \/>Grand Rapids, Michigan, USA<br \/>Tous droits r\u00e9serv\u00e9s.<\/p><p>L\u2019information que contient le pr\u00e9sent site Internet est prot\u00e9g\u00e9e par des droits d\u2019auteurs. Vous pouvez la copier uniquement pour votre usage personnel. Autrement, il est interdit de copier, distribuer, reproduire, t\u00e9l\u00e9charger, publier de nouveau, afficher ou transmettre cette information de quelque mani\u00e8re, y compris pas des moyens \u00e9lectroniques ou m\u00e9caniques, photocopie ou enregistrement, sauf avec l\u2019autorisation \u00e9crite expresse de Service Alimentaire Gordon.<\/p><p>Toutes les marques de commerce et marques de service de Service Alimentaire Gordon sont prot\u00e9g\u00e9es par la loi. L\u2019utilisation de ces marques de commerce n\u00e9cessite le consentement \u00e9crit de Service Alimentaire Gordon. Si celle-ci consent \u00e0 ce que vous utilisiez les marques de commerce, vous pouvez uniquement le faire conform\u00e9ment aux pratiques accept\u00e9es relatives aux marques de commerce, y compris en indiquant que Service Alimentaire Gordon est propri\u00e9taire des marques de commerce. Les marques de commerce peuvent uniquement \u00eatre utilis\u00e9es pour identifier les versions papiers produites par le site. L\u2019utilisation des marques de commerce ne conf\u00e8re pas de droits de propri\u00e9t\u00e9 sur celles-ci.<\/p>\t\t\t\t\t\t\t\t<\/div>\n\t\t\t\t<\/div>\n\t\t\t\t<div class=\"elementor-element elementor-element-9c89f11 elementor-widget elementor-widget-heading\" data-id=\"9c89f11\" data-element_type=\"widget\" data-e-type=\"widget\" data-widget_type=\"heading.default\">\n\t\t\t\t<div class=\"elementor-widget-container\">\n\t\t\t\t\t<h2 class=\"elementor-heading-title elementor-size-default\">Marques de commerce et marques d\u00e9pos\u00e9es<\/h2>\t\t\t\t<\/div>\n\t\t\t\t<\/div>\n\t\t\t\t<div class=\"elementor-element elementor-element-1cd8d95 elementor-widget__width-inherit elementor-widget elementor-widget-text-editor\" data-id=\"1cd8d95\" data-element_type=\"widget\" data-e-type=\"widget\" data-widget_type=\"text-editor.default\">\n\t\t\t\t<div class=\"elementor-widget-container\">\n\t\t\t\t\t\t\t\t\t<ul><li>A celebration of taste and tradition.\u2122<\/li><li>A la Carte\u2122<\/li><li>A premium sandwich experience.\u2122<\/li><li>Always at your table\u00ae<\/li><li>Amazing Selection. Exceptional Value.\u2122<\/li><li>Array\u00ae<\/li><li>Assistant Gordon\u2122<\/li><li>Au Coeur Du Service\u00ae<\/li><li>Authentic flavors of the world.\u00ae<\/li><li>Because life is meant to be savored\u2122<\/li><li>Best at Fresh\u00ae<\/li><li>Bon Pour Vous\u00ae<\/li><li>Brickman&#8217;s\u00ae<\/li><li>Briolle\u00ae<\/li><li>Caf\u00e9 Pacific\u00ae<\/li><li>Catalyst\u00ae<\/li><li>Chandlers Bay\u00ae<\/li><li>Clean Essentials\u2122<\/li><li>Cleaning Consultation\u2122<\/li><li>Commande Gordon\u2122<\/li><li>Convenient, homemade taste you can depend on.\u2122<\/li><li>Created to Inspire\u00ae<\/li><li>Cr\u00e9\u00e9 pour inspirer\u00ae<\/li><li>Crown Collection\u00ae<\/li><li>Custom Concepts\u2122<\/li><li>Cycle Menu Management\u00ae<\/li><li>Dip Its\u2122<\/li><li>Disposables with distiction.\u2122<\/li><li>Draft House\u00ae<\/li><li>Everyday Elements\u2122<\/li><li>Exceptional beef.<\/li><li>Extraordinary flavor.\u2122<\/li><li>Exotic Express\u2122<\/li><li>Express Order\u2122<\/li><li>Flat N Round\u2122<\/li><li>Foodservice Pulse\u00ae<\/li><li>Fresh Start Foods\u00ae<\/li><li>Fresh Start Produce\u00ae<\/li><li>Fresh X\u00ae<\/li><li>Fry More\u00ae<\/li><li>GFS\u00ae<\/li><li>GFS Bistrot\u00ae<\/li><li>GFS Canada Company, Inc.\u00ae<\/li><li>GFS Canada Inc\u00ae<\/li><li>GFS Connect\u00ae<\/li><li>Gordon Cycle Menu Management\u2122<\/li><li>GFS Experience\u00ae<\/li><li>GFS Fry More\u00ae<\/li><li>GFS Gordon Food Service\u00ae<\/li><li>Good for you!\u00ae<\/li><li>Gordon Choice\u00ae<\/li><li>Gordon Connect\u00ae<\/li><li>Gordon Culinary Pro\u2122<\/li><li>Gordon Experience\u2122<\/li><li>Gordon Food Service\u00ae<\/li><li>Gordon Food Service Orderve\u2122<\/li><li>Gordon Inventory\u2122<\/li><li>Gordon Now\u2122<\/li><li>Gordon Ordering\u2122<\/li><li>Gordon Restaurant Pro\u2122<\/li><li>Gordon Signature\u00ae<\/li><li>Gran Saz\u00f3n\u00ae<\/li><li>Great for Schools\u2122<\/li><li>Harvest Valley\u00ae<\/li><li>Hearthstone\u00ae<\/li><li>Idea Kitchen\u2122<\/li><li>Inspirations that tantalize your senses.\u2122<\/li><li>Intercity Custom Meats\u00ae<\/li><li>Inventory Manager\u2122<\/li><li>Italian from the heart.\u2122<\/li><li>Kitchen Essentials\u00ae<\/li><li>La Fra\u00eecheur \u00e0 son Meilleur\u2122<\/li><li>Local made easy\u00ae<\/li><li>LTO Direct\u2122<\/li><li>Making the Grade\u2122<\/li><li>marketConnection\u2122<\/li><li>Menu Wizard\u2122<\/li><li>Mosaic\u00ae<\/li><li>Nature&#8217;s finest fruit juices.\u2122<\/li><li>NearBuy\u00ae<\/li><li>Next Course\u00ae<\/li><li>Nutrition Guide\u2122<\/li><li>Our best selection and value.\u2122<\/li><li>Orderve\u2122<\/li><li>Pepper Mill\u00ae<\/li><li>PoP Analytics\u2122<\/li><li>Power of Participation\u2122<\/li><li>Premium coffees from around the world\u2122<\/li><li>Primo Gusto\u2122<\/li><li>Products with a Conscience\u2122<\/li><li>Rapid Alert\u00ae<\/li><li>Ready Fresh\u00ae<\/li><li>Recipe Manager\u2122<\/li><li>Re.Source\u2122<\/li><li>Service alimentaire Gordon\u00ae<\/li><li>Service isn\u2019t just part of our name \u2026 it is what we do.\u2122<\/li><li>Sienna Bakery\u00ae<\/li><li>Simpli-Fry\u00ae<\/li><li>Snapshot Menu\u2122<\/li><li>Specialty Diet Express\u2122<\/li><li>Strongbox\u2122<\/li><li>Tastefully Balanced\u00ae<\/li><li>Tavolini\u2122<\/li><li>The essence of fresh flavours\u2122<\/li><li>The Essential Edge\u2122<\/li><li>The high-performance cleaning system.\u2122<\/li><li>The Main Ingredient\u2122<\/li><li>The perfect way to crown your meal.\u2122<\/li><li>This Just In\u2122<\/li><li>Tools of the Trade\u2122<\/li><li>Toujours a votre table\u00ae<\/li><li>Trade East\u00ae<\/li><li>Trash Talk\u2122<\/li><li>Triumph\u2122<\/li><li>Uncompromising quality. Distinctive taste.\u2122<\/li><li>What Matters to You, Matters to Us\u00ae<\/li><li>Your host\u00ae<\/li><\/ul>\t\t\t\t\t\t\t\t<\/div>\n\t\t\t\t<\/div>\n\t\t\t\t\t<\/div>\n\t\t<\/div>\n\t\t\t\t\t<\/div>\n\t\t<\/section>\n\t\t\t\t<section data-particle_enable=\"false\" data-particle-mobile-disabled=\"false\" class=\"elementor-section elementor-top-section elementor-element elementor-element-482d79b elementor-section-height-min-height elementor-section-boxed elementor-section-height-default elementor-section-items-middle\" data-id=\"482d79b\" data-element_type=\"section\" data-e-type=\"section\" data-settings=\"{&quot;background_background&quot;:&quot;classic&quot;}\">\n\t\t\t\t\t\t\t<div class=\"elementor-background-overlay\"><\/div>\n\t\t\t\t\t\t\t<div class=\"elementor-container elementor-column-gap-default\">\n\t\t\t\t\t<div class=\"elementor-column elementor-col-100 elementor-top-column elementor-element elementor-element-b606887\" data-id=\"b606887\" data-element_type=\"column\" data-e-type=\"column\">\n\t\t\t<div class=\"elementor-widget-wrap elementor-element-populated\">\n\t\t\t\t\t\t<div class=\"elementor-element elementor-element-a15650b elementor-widget elementor-widget-heading\" data-id=\"a15650b\" data-element_type=\"widget\" data-e-type=\"widget\" data-widget_type=\"heading.default\">\n\t\t\t\t<div class=\"elementor-widget-container\">\n\t\t\t\t\t<h2 class=\"elementor-heading-title elementor-size-default\">La nourriture avant tout<\/h2>\t\t\t\t<\/div>\n\t\t\t\t<\/div>\n\t\t\t\t<div class=\"elementor-element elementor-element-f27a05c elementor-widget elementor-widget-text-editor\" data-id=\"f27a05c\" data-element_type=\"widget\" data-e-type=\"widget\" data-widget_type=\"text-editor.default\">\n\t\t\t\t<div class=\"elementor-widget-container\">\n\t\t\t\t\t\t\t\t\tNous croyons au pouvoir rassembleur de la nourriture et en l\u2019importance de cr\u00e9er des moments uniques.\t\t\t\t\t\t\t\t<\/div>\n\t\t\t\t<\/div>\n\t\t\t\t<div class=\"elementor-element elementor-element-c1acc32 elementor-align-center white-button elementor-widget elementor-widget-button\" data-id=\"c1acc32\" data-element_type=\"widget\" data-e-type=\"widget\" data-widget_type=\"button.default\">\n\t\t\t\t<div class=\"elementor-widget-container\">\n\t\t\t\t\t\t\t\t\t<div class=\"elementor-button-wrapper\">\n\t\t\t\t\t<a class=\"elementor-button elementor-button-link elementor-size-sm\" href=\"\/fr-ca\/en-us\/devenir-client\/\">\n\t\t\t\t\t\t<span class=\"elementor-button-content-wrapper\">\n\t\t\t\t\t\t<span class=\"elementor-button-icon\">\n\t\t\t\t<i aria-hidden=\"true\" class=\"fas fa-arrow-right\"><\/i>\t\t\t<\/span>\n\t\t\t\t\t\t\t\t\t<span class=\"elementor-button-text\">Devenir client<\/span>\n\t\t\t\t\t<\/span>\n\t\t\t\t\t<\/a>\n\t\t\t\t<\/div>\n\t\t\t\t\t\t\t\t<\/div>\n\t\t\t\t<\/div>\n\t\t\t\t\t<\/div>\n\t\t<\/div>\n\t\t\t\t\t<\/div>\n\t\t<\/section>\n\t\t\t\t<\/div>","protected":false},"excerpt":{"rendered":"<p>Copyright and Trademark Policies CopyrightGordon Food Service\u00aeGrand Rapids, Michigan, USAAll Rights Reserved. The information contained on this Web site is protected by copyright. An individual may only copy information contained on this Web site for their personal use. Any information contained on this site may not be copied, distributed, reproduced, downloaded, republished, displayed, posted or [&hellip;]<\/p>\n","protected":false},"author":20,"featured_media":0,"parent":0,"menu_order":0,"comment_status":"closed","ping_status":"closed","template":"","meta":{"_acf_changed":false,"footnotes":""},"class_list":["post-6032","page","type-page","status-publish","hentry"],"acf":[],"yoast_head":"<!-- This site is optimized with the Yoast SEO Premium plugin v22.9 (Yoast SEO v27.0) - https:\/\/yoast.com\/product\/yoast-seo-premium-wordpress\/ -->\n<title>Copyright &amp; Trademark | Gordon Food Service<\/title>\n<meta name=\"description\" content=\"Learn more about the Gordon Food Service Copyright &amp; Trademark policies.\" \/>\n<meta name=\"robots\" content=\"index, follow, max-snippet:-1, max-image-preview:large, max-video-preview:-1\" \/>\n<link rel=\"canonical\" href=\"https:\/\/gfs.ca\/fr-ca\/politiques-sur-les-droits-dauteur-et-marques-de-commerce\/\" \/>\n<meta property=\"og:locale\" content=\"fr_CA\" \/>\n<meta property=\"og:type\" content=\"article\" \/>\n<meta property=\"og:title\" content=\"Copyright &amp; Trademark\" \/>\n<meta property=\"og:description\" content=\"Learn more about the Gordon Food Service Copyright &amp; Trademark policies.\" \/>\n<meta property=\"og:url\" content=\"https:\/\/gfs.ca\/fr-ca\/politiques-sur-les-droits-dauteur-et-marques-de-commerce\/\" \/>\n<meta property=\"og:site_name\" content=\"Gordon Food Service\" \/>\n<meta property=\"article:publisher\" content=\"https:\/\/www.facebook.com\/GordonFoodService\/\" \/>\n<meta property=\"article:modified_time\" content=\"2025-05-01T12:53:56+00:00\" \/>\n<meta property=\"og:image\" content=\"https:\/\/gfs.ca\/wp-content\/uploads\/2023\/02\/GordonFoodService_Logo_RGB.png\" \/>\n\t<meta property=\"og:image:width\" content=\"628\" \/>\n\t<meta property=\"og:image:height\" content=\"210\" \/>\n\t<meta property=\"og:image:type\" content=\"image\/png\" \/>\n<meta name=\"twitter:card\" content=\"summary_large_image\" \/>\n<meta name=\"twitter:site\" content=\"@GFSDelivers\" \/>\n<meta name=\"twitter:label1\" content=\"Estimation du temps de lecture\" \/>\n\t<meta name=\"twitter:data1\" content=\"3 minutes\" \/>\n<!-- \/ Yoast SEO Premium plugin. -->","yoast_head_json":{"title":"Politiques sur les droits d'auteur et marques de commerce | Service Alimentaire Gordon","description":"En savoir plus sur les politiques de Service Alimentaire Gordon en mati\u00e8re de droits d'auteur et de marques d\u00e9pos\u00e9es.","robots":{"index":"index","follow":"follow","max-snippet":"max-snippet:-1","max-image-preview":"max-image-preview:large","max-video-preview":"max-video-preview:-1"},"canonical":"https:\/\/gfs.ca\/fr-ca\/politiques-sur-les-droits-dauteur-et-marques-de-commerce\/","og_locale":"fr_CA","og_type":"article","og_title":"Copyright & Trademark","og_description":"Learn more about the Gordon Food Service Copyright & Trademark policies.","og_url":"https:\/\/gfs.ca\/fr-ca\/politiques-sur-les-droits-dauteur-et-marques-de-commerce\/","og_site_name":"Gordon Food Service","article_publisher":"https:\/\/www.facebook.com\/GordonFoodService\/","article_modified_time":"2025-05-01T12:53:56+00:00","og_image":[{"width":628,"height":210,"url":"https:\/\/gfs.ca\/wp-content\/uploads\/2023\/02\/GordonFoodService_Logo_RGB.png","type":"image\/png"}],"twitter_card":"summary_large_image","twitter_site":"@GFSDelivers","twitter_misc":{"Estimation du temps de lecture":"3 minutes"},"schema":{"@context":"https:\/\/schema.org","@graph":[{"@type":"WebPage","@id":"https:\/\/gfs.ca\/fr-ca\/politiques-sur-les-droits-dauteur-et-marques-de-commerce\/","url":"https:\/\/gfs.ca\/fr-ca\/politiques-sur-les-droits-dauteur-et-marques-de-commerce\/","name":"Politiques sur les droits d'auteur et marques de commerce | Service Alimentaire Gordon","isPartOf":{"@id":"https:\/\/gfs.ca\/en-ca\/#website"},"datePublished":"2022-08-12T16:40:14+00:00","dateModified":"2025-05-01T12:53:56+00:00","description":"En savoir plus sur les politiques de Service Alimentaire Gordon en mati\u00e8re de droits d'auteur et de marques d\u00e9pos\u00e9es.","breadcrumb":{"@id":"https:\/\/gfs.ca\/fr-ca\/politiques-sur-les-droits-dauteur-et-marques-de-commerce\/#breadcrumb"},"inLanguage":"fr-CA","potentialAction":[{"@type":"ReadAction","target":["https:\/\/gfs.ca\/fr-ca\/politiques-sur-les-droits-dauteur-et-marques-de-commerce\/"]}]},{"@type":"BreadcrumbList","@id":"https:\/\/gfs.ca\/fr-ca\/politiques-sur-les-droits-dauteur-et-marques-de-commerce\/#breadcrumb","itemListElement":[{"@type":"ListItem","position":1,"name":"Home","item":"https:\/\/gfs.ca\/en-ca\/"},{"@type":"ListItem","position":2,"name":"Copyright &#038; Trademark"}]},{"@type":"WebSite","@id":"https:\/\/gfs.ca\/en-ca\/#website","url":"https:\/\/gfs.ca\/en-ca\/","name":"Service alimentaire Gordon","description":"","publisher":{"@id":"https:\/\/gfs.ca\/en-ca\/#organization"},"potentialAction":[{"@type":"SearchAction","target":{"@type":"EntryPoint","urlTemplate":"https:\/\/gfs.ca\/en-ca\/?s={search_term_string}"},"query-input":{"@type":"PropertyValueSpecification","valueRequired":true,"valueName":"search_term_string"}}],"inLanguage":"fr-CA"},{"@type":"Organization","@id":"https:\/\/gfs.ca\/en-ca\/#organization","name":"Service alimentaire Gordon","url":"https:\/\/gfs.ca\/en-ca\/","logo":{"@type":"ImageObject","inLanguage":"fr-CA","@id":"https:\/\/gfs.ca\/en-ca\/#\/schema\/logo\/image\/","url":"https:\/\/gfs.ca\/wp-content\/uploads\/2025\/11\/GFS-EN-Logo-og-image.png","contentUrl":"https:\/\/gfs.ca\/wp-content\/uploads\/2025\/11\/GFS-EN-Logo-og-image.png","width":1200,"height":630,"caption":"Gordon Food Service"},"image":{"@id":"https:\/\/gfs.ca\/en-ca\/#\/schema\/logo\/image\/"},"sameAs":["https:\/\/www.facebook.com\/GordonFoodService\/","https:\/\/x.com\/GFSDelivers","https:\/\/www.instagram.com\/gordonfoodservice\/","https:\/\/www.linkedin.com\/company\/gordon-food-service\/"]}]}},"_links":{"self":[{"href":"https:\/\/gfs.ca\/fr-ca\/wp-json\/wp\/v2\/pages\/6032","targetHints":{"allow":["GET"]}}],"collection":[{"href":"https:\/\/gfs.ca\/fr-ca\/wp-json\/wp\/v2\/pages"}],"about":[{"href":"https:\/\/gfs.ca\/fr-ca\/wp-json\/wp\/v2\/types\/page"}],"author":[{"embeddable":true,"href":"https:\/\/gfs.ca\/fr-ca\/wp-json\/wp\/v2\/users\/20"}],"replies":[{"embeddable":true,"href":"https:\/\/gfs.ca\/fr-ca\/wp-json\/wp\/v2\/comments?post=6032"}],"version-history":[{"count":3,"href":"https:\/\/gfs.ca\/fr-ca\/wp-json\/wp\/v2\/pages\/6032\/revisions"}],"predecessor-version":[{"id":36582,"href":"https:\/\/gfs.ca\/fr-ca\/wp-json\/wp\/v2\/pages\/6032\/revisions\/36582"}],"wp:attachment":[{"href":"https:\/\/gfs.ca\/fr-ca\/wp-json\/wp\/v2\/media?parent=6032"}],"curies":[{"name":"wp","href":"https:\/\/api.w.org\/{rel}","templated":true}]}}