{"id":6017,"date":"2022-08-12T10:59:52","date_gmt":"2022-08-12T15:59:52","guid":{"rendered":"https:\/\/live-gordon-food-service.pantheonsite.io\/?page_id=6017"},"modified":"2026-04-10T12:27:50","modified_gmt":"2026-04-10T16:27:50","slug":"bien-etre-des-animaux","status":"publish","type":"page","link":"https:\/\/gfs.ca\/fr-ca\/animal-well-being\/","title":{"rendered":"Bien-\u00eatre des animaux"},"content":{"rendered":"<div data-elementor-type=\"wp-page\" data-elementor-id=\"6017\" class=\"elementor elementor-6017\" data-elementor-post-type=\"page\">\n\t\t\t\t<div data-particle_enable=\"false\" data-particle-mobile-disabled=\"false\" class=\"elementor-element elementor-element-93cb59f e-flex e-con-boxed e-con e-parent\" data-id=\"93cb59f\" data-element_type=\"container\" data-e-type=\"container\" data-settings=\"{&quot;background_background&quot;:&quot;classic&quot;}\">\n\t\t\t\t\t<div class=\"e-con-inner\">\n\t\t<div data-particle_enable=\"false\" data-particle-mobile-disabled=\"false\" class=\"elementor-element elementor-element-0a34dc0 e-con-full e-flex e-con e-child\" data-id=\"0a34dc0\" data-element_type=\"container\" data-e-type=\"container\">\n\t\t\t\t<div class=\"elementor-element elementor-element-e02e38f elementor-widget__width-inherit elementor-widget elementor-widget-heading\" data-id=\"e02e38f\" data-element_type=\"widget\" data-e-type=\"widget\" data-widget_type=\"heading.default\">\n\t\t\t\t<div class=\"elementor-widget-container\">\n\t\t\t\t\t<h1 class=\"elementor-heading-title elementor-size-default\">Bien-\u00eatre des animaux\n<\/h1>\t\t\t\t<\/div>\n\t\t\t\t<\/div>\n\t\t\t\t<div class=\"elementor-element elementor-element-416bbb5 elementor-widget__width-inherit elementor-widget elementor-widget-text-editor\" data-id=\"416bbb5\" data-element_type=\"widget\" data-e-type=\"widget\" data-widget_type=\"text-editor.default\">\n\t\t\t\t<div class=\"elementor-widget-container\">\n\t\t\t\t\t\t\t\t\t<p>Service alimentaire Gordon croit en l\u2019importance de traiter les animaux de mani\u00e8re respectueuse. En tant que distributeur de services alimentaires responsable, nous exigeons de nos fournisseurs qu\u2019ils respectent les lois et r\u00e8glements applicables dans les pays et provinces o\u00f9 ils exercent leurs activit\u00e9s. Afin de pr\u00e9venir les mauvais traitements, nous nous attendons \u00e0 ce que nos fournisseurs \u00e9l\u00e8vent leurs animaux de fa\u00e7on acceptable et aient recours \u00e0 des proc\u00e9dures non cruelles. Nous nous attendons aussi \u00e0 ce que nos fournisseurs adh\u00e8rent aux normes reconnues de l\u2019industrie et aux exigences r\u00e9glementaires de leur secteur respectif de production ou de transformation. Enfin, nous encourageons nos fournisseurs \u00e0 maintenir un environnement coh\u00e9rent avec les <a href=\"http:\/\/webarchive.nationalarchives.gov.uk\/20121010012427\/http:\/\/www.fawc.org.uk\/freedoms.htm\" rel=\"noreferrer\">cinq libert\u00e9s<\/a>\u00a0des animaux de ferme \u00e9tablies par le Farm Animal Welfare Committee du Royaume-Uni, qui constituent des normes reconnues internationalement.<\/p><p>Service alimentaire Gordon exige ce qui suit de ses fournisseurs dont les activit\u00e9s comportent des interactions avec des animaux vivants :<\/p><ul><li>Des politiques et des proc\u00e9dures \u00e9crites relatives au bien-\u00eatre des animaux qui sont conformes aux lois et aux r\u00e8glements applicables et qui se fondent sur les lignes directrices de l\u2019industrie en ce qui concerne l\u2019\u00e9levage, le traitement, le transport et l\u2019abattage sans cruaut\u00e9 des animaux.<\/li><li>Des audits internes r\u00e9guliers et la documentation du respect des politiques \u00e9tablies concernant le bien-\u00eatre des animaux.<\/li><li>La r\u00e9alisation d\u2019un audit annuel par un tiers, c\u2019est-\u00e0-dire par le biais de Professional Animal Auditor Certification Organization (PAACO) ou d\u2019une organisation \u00e9quivalente pour les installations o\u00f9 l\u2019on interagit avec des animaux. Les audits doivent confirmer le respect de normes sens\u00e9es et fond\u00e9es sur la science pour ce qui concerne le traitement sans cruaut\u00e9 des animaux, et ce, de la naissance au moment de l\u2019abattage.<\/li><li>La mise en place rapide de mesures correctives pour toute pratique non conforme d\u00e9tect\u00e9e.<\/li><\/ul><p>En plus de ces exigences, Service alimentaire Gordon s\u2019attend \u00e0 ce que ses fournisseurs am\u00e9liorent de mani\u00e8re continue leurs processus au profit du bien-\u00eatre des animaux, ce qui pourrait comprendre sans s\u2019y limiter :<\/p><p><strong>Bovins :<\/strong><\/p><ul><li>Promotion de l\u2019\u00e9limination de la caudectomie.<\/li><li>Promotion de l\u2019\u00e9limination de l\u2019\u00e9cornage et de l\u2019ablation du cornillon le plus t\u00f4t possible, c\u2019est-\u00e0-dire lorsque le d\u00e9veloppement des cornes est toujours au stade de bourgeon (g\u00e9n\u00e9ralement 2-3 mois apr\u00e8s la naissance), le tout en soulageant la douleur sous la direction d\u2019un v\u00e9t\u00e9rinaire ayant une relation v\u00e9t\u00e9rinaire\/client\/patient ad\u00e9quate.<\/li><li>\u00c9limination des stalles pour les veaux et conversion des installations en vue de l\u2019\u00e9levage de groupe et sans attache.<\/li><\/ul><p><strong>Porc :<\/strong><\/p><ul><li>\u00c9limination des stalles de gestation et conversion des installations en vue de l\u2019\u00e9levage de groupe.<\/li><li>Promotion du soulagement de la douleur sous la direction d\u2019un v\u00e9t\u00e9rinaire ayant une relation v\u00e9t\u00e9rinaire\/client\/patient ad\u00e9quate lors de la caudectomie et de la castration des porcelets.<\/li><\/ul><p><strong>Volaille :<\/strong><\/p><ul><li>Examen continu des pratiques de manipulation garantissant la sant\u00e9 et le bien-\u00eatre des poulets \u00e0 griller et des g\u00e9niteurs autant lors de l\u2019\u00e9levage, de l\u2019engraissement, de la capture et du transport que de l\u2019abattage.<\/li><li>Examen des technologies \u00e9mergentes comme l\u2019abattage par atmosph\u00e8re contr\u00f4l\u00e9e ou \u00e0 l\u2019aide de la d\u00e9compression (LAPS) tout en tenant compte des exigences religieuses li\u00e9es aux produits halal et casher.<\/li><\/ul><p><strong>\u0152ufs :<\/strong><\/p><ul><li>Collaboration avec les fournisseurs pour faciliter l\u2019acc\u00e8s \u00e0 des \u0153ufs provenant de poules \u00e9lev\u00e9es en libert\u00e9 en fonction de l\u2019offre disponible, du caract\u00e8re abordable des produits et de la demande client, le tout en conformit\u00e9 avec l\u2019ensemble des r\u00e9glementations provinciales.<\/li><\/ul><p>Nous nous attendons \u00e0 ce que tous nos fournisseurs s\u2019assurent que les animaux sont manipul\u00e9s correctement durant le transport et que le temps de transport respecte les r\u00e8glements en la mati\u00e8re applicables, les meilleures pratiques de l\u2019industrie et les orientations des sp\u00e9cialistes du bien-\u00eatre des animaux.<\/p><p>Nous reconnaissons que les meilleures pratiques en mati\u00e8re d\u2019\u00e9levage des animaux sont en constante \u00e9volution. Nous surveillons la publication de recherches scientifiques qui concernent le bien-\u00eatre des animaux de m\u00eame que les pratiques lors de visites d\u2019exploitations agricoles et celles utilis\u00e9es dans les installations de transformation. Nous engageons \u00e9galement le dialogue avec nos fournisseurs au sujet des proc\u00e9dures, normes et meilleures pratiques sur toute la cha\u00eene d\u2019approvisionnement. Nous allons continuer de travailler avec nos fournisseurs \u00e0 l\u2019examen des nouveaux sujets d\u2019int\u00e9r\u00eat et mettrons \u00e0 jour nos engagements en mati\u00e8re de bien-\u00eatre animal en cons\u00e9quence.<\/p>\t\t\t\t\t\t\t\t<\/div>\n\t\t\t\t<\/div>\n\t\t\t\t<\/div>\n\t\t\t\t\t<\/div>\n\t\t\t\t<\/div>\n\t\t\t\t<\/div>","protected":false},"excerpt":{"rendered":"<p>Animal Well-Being Gordon Food Service believes in the humane treatment of animals. As a responsible foodservice distributor, we require that our suppliers comply with all applicable laws and regulations of the countries, states, and localities in which they operate. We expect our suppliers to use humane procedures and sound animal husbandry practices to prevent the [&hellip;]<\/p>\n","protected":false},"author":20,"featured_media":15204,"parent":0,"menu_order":0,"comment_status":"closed","ping_status":"closed","template":"elementor_header_footer","meta":{"_acf_changed":false,"footnotes":""},"class_list":["post-6017","page","type-page","status-publish","has-post-thumbnail","hentry"],"acf":[],"yoast_head":"<!-- This site is optimized with the Yoast SEO Premium plugin v22.9 (Yoast SEO v27.0) - https:\/\/yoast.com\/product\/yoast-seo-premium-wordpress\/ -->\n<title>Animal Well-Being | Gordon Food Service<\/title>\n<meta name=\"description\" content=\"Discover Gordon Food Service&#039;s commitment to foodservice animal welfare. Learn about our responsible sourcing practices and ethical supply chain standards.\" \/>\n<meta name=\"robots\" content=\"index, follow, max-snippet:-1, max-image-preview:large, max-video-preview:-1\" \/>\n<link rel=\"canonical\" href=\"https:\/\/gfs.ca\/fr-ca\/bien-etre-des-animaux\/\" \/>\n<meta property=\"og:locale\" content=\"fr_CA\" \/>\n<meta property=\"og:type\" content=\"article\" \/>\n<meta property=\"og:title\" content=\"Animal Well-Being\" \/>\n<meta property=\"og:description\" content=\"Discover Gordon Food Service&#039;s commitment to foodservice animal welfare. Learn about our responsible sourcing practices and ethical supply chain standards.\" \/>\n<meta property=\"og:url\" content=\"https:\/\/gfs.ca\/fr-ca\/bien-etre-des-animaux\/\" \/>\n<meta property=\"og:site_name\" content=\"Gordon Food Service\" \/>\n<meta property=\"article:publisher\" content=\"https:\/\/www.facebook.com\/GordonFoodService\/\" \/>\n<meta property=\"article:modified_time\" content=\"2026-04-10T16:27:50+00:00\" \/>\n<meta property=\"og:image\" content=\"https:\/\/gfs.ca\/wp-content\/uploads\/2022\/12\/middle-Clear-Choice-Beef-Getty-477116223-760x400-2.jpg\" \/>\n\t<meta property=\"og:image:width\" content=\"760\" \/>\n\t<meta property=\"og:image:height\" content=\"400\" \/>\n\t<meta property=\"og:image:type\" content=\"image\/jpeg\" \/>\n<meta name=\"twitter:card\" content=\"summary_large_image\" \/>\n<meta name=\"twitter:site\" content=\"@GFSDelivers\" \/>\n<meta name=\"twitter:label1\" content=\"Estimation du temps de lecture\" \/>\n\t<meta name=\"twitter:data1\" content=\"3 minutes\" \/>\n<!-- \/ Yoast SEO Premium plugin. -->","yoast_head_json":{"title":"Bien-\u00eatre des animaux | Service Alimentaire Gordon","description":"Discover Gordon Food Service's commitment to foodservice animal welfare. Learn about our responsible sourcing practices and ethical supply chain standards.","robots":{"index":"index","follow":"follow","max-snippet":"max-snippet:-1","max-image-preview":"max-image-preview:large","max-video-preview":"max-video-preview:-1"},"canonical":"https:\/\/gfs.ca\/fr-ca\/bien-etre-des-animaux\/","og_locale":"fr_CA","og_type":"article","og_title":"Animal Well-Being","og_description":"Discover Gordon Food Service's commitment to foodservice animal welfare. Learn about our responsible sourcing practices and ethical supply chain standards.","og_url":"https:\/\/gfs.ca\/fr-ca\/bien-etre-des-animaux\/","og_site_name":"Gordon Food Service","article_publisher":"https:\/\/www.facebook.com\/GordonFoodService\/","article_modified_time":"2026-04-10T16:27:50+00:00","og_image":[{"width":760,"height":400,"url":"https:\/\/gfs.ca\/wp-content\/uploads\/2022\/12\/middle-Clear-Choice-Beef-Getty-477116223-760x400-2.jpg","type":"image\/jpeg"}],"twitter_card":"summary_large_image","twitter_site":"@GFSDelivers","twitter_misc":{"Estimation du temps de lecture":"3 minutes"},"schema":{"@context":"https:\/\/schema.org","@graph":[{"@type":"WebPage","@id":"https:\/\/gfs.ca\/animal-well-being\/","url":"https:\/\/gfs.ca\/animal-well-being\/","name":"Bien-\u00eatre des animaux | Service Alimentaire Gordon","isPartOf":{"@id":"https:\/\/gfs.ca\/en-ca\/#website"},"primaryImageOfPage":{"@id":"https:\/\/gfs.ca\/animal-well-being\/#primaryimage"},"image":{"@id":"https:\/\/gfs.ca\/animal-well-being\/#primaryimage"},"thumbnailUrl":"https:\/\/gfs.ca\/wp-content\/uploads\/2022\/12\/middle-Clear-Choice-Beef-Getty-477116223-760x400-2.jpg","datePublished":"2022-08-12T15:59:52+00:00","dateModified":"2026-04-10T16:27:50+00:00","description":"Discover Gordon Food Service's commitment to foodservice animal welfare. Learn about our responsible sourcing practices and ethical supply chain standards.","breadcrumb":{"@id":"https:\/\/gfs.ca\/animal-well-being\/#breadcrumb"},"inLanguage":"fr-CA","potentialAction":[{"@type":"ReadAction","target":["https:\/\/gfs.ca\/animal-well-being\/"]}]},{"@type":"ImageObject","inLanguage":"fr-CA","@id":"https:\/\/gfs.ca\/animal-well-being\/#primaryimage","url":"https:\/\/gfs.ca\/wp-content\/uploads\/2022\/12\/middle-Clear-Choice-Beef-Getty-477116223-760x400-2.jpg","contentUrl":"https:\/\/gfs.ca\/wp-content\/uploads\/2022\/12\/middle-Clear-Choice-Beef-Getty-477116223-760x400-2.jpg","width":760,"height":400,"caption":"Four black cows stand in a lush green pasture, looking toward the camera with rolling hills and farm buildings in the background."},{"@type":"BreadcrumbList","@id":"https:\/\/gfs.ca\/animal-well-being\/#breadcrumb","itemListElement":[{"@type":"ListItem","position":1,"name":"Home","item":"https:\/\/gfs.ca\/en-ca\/"},{"@type":"ListItem","position":2,"name":"Animal Well-Being"}]},{"@type":"WebSite","@id":"https:\/\/gfs.ca\/en-ca\/#website","url":"https:\/\/gfs.ca\/en-ca\/","name":"Service alimentaire Gordon","description":"","publisher":{"@id":"https:\/\/gfs.ca\/en-ca\/#organization"},"potentialAction":[{"@type":"SearchAction","target":{"@type":"EntryPoint","urlTemplate":"https:\/\/gfs.ca\/en-ca\/?s={search_term_string}"},"query-input":{"@type":"PropertyValueSpecification","valueRequired":true,"valueName":"search_term_string"}}],"inLanguage":"fr-CA"},{"@type":"Organization","@id":"https:\/\/gfs.ca\/en-ca\/#organization","name":"Service alimentaire Gordon","url":"https:\/\/gfs.ca\/en-ca\/","logo":{"@type":"ImageObject","inLanguage":"fr-CA","@id":"https:\/\/gfs.ca\/en-ca\/#\/schema\/logo\/image\/","url":"https:\/\/gfs.ca\/wp-content\/uploads\/2025\/11\/GFS-EN-Logo-og-image.png","contentUrl":"https:\/\/gfs.ca\/wp-content\/uploads\/2025\/11\/GFS-EN-Logo-og-image.png","width":1200,"height":630,"caption":"Gordon Food Service"},"image":{"@id":"https:\/\/gfs.ca\/en-ca\/#\/schema\/logo\/image\/"},"sameAs":["https:\/\/www.facebook.com\/GordonFoodService\/","https:\/\/x.com\/GFSDelivers","https:\/\/www.instagram.com\/gordonfoodservice\/","https:\/\/www.linkedin.com\/company\/gordon-food-service\/"]}]}},"_links":{"self":[{"href":"https:\/\/gfs.ca\/fr-ca\/wp-json\/wp\/v2\/pages\/6017","targetHints":{"allow":["GET"]}}],"collection":[{"href":"https:\/\/gfs.ca\/fr-ca\/wp-json\/wp\/v2\/pages"}],"about":[{"href":"https:\/\/gfs.ca\/fr-ca\/wp-json\/wp\/v2\/types\/page"}],"author":[{"embeddable":true,"href":"https:\/\/gfs.ca\/fr-ca\/wp-json\/wp\/v2\/users\/20"}],"replies":[{"embeddable":true,"href":"https:\/\/gfs.ca\/fr-ca\/wp-json\/wp\/v2\/comments?post=6017"}],"version-history":[{"count":12,"href":"https:\/\/gfs.ca\/fr-ca\/wp-json\/wp\/v2\/pages\/6017\/revisions"}],"predecessor-version":[{"id":42325,"href":"https:\/\/gfs.ca\/fr-ca\/wp-json\/wp\/v2\/pages\/6017\/revisions\/42325"}],"wp:featuredmedia":[{"embeddable":true,"href":"https:\/\/gfs.ca\/fr-ca\/wp-json\/wp\/v2\/media\/15204"}],"wp:attachment":[{"href":"https:\/\/gfs.ca\/fr-ca\/wp-json\/wp\/v2\/media?parent=6017"}],"curies":[{"name":"wp","href":"https:\/\/api.w.org\/{rel}","templated":true}]}}