{"id":40889,"date":"2025-08-27T16:56:25","date_gmt":"2025-08-27T20:56:25","guid":{"rendered":"https:\/\/test.gfs.ca\/?page_id=40889"},"modified":"2026-04-27T11:30:13","modified_gmt":"2026-04-27T15:30:13","slug":"fournisseurs","status":"publish","type":"page","link":"https:\/\/gfs.ca\/fr-ca\/suppliers\/","title":{"rendered":"Fournisseurs"},"content":{"rendered":"<div data-elementor-type=\"wp-page\" data-elementor-id=\"40889\" class=\"elementor elementor-40889\" data-elementor-post-type=\"page\">\n\t\t\t\t<div data-particle_enable=\"false\" data-particle-mobile-disabled=\"false\" class=\"elementor-element elementor-element-e56c1d6 e-flex e-con-boxed e-con e-parent\" data-id=\"e56c1d6\" data-element_type=\"container\" data-e-type=\"container\" data-settings=\"{&quot;background_background&quot;:&quot;classic&quot;}\">\n\t\t\t\t\t<div class=\"e-con-inner\">\n\t\t<div data-particle_enable=\"false\" data-particle-mobile-disabled=\"false\" class=\"elementor-element elementor-element-bbe6817 e-con-full e-flex e-con e-child\" data-id=\"bbe6817\" data-element_type=\"container\" data-e-type=\"container\">\n\t\t\t\t<div class=\"elementor-element elementor-element-81be55b elementor-widget elementor-widget-heading\" data-id=\"81be55b\" data-element_type=\"widget\" data-e-type=\"widget\" data-widget_type=\"heading.default\">\n\t\t\t\t<div class=\"elementor-widget-container\">\n\t\t\t\t\t<h2 class=\"elementor-heading-title elementor-size-default\">Ressources pour les fournisseurs<\/h2>\t\t\t\t<\/div>\n\t\t\t\t<\/div>\n\t\t\t\t<\/div>\n\t\t\t\t\t<\/div>\n\t\t\t\t<\/div>\n\t\t<div data-particle_enable=\"false\" data-particle-mobile-disabled=\"false\" class=\"elementor-element elementor-element-d916fa7 e-flex e-con-boxed e-con e-parent\" data-id=\"d916fa7\" data-element_type=\"container\" data-e-type=\"container\" data-settings=\"{&quot;background_background&quot;:&quot;classic&quot;}\">\n\t\t\t\t\t<div class=\"e-con-inner\">\n\t\t\t\t<div class=\"elementor-element elementor-element-f8d3fa8 elementor-widget elementor-widget-heading\" data-id=\"f8d3fa8\" data-element_type=\"widget\" data-e-type=\"widget\" data-widget_type=\"heading.default\">\n\t\t\t\t<div class=\"elementor-widget-container\">\n\t\t\t\t\t<h2 class=\"elementor-heading-title elementor-size-default\">Que recherchez-vous?<\/h2>\t\t\t\t<\/div>\n\t\t\t\t<\/div>\n\t\t<div data-particle_enable=\"false\" data-particle-mobile-disabled=\"false\" class=\"elementor-element elementor-element-758dd0f e-grid e-con-full e-con e-child\" data-id=\"758dd0f\" data-element_type=\"container\" data-e-type=\"container\">\n\t\t<div data-particle_enable=\"false\" data-particle-mobile-disabled=\"false\" class=\"elementor-element elementor-element-bd80a27 e-con-full e-flex e-con e-child\" data-id=\"bd80a27\" data-element_type=\"container\" data-e-type=\"container\" data-settings=\"{&quot;background_background&quot;:&quot;classic&quot;}\">\n\t\t\t\t<div class=\"elementor-element elementor-element-e820744 elementor-widget elementor-widget-heading\" data-id=\"e820744\" data-element_type=\"widget\" data-e-type=\"widget\" data-widget_type=\"heading.default\">\n\t\t\t\t<div class=\"elementor-widget-container\">\n\t\t\t\t\t<h2 class=\"elementor-heading-title elementor-size-default\">Fournisseurs Gordon Plus<\/h2>\t\t\t\t<\/div>\n\t\t\t\t<\/div>\n\t\t\t\t<div class=\"elementor-element elementor-element-b2ac31c elementor-widget elementor-widget-text-editor\" data-id=\"b2ac31c\" data-element_type=\"widget\" data-e-type=\"widget\" data-widget_type=\"text-editor.default\">\n\t\t\t\t<div class=\"elementor-widget-container\">\n\t\t\t\t\t\t\t\t\t<p>Le portail Fournisseurs Gordon Plus est une plateforme con\u00e7ue pour renforcer notre partenariat. Il a pour but de vous aider \u00e0 g\u00e9rer votre relation d\u2019affaires avec Service alimentaire Gordon en vous fournissant des liens, des outils et des ressources cl\u00e9s en un seul endroit.<\/p>\t\t\t\t\t\t\t\t<\/div>\n\t\t\t\t<\/div>\n\t\t\t\t<div class=\"elementor-element elementor-element-5781f81 elementor-widget elementor-widget-text-editor\" data-id=\"5781f81\" data-element_type=\"widget\" data-e-type=\"widget\" data-widget_type=\"text-editor.default\">\n\t\t\t\t<div class=\"elementor-widget-container\">\n\t\t\t\t\t\t\t\t\t<p><a href=\"https:\/\/supplier.gfs.com\/\" target=\"_blank\" rel=\"noopener\">Connexion &gt;<\/a><\/p>\t\t\t\t\t\t\t\t<\/div>\n\t\t\t\t<\/div>\n\t\t\t\t<\/div>\n\t\t<div data-particle_enable=\"false\" data-particle-mobile-disabled=\"false\" class=\"elementor-element elementor-element-de100c7 e-con-full e-flex e-con e-child\" data-id=\"de100c7\" data-element_type=\"container\" data-e-type=\"container\" data-settings=\"{&quot;background_background&quot;:&quot;classic&quot;}\">\n\t\t\t\t<div class=\"elementor-element elementor-element-8f29320 elementor-widget elementor-widget-heading\" data-id=\"8f29320\" data-element_type=\"widget\" data-e-type=\"widget\" data-widget_type=\"heading.default\">\n\t\t\t\t<div class=\"elementor-widget-container\">\n\t\t\t\t\t<h2 class=\"elementor-heading-title elementor-size-default\">Besoin d\u2019un acc\u00e8s?<\/h2>\t\t\t\t<\/div>\n\t\t\t\t<\/div>\n\t\t\t\t<div class=\"elementor-element elementor-element-4527b42 elementor-widget elementor-widget-text-editor\" data-id=\"4527b42\" data-element_type=\"widget\" data-e-type=\"widget\" data-widget_type=\"text-editor.default\">\n\t\t\t\t<div class=\"elementor-widget-container\">\n\t\t\t\t\t\t\t\t\t<p>Vous avez besoin d\u2019acc\u00e9der au portail Fournisseurs Gordon Plus ou vous avez des probl\u00e8mes avec votre compte? Communiquez avec l\u2019\u00e9quipe du portail pour obtenir de l\u2019aide.<\/p>\t\t\t\t\t\t\t\t<\/div>\n\t\t\t\t<\/div>\n\t\t\t\t<div class=\"elementor-element elementor-element-46ac391 elementor-widget elementor-widget-text-editor\" data-id=\"46ac391\" data-element_type=\"widget\" data-e-type=\"widget\" data-widget_type=\"text-editor.default\">\n\t\t\t\t<div class=\"elementor-widget-container\">\n\t\t\t\t\t\t\t\t\t<p>Courriel : <a href=\"mailto:supplierplus@gfs.com\" target=\"_blank\" rel=\"noopener\">supplierplus@gfs.com<\/a><\/p>\t\t\t\t\t\t\t\t<\/div>\n\t\t\t\t<\/div>\n\t\t\t\t<\/div>\n\t\t<div data-particle_enable=\"false\" data-particle-mobile-disabled=\"false\" class=\"elementor-element elementor-element-f5c4a89 e-con-full e-flex e-con e-child\" data-id=\"f5c4a89\" data-element_type=\"container\" data-e-type=\"container\" data-settings=\"{&quot;background_background&quot;:&quot;classic&quot;}\">\n\t\t\t\t<div class=\"elementor-element elementor-element-67ba605 elementor-widget elementor-widget-heading\" data-id=\"67ba605\" data-element_type=\"widget\" data-e-type=\"widget\" data-widget_type=\"heading.default\">\n\t\t\t\t<div class=\"elementor-widget-container\">\n\t\t\t\t\t<h2 class=\"elementor-heading-title elementor-size-default\">Conditions g\u00e9n\u00e9rales des bons de commande pour l\u2019Am\u00e9rique du Nord<\/h2>\t\t\t\t<\/div>\n\t\t\t\t<\/div>\n\t\t\t\t<div class=\"elementor-element elementor-element-1263bb0 elementor-widget elementor-widget-text-editor\" data-id=\"1263bb0\" data-element_type=\"widget\" data-e-type=\"widget\" data-widget_type=\"text-editor.default\">\n\t\t\t\t<div class=\"elementor-widget-container\">\n\t\t\t\t\t\t\t\t\t<p>Les conditions g\u00e9n\u00e9rales des bons de commande pour l\u2019Am\u00e9rique du Nord, ainsi que les politiques auxquelles elles font r\u00e9f\u00e9rence, peuvent \u00eatre consult\u00e9es ci-dessous.<\/p>\t\t\t\t\t\t\t\t<\/div>\n\t\t\t\t<\/div>\n\t\t\t\t<div class=\"elementor-element elementor-element-b88a699 elementor-widget elementor-widget-text-editor\" data-id=\"b88a699\" data-element_type=\"widget\" data-e-type=\"widget\" data-widget_type=\"text-editor.default\">\n\t\t\t\t<div class=\"elementor-widget-container\">\n\t\t\t\t\t\t\t\t\t<p><a href=\"https:\/\/gfs.ca\/fr-ca\/conditions-fournisseurs\/\">En savoir plus<\/a><\/p>\t\t\t\t\t\t\t\t<\/div>\n\t\t\t\t<\/div>\n\t\t\t\t<\/div>\n\t\t\t\t<\/div>\n\t\t\t\t\t<\/div>\n\t\t\t\t<\/div>\n\t\t<div data-particle_enable=\"false\" data-particle-mobile-disabled=\"false\" class=\"elementor-element elementor-element-8a23a1a e-flex e-con-boxed e-con e-parent\" data-id=\"8a23a1a\" data-element_type=\"container\" data-e-type=\"container\">\n\t\t\t\t\t<div class=\"e-con-inner\">\n\t\t<div data-particle_enable=\"false\" data-particle-mobile-disabled=\"false\" class=\"elementor-element elementor-element-f34e044 e-con-full e-flex e-con e-child\" data-id=\"f34e044\" data-element_type=\"container\" data-e-type=\"container\">\n\t\t\t\t<div class=\"elementor-element elementor-element-dff5674 elementor-widget elementor-widget-text-editor\" data-id=\"dff5674\" data-element_type=\"widget\" data-e-type=\"widget\" data-widget_type=\"text-editor.default\">\n\t\t\t\t<div class=\"elementor-widget-container\">\n\t\t\t\t\t\t\t\t\t<p>PARTENAIRE AVEC NOUS<\/p>\t\t\t\t\t\t\t\t<\/div>\n\t\t\t\t<\/div>\n\t\t\t\t<div class=\"elementor-element elementor-element-b0445b3 elementor-widget elementor-widget-heading\" data-id=\"b0445b3\" data-element_type=\"widget\" data-e-type=\"widget\" data-widget_type=\"heading.default\">\n\t\t\t\t<div class=\"elementor-widget-container\">\n\t\t\t\t\t<h2 class=\"elementor-heading-title elementor-size-default\">Vous souhaitez devenir fournisseur de Gordon Food Service ?<\/h2>\t\t\t\t<\/div>\n\t\t\t\t<\/div>\n\t\t<div data-particle_enable=\"false\" data-particle-mobile-disabled=\"false\" class=\"elementor-element elementor-element-e57f7cf e-grid e-con-full e-con e-child\" data-id=\"e57f7cf\" data-element_type=\"container\" data-e-type=\"container\">\n\t\t\t\t<div class=\"elementor-element elementor-element-f9166e6 elementor-widget elementor-widget-button\" data-id=\"f9166e6\" data-element_type=\"widget\" data-e-type=\"widget\" data-widget_type=\"button.default\">\n\t\t\t\t<div class=\"elementor-widget-container\">\n\t\t\t\t\t\t\t\t\t<div class=\"elementor-button-wrapper\">\n\t\t\t\t\t<a class=\"elementor-button elementor-button-link elementor-size-sm\" href=\"https:\/\/gfs.ca\/fr-ca\/soumission-des-fournisseurs\/\">\n\t\t\t\t\t\t<span class=\"elementor-button-content-wrapper\">\n\t\t\t\t\t\t\t\t\t<span class=\"elementor-button-text\">En savoir plus<\/span>\n\t\t\t\t\t<\/span>\n\t\t\t\t\t<\/a>\n\t\t\t\t<\/div>\n\t\t\t\t\t\t\t\t<\/div>\n\t\t\t\t<\/div>\n\t\t\t\t<\/div>\n\t\t\t\t<\/div>\n\t\t<div data-particle_enable=\"false\" data-particle-mobile-disabled=\"false\" class=\"elementor-element elementor-element-4568e8b e-con-full e-flex e-con e-child\" data-id=\"4568e8b\" data-element_type=\"container\" data-e-type=\"container\">\n\t\t\t\t<div class=\"elementor-element elementor-element-293e7c2 elementor-widget elementor-widget-image\" data-id=\"293e7c2\" data-element_type=\"widget\" data-e-type=\"widget\" data-widget_type=\"image.default\">\n\t\t\t\t<div class=\"elementor-widget-container\">\n\t\t\t\t\t\t\t\t\t\t\t\t\t\t\t<img fetchpriority=\"high\" decoding=\"async\" width=\"800\" height=\"534\" src=\"https:\/\/gfs.ca\/wp-content\/uploads\/2025\/08\/553218-553217-553223-543913-Gran-Sazon-Been-and-Cheese-Pupusa-Beef-Birria-Pupusa-Salsa-Verde-Southwest-Black-Bean-and-Corn-1024x683.webp\" class=\"attachment-large size-large wp-image-40893\" alt=\"\" srcset=\"https:\/\/gfs.ca\/wp-content\/uploads\/2025\/08\/553218-553217-553223-543913-Gran-Sazon-Been-and-Cheese-Pupusa-Beef-Birria-Pupusa-Salsa-Verde-Southwest-Black-Bean-and-Corn-1024x683.webp 1024w, https:\/\/gfs.ca\/wp-content\/uploads\/2025\/08\/553218-553217-553223-543913-Gran-Sazon-Been-and-Cheese-Pupusa-Beef-Birria-Pupusa-Salsa-Verde-Southwest-Black-Bean-and-Corn-300x200.webp 300w, https:\/\/gfs.ca\/wp-content\/uploads\/2025\/08\/553218-553217-553223-543913-Gran-Sazon-Been-and-Cheese-Pupusa-Beef-Birria-Pupusa-Salsa-Verde-Southwest-Black-Bean-and-Corn-768x512.webp 768w, https:\/\/gfs.ca\/wp-content\/uploads\/2025\/08\/553218-553217-553223-543913-Gran-Sazon-Been-and-Cheese-Pupusa-Beef-Birria-Pupusa-Salsa-Verde-Southwest-Black-Bean-and-Corn-1536x1025.webp 1536w, https:\/\/gfs.ca\/wp-content\/uploads\/2025\/08\/553218-553217-553223-543913-Gran-Sazon-Been-and-Cheese-Pupusa-Beef-Birria-Pupusa-Salsa-Verde-Southwest-Black-Bean-and-Corn-18x12.webp 18w, https:\/\/gfs.ca\/wp-content\/uploads\/2025\/08\/553218-553217-553223-543913-Gran-Sazon-Been-and-Cheese-Pupusa-Beef-Birria-Pupusa-Salsa-Verde-Southwest-Black-Bean-and-Corn.webp 1920w\" sizes=\"(max-width: 800px) 100vw, 800px\" \/>\t\t\t\t\t\t\t\t\t\t\t\t\t\t\t<\/div>\n\t\t\t\t<\/div>\n\t\t\t\t<\/div>\n\t\t\t\t\t<\/div>\n\t\t\t\t<\/div>\n\t\t\t\t<\/div>","protected":false},"excerpt":{"rendered":"<p>Supplier Resources What Are You Looking For? Gordon Supplier Plus The Gordon Supplier Plus portal is a platform designed to strengthen our partnership. It\u2019s dedicated to helping you manage your business relationship with Gordon Food Service by providing key links, tools, and resources in one convenient location. Sign In &gt; Need Access? Need access to [&hellip;]<\/p>\n","protected":false},"author":20,"featured_media":37656,"parent":0,"menu_order":0,"comment_status":"closed","ping_status":"closed","template":"","meta":{"_acf_changed":false,"footnotes":""},"class_list":["post-40889","page","type-page","status-publish","has-post-thumbnail","hentry"],"acf":[],"yoast_head":"<!-- This site is optimized with the Yoast SEO Premium plugin v22.9 (Yoast SEO v27.0) - https:\/\/yoast.com\/product\/yoast-seo-premium-wordpress\/ -->\n<title>Suppliers | Gordon Food Service<\/title>\n<meta name=\"description\" content=\"Get access to everything you need as a supplier for Gordon Food Service. From logging in to policies and agreements, find it all in one stop.\" \/>\n<meta name=\"robots\" content=\"index, follow, max-snippet:-1, max-image-preview:large, max-video-preview:-1\" \/>\n<link rel=\"canonical\" href=\"https:\/\/gfs.ca\/fr-ca\/fournisseurs\/\" \/>\n<meta property=\"og:locale\" content=\"fr_CA\" \/>\n<meta property=\"og:type\" content=\"article\" \/>\n<meta property=\"og:title\" content=\"Suppliers\" \/>\n<meta property=\"og:description\" content=\"Get access to everything you need as a supplier for Gordon Food Service. From logging in to policies and agreements, find it all in one stop.\" \/>\n<meta property=\"og:url\" content=\"https:\/\/gfs.ca\/fr-ca\/fournisseurs\/\" \/>\n<meta property=\"og:site_name\" content=\"Gordon Food Service\" \/>\n<meta property=\"article:publisher\" content=\"https:\/\/www.facebook.com\/GordonFoodService\/\" \/>\n<meta property=\"article:modified_time\" content=\"2026-04-27T15:30:13+00:00\" \/>\n<meta property=\"og:image\" content=\"https:\/\/gfs.ca\/wp-content\/uploads\/2025\/06\/Clay-Warehouse-Truck-Shot-From-Side.jpg\" \/>\n\t<meta property=\"og:image:width\" content=\"2048\" \/>\n\t<meta property=\"og:image:height\" content=\"1323\" \/>\n\t<meta property=\"og:image:type\" content=\"image\/jpeg\" \/>\n<meta name=\"twitter:card\" content=\"summary_large_image\" \/>\n<meta name=\"twitter:site\" content=\"@GFSDelivers\" \/>\n<meta name=\"twitter:label1\" content=\"Estimation du temps de lecture\" \/>\n\t<meta name=\"twitter:data1\" content=\"1 minute\" \/>\n<!-- \/ Yoast SEO Premium plugin. -->","yoast_head_json":{"title":"Fournisseurs | Gordon Food Service","description":"Acc\u00e9dez \u00e0 tout ce dont vous avez besoin en tant que fournisseur de Gordon Food Service. De la connexion aux politiques et accords, vous trouverez tout en un seul endroit.","robots":{"index":"index","follow":"follow","max-snippet":"max-snippet:-1","max-image-preview":"max-image-preview:large","max-video-preview":"max-video-preview:-1"},"canonical":"https:\/\/gfs.ca\/fr-ca\/fournisseurs\/","og_locale":"fr_CA","og_type":"article","og_title":"Suppliers","og_description":"Get access to everything you need as a supplier for Gordon Food Service. From logging in to policies and agreements, find it all in one stop.","og_url":"https:\/\/gfs.ca\/fr-ca\/fournisseurs\/","og_site_name":"Gordon Food Service","article_publisher":"https:\/\/www.facebook.com\/GordonFoodService\/","article_modified_time":"2026-04-27T15:30:13+00:00","og_image":[{"width":2048,"height":1323,"url":"https:\/\/gfs.ca\/wp-content\/uploads\/2025\/06\/Clay-Warehouse-Truck-Shot-From-Side.jpg","type":"image\/jpeg"}],"twitter_card":"summary_large_image","twitter_site":"@GFSDelivers","twitter_misc":{"Estimation du temps de lecture":"1 minute"},"schema":{"@context":"https:\/\/schema.org","@graph":[{"@type":"WebPage","@id":"https:\/\/gfs.ca\/en-ca\/suppliers\/","url":"https:\/\/gfs.ca\/en-ca\/suppliers\/","name":"Fournisseurs | Gordon Food Service","isPartOf":{"@id":"https:\/\/gfs.ca\/en-ca\/#website"},"primaryImageOfPage":{"@id":"https:\/\/gfs.ca\/en-ca\/suppliers\/#primaryimage"},"image":{"@id":"https:\/\/gfs.ca\/en-ca\/suppliers\/#primaryimage"},"thumbnailUrl":"https:\/\/gfs.ca\/wp-content\/uploads\/2025\/06\/Clay-Warehouse-Truck-Shot-From-Side.jpg","datePublished":"2025-08-27T20:56:25+00:00","dateModified":"2026-04-27T15:30:13+00:00","description":"Acc\u00e9dez \u00e0 tout ce dont vous avez besoin en tant que fournisseur de Gordon Food Service. De la connexion aux politiques et accords, vous trouverez tout en un seul endroit.","breadcrumb":{"@id":"https:\/\/gfs.ca\/en-ca\/suppliers\/#breadcrumb"},"inLanguage":"fr-CA","potentialAction":[{"@type":"ReadAction","target":["https:\/\/gfs.ca\/en-ca\/suppliers\/"]}]},{"@type":"ImageObject","inLanguage":"fr-CA","@id":"https:\/\/gfs.ca\/en-ca\/suppliers\/#primaryimage","url":"https:\/\/gfs.ca\/wp-content\/uploads\/2025\/06\/Clay-Warehouse-Truck-Shot-From-Side.jpg","contentUrl":"https:\/\/gfs.ca\/wp-content\/uploads\/2025\/06\/Clay-Warehouse-Truck-Shot-From-Side.jpg","width":2048,"height":1323},{"@type":"BreadcrumbList","@id":"https:\/\/gfs.ca\/en-ca\/suppliers\/#breadcrumb","itemListElement":[{"@type":"ListItem","position":1,"name":"Home","item":"https:\/\/gfs.ca\/en-ca\/"},{"@type":"ListItem","position":2,"name":"Suppliers"}]},{"@type":"WebSite","@id":"https:\/\/gfs.ca\/en-ca\/#website","url":"https:\/\/gfs.ca\/en-ca\/","name":"Service alimentaire Gordon","description":"","publisher":{"@id":"https:\/\/gfs.ca\/en-ca\/#organization"},"potentialAction":[{"@type":"SearchAction","target":{"@type":"EntryPoint","urlTemplate":"https:\/\/gfs.ca\/en-ca\/?s={search_term_string}"},"query-input":{"@type":"PropertyValueSpecification","valueRequired":true,"valueName":"search_term_string"}}],"inLanguage":"fr-CA"},{"@type":"Organization","@id":"https:\/\/gfs.ca\/en-ca\/#organization","name":"Service alimentaire Gordon","url":"https:\/\/gfs.ca\/en-ca\/","logo":{"@type":"ImageObject","inLanguage":"fr-CA","@id":"https:\/\/gfs.ca\/en-ca\/#\/schema\/logo\/image\/","url":"https:\/\/gfs.ca\/wp-content\/uploads\/2025\/11\/GFS-EN-Logo-og-image.png","contentUrl":"https:\/\/gfs.ca\/wp-content\/uploads\/2025\/11\/GFS-EN-Logo-og-image.png","width":1200,"height":630,"caption":"Gordon Food Service"},"image":{"@id":"https:\/\/gfs.ca\/en-ca\/#\/schema\/logo\/image\/"},"sameAs":["https:\/\/www.facebook.com\/GordonFoodService\/","https:\/\/x.com\/GFSDelivers","https:\/\/www.instagram.com\/gordonfoodservice\/","https:\/\/www.linkedin.com\/company\/gordon-food-service\/"]}]}},"_links":{"self":[{"href":"https:\/\/gfs.ca\/fr-ca\/wp-json\/wp\/v2\/pages\/40889","targetHints":{"allow":["GET"]}}],"collection":[{"href":"https:\/\/gfs.ca\/fr-ca\/wp-json\/wp\/v2\/pages"}],"about":[{"href":"https:\/\/gfs.ca\/fr-ca\/wp-json\/wp\/v2\/types\/page"}],"author":[{"embeddable":true,"href":"https:\/\/gfs.ca\/fr-ca\/wp-json\/wp\/v2\/users\/20"}],"replies":[{"embeddable":true,"href":"https:\/\/gfs.ca\/fr-ca\/wp-json\/wp\/v2\/comments?post=40889"}],"version-history":[{"count":22,"href":"https:\/\/gfs.ca\/fr-ca\/wp-json\/wp\/v2\/pages\/40889\/revisions"}],"predecessor-version":[{"id":43112,"href":"https:\/\/gfs.ca\/fr-ca\/wp-json\/wp\/v2\/pages\/40889\/revisions\/43112"}],"wp:featuredmedia":[{"embeddable":true,"href":"https:\/\/gfs.ca\/fr-ca\/wp-json\/wp\/v2\/media\/37656"}],"wp:attachment":[{"href":"https:\/\/gfs.ca\/fr-ca\/wp-json\/wp\/v2\/media?parent=40889"}],"curies":[{"name":"wp","href":"https:\/\/api.w.org\/{rel}","templated":true}]}}