{"id":33911,"date":"2024-06-10T20:28:55","date_gmt":"2024-06-11T00:28:55","guid":{"rendered":"https:\/\/gfs.ca\/?page_id=33911"},"modified":"2025-10-23T15:40:56","modified_gmt":"2025-10-23T19:40:56","slug":"salon-de-calgary","status":"publish","type":"page","link":"https:\/\/gfs.ca\/fr-ca\/trends-inspiration\/food-shows\/calgary-show\/","title":{"rendered":"Salon de Calgary"},"content":{"rendered":"<div data-elementor-type=\"wp-page\" data-elementor-id=\"33911\" class=\"elementor elementor-33911\" data-elementor-post-type=\"page\">\n\t\t\t\t<div data-particle_enable=\"false\" data-particle-mobile-disabled=\"false\" class=\"elementor-element elementor-element-ad160b8 e-flex e-con-boxed e-con e-parent\" data-id=\"ad160b8\" data-element_type=\"container\" data-e-type=\"container\" data-settings=\"{&quot;background_background&quot;:&quot;classic&quot;}\">\n\t\t\t\t\t<div class=\"e-con-inner\">\n\t\t<div data-particle_enable=\"false\" data-particle-mobile-disabled=\"false\" class=\"elementor-element elementor-element-45f5fd7 e-con-full e-flex e-con e-child\" data-id=\"45f5fd7\" data-element_type=\"container\" data-e-type=\"container\">\n\t\t\t\t<div class=\"elementor-element elementor-element-e63fc21 elementor-widget elementor-widget-heading\" data-id=\"e63fc21\" data-element_type=\"widget\" data-e-type=\"widget\" data-widget_type=\"heading.default\">\n\t\t\t\t<div class=\"elementor-widget-container\">\n\t\t\t\t\t<h2 class=\"elementor-heading-title elementor-size-default\">Salon de Calgary<\/h2>\t\t\t\t<\/div>\n\t\t\t\t<\/div>\n\t\t\t\t<\/div>\n\t\t<div data-particle_enable=\"false\" data-particle-mobile-disabled=\"false\" class=\"elementor-element elementor-element-1e61220 e-con-full e-flex e-con e-child\" data-id=\"1e61220\" data-element_type=\"container\" data-e-type=\"container\">\n\t\t<div data-particle_enable=\"false\" data-particle-mobile-disabled=\"false\" class=\"elementor-element elementor-element-4e6e5d5 e-con-full e-flex e-con e-child\" data-id=\"4e6e5d5\" data-element_type=\"container\" data-e-type=\"container\" data-settings=\"{&quot;background_background&quot;:&quot;classic&quot;}\">\n\t\t\t\t<div class=\"elementor-element elementor-element-1f69ae9 elementor-widget elementor-widget-text-editor\" data-id=\"1f69ae9\" data-element_type=\"widget\" data-e-type=\"widget\" data-widget_type=\"text-editor.default\">\n\t\t\t\t<div class=\"elementor-widget-container\">\n\t\t\t\t\t\t\t\t\t<p><strong>Date :<\/strong> <span style=\"font-weight: 400;\">17 septembre 2025<\/span><\/p><p><strong>Heure : <\/strong><span style=\"font-weight: 400;\">10 h \u00e0 16 h HNR<\/span><\/p><p><strong>Lieu : <\/strong>BMO Centre at Calgary Stampede \u2013 Halls E &amp; F<\/p><p><strong>Adresse :<\/strong> <span style=\"font-weight: 400;\">1912 Flores Ladue Parade SE, Calgary, AB T2G 2W1 Canada<\/span><\/p>\t\t\t\t\t\t\t\t<\/div>\n\t\t\t\t<\/div>\n\t\t\t\t<\/div>\n\t\t\t\t<\/div>\n\t\t\t\t\t<\/div>\n\t\t\t\t<\/div>\n\t\t<div data-particle_enable=\"false\" data-particle-mobile-disabled=\"false\" class=\"elementor-element elementor-element-f5fc9c5 e-flex e-con-boxed e-con e-parent\" data-id=\"f5fc9c5\" data-element_type=\"container\" data-e-type=\"container\" data-settings=\"{&quot;background_background&quot;:&quot;classic&quot;}\">\n\t\t\t\t\t<div class=\"e-con-inner\">\n\t\t\t\t<div class=\"elementor-element elementor-element-b764850 elementor-widget elementor-widget-heading\" data-id=\"b764850\" data-element_type=\"widget\" data-e-type=\"widget\" data-widget_type=\"heading.default\">\n\t\t\t\t<div class=\"elementor-widget-container\">\n\t\t\t\t\t<h2 class=\"elementor-heading-title elementor-size-default\">\u00c0 quoi s\u2019attendre<\/h2>\t\t\t\t<\/div>\n\t\t\t\t<\/div>\n\t\t<div data-particle_enable=\"false\" data-particle-mobile-disabled=\"false\" class=\"elementor-element elementor-element-982e00e e-grid e-con-full e-con e-child\" data-id=\"982e00e\" data-element_type=\"container\" data-e-type=\"container\">\n\t\t<div data-particle_enable=\"false\" data-particle-mobile-disabled=\"false\" class=\"elementor-element elementor-element-84cbd48 e-con-full e-flex e-con e-child\" data-id=\"84cbd48\" data-element_type=\"container\" data-e-type=\"container\" data-settings=\"{&quot;background_background&quot;:&quot;classic&quot;}\">\n\t\t\t\t<div class=\"elementor-element elementor-element-d50dab9 elementor-widget elementor-widget-heading\" data-id=\"d50dab9\" data-element_type=\"widget\" data-e-type=\"widget\" data-widget_type=\"heading.default\">\n\t\t\t\t<div class=\"elementor-widget-container\">\n\t\t\t\t\t<h2 class=\"elementor-heading-title elementor-size-default\">Incitatifs<\/h2>\t\t\t\t<\/div>\n\t\t\t\t<\/div>\n\t\t\t\t<div class=\"elementor-element elementor-element-62a02e6 elementor-widget elementor-widget-text-editor\" data-id=\"62a02e6\" data-element_type=\"widget\" data-e-type=\"widget\" data-widget_type=\"text-editor.default\">\n\t\t\t\t<div class=\"elementor-widget-container\">\n\t\t\t\t\t\t\t\t\t<p>Customers receive automatic price discounts on all eligible products delivered from 10\/05\/25 \u2013 11\/29\/25 just for attending the show. They don\u2019t have to commit to these items at the show to get the discount; it will happen automatically. Off\u2013invoice discounts are not offered to program accounts with contract pricing.<\/p>\t\t\t\t\t\t\t\t<\/div>\n\t\t\t\t<\/div>\n\t\t\t\t<\/div>\n\t\t<div data-particle_enable=\"false\" data-particle-mobile-disabled=\"false\" class=\"elementor-element elementor-element-220e1d2 e-con-full e-flex e-con e-child\" data-id=\"220e1d2\" data-element_type=\"container\" data-e-type=\"container\" data-settings=\"{&quot;background_background&quot;:&quot;classic&quot;}\">\n\t\t\t\t<div class=\"elementor-element elementor-element-05916e8 elementor-widget elementor-widget-heading\" data-id=\"05916e8\" data-element_type=\"widget\" data-e-type=\"widget\" data-widget_type=\"heading.default\">\n\t\t\t\t<div class=\"elementor-widget-container\">\n\t\t\t\t\t<h2 class=\"elementor-heading-title elementor-size-default\">Participation<\/h2>\t\t\t\t<\/div>\n\t\t\t\t<\/div>\n\t\t\t\t<div class=\"elementor-element elementor-element-415da8c elementor-widget elementor-widget-text-editor\" data-id=\"415da8c\" data-element_type=\"widget\" data-e-type=\"widget\" data-widget_type=\"text-editor.default\">\n\t\t\t\t<div class=\"elementor-widget-container\">\n\t\t\t\t\t\t\t\t\t<p><strong>\u00c0 noter : Cet \u00e9v\u00e9nement est r\u00e9serv\u00e9 aux adultes.<\/strong><\/p><p>En raison de notre engagement \u00e0 fournir un environnement professionnel, les participants doivent \u00eatre \u00e2g\u00e9s de 18 ans ou plus. Merci de votre coop\u00e9ration.<\/p>\t\t\t\t\t\t\t\t<\/div>\n\t\t\t\t<\/div>\n\t\t\t\t<\/div>\n\t\t<div data-particle_enable=\"false\" data-particle-mobile-disabled=\"false\" class=\"elementor-element elementor-element-7633286 e-con-full e-flex e-con e-child\" data-id=\"7633286\" data-element_type=\"container\" data-e-type=\"container\" data-settings=\"{&quot;background_background&quot;:&quot;classic&quot;}\">\n\t\t\t\t<div class=\"elementor-element elementor-element-1c203a5 elementor-widget elementor-widget-heading\" data-id=\"1c203a5\" data-element_type=\"widget\" data-e-type=\"widget\" data-widget_type=\"heading.default\">\n\t\t\t\t<div class=\"elementor-widget-container\">\n\t\t\t\t\t<h2 class=\"elementor-heading-title elementor-size-default\">New Wagon Policy<\/h2>\t\t\t\t<\/div>\n\t\t\t\t<\/div>\n\t\t\t\t<div class=\"elementor-element elementor-element-6eacc20 elementor-widget elementor-widget-text-editor\" data-id=\"6eacc20\" data-element_type=\"widget\" data-e-type=\"widget\" data-widget_type=\"text-editor.default\">\n\t\t\t\t<div class=\"elementor-widget-container\">\n\t\t\t\t\t\t\t\t\t<p>New this season, a no wagon nor wheeled carts policy will be implemented by Security at our entry doors to the exhibit halls. Due to local health code and the safety of all guests, wagons and wheeled carts are no longer permitted on the show floor and will be requested to be left in personal vehicles.<\/p>\t\t\t\t\t\t\t\t<\/div>\n\t\t\t\t<\/div>\n\t\t\t\t<\/div>\n\t\t\t\t<\/div>\n\t\t<div data-particle_enable=\"false\" data-particle-mobile-disabled=\"false\" class=\"elementor-element elementor-element-3a7a231 e-grid e-con-full e-con e-child\" data-id=\"3a7a231\" data-element_type=\"container\" data-e-type=\"container\">\n\t\t<div data-particle_enable=\"false\" data-particle-mobile-disabled=\"false\" class=\"elementor-element elementor-element-e1aedff e-con-full e-flex e-con e-child\" data-id=\"e1aedff\" data-element_type=\"container\" data-e-type=\"container\" data-settings=\"{&quot;background_background&quot;:&quot;classic&quot;}\">\n\t\t\t\t<div class=\"elementor-element elementor-element-1bf43e9 elementor-widget elementor-widget-heading\" data-id=\"1bf43e9\" data-element_type=\"widget\" data-e-type=\"widget\" data-widget_type=\"heading.default\">\n\t\t\t\t<div class=\"elementor-widget-container\">\n\t\t\t\t\t<h2 class=\"elementor-heading-title elementor-size-default\">Stationnement gratuit pour les clients<\/h2>\t\t\t\t<\/div>\n\t\t\t\t<\/div>\n\t\t\t\t<div class=\"elementor-element elementor-element-8da63ae elementor-widget elementor-widget-text-editor\" data-id=\"8da63ae\" data-element_type=\"widget\" data-e-type=\"widget\" data-widget_type=\"text-editor.default\">\n\t\t\t\t<div class=\"elementor-widget-container\">\n\t\t\t\t\t\t\t\t\t<p>Les clients peuvent utiliser gratuitement les stationnements 10 et 11. <br \/>Les clients peuvent aussi utiliser le stationnement 3 et l\u2019entr\u00e9e de la 17e Avenue.<\/p><p class=\"translation-block\">Pour enregistrer votre plaque d\u2019immatriculation, entrez le code GFS3312 dans n\u2019importe quelle borne de paiement ParkPlus.<br>\nConsultez les <a href=\"https:\/\/gfs.ca\/wp-content\/uploads\/2025\/08\/CS-Event-Code-GFS-Calgary-09.17.25.pdf\" target=\"_blank\" rel=\"noopener\">instructions<\/a> ci-jointes pour obtenir plus de d\u00e9tails.<\/p>\t\t\t\t\t\t\t\t<\/div>\n\t\t\t\t<\/div>\n\t\t\t\t<\/div>\n\t\t\t\t<\/div>\n\t\t\t\t\t<\/div>\n\t\t\t\t<\/div>\n\t\t<div data-particle_enable=\"false\" data-particle-mobile-disabled=\"false\" class=\"elementor-element elementor-element-f5d1056 e-flex e-con-boxed e-con e-parent\" data-id=\"f5d1056\" data-element_type=\"container\" data-e-type=\"container\" data-settings=\"{&quot;background_background&quot;:&quot;classic&quot;}\">\n\t\t\t\t\t<div class=\"e-con-inner\">\n\t\t<div data-particle_enable=\"false\" data-particle-mobile-disabled=\"false\" class=\"elementor-element elementor-element-a3c38cd e-con-full e-flex e-con e-child\" data-id=\"a3c38cd\" data-element_type=\"container\" data-e-type=\"container\">\n\t\t\t\t<div class=\"elementor-element elementor-element-c6040f2 elementor-widget elementor-widget-heading\" data-id=\"c6040f2\" data-element_type=\"widget\" data-e-type=\"widget\" data-widget_type=\"heading.default\">\n\t\t\t\t<div class=\"elementor-widget-container\">\n\t\t\t\t\t<h2 class=\"elementor-heading-title elementor-size-default\">Nous avons h\u00e2te de vous voir lors des salons!<\/h2>\t\t\t\t<\/div>\n\t\t\t\t<\/div>\n\t\t\t\t<div class=\"elementor-element elementor-element-00cb56c elementor-widget elementor-widget-text-editor\" data-id=\"00cb56c\" data-element_type=\"widget\" data-e-type=\"widget\" data-widget_type=\"text-editor.default\">\n\t\t\t\t<div class=\"elementor-widget-container\">\n\t\t\t\t\t\t\t\t\t<p>Immerse yourself in a captivating journey of flavors and culinary delights as our\u00a0 shows transports you to vibrant kitchens, sizzling stovetops, and mouthwatering dining experiences, leaving you hungry for more.<\/p>\t\t\t\t\t\t\t\t<\/div>\n\t\t\t\t<\/div>\n\t\t\t\t<\/div>\n\t\t\t\t\t<\/div>\n\t\t\t\t<\/div>\n\t\t\t\t<\/div>","protected":false},"excerpt":{"rendered":"<p>Calgary Show Date: September 17, 2025 Time: 10:00 AM &#8211; 4:00 PM MST Location: BMO Centre at Calgary Stampede \u2013 Halls E &amp; F Venue Address: 1912 Flores Ladue Parade SE, Calgary, AB T2G 2W1 Canada What to Expect Incentives Customers receive automatic price discounts on all eligible products delivered from 10\/05\/25 \u2013 11\/29\/25 just [&hellip;]<\/p>\n","protected":false},"author":20,"featured_media":16387,"parent":10294,"menu_order":0,"comment_status":"closed","ping_status":"closed","template":"","meta":{"_acf_changed":false,"footnotes":""},"class_list":["post-33911","page","type-page","status-publish","has-post-thumbnail","hentry"],"acf":[],"yoast_head":"<!-- This site is optimized with the Yoast SEO Premium plugin v22.9 (Yoast SEO v27.0) - https:\/\/yoast.com\/product\/yoast-seo-premium-wordpress\/ -->\n<title>Calgary Show | Gordon Food Service<\/title>\n<meta name=\"description\" content=\"Join us for our Calgary Fall 2025 Food Show! Find inspirational ideas, new trends and more for your operation!\" \/>\n<meta name=\"robots\" content=\"index, follow, max-snippet:-1, max-image-preview:large, max-video-preview:-1\" \/>\n<link rel=\"canonical\" href=\"https:\/\/gfs.ca\/fr-ca\/tendances-inspiration\/nos-salons\/salon-de-calgary\/\" \/>\n<meta property=\"og:locale\" content=\"fr_CA\" \/>\n<meta property=\"og:type\" content=\"article\" \/>\n<meta property=\"og:title\" content=\"Calgary Show\" \/>\n<meta property=\"og:description\" content=\"Join us for our Calgary Fall 2025 Food Show! Find inspirational ideas, new trends and more for your operation!\" \/>\n<meta property=\"og:url\" content=\"https:\/\/gfs.ca\/fr-ca\/tendances-inspiration\/nos-salons\/salon-de-calgary\/\" \/>\n<meta property=\"og:site_name\" content=\"Gordon Food Service\" \/>\n<meta property=\"article:publisher\" content=\"https:\/\/www.facebook.com\/GordonFoodService\/\" \/>\n<meta property=\"article:modified_time\" content=\"2025-10-23T19:40:56+00:00\" \/>\n<meta property=\"og:image\" content=\"https:\/\/gfs.ca\/wp-content\/uploads\/2022\/12\/GR-Show-2022-43-scaled.jpg\" \/>\n\t<meta property=\"og:image:width\" content=\"2560\" \/>\n\t<meta property=\"og:image:height\" content=\"1707\" \/>\n\t<meta property=\"og:image:type\" content=\"image\/jpeg\" \/>\n<meta name=\"twitter:card\" content=\"summary_large_image\" \/>\n<meta name=\"twitter:site\" content=\"@GFSDelivers\" \/>\n<meta name=\"twitter:label1\" content=\"Estimation du temps de lecture\" \/>\n\t<meta name=\"twitter:data1\" content=\"2 minutes\" \/>\n<!-- \/ Yoast SEO Premium plugin. -->","yoast_head_json":{"title":"Calgary Show | Gordon Food Service","description":"Join us for our Calgary Fall 2025 Food Show! Find inspirational ideas, new trends and more for your operation!","robots":{"index":"index","follow":"follow","max-snippet":"max-snippet:-1","max-image-preview":"max-image-preview:large","max-video-preview":"max-video-preview:-1"},"canonical":"https:\/\/gfs.ca\/fr-ca\/tendances-inspiration\/nos-salons\/salon-de-calgary\/","og_locale":"fr_CA","og_type":"article","og_title":"Calgary Show","og_description":"Join us for our Calgary Fall 2025 Food Show! Find inspirational ideas, new trends and more for your operation!","og_url":"https:\/\/gfs.ca\/fr-ca\/tendances-inspiration\/nos-salons\/salon-de-calgary\/","og_site_name":"Gordon Food Service","article_publisher":"https:\/\/www.facebook.com\/GordonFoodService\/","article_modified_time":"2025-10-23T19:40:56+00:00","og_image":[{"width":2560,"height":1707,"url":"https:\/\/gfs.ca\/wp-content\/uploads\/2022\/12\/GR-Show-2022-43-scaled.jpg","type":"image\/jpeg"}],"twitter_card":"summary_large_image","twitter_site":"@GFSDelivers","twitter_misc":{"Estimation du temps de lecture":"2 minutes"},"schema":{"@context":"https:\/\/schema.org","@graph":[{"@type":"WebPage","@id":"https:\/\/gfs.ca\/trends-inspiration\/food-shows\/calgary-show\/","url":"https:\/\/gfs.ca\/trends-inspiration\/food-shows\/calgary-show\/","name":"Calgary Show | Gordon Food Service","isPartOf":{"@id":"https:\/\/gfs.ca\/en-ca\/#website"},"primaryImageOfPage":{"@id":"https:\/\/gfs.ca\/trends-inspiration\/food-shows\/calgary-show\/#primaryimage"},"image":{"@id":"https:\/\/gfs.ca\/trends-inspiration\/food-shows\/calgary-show\/#primaryimage"},"thumbnailUrl":"https:\/\/gfs.ca\/wp-content\/uploads\/2022\/12\/GR-Show-2022-43-scaled.jpg","datePublished":"2024-06-11T00:28:55+00:00","dateModified":"2025-10-23T19:40:56+00:00","description":"Join us for our Calgary Fall 2025 Food Show! Find inspirational ideas, new trends and more for your operation!","breadcrumb":{"@id":"https:\/\/gfs.ca\/trends-inspiration\/food-shows\/calgary-show\/#breadcrumb"},"inLanguage":"fr-CA","potentialAction":[{"@type":"ReadAction","target":["https:\/\/gfs.ca\/trends-inspiration\/food-shows\/calgary-show\/"]}]},{"@type":"ImageObject","inLanguage":"fr-CA","@id":"https:\/\/gfs.ca\/trends-inspiration\/food-shows\/calgary-show\/#primaryimage","url":"https:\/\/gfs.ca\/wp-content\/uploads\/2022\/12\/GR-Show-2022-43-scaled.jpg","contentUrl":"https:\/\/gfs.ca\/wp-content\/uploads\/2022\/12\/GR-Show-2022-43-scaled.jpg","width":2560,"height":1707},{"@type":"BreadcrumbList","@id":"https:\/\/gfs.ca\/trends-inspiration\/food-shows\/calgary-show\/#breadcrumb","itemListElement":[{"@type":"ListItem","position":1,"name":"Home","item":"https:\/\/gfs.ca\/en-ca\/"},{"@type":"ListItem","position":2,"name":"Trends &amp; Inspiration","item":"https:\/\/gfs.ca\/en-ca\/trends-inspiration\/"},{"@type":"ListItem","position":3,"name":"Food Shows","item":"https:\/\/gfs.ca\/trends-inspiration\/food-shows\/"},{"@type":"ListItem","position":4,"name":"Calgary Show"}]},{"@type":"WebSite","@id":"https:\/\/gfs.ca\/en-ca\/#website","url":"https:\/\/gfs.ca\/en-ca\/","name":"Service alimentaire Gordon","description":"","publisher":{"@id":"https:\/\/gfs.ca\/en-ca\/#organization"},"potentialAction":[{"@type":"SearchAction","target":{"@type":"EntryPoint","urlTemplate":"https:\/\/gfs.ca\/en-ca\/?s={search_term_string}"},"query-input":{"@type":"PropertyValueSpecification","valueRequired":true,"valueName":"search_term_string"}}],"inLanguage":"fr-CA"},{"@type":"Organization","@id":"https:\/\/gfs.ca\/en-ca\/#organization","name":"Service alimentaire Gordon","url":"https:\/\/gfs.ca\/en-ca\/","logo":{"@type":"ImageObject","inLanguage":"fr-CA","@id":"https:\/\/gfs.ca\/en-ca\/#\/schema\/logo\/image\/","url":"https:\/\/gfs.ca\/wp-content\/uploads\/2025\/11\/GFS-EN-Logo-og-image.png","contentUrl":"https:\/\/gfs.ca\/wp-content\/uploads\/2025\/11\/GFS-EN-Logo-og-image.png","width":1200,"height":630,"caption":"Gordon Food Service"},"image":{"@id":"https:\/\/gfs.ca\/en-ca\/#\/schema\/logo\/image\/"},"sameAs":["https:\/\/www.facebook.com\/GordonFoodService\/","https:\/\/x.com\/GFSDelivers","https:\/\/www.instagram.com\/gordonfoodservice\/","https:\/\/www.linkedin.com\/company\/gordon-food-service\/"]}]}},"_links":{"self":[{"href":"https:\/\/gfs.ca\/fr-ca\/wp-json\/wp\/v2\/pages\/33911","targetHints":{"allow":["GET"]}}],"collection":[{"href":"https:\/\/gfs.ca\/fr-ca\/wp-json\/wp\/v2\/pages"}],"about":[{"href":"https:\/\/gfs.ca\/fr-ca\/wp-json\/wp\/v2\/types\/page"}],"author":[{"embeddable":true,"href":"https:\/\/gfs.ca\/fr-ca\/wp-json\/wp\/v2\/users\/20"}],"replies":[{"embeddable":true,"href":"https:\/\/gfs.ca\/fr-ca\/wp-json\/wp\/v2\/comments?post=33911"}],"version-history":[{"count":51,"href":"https:\/\/gfs.ca\/fr-ca\/wp-json\/wp\/v2\/pages\/33911\/revisions"}],"predecessor-version":[{"id":41523,"href":"https:\/\/gfs.ca\/fr-ca\/wp-json\/wp\/v2\/pages\/33911\/revisions\/41523"}],"up":[{"embeddable":true,"href":"https:\/\/gfs.ca\/fr-ca\/wp-json\/wp\/v2\/pages\/10294"}],"wp:featuredmedia":[{"embeddable":true,"href":"https:\/\/gfs.ca\/fr-ca\/wp-json\/wp\/v2\/media\/16387"}],"wp:attachment":[{"href":"https:\/\/gfs.ca\/fr-ca\/wp-json\/wp\/v2\/media?parent=33911"}],"curies":[{"name":"wp","href":"https:\/\/api.w.org\/{rel}","templated":true}]}}