{"id":33906,"date":"2024-06-10T20:27:02","date_gmt":"2024-06-11T00:27:02","guid":{"rendered":"https:\/\/gfs.ca\/?page_id=33906"},"modified":"2025-10-23T16:02:52","modified_gmt":"2025-10-23T20:02:52","slug":"salon-dedmonton","status":"publish","type":"page","link":"https:\/\/gfs.ca\/fr-ca\/trends-inspiration\/food-shows\/edmonton-show\/","title":{"rendered":"Salon d\u2019Edmonton"},"content":{"rendered":"<div data-elementor-type=\"wp-page\" data-elementor-id=\"33906\" class=\"elementor elementor-33906\" data-elementor-post-type=\"page\">\n\t\t\t\t<div data-particle_enable=\"false\" data-particle-mobile-disabled=\"false\" class=\"elementor-element elementor-element-7a54f33 e-flex e-con-boxed e-con e-parent\" data-id=\"7a54f33\" data-element_type=\"container\" data-e-type=\"container\" data-settings=\"{&quot;background_background&quot;:&quot;classic&quot;}\">\n\t\t\t\t\t<div class=\"e-con-inner\">\n\t\t<div data-particle_enable=\"false\" data-particle-mobile-disabled=\"false\" class=\"elementor-element elementor-element-6d2d370 e-con-full e-flex e-con e-child\" data-id=\"6d2d370\" data-element_type=\"container\" data-e-type=\"container\">\n\t\t\t\t<div class=\"elementor-element elementor-element-bd56ff5 elementor-widget elementor-widget-heading\" data-id=\"bd56ff5\" data-element_type=\"widget\" data-e-type=\"widget\" data-widget_type=\"heading.default\">\n\t\t\t\t<div class=\"elementor-widget-container\">\n\t\t\t\t\t<h2 class=\"elementor-heading-title elementor-size-default\">Edmonton<br>Show<\/h2>\t\t\t\t<\/div>\n\t\t\t\t<\/div>\n\t\t\t\t<div class=\"elementor-element elementor-element-b1f000c elementor-widget elementor-widget-button\" data-id=\"b1f000c\" data-element_type=\"widget\" data-e-type=\"widget\" data-widget_type=\"button.default\">\n\t\t\t\t<div class=\"elementor-widget-container\">\n\t\t\t\t\t\t\t\t\t<div class=\"elementor-button-wrapper\">\n\t\t\t\t\t<a class=\"elementor-button elementor-button-link elementor-size-sm\" href=\"#\">\n\t\t\t\t\t\t<span class=\"elementor-button-content-wrapper\">\n\t\t\t\t\t\t\t\t\t<span class=\"elementor-button-text\">Inscrivez-vous d\u00e8s maintenant<\/span>\n\t\t\t\t\t<\/span>\n\t\t\t\t\t<\/a>\n\t\t\t\t<\/div>\n\t\t\t\t\t\t\t\t<\/div>\n\t\t\t\t<\/div>\n\t\t\t\t<\/div>\n\t\t<div data-particle_enable=\"false\" data-particle-mobile-disabled=\"false\" class=\"elementor-element elementor-element-df8113a e-con-full e-flex e-con e-child\" data-id=\"df8113a\" data-element_type=\"container\" data-e-type=\"container\">\n\t\t<div data-particle_enable=\"false\" data-particle-mobile-disabled=\"false\" class=\"elementor-element elementor-element-45c8565 e-con-full e-flex e-con e-child\" data-id=\"45c8565\" data-element_type=\"container\" data-e-type=\"container\" data-settings=\"{&quot;background_background&quot;:&quot;classic&quot;}\">\n\t\t\t\t<div class=\"elementor-element elementor-element-3d9c6b4 elementor-widget elementor-widget-text-editor\" data-id=\"3d9c6b4\" data-element_type=\"widget\" data-e-type=\"widget\" data-widget_type=\"text-editor.default\">\n\t\t\t\t<div class=\"elementor-widget-container\">\n\t\t\t\t\t\t\t\t\t<p><strong>Date :<\/strong> <span style=\"font-weight: 400;\">October 08, 2025<\/span><\/p><p><strong>Heure :<\/strong> <span style=\"font-weight: 400;\">10 h \u00e0 16 h HNR<\/span><\/p><p><strong>Lieu :<\/strong> <span style=\"font-weight: 400;\">Edmonton Expo Centre &#8211; Halls F &amp; G<\/span><\/p><p><strong>Adresse :<\/strong> <span style=\"font-weight: 400;\">7515 &#8211; 118 Ave. NW, Edmonton AB T6B 0J2, Canada<\/span><\/p>\t\t\t\t\t\t\t\t<\/div>\n\t\t\t\t<\/div>\n\t\t\t\t<\/div>\n\t\t\t\t<\/div>\n\t\t\t\t\t<\/div>\n\t\t\t\t<\/div>\n\t\t<div data-particle_enable=\"false\" data-particle-mobile-disabled=\"false\" class=\"elementor-element elementor-element-f0b9b1e e-flex e-con-boxed e-con e-parent\" data-id=\"f0b9b1e\" data-element_type=\"container\" data-e-type=\"container\" data-settings=\"{&quot;background_background&quot;:&quot;classic&quot;}\">\n\t\t\t\t\t<div class=\"e-con-inner\">\n\t\t\t\t<div class=\"elementor-element elementor-element-2ec4b9c elementor-widget elementor-widget-heading\" data-id=\"2ec4b9c\" data-element_type=\"widget\" data-e-type=\"widget\" data-widget_type=\"heading.default\">\n\t\t\t\t<div class=\"elementor-widget-container\">\n\t\t\t\t\t<h2 class=\"elementor-heading-title elementor-size-default\">\u00c0 quoi s\u2019attendre<\/h2>\t\t\t\t<\/div>\n\t\t\t\t<\/div>\n\t\t<div data-particle_enable=\"false\" data-particle-mobile-disabled=\"false\" class=\"elementor-element elementor-element-87ce420 e-grid e-con-full e-con e-child\" data-id=\"87ce420\" data-element_type=\"container\" data-e-type=\"container\">\n\t\t<div data-particle_enable=\"false\" data-particle-mobile-disabled=\"false\" class=\"elementor-element elementor-element-e938438 e-con-full e-flex e-con e-child\" data-id=\"e938438\" data-element_type=\"container\" data-e-type=\"container\" data-settings=\"{&quot;background_background&quot;:&quot;classic&quot;}\">\n\t\t\t\t<div class=\"elementor-element elementor-element-87e023d elementor-widget elementor-widget-heading\" data-id=\"87e023d\" data-element_type=\"widget\" data-e-type=\"widget\" data-widget_type=\"heading.default\">\n\t\t\t\t<div class=\"elementor-widget-container\">\n\t\t\t\t\t<h2 class=\"elementor-heading-title elementor-size-default\">Incitatifs<\/h2>\t\t\t\t<\/div>\n\t\t\t\t<\/div>\n\t\t\t\t<div class=\"elementor-element elementor-element-442e945 elementor-widget elementor-widget-text-editor\" data-id=\"442e945\" data-element_type=\"widget\" data-e-type=\"widget\" data-widget_type=\"text-editor.default\">\n\t\t\t\t<div class=\"elementor-widget-container\">\n\t\t\t\t\t\t\t\t\t<p>Customers receive automatic price discounts on all eligible products delivered from 10\/26\/25 \u2013 12\/20\/25 just for attending the show. They don\u2019t have to commit to these items at the show to get the discount; it will happen automatically. Off \u2013 invoice discounts are not offered to program accounts with contract pricing. Savings will appear as a credit on the customer\u2019s account after the delivery period.<\/p>\t\t\t\t\t\t\t\t<\/div>\n\t\t\t\t<\/div>\n\t\t\t\t<\/div>\n\t\t<div data-particle_enable=\"false\" data-particle-mobile-disabled=\"false\" class=\"elementor-element elementor-element-a5820ec e-con-full e-flex e-con e-child\" data-id=\"a5820ec\" data-element_type=\"container\" data-e-type=\"container\" data-settings=\"{&quot;background_background&quot;:&quot;classic&quot;}\">\n\t\t\t\t<div class=\"elementor-element elementor-element-0d5da9d elementor-widget elementor-widget-heading\" data-id=\"0d5da9d\" data-element_type=\"widget\" data-e-type=\"widget\" data-widget_type=\"heading.default\">\n\t\t\t\t<div class=\"elementor-widget-container\">\n\t\t\t\t\t<h2 class=\"elementor-heading-title elementor-size-default\">Participation<\/h2>\t\t\t\t<\/div>\n\t\t\t\t<\/div>\n\t\t\t\t<div class=\"elementor-element elementor-element-324ac33 elementor-widget elementor-widget-text-editor\" data-id=\"324ac33\" data-element_type=\"widget\" data-e-type=\"widget\" data-widget_type=\"text-editor.default\">\n\t\t\t\t<div class=\"elementor-widget-container\">\n\t\t\t\t\t\t\t\t\t<p><strong>\u00c0 noter : Cet \u00e9v\u00e9nement est r\u00e9serv\u00e9 aux adultes.<\/strong><\/p><p>En raison de notre engagement \u00e0 fournir un environnement professionnel, les participants doivent \u00eatre \u00e2g\u00e9s de 18 ans ou plus. Merci de votre coop\u00e9ration.<\/p>\t\t\t\t\t\t\t\t<\/div>\n\t\t\t\t<\/div>\n\t\t\t\t<\/div>\n\t\t<div data-particle_enable=\"false\" data-particle-mobile-disabled=\"false\" class=\"elementor-element elementor-element-3c17840 e-con-full e-flex e-con e-child\" data-id=\"3c17840\" data-element_type=\"container\" data-e-type=\"container\" data-settings=\"{&quot;background_background&quot;:&quot;classic&quot;}\">\n\t\t\t\t<div class=\"elementor-element elementor-element-8638751 elementor-widget elementor-widget-heading\" data-id=\"8638751\" data-element_type=\"widget\" data-e-type=\"widget\" data-widget_type=\"heading.default\">\n\t\t\t\t<div class=\"elementor-widget-container\">\n\t\t\t\t\t<h2 class=\"elementor-heading-title elementor-size-default\">New Wagon Policy<\/h2>\t\t\t\t<\/div>\n\t\t\t\t<\/div>\n\t\t\t\t<div class=\"elementor-element elementor-element-dec8eec elementor-widget elementor-widget-text-editor\" data-id=\"dec8eec\" data-element_type=\"widget\" data-e-type=\"widget\" data-widget_type=\"text-editor.default\">\n\t\t\t\t<div class=\"elementor-widget-container\">\n\t\t\t\t\t\t\t\t\t<p>New this season, a no wagon nor wheeled carts policy will be implemented by Security at our entry doors to the exhibit halls. Due to local health code and the safety of all guests, wagons and wheeled carts are no longer permitted on the show floor and will be requested to be left in personal vehicles.<\/p>\t\t\t\t\t\t\t\t<\/div>\n\t\t\t\t<\/div>\n\t\t\t\t<\/div>\n\t\t\t\t<\/div>\n\t\t<div data-particle_enable=\"false\" data-particle-mobile-disabled=\"false\" class=\"elementor-element elementor-element-9e93263 e-grid e-con-full e-con e-child\" data-id=\"9e93263\" data-element_type=\"container\" data-e-type=\"container\">\n\t\t<div data-particle_enable=\"false\" data-particle-mobile-disabled=\"false\" class=\"elementor-element elementor-element-3861d8d e-con-full e-flex e-con e-child\" data-id=\"3861d8d\" data-element_type=\"container\" data-e-type=\"container\" data-settings=\"{&quot;background_background&quot;:&quot;classic&quot;}\">\n\t\t\t\t<div class=\"elementor-element elementor-element-5d3993c elementor-widget elementor-widget-heading\" data-id=\"5d3993c\" data-element_type=\"widget\" data-e-type=\"widget\" data-widget_type=\"heading.default\">\n\t\t\t\t<div class=\"elementor-widget-container\">\n\t\t\t\t\t<h2 class=\"elementor-heading-title elementor-size-default\">Stationnement gratuit pour les clients<\/h2>\t\t\t\t<\/div>\n\t\t\t\t<\/div>\n\t\t\t\t<div class=\"elementor-element elementor-element-69e3fe1 elementor-widget elementor-widget-text-editor\" data-id=\"69e3fe1\" data-element_type=\"widget\" data-e-type=\"widget\" data-widget_type=\"text-editor.default\">\n\t\t\t\t<div class=\"elementor-widget-container\">\n\t\t\t\t\t\t\t\t\t<p>Customers can enter through 73rd Street or 116th Ave entrances and can park for free once being directed to an open lot.<\/p>\t\t\t\t\t\t\t\t<\/div>\n\t\t\t\t<\/div>\n\t\t\t\t<\/div>\n\t\t\t\t<\/div>\n\t\t\t\t\t<\/div>\n\t\t\t\t<\/div>\n\t\t<div data-particle_enable=\"false\" data-particle-mobile-disabled=\"false\" class=\"elementor-element elementor-element-d2eec4b e-flex e-con-boxed e-con e-parent\" data-id=\"d2eec4b\" data-element_type=\"container\" data-e-type=\"container\" data-settings=\"{&quot;background_background&quot;:&quot;classic&quot;}\">\n\t\t\t\t\t<div class=\"e-con-inner\">\n\t\t<div data-particle_enable=\"false\" data-particle-mobile-disabled=\"false\" class=\"elementor-element elementor-element-0321dab e-con-full e-flex e-con e-child\" data-id=\"0321dab\" data-element_type=\"container\" data-e-type=\"container\">\n\t\t\t\t<div class=\"elementor-element elementor-element-0a766fb elementor-widget elementor-widget-heading\" data-id=\"0a766fb\" data-element_type=\"widget\" data-e-type=\"widget\" data-widget_type=\"heading.default\">\n\t\t\t\t<div class=\"elementor-widget-container\">\n\t\t\t\t\t<h2 class=\"elementor-heading-title elementor-size-default\">Nous avons h\u00e2te de vous voir lors des salons!<\/h2>\t\t\t\t<\/div>\n\t\t\t\t<\/div>\n\t\t\t\t<div class=\"elementor-element elementor-element-aa00e14 elementor-widget elementor-widget-text-editor\" data-id=\"aa00e14\" data-element_type=\"widget\" data-e-type=\"widget\" data-widget_type=\"text-editor.default\">\n\t\t\t\t<div class=\"elementor-widget-container\">\n\t\t\t\t\t\t\t\t\t<p>Immerse yourself in a captivating journey of flavors and culinary delights as our\u00a0 shows transports you to vibrant kitchens, sizzling stovetops, and mouthwatering dining experiences, leaving you hungry for more.<\/p>\t\t\t\t\t\t\t\t<\/div>\n\t\t\t\t<\/div>\n\t\t\t\t<\/div>\n\t\t\t\t\t<\/div>\n\t\t\t\t<\/div>\n\t\t\t\t<\/div>","protected":false},"excerpt":{"rendered":"<p>EdmontonShow Register Now Date: October 08, 2025 Time: 10:00 AM &#8211; 4:00 PM MST Location: Edmonton Expo Centre &#8211; Halls F &amp; G Venue Address: 7515 &#8211; 118 Ave. NW, Edmonton AB T6B 0J2, Canada What to Expect Incentives Customers receive automatic price discounts on all eligible products delivered from 10\/26\/25 \u2013 12\/20\/25 just for [&hellip;]<\/p>\n","protected":false},"author":20,"featured_media":16387,"parent":10294,"menu_order":0,"comment_status":"closed","ping_status":"closed","template":"","meta":{"_acf_changed":false,"footnotes":""},"class_list":["post-33906","page","type-page","status-publish","has-post-thumbnail","hentry"],"acf":[],"yoast_head":"<!-- This site is optimized with the Yoast SEO Premium plugin v22.9 (Yoast SEO v27.0) - https:\/\/yoast.com\/product\/yoast-seo-premium-wordpress\/ -->\n<title>Edmonton Show | Gordon Food Service<\/title>\n<meta name=\"description\" content=\"Join us for our Edmonton Fall 2025 Food Show! Find inspirational ideas, new trends and more for your operation!\" \/>\n<meta name=\"robots\" content=\"index, follow, max-snippet:-1, max-image-preview:large, max-video-preview:-1\" \/>\n<link rel=\"canonical\" href=\"https:\/\/gfs.ca\/fr-ca\/tendances-inspiration\/nos-salons\/salon-dedmonton\/\" \/>\n<meta property=\"og:locale\" content=\"fr_CA\" \/>\n<meta property=\"og:type\" content=\"article\" \/>\n<meta property=\"og:title\" content=\"Edmonton Show\" \/>\n<meta property=\"og:description\" content=\"Join us for our Edmonton Fall 2025 Food Show! Find inspirational ideas, new trends and more for your operation!\" \/>\n<meta property=\"og:url\" content=\"https:\/\/gfs.ca\/fr-ca\/tendances-inspiration\/nos-salons\/salon-dedmonton\/\" \/>\n<meta property=\"og:site_name\" content=\"Gordon Food Service\" \/>\n<meta property=\"article:publisher\" content=\"https:\/\/www.facebook.com\/GordonFoodService\/\" \/>\n<meta property=\"article:modified_time\" content=\"2025-10-23T20:02:52+00:00\" \/>\n<meta property=\"og:image\" content=\"https:\/\/gfs.ca\/wp-content\/uploads\/2022\/12\/GR-Show-2022-43-scaled.jpg\" \/>\n\t<meta property=\"og:image:width\" content=\"2560\" \/>\n\t<meta property=\"og:image:height\" content=\"1707\" \/>\n\t<meta property=\"og:image:type\" content=\"image\/jpeg\" \/>\n<meta name=\"twitter:card\" content=\"summary_large_image\" \/>\n<meta name=\"twitter:site\" content=\"@GFSDelivers\" \/>\n<meta name=\"twitter:label1\" content=\"Estimation du temps de lecture\" \/>\n\t<meta name=\"twitter:data1\" content=\"2 minutes\" \/>\n<!-- \/ Yoast SEO Premium plugin. -->","yoast_head_json":{"title":"Edmonton Show | Gordon Food Service","description":"Join us for our Edmonton Fall 2025 Food Show! Find inspirational ideas, new trends and more for your operation!","robots":{"index":"index","follow":"follow","max-snippet":"max-snippet:-1","max-image-preview":"max-image-preview:large","max-video-preview":"max-video-preview:-1"},"canonical":"https:\/\/gfs.ca\/fr-ca\/tendances-inspiration\/nos-salons\/salon-dedmonton\/","og_locale":"fr_CA","og_type":"article","og_title":"Edmonton Show","og_description":"Join us for our Edmonton Fall 2025 Food Show! Find inspirational ideas, new trends and more for your operation!","og_url":"https:\/\/gfs.ca\/fr-ca\/tendances-inspiration\/nos-salons\/salon-dedmonton\/","og_site_name":"Gordon Food Service","article_publisher":"https:\/\/www.facebook.com\/GordonFoodService\/","article_modified_time":"2025-10-23T20:02:52+00:00","og_image":[{"width":2560,"height":1707,"url":"https:\/\/gfs.ca\/wp-content\/uploads\/2022\/12\/GR-Show-2022-43-scaled.jpg","type":"image\/jpeg"}],"twitter_card":"summary_large_image","twitter_site":"@GFSDelivers","twitter_misc":{"Estimation du temps de lecture":"2 minutes"},"schema":{"@context":"https:\/\/schema.org","@graph":[{"@type":"WebPage","@id":"https:\/\/gfs.ca\/trends-inspiration\/food-shows\/edmonton-show\/","url":"https:\/\/gfs.ca\/trends-inspiration\/food-shows\/edmonton-show\/","name":"Edmonton Show | Gordon Food Service","isPartOf":{"@id":"https:\/\/gfs.ca\/en-ca\/#website"},"primaryImageOfPage":{"@id":"https:\/\/gfs.ca\/trends-inspiration\/food-shows\/edmonton-show\/#primaryimage"},"image":{"@id":"https:\/\/gfs.ca\/trends-inspiration\/food-shows\/edmonton-show\/#primaryimage"},"thumbnailUrl":"https:\/\/gfs.ca\/wp-content\/uploads\/2022\/12\/GR-Show-2022-43-scaled.jpg","datePublished":"2024-06-11T00:27:02+00:00","dateModified":"2025-10-23T20:02:52+00:00","description":"Join us for our Edmonton Fall 2025 Food Show! Find inspirational ideas, new trends and more for your operation!","breadcrumb":{"@id":"https:\/\/gfs.ca\/trends-inspiration\/food-shows\/edmonton-show\/#breadcrumb"},"inLanguage":"fr-CA","potentialAction":[{"@type":"ReadAction","target":["https:\/\/gfs.ca\/trends-inspiration\/food-shows\/edmonton-show\/"]}]},{"@type":"ImageObject","inLanguage":"fr-CA","@id":"https:\/\/gfs.ca\/trends-inspiration\/food-shows\/edmonton-show\/#primaryimage","url":"https:\/\/gfs.ca\/wp-content\/uploads\/2022\/12\/GR-Show-2022-43-scaled.jpg","contentUrl":"https:\/\/gfs.ca\/wp-content\/uploads\/2022\/12\/GR-Show-2022-43-scaled.jpg","width":2560,"height":1707},{"@type":"BreadcrumbList","@id":"https:\/\/gfs.ca\/trends-inspiration\/food-shows\/edmonton-show\/#breadcrumb","itemListElement":[{"@type":"ListItem","position":1,"name":"Home","item":"https:\/\/gfs.ca\/en-ca\/"},{"@type":"ListItem","position":2,"name":"Trends &amp; Inspiration","item":"https:\/\/gfs.ca\/en-ca\/trends-inspiration\/"},{"@type":"ListItem","position":3,"name":"Food Shows","item":"https:\/\/gfs.ca\/trends-inspiration\/food-shows\/"},{"@type":"ListItem","position":4,"name":"Edmonton Show"}]},{"@type":"WebSite","@id":"https:\/\/gfs.ca\/en-ca\/#website","url":"https:\/\/gfs.ca\/en-ca\/","name":"Service alimentaire Gordon","description":"","publisher":{"@id":"https:\/\/gfs.ca\/en-ca\/#organization"},"potentialAction":[{"@type":"SearchAction","target":{"@type":"EntryPoint","urlTemplate":"https:\/\/gfs.ca\/en-ca\/?s={search_term_string}"},"query-input":{"@type":"PropertyValueSpecification","valueRequired":true,"valueName":"search_term_string"}}],"inLanguage":"fr-CA"},{"@type":"Organization","@id":"https:\/\/gfs.ca\/en-ca\/#organization","name":"Service alimentaire Gordon","url":"https:\/\/gfs.ca\/en-ca\/","logo":{"@type":"ImageObject","inLanguage":"fr-CA","@id":"https:\/\/gfs.ca\/en-ca\/#\/schema\/logo\/image\/","url":"https:\/\/gfs.ca\/wp-content\/uploads\/2025\/11\/GFS-EN-Logo-og-image.png","contentUrl":"https:\/\/gfs.ca\/wp-content\/uploads\/2025\/11\/GFS-EN-Logo-og-image.png","width":1200,"height":630,"caption":"Gordon Food Service"},"image":{"@id":"https:\/\/gfs.ca\/en-ca\/#\/schema\/logo\/image\/"},"sameAs":["https:\/\/www.facebook.com\/GordonFoodService\/","https:\/\/x.com\/GFSDelivers","https:\/\/www.instagram.com\/gordonfoodservice\/","https:\/\/www.linkedin.com\/company\/gordon-food-service\/"]}]}},"_links":{"self":[{"href":"https:\/\/gfs.ca\/fr-ca\/wp-json\/wp\/v2\/pages\/33906","targetHints":{"allow":["GET"]}}],"collection":[{"href":"https:\/\/gfs.ca\/fr-ca\/wp-json\/wp\/v2\/pages"}],"about":[{"href":"https:\/\/gfs.ca\/fr-ca\/wp-json\/wp\/v2\/types\/page"}],"author":[{"embeddable":true,"href":"https:\/\/gfs.ca\/fr-ca\/wp-json\/wp\/v2\/users\/20"}],"replies":[{"embeddable":true,"href":"https:\/\/gfs.ca\/fr-ca\/wp-json\/wp\/v2\/comments?post=33906"}],"version-history":[{"count":36,"href":"https:\/\/gfs.ca\/fr-ca\/wp-json\/wp\/v2\/pages\/33906\/revisions"}],"predecessor-version":[{"id":41532,"href":"https:\/\/gfs.ca\/fr-ca\/wp-json\/wp\/v2\/pages\/33906\/revisions\/41532"}],"up":[{"embeddable":true,"href":"https:\/\/gfs.ca\/fr-ca\/wp-json\/wp\/v2\/pages\/10294"}],"wp:featuredmedia":[{"embeddable":true,"href":"https:\/\/gfs.ca\/fr-ca\/wp-json\/wp\/v2\/media\/16387"}],"wp:attachment":[{"href":"https:\/\/gfs.ca\/fr-ca\/wp-json\/wp\/v2\/media?parent=33906"}],"curies":[{"name":"wp","href":"https:\/\/api.w.org\/{rel}","templated":true}]}}