{"id":33900,"date":"2024-06-10T19:59:55","date_gmt":"2024-06-10T23:59:55","guid":{"rendered":"https:\/\/gfs.ca\/?page_id=33900"},"modified":"2025-10-23T15:44:23","modified_gmt":"2025-10-23T19:44:23","slug":"salon-de-winnipeg","status":"publish","type":"page","link":"https:\/\/gfs.ca\/fr-ca\/trends-inspiration\/food-shows\/winnipeg-show\/","title":{"rendered":"Salon de Winnipeg"},"content":{"rendered":"<div data-elementor-type=\"wp-page\" data-elementor-id=\"33900\" class=\"elementor elementor-33900\" data-elementor-post-type=\"page\">\n\t\t\t\t<div data-particle_enable=\"false\" data-particle-mobile-disabled=\"false\" class=\"elementor-element elementor-element-54956dd e-flex e-con-boxed e-con e-parent\" data-id=\"54956dd\" data-element_type=\"container\" data-e-type=\"container\" data-settings=\"{&quot;background_background&quot;:&quot;classic&quot;}\">\n\t\t\t\t\t<div class=\"e-con-inner\">\n\t\t<div data-particle_enable=\"false\" data-particle-mobile-disabled=\"false\" class=\"elementor-element elementor-element-7e9995a e-con-full e-flex e-con e-child\" data-id=\"7e9995a\" data-element_type=\"container\" data-e-type=\"container\">\n\t\t\t\t<div class=\"elementor-element elementor-element-ee6ebb8 elementor-widget elementor-widget-heading\" data-id=\"ee6ebb8\" data-element_type=\"widget\" data-e-type=\"widget\" data-widget_type=\"heading.default\">\n\t\t\t\t<div class=\"elementor-widget-container\">\n\t\t\t\t\t<h2 class=\"elementor-heading-title elementor-size-default\">Winnipeg<br>Show<\/h2>\t\t\t\t<\/div>\n\t\t\t\t<\/div>\n\t\t\t\t<div class=\"elementor-element elementor-element-af7c607 elementor-widget elementor-widget-button\" data-id=\"af7c607\" data-element_type=\"widget\" data-e-type=\"widget\" data-widget_type=\"button.default\">\n\t\t\t\t<div class=\"elementor-widget-container\">\n\t\t\t\t\t\t\t\t\t<div class=\"elementor-button-wrapper\">\n\t\t\t\t\t<a class=\"elementor-button elementor-button-link elementor-size-sm\" href=\"https:\/\/tradeshow.perenso.net\/Registration\/EmbeddedV2\/index\/gfswinnipeg25?RegistrationTypeKey=3&#038;UserType=100707&#038;RegistrationTypeDesc=Customer\" target=\"_blank\">\n\t\t\t\t\t\t<span class=\"elementor-button-content-wrapper\">\n\t\t\t\t\t\t\t\t\t<span class=\"elementor-button-text\">Inscrivez-vous d\u00e8s maintenant<\/span>\n\t\t\t\t\t<\/span>\n\t\t\t\t\t<\/a>\n\t\t\t\t<\/div>\n\t\t\t\t\t\t\t\t<\/div>\n\t\t\t\t<\/div>\n\t\t\t\t<\/div>\n\t\t<div data-particle_enable=\"false\" data-particle-mobile-disabled=\"false\" class=\"elementor-element elementor-element-3b3c32f e-con-full e-flex e-con e-child\" data-id=\"3b3c32f\" data-element_type=\"container\" data-e-type=\"container\">\n\t\t<div data-particle_enable=\"false\" data-particle-mobile-disabled=\"false\" class=\"elementor-element elementor-element-85f5b82 e-con-full e-flex e-con e-child\" data-id=\"85f5b82\" data-element_type=\"container\" data-e-type=\"container\" data-settings=\"{&quot;background_background&quot;:&quot;classic&quot;}\">\n\t\t\t\t<div class=\"elementor-element elementor-element-32666f1 elementor-widget elementor-widget-text-editor\" data-id=\"32666f1\" data-element_type=\"widget\" data-e-type=\"widget\" data-widget_type=\"text-editor.default\">\n\t\t\t\t<div class=\"elementor-widget-container\">\n\t\t\t\t\t\t\t\t\t<p><strong>Date :<\/strong> <span style=\"font-weight: 400;\">24 septembre 2025<\/span><\/p><p><strong>Heure :<\/strong> <span style=\"font-weight: 400;\">10 h \u00e0 16 h HNC<\/span><\/p><p><strong>Lieu :<\/strong> <span style=\"font-weight: 400;\">RBC Convention Centre &#8211; Halls A &amp; B<\/span><\/p><p><strong>Adresse :<\/strong> <span style=\"font-weight: 400;\">375 York Ave, Winnipeg, MB R3C 3J3, Canada<\/span><\/p>\t\t\t\t\t\t\t\t<\/div>\n\t\t\t\t<\/div>\n\t\t\t\t<\/div>\n\t\t\t\t<\/div>\n\t\t\t\t\t<\/div>\n\t\t\t\t<\/div>\n\t\t<div data-particle_enable=\"false\" data-particle-mobile-disabled=\"false\" class=\"elementor-element elementor-element-d338786 e-flex e-con-boxed e-con e-parent\" data-id=\"d338786\" data-element_type=\"container\" data-e-type=\"container\" data-settings=\"{&quot;background_background&quot;:&quot;classic&quot;}\">\n\t\t\t\t\t<div class=\"e-con-inner\">\n\t\t\t\t<div class=\"elementor-element elementor-element-9d1ff13 elementor-widget elementor-widget-heading\" data-id=\"9d1ff13\" data-element_type=\"widget\" data-e-type=\"widget\" data-widget_type=\"heading.default\">\n\t\t\t\t<div class=\"elementor-widget-container\">\n\t\t\t\t\t<h2 class=\"elementor-heading-title elementor-size-default\">\u00c0 quoi s\u2019attendre<\/h2>\t\t\t\t<\/div>\n\t\t\t\t<\/div>\n\t\t<div data-particle_enable=\"false\" data-particle-mobile-disabled=\"false\" class=\"elementor-element elementor-element-bd99fc8 e-grid e-con-full e-con e-child\" data-id=\"bd99fc8\" data-element_type=\"container\" data-e-type=\"container\">\n\t\t<div data-particle_enable=\"false\" data-particle-mobile-disabled=\"false\" class=\"elementor-element elementor-element-6b0ceb6 e-con-full e-flex e-con e-child\" data-id=\"6b0ceb6\" data-element_type=\"container\" data-e-type=\"container\" data-settings=\"{&quot;background_background&quot;:&quot;classic&quot;}\">\n\t\t\t\t<div class=\"elementor-element elementor-element-a64444e elementor-widget elementor-widget-heading\" data-id=\"a64444e\" data-element_type=\"widget\" data-e-type=\"widget\" data-widget_type=\"heading.default\">\n\t\t\t\t<div class=\"elementor-widget-container\">\n\t\t\t\t\t<h2 class=\"elementor-heading-title elementor-size-default\">Incitatifs<\/h2>\t\t\t\t<\/div>\n\t\t\t\t<\/div>\n\t\t\t\t<div class=\"elementor-element elementor-element-ab51e4c elementor-widget elementor-widget-text-editor\" data-id=\"ab51e4c\" data-element_type=\"widget\" data-e-type=\"widget\" data-widget_type=\"text-editor.default\">\n\t\t\t\t<div class=\"elementor-widget-container\">\n\t\t\t\t\t\t\t\t\t<p>Customers receive automatic price discounts on all eligible products delivered from 10\/12\/25 \u2013 12\/06\/25 just for attending the show. They don\u2019t have to commit to these items at the show to get the discount; it will happen automatically. Off\u2013invoice discounts are not offered to program accounts with contract pricing. Savings will appear as a credit on the customer\u2019s account after the delivery period.<\/p>\t\t\t\t\t\t\t\t<\/div>\n\t\t\t\t<\/div>\n\t\t\t\t<\/div>\n\t\t<div data-particle_enable=\"false\" data-particle-mobile-disabled=\"false\" class=\"elementor-element elementor-element-7e256ce e-con-full e-flex e-con e-child\" data-id=\"7e256ce\" data-element_type=\"container\" data-e-type=\"container\" data-settings=\"{&quot;background_background&quot;:&quot;classic&quot;}\">\n\t\t\t\t<div class=\"elementor-element elementor-element-79604b5 elementor-widget elementor-widget-heading\" data-id=\"79604b5\" data-element_type=\"widget\" data-e-type=\"widget\" data-widget_type=\"heading.default\">\n\t\t\t\t<div class=\"elementor-widget-container\">\n\t\t\t\t\t<h2 class=\"elementor-heading-title elementor-size-default\">Participation<\/h2>\t\t\t\t<\/div>\n\t\t\t\t<\/div>\n\t\t\t\t<div class=\"elementor-element elementor-element-3de64e7 elementor-widget elementor-widget-text-editor\" data-id=\"3de64e7\" data-element_type=\"widget\" data-e-type=\"widget\" data-widget_type=\"text-editor.default\">\n\t\t\t\t<div class=\"elementor-widget-container\">\n\t\t\t\t\t\t\t\t\t<p><strong>\u00c0 noter : Cet \u00e9v\u00e9nement est r\u00e9serv\u00e9 aux adultes.<\/strong><\/p><p>En raison de notre engagement \u00e0 fournir un environnement professionnel, les participants doivent \u00eatre \u00e2g\u00e9s de 18 ans ou plus. \nMerci de votre coop\u00e9ration.<\/p><p>Merci de votre coop\u00e9ration.<\/p>\t\t\t\t\t\t\t\t<\/div>\n\t\t\t\t<\/div>\n\t\t\t\t<\/div>\n\t\t<div data-particle_enable=\"false\" data-particle-mobile-disabled=\"false\" class=\"elementor-element elementor-element-e3c7754 e-con-full e-flex e-con e-child\" data-id=\"e3c7754\" data-element_type=\"container\" data-e-type=\"container\" data-settings=\"{&quot;background_background&quot;:&quot;classic&quot;}\">\n\t\t\t\t<div class=\"elementor-element elementor-element-dcd3860 elementor-widget elementor-widget-heading\" data-id=\"dcd3860\" data-element_type=\"widget\" data-e-type=\"widget\" data-widget_type=\"heading.default\">\n\t\t\t\t<div class=\"elementor-widget-container\">\n\t\t\t\t\t<h2 class=\"elementor-heading-title elementor-size-default\">New Wagon Policy<\/h2>\t\t\t\t<\/div>\n\t\t\t\t<\/div>\n\t\t\t\t<div class=\"elementor-element elementor-element-fc15a18 elementor-widget elementor-widget-text-editor\" data-id=\"fc15a18\" data-element_type=\"widget\" data-e-type=\"widget\" data-widget_type=\"text-editor.default\">\n\t\t\t\t<div class=\"elementor-widget-container\">\n\t\t\t\t\t\t\t\t\t<p>New this season, a no wagon nor wheeled carts policy will be implemented by Security at our entry doors to the exhibit halls. Due to local health code and the safety of all guests, wagons and wheeled carts are no longer permitted on the show floor and will be requested to be left in personal vehicles.<\/p>\t\t\t\t\t\t\t\t<\/div>\n\t\t\t\t<\/div>\n\t\t\t\t<\/div>\n\t\t\t\t<\/div>\n\t\t<div data-particle_enable=\"false\" data-particle-mobile-disabled=\"false\" class=\"elementor-element elementor-element-af6fcd2 e-grid e-con-full e-con e-child\" data-id=\"af6fcd2\" data-element_type=\"container\" data-e-type=\"container\">\n\t\t<div data-particle_enable=\"false\" data-particle-mobile-disabled=\"false\" class=\"elementor-element elementor-element-ab50a6b e-con-full e-flex e-con e-child\" data-id=\"ab50a6b\" data-element_type=\"container\" data-e-type=\"container\" data-settings=\"{&quot;background_background&quot;:&quot;classic&quot;}\">\n\t\t\t\t<div class=\"elementor-element elementor-element-8dbfe5b elementor-widget elementor-widget-heading\" data-id=\"8dbfe5b\" data-element_type=\"widget\" data-e-type=\"widget\" data-widget_type=\"heading.default\">\n\t\t\t\t<div class=\"elementor-widget-container\">\n\t\t\t\t\t<h2 class=\"elementor-heading-title elementor-size-default\">Stationnement gratuit pour les clients<\/h2>\t\t\t\t<\/div>\n\t\t\t\t<\/div>\n\t\t\t\t<div class=\"elementor-element elementor-element-82fc234 elementor-widget elementor-widget-text-editor\" data-id=\"82fc234\" data-element_type=\"widget\" data-e-type=\"widget\" data-widget_type=\"text-editor.default\">\n\t\t\t\t<div class=\"elementor-widget-container\">\n\t\t\t\t\t\t\t\t\t<p>All customers can park for free in the North Parkade (located at Edmonton Street &amp; St. Mary Avenue) or the South Parkade (located at the south end of the building off of Carlton Street)<\/p>\t\t\t\t\t\t\t\t<\/div>\n\t\t\t\t<\/div>\n\t\t\t\t<\/div>\n\t\t\t\t<\/div>\n\t\t\t\t\t<\/div>\n\t\t\t\t<\/div>\n\t\t<div data-particle_enable=\"false\" data-particle-mobile-disabled=\"false\" class=\"elementor-element elementor-element-0f35649 e-flex e-con-boxed e-con e-parent\" data-id=\"0f35649\" data-element_type=\"container\" data-e-type=\"container\" data-settings=\"{&quot;background_background&quot;:&quot;classic&quot;}\">\n\t\t\t\t\t<div class=\"e-con-inner\">\n\t\t<div data-particle_enable=\"false\" data-particle-mobile-disabled=\"false\" class=\"elementor-element elementor-element-5ac53ee e-con-full e-flex e-con e-child\" data-id=\"5ac53ee\" data-element_type=\"container\" data-e-type=\"container\">\n\t\t\t\t<div class=\"elementor-element elementor-element-cbaf213 elementor-widget elementor-widget-heading\" data-id=\"cbaf213\" data-element_type=\"widget\" data-e-type=\"widget\" data-widget_type=\"heading.default\">\n\t\t\t\t<div class=\"elementor-widget-container\">\n\t\t\t\t\t<h2 class=\"elementor-heading-title elementor-size-default\">Nous avons h\u00e2te de vous voir lors des salons!<\/h2>\t\t\t\t<\/div>\n\t\t\t\t<\/div>\n\t\t\t\t<div class=\"elementor-element elementor-element-fbf2c2d elementor-widget elementor-widget-text-editor\" data-id=\"fbf2c2d\" data-element_type=\"widget\" data-e-type=\"widget\" data-widget_type=\"text-editor.default\">\n\t\t\t\t<div class=\"elementor-widget-container\">\n\t\t\t\t\t\t\t\t\t<p>Immerse yourself in a captivating journey of flavors and culinary delights as our\u00a0 shows transports you to vibrant kitchens, sizzling stovetops, and mouthwatering dining experiences, leaving you hungry for more.<\/p>\t\t\t\t\t\t\t\t<\/div>\n\t\t\t\t<\/div>\n\t\t\t\t<\/div>\n\t\t\t\t\t<\/div>\n\t\t\t\t<\/div>\n\t\t\t\t<\/div>","protected":false},"excerpt":{"rendered":"<p>WinnipegShow Register Now Date: September 24, 2025 Time: 10:00 AM &#8211; 4:00 PM CST Location: RBC Convention Centre &#8211; Halls A &amp; B Venue Address: 375 York Ave, Winnipeg, MB R3C 3J3, Canada What to Expect Incentives Customers receive automatic price discounts on all eligible products delivered from 10\/12\/25 \u2013 12\/06\/25 just for attending the [&hellip;]<\/p>\n","protected":false},"author":20,"featured_media":16387,"parent":10294,"menu_order":0,"comment_status":"closed","ping_status":"closed","template":"","meta":{"_acf_changed":false,"footnotes":""},"class_list":["post-33900","page","type-page","status-publish","has-post-thumbnail","hentry"],"acf":[],"yoast_head":"<!-- This site is optimized with the Yoast SEO Premium plugin v22.9 (Yoast SEO v27.0) - https:\/\/yoast.com\/product\/yoast-seo-premium-wordpress\/ -->\n<title>Winnipeg Show | Gordon Food Service<\/title>\n<meta name=\"description\" content=\"Join us for our Winnipeg Fall 2025 Food Show! Find inspirational ideas, new trends, and more for your operation!\" \/>\n<meta name=\"robots\" content=\"index, follow, max-snippet:-1, max-image-preview:large, max-video-preview:-1\" \/>\n<link rel=\"canonical\" href=\"https:\/\/gfs.ca\/fr-ca\/tendances-inspiration\/nos-salons\/salon-de-winnipeg\/\" \/>\n<meta property=\"og:locale\" content=\"fr_CA\" \/>\n<meta property=\"og:type\" content=\"article\" \/>\n<meta property=\"og:title\" content=\"Winnipeg Show\" \/>\n<meta property=\"og:description\" content=\"Join us for our Winnipeg Fall 2025 Food Show! Find inspirational ideas, new trends, and more for your operation!\" \/>\n<meta property=\"og:url\" content=\"https:\/\/gfs.ca\/fr-ca\/tendances-inspiration\/nos-salons\/salon-de-winnipeg\/\" \/>\n<meta property=\"og:site_name\" content=\"Gordon Food Service\" \/>\n<meta property=\"article:publisher\" content=\"https:\/\/www.facebook.com\/GordonFoodService\/\" \/>\n<meta property=\"article:modified_time\" content=\"2025-10-23T19:44:23+00:00\" \/>\n<meta property=\"og:image\" content=\"https:\/\/gfs.ca\/wp-content\/uploads\/2022\/12\/GR-Show-2022-43-scaled.jpg\" \/>\n\t<meta property=\"og:image:width\" content=\"2560\" \/>\n\t<meta property=\"og:image:height\" content=\"1707\" \/>\n\t<meta property=\"og:image:type\" content=\"image\/jpeg\" \/>\n<meta name=\"twitter:card\" content=\"summary_large_image\" \/>\n<meta name=\"twitter:site\" content=\"@GFSDelivers\" \/>\n<meta name=\"twitter:label1\" content=\"Estimation du temps de lecture\" \/>\n\t<meta name=\"twitter:data1\" content=\"2 minutes\" \/>\n<!-- \/ Yoast SEO Premium plugin. -->","yoast_head_json":{"title":"Winnipeg Show | Gordon Food Service","description":"Join us for our Winnipeg Fall 2025 Food Show! Find inspirational ideas, new trends, and more for your operation!","robots":{"index":"index","follow":"follow","max-snippet":"max-snippet:-1","max-image-preview":"max-image-preview:large","max-video-preview":"max-video-preview:-1"},"canonical":"https:\/\/gfs.ca\/fr-ca\/tendances-inspiration\/nos-salons\/salon-de-winnipeg\/","og_locale":"fr_CA","og_type":"article","og_title":"Winnipeg Show","og_description":"Join us for our Winnipeg Fall 2025 Food Show! Find inspirational ideas, new trends, and more for your operation!","og_url":"https:\/\/gfs.ca\/fr-ca\/tendances-inspiration\/nos-salons\/salon-de-winnipeg\/","og_site_name":"Gordon Food Service","article_publisher":"https:\/\/www.facebook.com\/GordonFoodService\/","article_modified_time":"2025-10-23T19:44:23+00:00","og_image":[{"width":2560,"height":1707,"url":"https:\/\/gfs.ca\/wp-content\/uploads\/2022\/12\/GR-Show-2022-43-scaled.jpg","type":"image\/jpeg"}],"twitter_card":"summary_large_image","twitter_site":"@GFSDelivers","twitter_misc":{"Estimation du temps de lecture":"2 minutes"},"schema":{"@context":"https:\/\/schema.org","@graph":[{"@type":"WebPage","@id":"https:\/\/gfs.ca\/trends-inspiration\/food-shows\/winnipeg-show\/","url":"https:\/\/gfs.ca\/trends-inspiration\/food-shows\/winnipeg-show\/","name":"Winnipeg Show | Gordon Food Service","isPartOf":{"@id":"https:\/\/gfs.ca\/en-ca\/#website"},"primaryImageOfPage":{"@id":"https:\/\/gfs.ca\/trends-inspiration\/food-shows\/winnipeg-show\/#primaryimage"},"image":{"@id":"https:\/\/gfs.ca\/trends-inspiration\/food-shows\/winnipeg-show\/#primaryimage"},"thumbnailUrl":"https:\/\/gfs.ca\/wp-content\/uploads\/2022\/12\/GR-Show-2022-43-scaled.jpg","datePublished":"2024-06-10T23:59:55+00:00","dateModified":"2025-10-23T19:44:23+00:00","description":"Join us for our Winnipeg Fall 2025 Food Show! Find inspirational ideas, new trends, and more for your operation!","breadcrumb":{"@id":"https:\/\/gfs.ca\/trends-inspiration\/food-shows\/winnipeg-show\/#breadcrumb"},"inLanguage":"fr-CA","potentialAction":[{"@type":"ReadAction","target":["https:\/\/gfs.ca\/trends-inspiration\/food-shows\/winnipeg-show\/"]}]},{"@type":"ImageObject","inLanguage":"fr-CA","@id":"https:\/\/gfs.ca\/trends-inspiration\/food-shows\/winnipeg-show\/#primaryimage","url":"https:\/\/gfs.ca\/wp-content\/uploads\/2022\/12\/GR-Show-2022-43-scaled.jpg","contentUrl":"https:\/\/gfs.ca\/wp-content\/uploads\/2022\/12\/GR-Show-2022-43-scaled.jpg","width":2560,"height":1707},{"@type":"BreadcrumbList","@id":"https:\/\/gfs.ca\/trends-inspiration\/food-shows\/winnipeg-show\/#breadcrumb","itemListElement":[{"@type":"ListItem","position":1,"name":"Home","item":"https:\/\/gfs.ca\/en-ca\/"},{"@type":"ListItem","position":2,"name":"Trends &amp; Inspiration","item":"https:\/\/gfs.ca\/en-ca\/trends-inspiration\/"},{"@type":"ListItem","position":3,"name":"Food Shows","item":"https:\/\/gfs.ca\/trends-inspiration\/food-shows\/"},{"@type":"ListItem","position":4,"name":"Winnipeg Show"}]},{"@type":"WebSite","@id":"https:\/\/gfs.ca\/en-ca\/#website","url":"https:\/\/gfs.ca\/en-ca\/","name":"Service alimentaire Gordon","description":"","publisher":{"@id":"https:\/\/gfs.ca\/en-ca\/#organization"},"potentialAction":[{"@type":"SearchAction","target":{"@type":"EntryPoint","urlTemplate":"https:\/\/gfs.ca\/en-ca\/?s={search_term_string}"},"query-input":{"@type":"PropertyValueSpecification","valueRequired":true,"valueName":"search_term_string"}}],"inLanguage":"fr-CA"},{"@type":"Organization","@id":"https:\/\/gfs.ca\/en-ca\/#organization","name":"Service alimentaire Gordon","url":"https:\/\/gfs.ca\/en-ca\/","logo":{"@type":"ImageObject","inLanguage":"fr-CA","@id":"https:\/\/gfs.ca\/en-ca\/#\/schema\/logo\/image\/","url":"https:\/\/gfs.ca\/wp-content\/uploads\/2025\/11\/GFS-EN-Logo-og-image.png","contentUrl":"https:\/\/gfs.ca\/wp-content\/uploads\/2025\/11\/GFS-EN-Logo-og-image.png","width":1200,"height":630,"caption":"Gordon Food Service"},"image":{"@id":"https:\/\/gfs.ca\/en-ca\/#\/schema\/logo\/image\/"},"sameAs":["https:\/\/www.facebook.com\/GordonFoodService\/","https:\/\/x.com\/GFSDelivers","https:\/\/www.instagram.com\/gordonfoodservice\/","https:\/\/www.linkedin.com\/company\/gordon-food-service\/"]}]}},"_links":{"self":[{"href":"https:\/\/gfs.ca\/fr-ca\/wp-json\/wp\/v2\/pages\/33900","targetHints":{"allow":["GET"]}}],"collection":[{"href":"https:\/\/gfs.ca\/fr-ca\/wp-json\/wp\/v2\/pages"}],"about":[{"href":"https:\/\/gfs.ca\/fr-ca\/wp-json\/wp\/v2\/types\/page"}],"author":[{"embeddable":true,"href":"https:\/\/gfs.ca\/fr-ca\/wp-json\/wp\/v2\/users\/20"}],"replies":[{"embeddable":true,"href":"https:\/\/gfs.ca\/fr-ca\/wp-json\/wp\/v2\/comments?post=33900"}],"version-history":[{"count":42,"href":"https:\/\/gfs.ca\/fr-ca\/wp-json\/wp\/v2\/pages\/33900\/revisions"}],"predecessor-version":[{"id":41526,"href":"https:\/\/gfs.ca\/fr-ca\/wp-json\/wp\/v2\/pages\/33900\/revisions\/41526"}],"up":[{"embeddable":true,"href":"https:\/\/gfs.ca\/fr-ca\/wp-json\/wp\/v2\/pages\/10294"}],"wp:featuredmedia":[{"embeddable":true,"href":"https:\/\/gfs.ca\/fr-ca\/wp-json\/wp\/v2\/media\/16387"}],"wp:attachment":[{"href":"https:\/\/gfs.ca\/fr-ca\/wp-json\/wp\/v2\/media?parent=33900"}],"curies":[{"name":"wp","href":"https:\/\/api.w.org\/{rel}","templated":true}]}}