{"id":3062,"date":"2022-07-21T13:52:32","date_gmt":"2022-07-21T18:52:32","guid":{"rendered":"https:\/\/dev-gordon-food-service.pantheonsite.io\/?page_id=3062"},"modified":"2025-10-23T10:42:34","modified_gmt":"2025-10-23T14:42:34","slug":"nos-outils-en-ligne-pour-vous-aider","status":"publish","type":"page","link":"https:\/\/gfs.ca\/fr-ca\/products-services\/technology-solutions\/digital-tool-training\/","title":{"rendered":"En savoir plus sur nos outils de commande"},"content":{"rendered":"<div data-elementor-type=\"wp-page\" data-elementor-id=\"3062\" class=\"elementor elementor-3062\" data-elementor-post-type=\"page\">\n\t\t\t\t<div data-particle_enable=\"false\" data-particle-mobile-disabled=\"false\" class=\"elementor-element elementor-element-a6e2ccf e-flex e-con-boxed e-con e-parent\" data-id=\"a6e2ccf\" data-element_type=\"container\" data-e-type=\"container\" data-settings=\"{&quot;background_background&quot;:&quot;classic&quot;}\">\n\t\t\t\t\t<div class=\"e-con-inner\">\n\t\t<div data-particle_enable=\"false\" data-particle-mobile-disabled=\"false\" class=\"elementor-element elementor-element-fe11869 e-con-full e-flex e-con e-child\" data-id=\"fe11869\" data-element_type=\"container\" data-e-type=\"container\">\n\t\t\t\t<div class=\"elementor-element elementor-element-cc8c952 elementor-widget elementor-widget-heading\" data-id=\"cc8c952\" data-element_type=\"widget\" data-e-type=\"widget\" data-widget_type=\"heading.default\">\n\t\t\t\t<div class=\"elementor-widget-container\">\n\t\t\t\t\t<h2 class=\"elementor-heading-title elementor-size-default\">En savoir plus sur nos outils de commande<\/h2>\t\t\t\t<\/div>\n\t\t\t\t<\/div>\n\t\t\t\t<div class=\"elementor-element elementor-element-f5bb638 elementor-widget elementor-widget-text-editor\" data-id=\"f5bb638\" data-element_type=\"widget\" data-e-type=\"widget\" data-widget_type=\"text-editor.default\">\n\t\t\t\t<div class=\"elementor-widget-container\">\n\t\t\t\t\t\t\t\t\t<p>Des nouvelles de nos experts.<\/p>\t\t\t\t\t\t\t\t<\/div>\n\t\t\t\t<\/div>\n\t\t\t\t<\/div>\n\t\t\t\t\t<\/div>\n\t\t\t\t<\/div>\n\t\t<div data-particle_enable=\"false\" data-particle-mobile-disabled=\"false\" class=\"elementor-element elementor-element-81b0bbe e-flex e-con-boxed e-con e-parent\" data-id=\"81b0bbe\" data-element_type=\"container\" data-e-type=\"container\" data-settings=\"{&quot;background_background&quot;:&quot;classic&quot;}\">\n\t\t\t\t\t<div class=\"e-con-inner\">\n\t\t<div data-particle_enable=\"false\" data-particle-mobile-disabled=\"false\" class=\"elementor-element elementor-element-208fce9 e-con-full e-flex e-con e-child\" data-id=\"208fce9\" data-element_type=\"container\" data-e-type=\"container\">\n\t\t\t\t<div class=\"elementor-element elementor-element-a6ac200 elementor-widget elementor-widget-heading\" data-id=\"a6ac200\" data-element_type=\"widget\" data-e-type=\"widget\" data-widget_type=\"heading.default\">\n\t\t\t\t<div class=\"elementor-widget-container\">\n\t\t\t\t\t<h2 class=\"elementor-heading-title elementor-size-default\">Webinaires enregistr\u00e9s<\/h2>\t\t\t\t<\/div>\n\t\t\t\t<\/div>\n\t\t\t\t<div class=\"elementor-element elementor-element-44b2cf8 elementor-widget elementor-widget-toggle\" data-id=\"44b2cf8\" data-element_type=\"widget\" data-e-type=\"widget\" data-no-translation=\"\" data-widget_type=\"toggle.default\">\n\t\t\t\t<div class=\"elementor-widget-container\">\n\t\t\t\t\t<style>.elementor-element-44b2cf8{display:none !important}<\/style>\t\t\t\t<\/div>\n\t\t\t\t<\/div>\n\t\t\t\t<div class=\"elementor-element elementor-element-3bc5c5b elementor-widget elementor-widget-toggle\" data-id=\"3bc5c5b\" data-element_type=\"widget\" data-e-type=\"widget\" data-no-translation=\"\" data-widget_type=\"toggle.default\">\n\t\t\t\t<div class=\"elementor-widget-container\">\n\t\t\t\t\t\t\t<div class=\"elementor-toggle\">\n\t\t\t\t\t\t\t<div class=\"elementor-toggle-item\">\n\t\t\t\t\t<div id=\"elementor-tab-title-6261\" class=\"elementor-tab-title\" data-tab=\"1\" role=\"button\" aria-controls=\"elementor-tab-content-6261\" aria-expanded=\"false\">\n\t\t\t\t\t\t\t\t\t\t\t\t<span class=\"elementor-toggle-icon elementor-toggle-icon-right\" aria-hidden=\"true\">\n\t\t\t\t\t\t\t\t\t\t\t\t\t\t\t<span class=\"elementor-toggle-icon-closed\"><i class=\"fas fa-caret-right\"><\/i><\/span>\n\t\t\t\t\t\t\t\t<span class=\"elementor-toggle-icon-opened\"><i class=\"elementor-toggle-icon-opened fas fa-caret-up\"><\/i><\/span>\n\t\t\t\t\t\t\t\t\t\t\t\t\t<\/span>\n\t\t\t\t\t\t\t\t\t\t\t\t<a class=\"elementor-toggle-title\" tabindex=\"0\">Commande Gordon - Formation de base<\/a>\n\t\t\t\t\t<\/div>\n\n\t\t\t\t\t<div id=\"elementor-tab-content-6261\" class=\"elementor-tab-content elementor-clearfix\" data-tab=\"1\" role=\"region\" aria-labelledby=\"elementor-tab-title-6261\"><p><span style=\"font-weight: 400;\">Ce que vous devez savoir sur notre syst\u00e8me<\/span> de commande en ligne Commande Gordon<\/p><ul><li><a href=\"https:\/\/gfs.zoom.us\/rec\/share\/ojjhre880PD6QhVPw8lH3NwaLbVJFlV8EqGgjvOe8zXF_xdXftzDkHDHBAZUAVmI.ePP2cnrKwuPrJEti\" target=\"_blank\" rel=\"noopener\">Regardez l&#8217;enregistrement pour en apprendre <\/a><a href=\"https:\/\/attendee.gotowebinar.com\/recording\/4247967998063640847\"><span style=\"font-weight: 400;\">davantage<\/span><\/a><a href=\"https:\/\/attendee.gotowebinar.com\/recording\/4247967998063640847\" target=\"_blank\" rel=\"noopener\"> sur Commande Gordon<\/a><\/li><\/ul><\/div>\n\t\t\t\t<\/div>\n\t\t\t\t\t\t\t<div class=\"elementor-toggle-item\">\n\t\t\t\t\t<div id=\"elementor-tab-title-6262\" class=\"elementor-tab-title\" data-tab=\"2\" role=\"button\" aria-controls=\"elementor-tab-content-6262\" aria-expanded=\"false\">\n\t\t\t\t\t\t\t\t\t\t\t\t<span class=\"elementor-toggle-icon elementor-toggle-icon-right\" aria-hidden=\"true\">\n\t\t\t\t\t\t\t\t\t\t\t\t\t\t\t<span class=\"elementor-toggle-icon-closed\"><i class=\"fas fa-caret-right\"><\/i><\/span>\n\t\t\t\t\t\t\t\t<span class=\"elementor-toggle-icon-opened\"><i class=\"elementor-toggle-icon-opened fas fa-caret-up\"><\/i><\/span>\n\t\t\t\t\t\t\t\t\t\t\t\t\t<\/span>\n\t\t\t\t\t\t\t\t\t\t\t\t<a class=\"elementor-toggle-title\" tabindex=\"0\">Commande Gordon - Fonctions avanc\u00e9es<\/a>\n\t\t\t\t\t<\/div>\n\n\t\t\t\t\t<div id=\"elementor-tab-content-6262\" class=\"elementor-tab-content elementor-clearfix\" data-tab=\"2\" role=\"region\" aria-labelledby=\"elementor-tab-title-6262\"><p>Dans cette <span style=\"font-weight: 400;\">formation, vous<\/span> apprendrez \u00e0 cr\u00e9er et modifier des guides de commande personnalis\u00e9s et des listes d&#8217;inventaire de r\u00e9serve.<\/p><ul><li><a href=\"https:\/\/gfs.zoom.us\/rec\/share\/BGbE1Kg1I3r8ptr-o9Ma9E9cTB6yIh4aieAnKZJ0pyivQ9apkxfGhy73hH33SC7b.6jzQIbxDhWZFBUS4\">Regardez l&#8217;enregistrement pour en apprendre davantage sur les fonctions avanc\u00e9es de Commande Gordon<\/a><\/li><\/ul><\/div>\n\t\t\t\t<\/div>\n\t\t\t\t\t\t\t<div class=\"elementor-toggle-item\">\n\t\t\t\t\t<div id=\"elementor-tab-title-6263\" class=\"elementor-tab-title\" data-tab=\"3\" role=\"button\" aria-controls=\"elementor-tab-content-6263\" aria-expanded=\"false\">\n\t\t\t\t\t\t\t\t\t\t\t\t<span class=\"elementor-toggle-icon elementor-toggle-icon-right\" aria-hidden=\"true\">\n\t\t\t\t\t\t\t\t\t\t\t\t\t\t\t<span class=\"elementor-toggle-icon-closed\"><i class=\"fas fa-caret-right\"><\/i><\/span>\n\t\t\t\t\t\t\t\t<span class=\"elementor-toggle-icon-opened\"><i class=\"elementor-toggle-icon-opened fas fa-caret-up\"><\/i><\/span>\n\t\t\t\t\t\t\t\t\t\t\t\t\t<\/span>\n\t\t\t\t\t\t\t\t\t\t\t\t<a class=\"elementor-toggle-title\" tabindex=\"0\">Inventaire Gordon - Formation de base<\/a>\n\t\t\t\t\t<\/div>\n\n\t\t\t\t\t<div id=\"elementor-tab-content-6263\" class=\"elementor-tab-content elementor-clearfix\" data-tab=\"3\" role=\"region\" aria-labelledby=\"elementor-tab-title-6263\"><p>Ce que vous devez savoir sur notre outil de prise d&#8217;inventaire.<\/p><ul><li><a href=\"https:\/\/gfs.zoom.us\/rec\/share\/Ue7G3cqdjKDZfSW6x5jsccVfG1onIBbYURH2M-cP7-hXIkytWhGtZJ3dAdOtpAL9.vSsV_fW2ul7fQqZr\">Regardez l&#8217;enregistrement pour en apprendre davantage sur Inventaire Gordon<\/a><\/li><\/ul><\/div>\n\t\t\t\t<\/div>\n\t\t\t\t\t\t\t\t<\/div>\n\t\t\t\t\t\t<\/div>\n\t\t\t\t<\/div>\n\t\t\t\t<\/div>\n\t\t\t\t\t<\/div>\n\t\t\t\t<\/div>\n\t\t<div data-particle_enable=\"false\" data-particle-mobile-disabled=\"false\" class=\"elementor-element elementor-element-755b2eb e-flex e-con-boxed e-con e-parent\" data-id=\"755b2eb\" data-element_type=\"container\" data-e-type=\"container\" data-settings=\"{&quot;background_background&quot;:&quot;classic&quot;}\">\n\t\t\t\t\t<div class=\"e-con-inner\">\n\t\t<div data-particle_enable=\"false\" data-particle-mobile-disabled=\"false\" class=\"elementor-element elementor-element-18b46e8 e-con-full e-flex e-con e-child\" data-id=\"18b46e8\" data-element_type=\"container\" data-e-type=\"container\">\n\t\t\t\t<div class=\"elementor-element elementor-element-ed938d0 elementor-widget elementor-widget-heading\" data-id=\"ed938d0\" data-element_type=\"widget\" data-e-type=\"widget\" data-widget_type=\"heading.default\">\n\t\t\t\t<div class=\"elementor-widget-container\">\n\t\t\t\t\t<h2 class=\"elementor-heading-title elementor-size-default\">Vous cherchez d'autres webinaires?<\/h2>\t\t\t\t<\/div>\n\t\t\t\t<\/div>\n\t\t\t\t<div class=\"elementor-element elementor-element-95c4fec elementor-widget elementor-widget-text-editor\" data-id=\"95c4fec\" data-element_type=\"widget\" data-e-type=\"widget\" data-widget_type=\"text-editor.default\">\n\t\t\t\t<div class=\"elementor-widget-container\">\n\t\t\t\t\t\t\t\t\t<p>Regardez nos webinaires pass\u00e9s sur notre cha\u00eene YouTube.<\/p>\t\t\t\t\t\t\t\t<\/div>\n\t\t\t\t<\/div>\n\t\t\t\t<div class=\"elementor-element elementor-element-9ab67fc elementor-align-center elementor-widget elementor-widget-button\" data-id=\"9ab67fc\" data-element_type=\"widget\" data-e-type=\"widget\" data-widget_type=\"button.default\">\n\t\t\t\t<div class=\"elementor-widget-container\">\n\t\t\t\t\t\t\t\t\t<div class=\"elementor-button-wrapper\">\n\t\t\t\t\t<a class=\"elementor-button elementor-button-link elementor-size-sm\" href=\"https:\/\/www.youtube.com\/playlist?list=PLxP6ue-BWk7N7M1FaLXw_yxESx5xMkDXP\" target=\"_blank\">\n\t\t\t\t\t\t<span class=\"elementor-button-content-wrapper\">\n\t\t\t\t\t\t\t\t\t<span class=\"elementor-button-text\">Consulter \u00e0 nos webinaires<\/span>\n\t\t\t\t\t<\/span>\n\t\t\t\t\t<\/a>\n\t\t\t\t<\/div>\n\t\t\t\t\t\t\t\t<\/div>\n\t\t\t\t<\/div>\n\t\t\t\t<\/div>\n\t\t\t\t\t<\/div>\n\t\t\t\t<\/div>\n\t\t\t\t<\/div>","protected":false},"excerpt":{"rendered":"<p>Digital Tool Training Hear from our experts. Recorded Webinar Trainings Looking For More Webinars? Watch any of our previous webinars on our YouTube channel on demand. Watch Webinars<\/p>","protected":false},"author":20,"featured_media":0,"parent":14113,"menu_order":0,"comment_status":"closed","ping_status":"closed","template":"","meta":{"_acf_changed":false,"footnotes":""},"class_list":["post-3062","page","type-page","status-publish","hentry"],"acf":[],"yoast_head":"<!-- This site is optimized with the Yoast SEO Premium plugin v22.9 (Yoast SEO v27.0) - https:\/\/yoast.com\/product\/yoast-seo-premium-wordpress\/ -->\n<title>Digital Tool Training | Gordon Food Service<\/title>\n<meta name=\"description\" content=\"Hear from Gordon Food Service experts. Browse our Digital Tool Training today.\" \/>\n<meta name=\"robots\" content=\"index, follow, max-snippet:-1, max-image-preview:large, max-video-preview:-1\" \/>\n<link rel=\"canonical\" href=\"https:\/\/gfs.ca\/fr-ca\/produits-services\/solutions-technologiques\/nos-outils-en-ligne-pour-vous-aider\/\" \/>\n<meta property=\"og:locale\" content=\"fr_CA\" \/>\n<meta property=\"og:type\" content=\"article\" \/>\n<meta property=\"og:title\" content=\"Digital Tool Training\" \/>\n<meta property=\"og:description\" content=\"Hear from Gordon Food Service experts. Browse our Digital Tool Training today.\" \/>\n<meta property=\"og:url\" content=\"https:\/\/gfs.ca\/fr-ca\/produits-services\/solutions-technologiques\/nos-outils-en-ligne-pour-vous-aider\/\" \/>\n<meta property=\"og:site_name\" content=\"Gordon Food Service\" \/>\n<meta property=\"article:publisher\" content=\"https:\/\/www.facebook.com\/GordonFoodService\/\" \/>\n<meta property=\"article:modified_time\" content=\"2025-10-23T14:42:34+00:00\" \/>\n<meta property=\"og:image\" content=\"https:\/\/gfs.ca\/wp-content\/uploads\/2023\/02\/GordonFoodService_Logo_RGB.png\" \/>\n\t<meta property=\"og:image:width\" content=\"628\" \/>\n\t<meta property=\"og:image:height\" content=\"210\" \/>\n\t<meta property=\"og:image:type\" content=\"image\/png\" \/>\n<meta name=\"twitter:card\" content=\"summary_large_image\" \/>\n<meta name=\"twitter:site\" content=\"@GFSDelivers\" \/>\n<meta name=\"twitter:label1\" content=\"Estimation du temps de lecture\" \/>\n\t<meta name=\"twitter:data1\" content=\"1 minute\" \/>\n<!-- \/ Yoast SEO Premium plugin. -->","yoast_head_json":{"title":"Nos outils en ligne pour vous aider | Service Alimentaire Gordon","description":"\u00c9coutez les experts de Service Alimentaire Gordon. Parcourez notre formation sur les outils num\u00e9riques d\u00e8s aujourd'hui.","robots":{"index":"index","follow":"follow","max-snippet":"max-snippet:-1","max-image-preview":"max-image-preview:large","max-video-preview":"max-video-preview:-1"},"canonical":"https:\/\/gfs.ca\/fr-ca\/produits-services\/solutions-technologiques\/nos-outils-en-ligne-pour-vous-aider\/","og_locale":"fr_CA","og_type":"article","og_title":"Digital Tool Training","og_description":"Hear from Gordon Food Service experts. Browse our Digital Tool Training today.","og_url":"https:\/\/gfs.ca\/fr-ca\/produits-services\/solutions-technologiques\/nos-outils-en-ligne-pour-vous-aider\/","og_site_name":"Gordon Food Service","article_publisher":"https:\/\/www.facebook.com\/GordonFoodService\/","article_modified_time":"2025-10-23T14:42:34+00:00","og_image":[{"width":628,"height":210,"url":"https:\/\/gfs.ca\/wp-content\/uploads\/2023\/02\/GordonFoodService_Logo_RGB.png","type":"image\/png"}],"twitter_card":"summary_large_image","twitter_site":"@GFSDelivers","twitter_misc":{"Estimation du temps de lecture":"1 minute"},"schema":{"@context":"https:\/\/schema.org","@graph":[{"@type":"WebPage","@id":"https:\/\/gfs.ca\/en-ca\/products-services\/technology-solutions\/digital-tool-training\/","url":"https:\/\/gfs.ca\/en-ca\/products-services\/technology-solutions\/digital-tool-training\/","name":"Nos outils en ligne pour vous aider | Service Alimentaire Gordon","isPartOf":{"@id":"https:\/\/gfs.ca\/en-ca\/#website"},"datePublished":"2022-07-21T18:52:32+00:00","dateModified":"2025-10-23T14:42:34+00:00","description":"\u00c9coutez les experts de Service Alimentaire Gordon. Parcourez notre formation sur les outils num\u00e9riques d\u00e8s aujourd'hui.","breadcrumb":{"@id":"https:\/\/gfs.ca\/en-ca\/products-services\/technology-solutions\/digital-tool-training\/#breadcrumb"},"inLanguage":"fr-CA","potentialAction":[{"@type":"ReadAction","target":["https:\/\/gfs.ca\/en-ca\/products-services\/technology-solutions\/digital-tool-training\/"]}]},{"@type":"BreadcrumbList","@id":"https:\/\/gfs.ca\/en-ca\/products-services\/technology-solutions\/digital-tool-training\/#breadcrumb","itemListElement":[{"@type":"ListItem","position":1,"name":"Home","item":"https:\/\/gfs.ca\/en-ca\/"},{"@type":"ListItem","position":2,"name":"Products &amp; Services","item":"https:\/\/gfs.ca\/en-ca\/products-services\/"},{"@type":"ListItem","position":3,"name":"Technology Solutions","item":"https:\/\/gfs.ca\/fr-ca\/produits-services\/solutions-technologiques\/"},{"@type":"ListItem","position":4,"name":"Digital Tool Training"}]},{"@type":"WebSite","@id":"https:\/\/gfs.ca\/en-ca\/#website","url":"https:\/\/gfs.ca\/en-ca\/","name":"Service alimentaire Gordon","description":"","publisher":{"@id":"https:\/\/gfs.ca\/en-ca\/#organization"},"potentialAction":[{"@type":"SearchAction","target":{"@type":"EntryPoint","urlTemplate":"https:\/\/gfs.ca\/en-ca\/?s={search_term_string}"},"query-input":{"@type":"PropertyValueSpecification","valueRequired":true,"valueName":"search_term_string"}}],"inLanguage":"fr-CA"},{"@type":"Organization","@id":"https:\/\/gfs.ca\/en-ca\/#organization","name":"Service alimentaire Gordon","url":"https:\/\/gfs.ca\/en-ca\/","logo":{"@type":"ImageObject","inLanguage":"fr-CA","@id":"https:\/\/gfs.ca\/en-ca\/#\/schema\/logo\/image\/","url":"https:\/\/gfs.ca\/wp-content\/uploads\/2025\/11\/GFS-EN-Logo-og-image.png","contentUrl":"https:\/\/gfs.ca\/wp-content\/uploads\/2025\/11\/GFS-EN-Logo-og-image.png","width":1200,"height":630,"caption":"Gordon Food Service"},"image":{"@id":"https:\/\/gfs.ca\/en-ca\/#\/schema\/logo\/image\/"},"sameAs":["https:\/\/www.facebook.com\/GordonFoodService\/","https:\/\/x.com\/GFSDelivers","https:\/\/www.instagram.com\/gordonfoodservice\/","https:\/\/www.linkedin.com\/company\/gordon-food-service\/"]}]}},"_links":{"self":[{"href":"https:\/\/gfs.ca\/fr-ca\/wp-json\/wp\/v2\/pages\/3062","targetHints":{"allow":["GET"]}}],"collection":[{"href":"https:\/\/gfs.ca\/fr-ca\/wp-json\/wp\/v2\/pages"}],"about":[{"href":"https:\/\/gfs.ca\/fr-ca\/wp-json\/wp\/v2\/types\/page"}],"author":[{"embeddable":true,"href":"https:\/\/gfs.ca\/fr-ca\/wp-json\/wp\/v2\/users\/20"}],"replies":[{"embeddable":true,"href":"https:\/\/gfs.ca\/fr-ca\/wp-json\/wp\/v2\/comments?post=3062"}],"version-history":[{"count":27,"href":"https:\/\/gfs.ca\/fr-ca\/wp-json\/wp\/v2\/pages\/3062\/revisions"}],"predecessor-version":[{"id":41476,"href":"https:\/\/gfs.ca\/fr-ca\/wp-json\/wp\/v2\/pages\/3062\/revisions\/41476"}],"up":[{"embeddable":true,"href":"https:\/\/gfs.ca\/fr-ca\/wp-json\/wp\/v2\/pages\/14113"}],"wp:attachment":[{"href":"https:\/\/gfs.ca\/fr-ca\/wp-json\/wp\/v2\/media?parent=3062"}],"curies":[{"name":"wp","href":"https:\/\/api.w.org\/{rel}","templated":true}]}}