{"id":29680,"date":"2023-02-07T09:27:51","date_gmt":"2023-02-07T14:27:51","guid":{"rendered":"https:\/\/gfs.ca\/?page_id=29680"},"modified":"2025-06-20T08:53:44","modified_gmt":"2025-06-20T12:53:44","slug":"rapports-de-tendances-et-previsions-des-recoltes","status":"publish","type":"page","link":"https:\/\/gfs.ca\/fr-ca\/markon-fresh-crop-reports\/","title":{"rendered":"Markon Fresh Crop Report"},"content":{"rendered":"<div data-elementor-type=\"wp-page\" data-elementor-id=\"29680\" class=\"elementor elementor-29680\" data-elementor-post-type=\"page\">\n\t\t\t\t<div data-particle_enable=\"false\" data-particle-mobile-disabled=\"false\" class=\"elementor-element elementor-element-2b501fdc e-flex e-con-boxed e-con e-parent\" data-id=\"2b501fdc\" data-element_type=\"container\" data-e-type=\"container\" data-settings=\"{&quot;background_background&quot;:&quot;classic&quot;}\">\n\t\t\t\t\t<div class=\"e-con-inner\">\n\t\t<div data-particle_enable=\"false\" data-particle-mobile-disabled=\"false\" class=\"elementor-element elementor-element-6997df94 e-con-full e-flex e-con e-child\" data-id=\"6997df94\" data-element_type=\"container\" data-e-type=\"container\">\n\t\t\t\t<div class=\"elementor-element elementor-element-33b3396c elementor-widget elementor-widget-heading\" data-id=\"33b3396c\" data-element_type=\"widget\" data-e-type=\"widget\" data-widget_type=\"heading.default\">\n\t\t\t\t<div class=\"elementor-widget-container\">\n\t\t\t\t\t<h2 class=\"elementor-heading-title elementor-size-default\">Markon Fresh<br>Crop Reports<\/h2>\t\t\t\t<\/div>\n\t\t\t\t<\/div>\n\t\t\t\t<div class=\"elementor-element elementor-element-3e96197d elementor-widget elementor-widget-text-editor\" data-id=\"3e96197d\" data-element_type=\"widget\" data-e-type=\"widget\" data-widget_type=\"text-editor.default\">\n\t\t\t\t<div class=\"elementor-widget-container\">\n\t\t\t\t\t\t\t\t\t<p>Le co\u00fbt des fruits et l\u00e9gumes varie en fonction des saisons, de la demande et du rendement des produits.<\/p>\t\t\t\t\t\t\t\t<\/div>\n\t\t\t\t<\/div>\n\t\t\t\t<\/div>\n\t\t\t\t\t<\/div>\n\t\t\t\t<\/div>\n\t\t\t\t<section data-particle_enable=\"false\" data-particle-mobile-disabled=\"false\" class=\"elementor-section elementor-top-section elementor-element elementor-element-8bd95f0 elementor-section-boxed elementor-section-height-default elementor-section-height-default\" data-id=\"8bd95f0\" data-element_type=\"section\" data-e-type=\"section\">\n\t\t\t\t\t\t<div class=\"elementor-container elementor-column-gap-default\">\n\t\t\t\t\t<div class=\"elementor-column elementor-col-100 elementor-top-column elementor-element elementor-element-8c6a8d2\" data-id=\"8c6a8d2\" data-element_type=\"column\" data-e-type=\"column\">\n\t\t\t<div class=\"elementor-widget-wrap elementor-element-populated\">\n\t\t\t\t\t\t<div class=\"elementor-element elementor-element-bb33e37 elementor-widget elementor-widget-heading\" data-id=\"bb33e37\" data-element_type=\"widget\" data-e-type=\"widget\" data-widget_type=\"heading.default\">\n\t\t\t\t<div class=\"elementor-widget-container\">\n\t\t\t\t\t<h2 class=\"elementor-heading-title elementor-size-default\">Rapports de tendances et pr\u00e9visions des r\u00e9coltes<\/h2>\t\t\t\t<\/div>\n\t\t\t\t<\/div>\n\t\t\t\t<div class=\"elementor-element elementor-element-80121ea elementor-widget elementor-widget-text-editor\" data-id=\"80121ea\" data-element_type=\"widget\" data-e-type=\"widget\" data-widget_type=\"text-editor.default\">\n\t\t\t\t<div class=\"elementor-widget-container\">\n\t\t\t\t\t\t\t\t\t<p><span style=\"font-weight: 400;\">Le co\u00fbt des fruits et l\u00e9gumes varie en fonction des saisons, de la demande et du rendement des produits. Les rapports hebdomadaires peuvent vous aider \u00e0 rester inform\u00e9s des tendances, des fa\u00e7ons d\u2019utiliser les produits et de la qualit\u00e9 actuelle. <\/span><\/p>\t\t\t\t\t\t\t\t<\/div>\n\t\t\t\t<\/div>\n\t\t\t\t<div class=\"elementor-element elementor-element-c037838 elementor-widget elementor-widget-text-editor\" data-id=\"c037838\" data-element_type=\"widget\" data-e-type=\"widget\" data-widget_type=\"text-editor.default\">\n\t\t\t\t<div class=\"elementor-widget-container\">\n\t\t\t\t\t\t\t\t\t<p>Inscrivez-vous pour recevoir le rapport chaque semaine.<\/p>\t\t\t\t\t\t\t\t<\/div>\n\t\t\t\t<\/div>\n\t\t\t\t<div class=\"elementor-element elementor-element-92d5aaf eael-gravity-form-button-custom elementor-widget elementor-widget-eael-gravity-form\" data-id=\"92d5aaf\" data-element_type=\"widget\" data-e-type=\"widget\" data-no-translation=\"\" data-widget_type=\"eael-gravity-form.default\">\n\t\t\t\t<div class=\"elementor-widget-container\">\n\t\t\t\t\t<style>.elementor-element-92d5aaf{display:none !important}<\/style>\t\t\t\t<\/div>\n\t\t\t\t<\/div>\n\t\t\t\t<div class=\"elementor-element elementor-element-4b9b99d eael-gravity-form-button-custom elementor-widget elementor-widget-eael-gravity-form\" data-id=\"4b9b99d\" data-element_type=\"widget\" data-e-type=\"widget\" data-no-translation=\"\" data-widget_type=\"eael-gravity-form.default\">\n\t\t\t\t<div class=\"elementor-widget-container\">\n\t\t\t\t\t<style>.elementor-element-4b9b99d{display:none !important}<\/style>\t\t\t\t<\/div>\n\t\t\t\t<\/div>\n\t\t\t\t\t<\/div>\n\t\t<\/div>\n\t\t\t\t\t<\/div>\n\t\t<\/section>\n\t\t\t\t<\/div>","protected":false},"excerpt":{"rendered":"<p>Markon FreshCrop Reports The cost of produce rises and falls with seasonality, demand, and produce yields. Markon Fresh Crop Reports The cost of produce rises and falls with seasonality, demand, and produce yields. Weekly Fresh Crop Reports help you stay ahead of the game by taking a look at how things are trending, how to [&hellip;]<\/p>\n","protected":false},"author":20,"featured_media":0,"parent":0,"menu_order":0,"comment_status":"closed","ping_status":"closed","template":"","meta":{"_acf_changed":false,"footnotes":""},"class_list":["post-29680","page","type-page","status-publish","hentry"],"acf":[],"yoast_head":"<!-- This site is optimized with the Yoast SEO Premium plugin v22.9 (Yoast SEO v27.0) - https:\/\/yoast.com\/product\/yoast-seo-premium-wordpress\/ -->\n<title>Markon Fresh Crop Report | Gordon Food Service<\/title>\n<meta name=\"robots\" content=\"index, follow, max-snippet:-1, max-image-preview:large, max-video-preview:-1\" \/>\n<link rel=\"canonical\" href=\"https:\/\/gfs.ca\/fr-ca\/rapports-de-tendances-et-previsions-des-recoltes\/\" \/>\n<meta property=\"og:locale\" content=\"fr_CA\" \/>\n<meta property=\"og:type\" content=\"article\" \/>\n<meta property=\"og:title\" content=\"Markon Fresh Crop Report\" \/>\n<meta property=\"og:description\" content=\"Markon FreshCrop Reports The cost of produce rises and falls with seasonality, demand, and produce yields. Markon Fresh Crop Reports The cost of produce rises and falls with seasonality, demand, and produce yields. Weekly Fresh Crop Reports help you stay ahead of the game by taking a look at how things are trending, how to [&hellip;]\" \/>\n<meta property=\"og:url\" content=\"https:\/\/gfs.ca\/fr-ca\/rapports-de-tendances-et-previsions-des-recoltes\/\" \/>\n<meta property=\"og:site_name\" content=\"Gordon Food Service\" \/>\n<meta property=\"article:publisher\" content=\"https:\/\/www.facebook.com\/GordonFoodService\/\" \/>\n<meta property=\"article:modified_time\" content=\"2025-06-20T12:53:44+00:00\" \/>\n<meta property=\"og:image\" content=\"https:\/\/gfs.ca\/wp-content\/uploads\/2023\/02\/GordonFoodService_Logo_RGB.png\" \/>\n\t<meta property=\"og:image:width\" content=\"628\" \/>\n\t<meta property=\"og:image:height\" content=\"210\" \/>\n\t<meta property=\"og:image:type\" content=\"image\/png\" \/>\n<meta name=\"twitter:card\" content=\"summary_large_image\" \/>\n<meta name=\"twitter:site\" content=\"@GFSDelivers\" \/>\n<meta name=\"twitter:label1\" content=\"Estimation du temps de lecture\" \/>\n\t<meta name=\"twitter:data1\" content=\"1 minute\" \/>\n<!-- \/ Yoast SEO Premium plugin. -->","yoast_head_json":{"title":"Markon Fresh Crop Report | Gordon Food Service","robots":{"index":"index","follow":"follow","max-snippet":"max-snippet:-1","max-image-preview":"max-image-preview:large","max-video-preview":"max-video-preview:-1"},"canonical":"https:\/\/gfs.ca\/fr-ca\/rapports-de-tendances-et-previsions-des-recoltes\/","og_locale":"fr_CA","og_type":"article","og_title":"Markon Fresh Crop Report","og_description":"Markon FreshCrop Reports The cost of produce rises and falls with seasonality, demand, and produce yields. Markon Fresh Crop Reports The cost of produce rises and falls with seasonality, demand, and produce yields. Weekly Fresh Crop Reports help you stay ahead of the game by taking a look at how things are trending, how to [&hellip;]","og_url":"https:\/\/gfs.ca\/fr-ca\/rapports-de-tendances-et-previsions-des-recoltes\/","og_site_name":"Gordon Food Service","article_publisher":"https:\/\/www.facebook.com\/GordonFoodService\/","article_modified_time":"2025-06-20T12:53:44+00:00","og_image":[{"width":628,"height":210,"url":"https:\/\/gfs.ca\/wp-content\/uploads\/2023\/02\/GordonFoodService_Logo_RGB.png","type":"image\/png"}],"twitter_card":"summary_large_image","twitter_site":"@GFSDelivers","twitter_misc":{"Estimation du temps de lecture":"1 minute"},"schema":{"@context":"https:\/\/schema.org","@graph":[{"@type":"WebPage","@id":"https:\/\/gfs.ca\/en-ca\/markon-fresh-crop-reports\/","url":"https:\/\/gfs.ca\/en-ca\/markon-fresh-crop-reports\/","name":"Markon Fresh Crop Report | Gordon Food Service","isPartOf":{"@id":"https:\/\/gfs.ca\/en-ca\/#website"},"datePublished":"2023-02-07T14:27:51+00:00","dateModified":"2025-06-20T12:53:44+00:00","breadcrumb":{"@id":"https:\/\/gfs.ca\/en-ca\/markon-fresh-crop-reports\/#breadcrumb"},"inLanguage":"fr-CA","potentialAction":[{"@type":"ReadAction","target":["https:\/\/gfs.ca\/en-ca\/markon-fresh-crop-reports\/"]}]},{"@type":"BreadcrumbList","@id":"https:\/\/gfs.ca\/en-ca\/markon-fresh-crop-reports\/#breadcrumb","itemListElement":[{"@type":"ListItem","position":1,"name":"Home","item":"https:\/\/gfs.ca\/en-ca\/"},{"@type":"ListItem","position":2,"name":"Markon Fresh Crop Report"}]},{"@type":"WebSite","@id":"https:\/\/gfs.ca\/en-ca\/#website","url":"https:\/\/gfs.ca\/en-ca\/","name":"Service alimentaire Gordon","description":"","publisher":{"@id":"https:\/\/gfs.ca\/en-ca\/#organization"},"potentialAction":[{"@type":"SearchAction","target":{"@type":"EntryPoint","urlTemplate":"https:\/\/gfs.ca\/en-ca\/?s={search_term_string}"},"query-input":{"@type":"PropertyValueSpecification","valueRequired":true,"valueName":"search_term_string"}}],"inLanguage":"fr-CA"},{"@type":"Organization","@id":"https:\/\/gfs.ca\/en-ca\/#organization","name":"Service alimentaire Gordon","url":"https:\/\/gfs.ca\/en-ca\/","logo":{"@type":"ImageObject","inLanguage":"fr-CA","@id":"https:\/\/gfs.ca\/en-ca\/#\/schema\/logo\/image\/","url":"https:\/\/gfs.ca\/wp-content\/uploads\/2025\/11\/GFS-EN-Logo-og-image.png","contentUrl":"https:\/\/gfs.ca\/wp-content\/uploads\/2025\/11\/GFS-EN-Logo-og-image.png","width":1200,"height":630,"caption":"Gordon Food Service"},"image":{"@id":"https:\/\/gfs.ca\/en-ca\/#\/schema\/logo\/image\/"},"sameAs":["https:\/\/www.facebook.com\/GordonFoodService\/","https:\/\/x.com\/GFSDelivers","https:\/\/www.instagram.com\/gordonfoodservice\/","https:\/\/www.linkedin.com\/company\/gordon-food-service\/"]}]}},"_links":{"self":[{"href":"https:\/\/gfs.ca\/fr-ca\/wp-json\/wp\/v2\/pages\/29680","targetHints":{"allow":["GET"]}}],"collection":[{"href":"https:\/\/gfs.ca\/fr-ca\/wp-json\/wp\/v2\/pages"}],"about":[{"href":"https:\/\/gfs.ca\/fr-ca\/wp-json\/wp\/v2\/types\/page"}],"author":[{"embeddable":true,"href":"https:\/\/gfs.ca\/fr-ca\/wp-json\/wp\/v2\/users\/20"}],"replies":[{"embeddable":true,"href":"https:\/\/gfs.ca\/fr-ca\/wp-json\/wp\/v2\/comments?post=29680"}],"version-history":[{"count":3,"href":"https:\/\/gfs.ca\/fr-ca\/wp-json\/wp\/v2\/pages\/29680\/revisions"}],"predecessor-version":[{"id":37734,"href":"https:\/\/gfs.ca\/fr-ca\/wp-json\/wp\/v2\/pages\/29680\/revisions\/37734"}],"wp:attachment":[{"href":"https:\/\/gfs.ca\/fr-ca\/wp-json\/wp\/v2\/media?parent=29680"}],"curies":[{"name":"wp","href":"https:\/\/api.w.org\/{rel}","templated":true}]}}