{"id":2745,"date":"2020-10-09T10:13:32","date_gmt":"2020-10-09T15:13:32","guid":{"rendered":"https:\/\/dev-gordon-food-service.pantheonsite.io\/?page_id=2745"},"modified":"2023-01-10T11:50:26","modified_gmt":"2023-01-10T17:50:26","slug":"merci","status":"publish","type":"page","link":"https:\/\/gfs.ca\/fr-ca\/about-us\/contact-us\/thank-you\/","title":{"rendered":"Merci"},"content":{"rendered":"<div data-elementor-type=\"wp-page\" data-elementor-id=\"2745\" class=\"elementor elementor-2745\" data-elementor-post-type=\"page\">\n\t\t\t\t\t\t<section data-particle_enable=\"false\" data-particle-mobile-disabled=\"false\" class=\"elementor-section elementor-top-section elementor-element elementor-element-384bf357 elementor-section-boxed elementor-section-height-default elementor-section-height-default\" data-id=\"384bf357\" data-element_type=\"section\" data-e-type=\"section\" data-settings=\"{&quot;background_background&quot;:&quot;classic&quot;}\">\n\t\t\t\t\t\t\t<div class=\"elementor-background-overlay\"><\/div>\n\t\t\t\t\t\t\t<div class=\"elementor-container elementor-column-gap-default\">\n\t\t\t\t\t<div class=\"elementor-column elementor-col-100 elementor-top-column elementor-element elementor-element-3909eaac\" data-id=\"3909eaac\" data-element_type=\"column\" data-e-type=\"column\">\n\t\t\t<div class=\"elementor-widget-wrap elementor-element-populated\">\n\t\t\t\t\t\t<section data-particle_enable=\"false\" data-particle-mobile-disabled=\"false\" class=\"elementor-section elementor-inner-section elementor-element elementor-element-0515bdb elementor-section-boxed elementor-section-height-default elementor-section-height-default\" data-id=\"0515bdb\" data-element_type=\"section\" data-e-type=\"section\">\n\t\t\t\t\t\t<div class=\"elementor-container elementor-column-gap-default\">\n\t\t\t\t\t<div class=\"elementor-column elementor-col-100 elementor-inner-column elementor-element elementor-element-14bd32a\" data-id=\"14bd32a\" data-element_type=\"column\" data-e-type=\"column\">\n\t\t\t<div class=\"elementor-widget-wrap elementor-element-populated\">\n\t\t\t\t\t\t<div class=\"elementor-element elementor-element-30c6bfa7 elementor-widget elementor-widget-heading\" data-id=\"30c6bfa7\" data-element_type=\"widget\" data-e-type=\"widget\" data-widget_type=\"heading.default\">\n\t\t\t\t<div class=\"elementor-widget-container\">\n\t\t\t\t\t<h1 class=\"elementor-heading-title elementor-size-default\">Merci<\/h1>\t\t\t\t<\/div>\n\t\t\t\t<\/div>\n\t\t\t\t<div class=\"elementor-element elementor-element-4c1e190f elementor-widget elementor-widget-text-editor\" data-id=\"4c1e190f\" data-element_type=\"widget\" data-e-type=\"widget\" data-widget_type=\"text-editor.default\">\n\t\t\t\t<div class=\"elementor-widget-container\">\n\t\t\t\t\t\t\t\t\t<p>Merci de nous avoir contact\u00e9s. Un membre de l'\u00e9quipe de Service Alimentaire Gordon prendra contact avec vous sous peu.<\/p>\t\t\t\t\t\t\t\t<\/div>\n\t\t\t\t<\/div>\n\t\t\t\t<div class=\"elementor-element elementor-element-904434d elementor-widget elementor-widget-text-editor\" data-id=\"904434d\" data-element_type=\"widget\" data-e-type=\"widget\" data-widget_type=\"text-editor.default\">\n\t\t\t\t<div class=\"elementor-widget-container\">\n\t\t\t\t\t\t\t\t\tEn attendant, consultez l'un de nos plus r\u00e9cents articles de blog ci-dessous.\t\t\t\t\t\t\t\t<\/div>\n\t\t\t\t<\/div>\n\t\t\t\t\t<\/div>\n\t\t<\/div>\n\t\t\t\t\t<\/div>\n\t\t<\/section>\n\t\t\t\t<div class=\"elementor-element elementor-element-246e3afc elementor-posts__hover-none elementor-grid-3 elementor-grid-tablet-2 elementor-grid-mobile-1 elementor-posts--thumbnail-top elementor-card-shadow-yes elementor-widget elementor-widget-posts\" data-id=\"246e3afc\" data-element_type=\"widget\" data-e-type=\"widget\" data-settings=\"{&quot;cards_row_gap_tablet&quot;:{&quot;unit&quot;:&quot;px&quot;,&quot;size&quot;:60,&quot;sizes&quot;:[]},&quot;cards_row_gap_mobile&quot;:{&quot;unit&quot;:&quot;px&quot;,&quot;size&quot;:60,&quot;sizes&quot;:[]},&quot;cards_row_gap&quot;:{&quot;unit&quot;:&quot;px&quot;,&quot;size&quot;:75,&quot;sizes&quot;:[]},&quot;cards_columns&quot;:&quot;3&quot;,&quot;cards_columns_tablet&quot;:&quot;2&quot;,&quot;cards_columns_mobile&quot;:&quot;1&quot;,&quot;cards_row_gap_laptop&quot;:{&quot;unit&quot;:&quot;px&quot;,&quot;size&quot;:&quot;&quot;,&quot;sizes&quot;:[]}}\" data-widget_type=\"posts.cards\">\n\t\t\t\t<div class=\"elementor-widget-container\">\n\t\t\t\t\t\t\t<div class=\"elementor-posts-container elementor-posts elementor-posts--skin-cards elementor-grid\" role=\"list\">\n\t\t\t\t<article class=\"elementor-post elementor-grid-item post-43117 post type-post status-publish format-standard has-post-thumbnail hentry category-running-your-business\" role=\"listitem\">\n\t\t\t<div class=\"elementor-post__card\">\n\t\t\t\t<a class=\"elementor-post__thumbnail__link\" href=\"https:\/\/gfs.ca\/fr-ca\/ideas\/nourishing-the-north-delivering-freshness-to-canadas-remote-communities\/\" tabindex=\"-1\" ><div class=\"elementor-post__thumbnail\"><img fetchpriority=\"high\" decoding=\"async\" width=\"300\" height=\"225\" src=\"https:\/\/gfs.ca\/wp-content\/uploads\/2026\/04\/Driving-Truck-Bear-Glacier-300x225.jpg\" class=\"attachment-medium size-medium wp-image-43118\" alt=\"Un semi-remorque de Gordon Food Service est gar\u00e9 sur l&#039;accotement d&#039;une autoroute pav\u00e9e, avec pour toile de fond un glacier turquoise s&#039;\u00e9coulant entre des montagnes couvertes de brume.\" srcset=\"https:\/\/gfs.ca\/wp-content\/uploads\/2026\/04\/Driving-Truck-Bear-Glacier-300x225.jpg 300w, https:\/\/gfs.ca\/wp-content\/uploads\/2026\/04\/Driving-Truck-Bear-Glacier-1024x768.jpg 1024w, https:\/\/gfs.ca\/wp-content\/uploads\/2026\/04\/Driving-Truck-Bear-Glacier-768x576.jpg 768w, https:\/\/gfs.ca\/wp-content\/uploads\/2026\/04\/Driving-Truck-Bear-Glacier-1536x1152.jpg 1536w, https:\/\/gfs.ca\/wp-content\/uploads\/2026\/04\/Driving-Truck-Bear-Glacier-2048x1536.jpg 2048w, https:\/\/gfs.ca\/wp-content\/uploads\/2026\/04\/Driving-Truck-Bear-Glacier-16x12.jpg 16w\" sizes=\"(max-width: 300px) 100vw, 300px\" \/><\/div><\/a>\n\t\t\t\t<div class=\"elementor-post__text\">\n\t\t\t\t<div class=\"elementor-post__title\">\n\t\t\t<a href=\"https:\/\/gfs.ca\/fr-ca\/ideas\/nourishing-the-north-delivering-freshness-to-canadas-remote-communities\/\" >\n\t\t\t\tNourrir le Nord : offrir de la fra\u00eecheur aux communaut\u00e9s canadiennes \u00e9loign\u00e9es\t\t\t<\/a>\n\t\t<\/div>\n\t\t\t\t<div class=\"elementor-post__excerpt\">\n\t\t\t<p>In the vast, beautiful, and often isolated northern provinces and territories of Canada, securing access to fresh and nutritious food can be very challenging. For<\/p>\n\t\t<\/div>\n\t\t\t\t<\/div>\n\t\t\t\t\t<\/div>\n\t\t<\/article>\n\t\t\t\t<article class=\"elementor-post elementor-grid-item post-42743 post type-post status-publish format-standard has-post-thumbnail hentry category-catering-small-business category-culinary-ideas category-hotels-hospitality category-restaurant-bars category-university\" role=\"listitem\">\n\t\t\t<div class=\"elementor-post__card\">\n\t\t\t\t<a class=\"elementor-post__thumbnail__link\" href=\"https:\/\/gfs.ca\/fr-ca\/ideas\/the-2026-food-beverage-forecast\/\" tabindex=\"-1\" ><div class=\"elementor-post__thumbnail\"><img decoding=\"async\" width=\"300\" height=\"191\" src=\"https:\/\/gfs.ca\/wp-content\/uploads\/2026\/03\/2026-Food-Beverage-Forecast-Blog-1-300x191.avif\" class=\"attachment-medium size-medium wp-image-42745\" alt=\"Un bol vibrant et riche en nutriments, rempli d&#039;\u0153ufs durs, d&#039;edamame, de carottes r\u00e2p\u00e9es, de chou violet et de riz brun, est pos\u00e9 sur une surface en lin rose \u00e0 c\u00f4t\u00e9 d&#039;un verre d&#039;eau avec du citron vert.\" srcset=\"https:\/\/gfs.ca\/wp-content\/uploads\/2026\/03\/2026-Food-Beverage-Forecast-Blog-1-300x191.avif 300w, https:\/\/gfs.ca\/wp-content\/uploads\/2026\/03\/2026-Food-Beverage-Forecast-Blog-1-768x490.avif 768w, https:\/\/gfs.ca\/wp-content\/uploads\/2026\/03\/2026-Food-Beverage-Forecast-Blog-1-18x12.avif 18w, https:\/\/gfs.ca\/wp-content\/uploads\/2026\/03\/2026-Food-Beverage-Forecast-Blog-1.avif 940w\" sizes=\"(max-width: 300px) 100vw, 300px\" \/><\/div><\/a>\n\t\t\t\t<div class=\"elementor-post__text\">\n\t\t\t\t<div class=\"elementor-post__title\">\n\t\t\t<a href=\"https:\/\/gfs.ca\/fr-ca\/ideas\/the-2026-food-beverage-forecast\/\" >\n\t\t\t\tPr\u00e9visions sur les aliments et les boissons pour 2026\t\t\t<\/a>\n\t\t<\/div>\n\t\t\t\t<div class=\"elementor-post__excerpt\">\n\t\t\t<p>The coming years will redefine the foodservice industry. As consumer habits shift due to economic, health, and social forces, staying ahead is not just an<\/p>\n\t\t<\/div>\n\t\t\t\t<\/div>\n\t\t\t\t\t<\/div>\n\t\t<\/article>\n\t\t\t\t<article class=\"elementor-post elementor-grid-item post-42525 post type-post status-publish format-standard has-post-thumbnail hentry category-catering-small-business category-hotels-hospitality category-restaurant-bars category-running-your-business\" role=\"listitem\">\n\t\t\t<div class=\"elementor-post__card\">\n\t\t\t\t<a class=\"elementor-post__thumbnail__link\" href=\"https:\/\/gfs.ca\/fr-ca\/ideas\/gfs-right-for-your-food-service-business\/\" tabindex=\"-1\" ><div class=\"elementor-post__thumbnail\"><img decoding=\"async\" width=\"300\" height=\"191\" src=\"https:\/\/gfs.ca\/wp-content\/uploads\/2026\/01\/How-We-Help-You-Decide-300x191.png\" class=\"attachment-medium size-medium wp-image-42526\" alt=\"Deux femmes sont assises \u00e0 une table en bois dans un caf\u00e9 tr\u00e8s \u00e9clair\u00e9. L&#039;une porte une salopette en jean et \u00e9coute attentivement tandis que l&#039;autre, qui porte une chemise rouge et des lunettes, \u00e9crit dans un carnet.\" srcset=\"https:\/\/gfs.ca\/wp-content\/uploads\/2026\/01\/How-We-Help-You-Decide-300x191.png 300w, https:\/\/gfs.ca\/wp-content\/uploads\/2026\/01\/How-We-Help-You-Decide-768x490.png 768w, https:\/\/gfs.ca\/wp-content\/uploads\/2026\/01\/How-We-Help-You-Decide-18x12.png 18w, https:\/\/gfs.ca\/wp-content\/uploads\/2026\/01\/How-We-Help-You-Decide.png 940w\" sizes=\"(max-width: 300px) 100vw, 300px\" \/><\/div><\/a>\n\t\t\t\t<div class=\"elementor-post__text\">\n\t\t\t\t<div class=\"elementor-post__title\">\n\t\t\t<a href=\"https:\/\/gfs.ca\/fr-ca\/ideas\/gfs-right-for-your-food-service-business\/\" >\n\t\t\t\tEst-ce que Service alimentaire Gordon est le bon choix pour votre entreprise? Voici comment nous pouvons vous aider \u00e0 le savoir.\t\t\t<\/a>\n\t\t<\/div>\n\t\t\t\t<div class=\"elementor-post__excerpt\">\n\t\t\t<p>Switching food distributors is never a decision taken lightly. We know that as a foodservice operator, you aren&#8217;t just looking for a truck that shows<\/p>\n\t\t<\/div>\n\t\t\t\t<\/div>\n\t\t\t\t\t<\/div>\n\t\t<\/article>\n\t\t\t\t<\/div>\n\t\t\n\t\t\t\t\t\t<\/div>\n\t\t\t\t<\/div>\n\t\t\t\t\t<\/div>\n\t\t<\/div>\n\t\t\t\t\t<\/div>\n\t\t<\/section>\n\t\t\t\t<\/div>","protected":false},"excerpt":{"rendered":"<p>Thank You Thank you for contacting us. Someone from the Gordon Food Service team will be in touch with you shortly. In the meantime, check out one of our most recent blog posts below.<\/p>","protected":false},"author":20,"featured_media":0,"parent":577,"menu_order":0,"comment_status":"closed","ping_status":"closed","template":"","meta":{"_acf_changed":false,"footnotes":""},"class_list":["post-2745","page","type-page","status-publish","hentry"],"acf":[],"yoast_head":"<!-- This site is optimized with the Yoast SEO Premium plugin v22.9 (Yoast SEO v27.0) - https:\/\/yoast.com\/product\/yoast-seo-premium-wordpress\/ -->\n<title>Thank You | Gordon Food Service<\/title>\n<meta name=\"description\" content=\"Thank you for contacting us. Someone from the Gordon Food Service team will be in touch with you shortly.\" \/>\n<meta name=\"robots\" content=\"noindex, nofollow\" \/>\n<meta property=\"og:locale\" content=\"fr_CA\" \/>\n<meta property=\"og:type\" content=\"article\" \/>\n<meta property=\"og:title\" content=\"Thank You\" \/>\n<meta property=\"og:description\" content=\"Thank you for contacting us. Someone from the Gordon Food Service team will be in touch with you shortly.\" \/>\n<meta property=\"og:url\" content=\"https:\/\/gfs.ca\/fr-ca\/notre-entreprise\/pour-nous-joindre\/merci\/\" \/>\n<meta property=\"og:site_name\" content=\"Gordon Food Service\" \/>\n<meta property=\"article:publisher\" content=\"https:\/\/www.facebook.com\/GordonFoodService\/\" \/>\n<meta property=\"article:modified_time\" content=\"2023-01-10T17:50:26+00:00\" \/>\n<meta property=\"og:image\" content=\"https:\/\/gfs.ca\/wp-content\/uploads\/2023\/02\/GordonFoodService_Logo_RGB.png\" \/>\n\t<meta property=\"og:image:width\" content=\"628\" \/>\n\t<meta property=\"og:image:height\" content=\"210\" \/>\n\t<meta property=\"og:image:type\" content=\"image\/png\" \/>\n<meta name=\"twitter:card\" content=\"summary_large_image\" \/>\n<meta name=\"twitter:site\" content=\"@GFSDelivers\" \/>\n<meta name=\"twitter:label1\" content=\"Estimation du temps de lecture\" \/>\n\t<meta name=\"twitter:data1\" content=\"1 minute\" \/>\n<!-- \/ Yoast SEO Premium plugin. -->","yoast_head_json":{"title":"Merci | Service Alimentaire Gordon","description":"Merci de nous avoir contact\u00e9s. Un membre de l'\u00e9quipe de Service Alimentaire Gordon prendra contact avec vous sous peu.","robots":{"index":"noindex","follow":"nofollow"},"og_locale":"fr_CA","og_type":"article","og_title":"Thank You","og_description":"Thank you for contacting us. Someone from the Gordon Food Service team will be in touch with you shortly.","og_url":"https:\/\/gfs.ca\/fr-ca\/notre-entreprise\/pour-nous-joindre\/merci\/","og_site_name":"Gordon Food Service","article_publisher":"https:\/\/www.facebook.com\/GordonFoodService\/","article_modified_time":"2023-01-10T17:50:26+00:00","og_image":[{"width":628,"height":210,"url":"https:\/\/gfs.ca\/wp-content\/uploads\/2023\/02\/GordonFoodService_Logo_RGB.png","type":"image\/png"}],"twitter_card":"summary_large_image","twitter_site":"@GFSDelivers","twitter_misc":{"Estimation du temps de lecture":"1 minute"},"schema":{"@context":"https:\/\/schema.org","@graph":[{"@type":"WebPage","@id":"https:\/\/gfs.ca\/en-ca\/about-us\/contact-us\/thank-you\/","url":"https:\/\/gfs.ca\/en-ca\/about-us\/contact-us\/thank-you\/","name":"Merci | Service Alimentaire Gordon","isPartOf":{"@id":"https:\/\/gfs.ca\/en-ca\/#website"},"datePublished":"2020-10-09T15:13:32+00:00","dateModified":"2023-01-10T17:50:26+00:00","description":"Merci de nous avoir contact\u00e9s. Un membre de l'\u00e9quipe de Service Alimentaire Gordon prendra contact avec vous sous peu.","breadcrumb":{"@id":"https:\/\/gfs.ca\/en-ca\/about-us\/contact-us\/thank-you\/#breadcrumb"},"inLanguage":"fr-CA","potentialAction":[{"@type":"ReadAction","target":["https:\/\/gfs.ca\/en-ca\/about-us\/contact-us\/thank-you\/"]}]},{"@type":"BreadcrumbList","@id":"https:\/\/gfs.ca\/en-ca\/about-us\/contact-us\/thank-you\/#breadcrumb","itemListElement":[{"@type":"ListItem","position":1,"name":"Home","item":"https:\/\/gfs.ca\/en-ca\/"},{"@type":"ListItem","position":2,"name":"About Us","item":"https:\/\/gfs.ca\/fr-ca\/notre-entreprise\/"},{"@type":"ListItem","position":3,"name":"Contact","item":"https:\/\/gfs.ca\/en-ca\/about-us\/contact-us\/"},{"@type":"ListItem","position":4,"name":"Thank You"}]},{"@type":"WebSite","@id":"https:\/\/gfs.ca\/en-ca\/#website","url":"https:\/\/gfs.ca\/en-ca\/","name":"Service alimentaire Gordon","description":"","publisher":{"@id":"https:\/\/gfs.ca\/en-ca\/#organization"},"potentialAction":[{"@type":"SearchAction","target":{"@type":"EntryPoint","urlTemplate":"https:\/\/gfs.ca\/en-ca\/?s={search_term_string}"},"query-input":{"@type":"PropertyValueSpecification","valueRequired":true,"valueName":"search_term_string"}}],"inLanguage":"fr-CA"},{"@type":"Organization","@id":"https:\/\/gfs.ca\/en-ca\/#organization","name":"Service alimentaire Gordon","url":"https:\/\/gfs.ca\/en-ca\/","logo":{"@type":"ImageObject","inLanguage":"fr-CA","@id":"https:\/\/gfs.ca\/en-ca\/#\/schema\/logo\/image\/","url":"https:\/\/gfs.ca\/wp-content\/uploads\/2025\/11\/GFS-EN-Logo-og-image.png","contentUrl":"https:\/\/gfs.ca\/wp-content\/uploads\/2025\/11\/GFS-EN-Logo-og-image.png","width":1200,"height":630,"caption":"Gordon Food Service"},"image":{"@id":"https:\/\/gfs.ca\/en-ca\/#\/schema\/logo\/image\/"},"sameAs":["https:\/\/www.facebook.com\/GordonFoodService\/","https:\/\/x.com\/GFSDelivers","https:\/\/www.instagram.com\/gordonfoodservice\/","https:\/\/www.linkedin.com\/company\/gordon-food-service\/"]}]}},"_links":{"self":[{"href":"https:\/\/gfs.ca\/fr-ca\/wp-json\/wp\/v2\/pages\/2745","targetHints":{"allow":["GET"]}}],"collection":[{"href":"https:\/\/gfs.ca\/fr-ca\/wp-json\/wp\/v2\/pages"}],"about":[{"href":"https:\/\/gfs.ca\/fr-ca\/wp-json\/wp\/v2\/types\/page"}],"author":[{"embeddable":true,"href":"https:\/\/gfs.ca\/fr-ca\/wp-json\/wp\/v2\/users\/20"}],"replies":[{"embeddable":true,"href":"https:\/\/gfs.ca\/fr-ca\/wp-json\/wp\/v2\/comments?post=2745"}],"version-history":[{"count":0,"href":"https:\/\/gfs.ca\/fr-ca\/wp-json\/wp\/v2\/pages\/2745\/revisions"}],"up":[{"embeddable":true,"href":"https:\/\/gfs.ca\/fr-ca\/wp-json\/wp\/v2\/pages\/577"}],"wp:attachment":[{"href":"https:\/\/gfs.ca\/fr-ca\/wp-json\/wp\/v2\/media?parent=2745"}],"curies":[{"name":"wp","href":"https:\/\/api.w.org\/{rel}","templated":true}]}}