{"id":22972,"date":"2023-01-10T07:32:49","date_gmt":"2023-01-10T13:32:49","guid":{"rendered":"https:\/\/dev-gordon-food-service-canada.pantheonsite.io\/?page_id=22972"},"modified":"2023-01-10T12:13:53","modified_gmt":"2023-01-10T18:13:53","slug":"alerte-a-la-fraude","status":"publish","type":"page","link":"https:\/\/gfs.ca\/fr-ca\/fraud-alert\/","title":{"rendered":"Engagement de Service Alimentaire Gordon en mati\u00e9re de confidentialit\u00e9"},"content":{"rendered":"<div data-elementor-type=\"wp-page\" data-elementor-id=\"22972\" class=\"elementor elementor-22972\" data-elementor-post-type=\"page\">\n\t\t\t\t\t\t<section data-particle_enable=\"false\" data-particle-mobile-disabled=\"false\" class=\"elementor-section elementor-top-section elementor-element elementor-element-5c1f1b7 elementor-section-boxed elementor-section-height-default elementor-section-height-default\" data-id=\"5c1f1b7\" data-element_type=\"section\" data-e-type=\"section\">\n\t\t\t\t\t\t<div class=\"elementor-container elementor-column-gap-default\">\n\t\t\t\t\t<div class=\"elementor-column elementor-col-100 elementor-top-column elementor-element elementor-element-d15ff10\" data-id=\"d15ff10\" data-element_type=\"column\" data-e-type=\"column\">\n\t\t\t<div class=\"elementor-widget-wrap elementor-element-populated\">\n\t\t\t\t\t\t<div class=\"elementor-element elementor-element-4b3a35a elementor-widget elementor-widget-heading\" data-id=\"4b3a35a\" data-element_type=\"widget\" data-e-type=\"widget\" data-widget_type=\"heading.default\">\n\t\t\t\t<div class=\"elementor-widget-container\">\n\t\t\t\t\t<h2 class=\"elementor-heading-title elementor-size-default\">Avertissement sur les offres d'emploi frauduleuses<\/h2>\t\t\t\t<\/div>\n\t\t\t\t<\/div>\n\t\t\t\t<div class=\"elementor-element elementor-element-7d9c7b6 elementor-widget elementor-widget-heading\" data-id=\"7d9c7b6\" data-element_type=\"widget\" data-e-type=\"widget\" data-widget_type=\"heading.default\">\n\t\t\t\t<div class=\"elementor-widget-container\">\n\t\t\t\t\t<h2 class=\"elementor-heading-title elementor-size-default\">Engagement de Service Alimentaire Gordon en mati\u00e9re de confidentialit\u00e9<\/h2>\t\t\t\t<\/div>\n\t\t\t\t<\/div>\n\t\t\t\t<div class=\"elementor-element elementor-element-325009e elementor-widget elementor-widget-text-editor\" data-id=\"325009e\" data-element_type=\"widget\" data-e-type=\"widget\" data-widget_type=\"text-editor.default\">\n\t\t\t\t<div class=\"elementor-widget-container\">\n\t\t\t\t\t\t\t\t\t<p>Il a \u00e9t\u00e9 port\u00e9 \u00e0 notre attention que des offres d\u2019emploi frauduleuses provenant pr\u00e9tendument de Service alimentaire Gordon ou de ses entreprises affili\u00e9es ont circul\u00e9. Les auteurs ont offert de fausses opportunit\u00e9s d\u2019emploi aux candidats et ont souvent demand\u00e9 des informations personnelles et financi\u00e8res sensibles. Ils ont entre autres demand\u00e9 aux candidats de payer pour une formation ou d\u2019autres services en leur promettant un remboursement.<\/p><p>Service alimentaire Gordon ne demande aucun engagement financier de la part des candidats et n\u2019exige pas de paiement \u00e0 un tiers comme pr\u00e9requis \u00e0 l\u2019embauche.<\/p>\t\t\t\t\t\t\t\t<\/div>\n\t\t\t\t<\/div>\n\t\t\t\t\t<\/div>\n\t\t<\/div>\n\t\t\t\t\t<\/div>\n\t\t<\/section>\n\t\t\t\t<section data-particle_enable=\"false\" data-particle-mobile-disabled=\"false\" class=\"elementor-section elementor-top-section elementor-element elementor-element-07bf3be elementor-section-boxed elementor-section-height-default elementor-section-height-default\" data-id=\"07bf3be\" data-element_type=\"section\" data-e-type=\"section\" data-settings=\"{&quot;background_background&quot;:&quot;classic&quot;}\">\n\t\t\t\t\t\t<div class=\"elementor-container elementor-column-gap-default\">\n\t\t\t\t\t<div class=\"elementor-column elementor-col-100 elementor-top-column elementor-element elementor-element-e3a47c4\" data-id=\"e3a47c4\" data-element_type=\"column\" data-e-type=\"column\">\n\t\t\t<div class=\"elementor-widget-wrap elementor-element-populated\">\n\t\t\t\t\t\t<div class=\"elementor-element elementor-element-e9c335c elementor-widget elementor-widget-heading\" data-id=\"e9c335c\" data-element_type=\"widget\" data-e-type=\"widget\" data-widget_type=\"heading.default\">\n\t\t\t\t<div class=\"elementor-widget-container\">\n\t\t\t\t\t<h2 class=\"elementor-heading-title elementor-size-default\">Qu'est-ce que la fraude au recruitement?<\/h2>\t\t\t\t<\/div>\n\t\t\t\t<\/div>\n\t\t\t\t<div class=\"elementor-element elementor-element-342337d elementor-widget elementor-widget-text-editor\" data-id=\"342337d\" data-element_type=\"widget\" data-e-type=\"widget\" data-widget_type=\"text-editor.default\">\n\t\t\t\t<div class=\"elementor-widget-container\">\n\t\t\t\t\t\t\t\t\t<p>La fraude au recrutement est une escroquerie sophistiqu\u00e9e offrant de fausses opportunit\u00e9s aux demandeurs d\u2019emploi. Ce type de fraude s\u2019effectue normalement en ligne, comme sur de faux sites web ou par de faux courriels pr\u00e9tendant provenir de l\u2019entreprise. Des offres peuvent \u00eatre publi\u00e9es sur des sites web ou d\u2019autres babillards d\u2019emploi avec des r\u00e9f\u00e9rences frauduleuses. Les fraudeurs demandent souvent aux destinataires de fournir des informations personnelles et d\u2019effectuer des paiements dans le cadre de leur faux processus de recrutement.<\/p>\t\t\t\t\t\t\t\t<\/div>\n\t\t\t\t<\/div>\n\t\t\t\t\t<\/div>\n\t\t<\/div>\n\t\t\t\t\t<\/div>\n\t\t<\/section>\n\t\t\t\t<section data-particle_enable=\"false\" data-particle-mobile-disabled=\"false\" class=\"elementor-section elementor-top-section elementor-element elementor-element-e58f299 elementor-section-boxed elementor-section-height-default elementor-section-height-default\" data-id=\"e58f299\" data-element_type=\"section\" data-e-type=\"section\">\n\t\t\t\t\t\t<div class=\"elementor-container elementor-column-gap-default\">\n\t\t\t\t\t<div class=\"elementor-column elementor-col-100 elementor-top-column elementor-element elementor-element-ced74cb\" data-id=\"ced74cb\" data-element_type=\"column\" data-e-type=\"column\">\n\t\t\t<div class=\"elementor-widget-wrap elementor-element-populated\">\n\t\t\t\t\t\t<div class=\"elementor-element elementor-element-292e3de elementor-widget elementor-widget-heading\" data-id=\"292e3de\" data-element_type=\"widget\" data-e-type=\"widget\" data-widget_type=\"heading.default\">\n\t\t\t\t<div class=\"elementor-widget-container\">\n\t\t\t\t\t<h2 class=\"elementor-heading-title elementor-size-default\">Comment identifier une fraude au recrutement?<\/h2>\t\t\t\t<\/div>\n\t\t\t\t<\/div>\n\t\t\t\t<div class=\"elementor-element elementor-element-da84e76 elementor-widget elementor-widget-text-editor\" data-id=\"da84e76\" data-element_type=\"widget\" data-e-type=\"widget\" data-widget_type=\"text-editor.default\">\n\t\t\t\t<div class=\"elementor-widget-container\">\n\t\t\t\t\t\t\t\t\t<p>Les offres d\u2019emploi frauduleuses demandent souvent des informations financi\u00e8res ou personnelles au d\u00e9but du processus. Service alimentaire Gordon ne demande aucun engagement ou contribution financi\u00e8re \u00e0 un candidat \u00e0 quelque stade que ce soit du processus de recrutement. Toutes les informations personnelles sont collect\u00e9es par le biais du portail et toutes les communications avec des membres de l\u2019\u00e9quipe sont effectu\u00e9es au moyen d\u2019une adresse de type nom@GFS.com.<\/p><p>Une offre frauduleuse peut inclure une demande de paiement d\u2019une formation avec la promesse d\u2019un remboursement.<\/p><p>Service alimentaire Gordon n\u2019est pas responsable de ces offres et conseille aux candidats de suivre les conseils fournis ci-dessus.<\/p><p>Si vous pensez avoir \u00e9t\u00e9 victime d\u2019une offre d\u2019emploi frauduleuse concernant Service alimentaire Gordon, veuillez nous envoyer un courriel \u00e0\u00a0<a href=\"mailto: talentcanada@gfs.com\" rel=\"noreferrer\">talentcanada@gfs.com<\/a>\u00a0en indiquant \u00aboffre d\u2019emploi frauduleuse\u00bb dans la ligne d\u2019objet et les d\u00e9tails du poste ou appelez notre messagerie vocale au 1-800-664-0039.<\/p><p>Pour plus d\u2019informations sur la mani\u00e8re d\u2019identifier ces fausses offres, consultez le site de la Federal Trade Commission \u00e0 l\u2019adresse suivante (en anglais seulement) :\u00a0<a href=\"https:\/\/consumer.ftc.gov\/articles\/job-scams\" rel=\"noreferrer\">https:\/\/consumer.ftc.gov\/articles\/job-scams<\/a>.<\/p>\t\t\t\t\t\t\t\t<\/div>\n\t\t\t\t<\/div>\n\t\t\t\t\t<\/div>\n\t\t<\/div>\n\t\t\t\t\t<\/div>\n\t\t<\/section>\n\t\t\t\t<\/div>","protected":false},"excerpt":{"rendered":"<p>Gordon Food Service&#8217;s Commitment to Privacy Notice of Fraudulent Job Offers It has been brought to our attention that there have been instances of fraudulent job offers, that are claiming to be from Gordon Food Service and\/or its affiliates (\u201cGFS\u201d). These persons have been offering fraudulent employment opportunities to applicants and often asking for sensitive [&hellip;]<\/p>\n","protected":false},"author":20,"featured_media":0,"parent":0,"menu_order":0,"comment_status":"closed","ping_status":"closed","template":"","meta":{"_acf_changed":false,"footnotes":""},"class_list":["post-22972","page","type-page","status-publish","hentry"],"acf":[],"yoast_head":"<!-- This site is optimized with the Yoast SEO Premium plugin v22.9 (Yoast SEO v27.0) - https:\/\/yoast.com\/product\/yoast-seo-premium-wordpress\/ -->\n<title>Notice of Fraudulent Job Offers | Gordon Food Service<\/title>\n<meta name=\"description\" content=\"Gordon Food Service&#039;s Commitment to Privacy | Notice of Fraudulent Job Offers\" \/>\n<meta name=\"robots\" content=\"index, follow, max-snippet:-1, max-image-preview:large, max-video-preview:-1\" \/>\n<link rel=\"canonical\" href=\"https:\/\/gfs.ca\/fr-ca\/alerte-a-la-fraude\/\" \/>\n<meta property=\"og:locale\" content=\"fr_CA\" \/>\n<meta property=\"og:type\" content=\"article\" \/>\n<meta property=\"og:title\" content=\"Notice of Fraudulent Job Offers\" \/>\n<meta property=\"og:description\" content=\"Gordon Food Service&#039;s Commitment to Privacy | Notice of Fraudulent Job Offers\" \/>\n<meta property=\"og:url\" content=\"https:\/\/gfs.ca\/fr-ca\/alerte-a-la-fraude\/\" \/>\n<meta property=\"og:site_name\" content=\"Gordon Food Service\" \/>\n<meta property=\"article:publisher\" content=\"https:\/\/www.facebook.com\/GordonFoodService\/\" \/>\n<meta property=\"article:modified_time\" content=\"2023-01-10T18:13:53+00:00\" \/>\n<meta property=\"og:image\" content=\"https:\/\/gfs.ca\/wp-content\/uploads\/2023\/02\/GordonFoodService_Logo_RGB.png\" \/>\n\t<meta property=\"og:image:width\" content=\"628\" \/>\n\t<meta property=\"og:image:height\" content=\"210\" \/>\n\t<meta property=\"og:image:type\" content=\"image\/png\" \/>\n<meta name=\"twitter:card\" content=\"summary_large_image\" \/>\n<meta name=\"twitter:site\" content=\"@GFSDelivers\" \/>\n<meta name=\"twitter:label1\" content=\"Estimation du temps de lecture\" \/>\n\t<meta name=\"twitter:data1\" content=\"2 minutes\" \/>\n<!-- \/ Yoast SEO Premium plugin. -->","yoast_head_json":{"title":"Avis d'offres d'emploi frauduleuses | Service Alimentaire Gordon","description":"L'engagement de Service Alimentaire Gordon en mati\u00e8re de protection de la vie priv\u00e9e | Avis d'offres d'emploi frauduleuses","robots":{"index":"index","follow":"follow","max-snippet":"max-snippet:-1","max-image-preview":"max-image-preview:large","max-video-preview":"max-video-preview:-1"},"canonical":"https:\/\/gfs.ca\/fr-ca\/alerte-a-la-fraude\/","og_locale":"fr_CA","og_type":"article","og_title":"Notice of Fraudulent Job Offers","og_description":"Gordon Food Service's Commitment to Privacy | Notice of Fraudulent Job Offers","og_url":"https:\/\/gfs.ca\/fr-ca\/alerte-a-la-fraude\/","og_site_name":"Gordon Food Service","article_publisher":"https:\/\/www.facebook.com\/GordonFoodService\/","article_modified_time":"2023-01-10T18:13:53+00:00","og_image":[{"width":628,"height":210,"url":"https:\/\/gfs.ca\/wp-content\/uploads\/2023\/02\/GordonFoodService_Logo_RGB.png","type":"image\/png"}],"twitter_card":"summary_large_image","twitter_site":"@GFSDelivers","twitter_misc":{"Estimation du temps de lecture":"2 minutes"},"schema":{"@context":"https:\/\/schema.org","@graph":[{"@type":"WebPage","@id":"https:\/\/gfs.ca\/fr-ca\/alerte-a-la-fraude\/","url":"https:\/\/gfs.ca\/fr-ca\/alerte-a-la-fraude\/","name":"Avis d'offres d'emploi frauduleuses | Service Alimentaire Gordon","isPartOf":{"@id":"https:\/\/gfs.ca\/en-ca\/#website"},"datePublished":"2023-01-10T13:32:49+00:00","dateModified":"2023-01-10T18:13:53+00:00","description":"L'engagement de Service Alimentaire Gordon en mati\u00e8re de protection de la vie priv\u00e9e | Avis d'offres d'emploi frauduleuses","breadcrumb":{"@id":"https:\/\/gfs.ca\/fr-ca\/alerte-a-la-fraude\/#breadcrumb"},"inLanguage":"fr-CA","potentialAction":[{"@type":"ReadAction","target":["https:\/\/gfs.ca\/fr-ca\/alerte-a-la-fraude\/"]}]},{"@type":"BreadcrumbList","@id":"https:\/\/gfs.ca\/fr-ca\/alerte-a-la-fraude\/#breadcrumb","itemListElement":[{"@type":"ListItem","position":1,"name":"Home","item":"https:\/\/gfs.ca\/en-ca\/"},{"@type":"ListItem","position":2,"name":"Notice of Fraudulent Job Offers"}]},{"@type":"WebSite","@id":"https:\/\/gfs.ca\/en-ca\/#website","url":"https:\/\/gfs.ca\/en-ca\/","name":"Service alimentaire Gordon","description":"","publisher":{"@id":"https:\/\/gfs.ca\/en-ca\/#organization"},"potentialAction":[{"@type":"SearchAction","target":{"@type":"EntryPoint","urlTemplate":"https:\/\/gfs.ca\/en-ca\/?s={search_term_string}"},"query-input":{"@type":"PropertyValueSpecification","valueRequired":true,"valueName":"search_term_string"}}],"inLanguage":"fr-CA"},{"@type":"Organization","@id":"https:\/\/gfs.ca\/en-ca\/#organization","name":"Service alimentaire Gordon","url":"https:\/\/gfs.ca\/en-ca\/","logo":{"@type":"ImageObject","inLanguage":"fr-CA","@id":"https:\/\/gfs.ca\/en-ca\/#\/schema\/logo\/image\/","url":"https:\/\/gfs.ca\/wp-content\/uploads\/2025\/11\/GFS-EN-Logo-og-image.png","contentUrl":"https:\/\/gfs.ca\/wp-content\/uploads\/2025\/11\/GFS-EN-Logo-og-image.png","width":1200,"height":630,"caption":"Gordon Food Service"},"image":{"@id":"https:\/\/gfs.ca\/en-ca\/#\/schema\/logo\/image\/"},"sameAs":["https:\/\/www.facebook.com\/GordonFoodService\/","https:\/\/x.com\/GFSDelivers","https:\/\/www.instagram.com\/gordonfoodservice\/","https:\/\/www.linkedin.com\/company\/gordon-food-service\/"]}]}},"_links":{"self":[{"href":"https:\/\/gfs.ca\/fr-ca\/wp-json\/wp\/v2\/pages\/22972","targetHints":{"allow":["GET"]}}],"collection":[{"href":"https:\/\/gfs.ca\/fr-ca\/wp-json\/wp\/v2\/pages"}],"about":[{"href":"https:\/\/gfs.ca\/fr-ca\/wp-json\/wp\/v2\/types\/page"}],"author":[{"embeddable":true,"href":"https:\/\/gfs.ca\/fr-ca\/wp-json\/wp\/v2\/users\/20"}],"replies":[{"embeddable":true,"href":"https:\/\/gfs.ca\/fr-ca\/wp-json\/wp\/v2\/comments?post=22972"}],"version-history":[{"count":0,"href":"https:\/\/gfs.ca\/fr-ca\/wp-json\/wp\/v2\/pages\/22972\/revisions"}],"wp:attachment":[{"href":"https:\/\/gfs.ca\/fr-ca\/wp-json\/wp\/v2\/media?parent=22972"}],"curies":[{"name":"wp","href":"https:\/\/api.w.org\/{rel}","templated":true}]}}