{"id":20838,"date":"2022-12-28T15:29:15","date_gmt":"2022-12-28T21:29:15","guid":{"rendered":"https:\/\/dev-gordon-food-service-canada.pantheonsite.io\/?page_id=20838"},"modified":"2025-07-01T16:29:33","modified_gmt":"2025-07-01T20:29:33","slug":"soumission-des-fournisseurs","status":"publish","type":"page","link":"https:\/\/gfs.ca\/fr-ca\/vendor-submission\/","title":{"rendered":"Soumission des fournisseurs"},"content":{"rendered":"<div data-elementor-type=\"wp-page\" data-elementor-id=\"20838\" class=\"elementor elementor-20838\" data-elementor-post-type=\"page\">\n\t\t\t\t<div data-particle_enable=\"false\" data-particle-mobile-disabled=\"false\" class=\"elementor-element elementor-element-305951a6 e-flex e-con-boxed e-con e-parent\" data-id=\"305951a6\" data-element_type=\"container\" data-e-type=\"container\" data-settings=\"{&quot;background_background&quot;:&quot;classic&quot;}\">\n\t\t\t\t\t<div class=\"e-con-inner\">\n\t\t<div data-particle_enable=\"false\" data-particle-mobile-disabled=\"false\" class=\"elementor-element elementor-element-733d0320 e-con-full e-flex e-con e-child\" data-id=\"733d0320\" data-element_type=\"container\" data-e-type=\"container\">\n\t\t\t\t<div class=\"elementor-element elementor-element-3127a937 elementor-widget elementor-widget-heading\" data-id=\"3127a937\" data-element_type=\"widget\" data-e-type=\"widget\" data-widget_type=\"heading.default\">\n\t\t\t\t<div class=\"elementor-widget-container\">\n\t\t\t\t\t<h2 class=\"elementor-heading-title elementor-size-default\">Soumission des fournisseurs<\/h2>\t\t\t\t<\/div>\n\t\t\t\t<\/div>\n\t\t\t\t<div class=\"elementor-element elementor-element-7978c718 elementor-widget elementor-widget-text-editor\" data-id=\"7978c718\" data-element_type=\"widget\" data-e-type=\"widget\" data-widget_type=\"text-editor.default\">\n\t\t\t\t<div class=\"elementor-widget-container\">\n\t\t\t\t\t\t\t\t\t<p>Soumettez votre offre de produits<\/p>\t\t\t\t\t\t\t\t<\/div>\n\t\t\t\t<\/div>\n\t\t\t\t<\/div>\n\t\t\t\t\t<\/div>\n\t\t\t\t<\/div>\n\t\t\t\t<section data-particle_enable=\"false\" data-particle-mobile-disabled=\"false\" class=\"elementor-section elementor-top-section elementor-element elementor-element-16f08c7 elementor-section-boxed elementor-section-height-default elementor-section-height-default\" data-id=\"16f08c7\" data-element_type=\"section\" data-e-type=\"section\">\n\t\t\t\t\t\t<div class=\"elementor-container elementor-column-gap-default\">\n\t\t\t\t\t<div class=\"elementor-column elementor-col-100 elementor-top-column elementor-element elementor-element-436e480\" data-id=\"436e480\" data-element_type=\"column\" data-e-type=\"column\">\n\t\t\t<div class=\"elementor-widget-wrap elementor-element-populated\">\n\t\t\t\t\t\t<div class=\"elementor-element elementor-element-690c348 elementor-widget elementor-widget-heading\" data-id=\"690c348\" data-element_type=\"widget\" data-e-type=\"widget\" data-widget_type=\"heading.default\">\n\t\t\t\t<div class=\"elementor-widget-container\">\n\t\t\t\t\t<h2 class=\"elementor-heading-title elementor-size-default\">Formulaire de soumission pour les fournisseurs<\/h2>\t\t\t\t<\/div>\n\t\t\t\t<\/div>\n\t\t\t\t<div class=\"elementor-element elementor-element-1335dec elementor-widget elementor-widget-text-editor\" data-id=\"1335dec\" data-element_type=\"widget\" data-e-type=\"widget\" data-widget_type=\"text-editor.default\">\n\t\t\t\t<div class=\"elementor-widget-container\">\n\t\t\t\t\t\t\t\t\t<p class=\"translation-block\">Service alimentaire Gordon utilise un logiciel tiers appel\u00e9 <a href=\"https:\/\/www.rangeme.com\/\" rel=\"noreferrer\" target=\"_self\">RangeMe<\/a>, pour la soumission de votre offre de produits. Avec l\u2019examen des cat\u00e9gories, ou si le besoin survient, les acheteurs passeront en revue les produits et les informations des fournisseurs saisis sur le site de RangeMe.<\/p><p>Notez que l\u2019inscription \u00e0 RangeMe est gratuite, ainsi que les soumissions qui y sont effectu\u00e9es. Vous n\u2019avez pas besoin de disposer d\u2019un forfait.<br \/>En cliquant sur l\u2019un des liens ci-dessous, vous serez redirig\u00e9 vers RangeMe pour cr\u00e9er un profil de fournisseur.<\/p>\t\t\t\t\t\t\t\t<\/div>\n\t\t\t\t<\/div>\n\t\t\t\t\t<\/div>\n\t\t<\/div>\n\t\t\t\t\t<\/div>\n\t\t<\/section>\n\t\t\t\t<section data-particle_enable=\"false\" data-particle-mobile-disabled=\"false\" class=\"elementor-section elementor-top-section elementor-element elementor-element-b950928 elementor-section-boxed elementor-section-height-default elementor-section-height-default\" data-id=\"b950928\" data-element_type=\"section\" data-e-type=\"section\" data-settings=\"{&quot;background_background&quot;:&quot;classic&quot;}\">\n\t\t\t\t\t\t<div class=\"elementor-container elementor-column-gap-default\">\n\t\t\t\t\t<div class=\"elementor-column elementor-col-100 elementor-top-column elementor-element elementor-element-b6a1f48\" data-id=\"b6a1f48\" data-element_type=\"column\" data-e-type=\"column\">\n\t\t\t<div class=\"elementor-widget-wrap elementor-element-populated\">\n\t\t\t\t\t\t<div class=\"elementor-element elementor-element-5957e37 elementor-widget elementor-widget-heading\" data-id=\"5957e37\" data-element_type=\"widget\" data-e-type=\"widget\" data-widget_type=\"heading.default\">\n\t\t\t\t<div class=\"elementor-widget-container\">\n\t\t\t\t\t<h2 class=\"elementor-heading-title elementor-size-default\">Choisissez l\u2019un des liens suivants<\/h2>\t\t\t\t<\/div>\n\t\t\t\t<\/div>\n\t\t\t\t<section data-particle_enable=\"false\" data-particle-mobile-disabled=\"false\" class=\"elementor-section elementor-inner-section elementor-element elementor-element-ff1577e elementor-section-boxed elementor-section-height-default elementor-section-height-default\" data-id=\"ff1577e\" data-element_type=\"section\" data-e-type=\"section\">\n\t\t\t\t\t\t<div class=\"elementor-container elementor-column-gap-default\">\n\t\t\t\t\t<div class=\"elementor-column elementor-col-33 elementor-inner-column elementor-element elementor-element-210f7dc\" data-id=\"210f7dc\" data-element_type=\"column\" data-e-type=\"column\">\n\t\t\t<div class=\"elementor-widget-wrap elementor-element-populated\">\n\t\t\t\t\t\t<div class=\"elementor-element elementor-element-98528f7 elementor-widget elementor-widget-image\" data-id=\"98528f7\" data-element_type=\"widget\" data-e-type=\"widget\" data-widget_type=\"image.default\">\n\t\t\t\t<div class=\"elementor-widget-container\">\n\t\t\t\t\t\t\t\t\t\t\t\t\t\t\t<img fetchpriority=\"high\" decoding=\"async\" width=\"765\" height=\"765\" src=\"https:\/\/gfs.ca\/wp-content\/uploads\/2022\/12\/Photo-block-1-1-1.jpg\" class=\"attachment-large size-large wp-image-20840\" alt=\"\" srcset=\"https:\/\/gfs.ca\/wp-content\/uploads\/2022\/12\/Photo-block-1-1-1.jpg 765w, https:\/\/gfs.ca\/wp-content\/uploads\/2022\/12\/Photo-block-1-1-1-300x300.jpg 300w, https:\/\/gfs.ca\/wp-content\/uploads\/2022\/12\/Photo-block-1-1-1-150x150.jpg 150w, https:\/\/gfs.ca\/wp-content\/uploads\/2022\/12\/Photo-block-1-1-1-12x12.jpg 12w\" sizes=\"(max-width: 765px) 100vw, 765px\" \/>\t\t\t\t\t\t\t\t\t\t\t\t\t\t\t<\/div>\n\t\t\t\t<\/div>\n\t\t\t\t<div class=\"elementor-element elementor-element-43b9efa elementor-widget elementor-widget-text-editor\" data-id=\"43b9efa\" data-element_type=\"widget\" data-e-type=\"widget\" data-widget_type=\"text-editor.default\">\n\t\t\t\t<div class=\"elementor-widget-container\">\n\t\t\t\t\t\t\t\t\t<p>Je souhaite devenir un fournisseur de Service alimentaire Gordon.<\/p>\t\t\t\t\t\t\t\t<\/div>\n\t\t\t\t<\/div>\n\t\t\t\t<div class=\"elementor-element elementor-element-0a09375 elementor-align-center elementor-widget elementor-widget-button\" data-id=\"0a09375\" data-element_type=\"widget\" data-e-type=\"widget\" data-widget_type=\"button.default\">\n\t\t\t\t<div class=\"elementor-widget-container\">\n\t\t\t\t\t\t\t\t\t<div class=\"elementor-button-wrapper\">\n\t\t\t\t\t<a class=\"elementor-button elementor-button-link elementor-size-sm\" href=\"https:\/\/www.rangeme.com\/gordonfoodservice\" target=\"_blank\">\n\t\t\t\t\t\t<span class=\"elementor-button-content-wrapper\">\n\t\t\t\t\t\t\t\t\t<span class=\"elementor-button-text\">En savoir plus<\/span>\n\t\t\t\t\t<\/span>\n\t\t\t\t\t<\/a>\n\t\t\t\t<\/div>\n\t\t\t\t\t\t\t\t<\/div>\n\t\t\t\t<\/div>\n\t\t\t\t\t<\/div>\n\t\t<\/div>\n\t\t\t\t<div class=\"elementor-column elementor-col-33 elementor-inner-column elementor-element elementor-element-57b47f8\" data-id=\"57b47f8\" data-element_type=\"column\" data-e-type=\"column\">\n\t\t\t<div class=\"elementor-widget-wrap elementor-element-populated\">\n\t\t\t\t\t\t<div class=\"elementor-element elementor-element-ea9d8e1 elementor-widget elementor-widget-image\" data-id=\"ea9d8e1\" data-element_type=\"widget\" data-e-type=\"widget\" data-widget_type=\"image.default\">\n\t\t\t\t<div class=\"elementor-widget-container\">\n\t\t\t\t\t\t\t\t\t\t\t\t\t\t\t<img decoding=\"async\" width=\"765\" height=\"765\" src=\"https:\/\/gfs.ca\/wp-content\/uploads\/2022\/12\/photo-block-2-1.jpg\" class=\"attachment-large size-large wp-image-20841\" alt=\"\" srcset=\"https:\/\/gfs.ca\/wp-content\/uploads\/2022\/12\/photo-block-2-1.jpg 765w, https:\/\/gfs.ca\/wp-content\/uploads\/2022\/12\/photo-block-2-1-300x300.jpg 300w, https:\/\/gfs.ca\/wp-content\/uploads\/2022\/12\/photo-block-2-1-150x150.jpg 150w, https:\/\/gfs.ca\/wp-content\/uploads\/2022\/12\/photo-block-2-1-12x12.jpg 12w\" sizes=\"(max-width: 765px) 100vw, 765px\" \/>\t\t\t\t\t\t\t\t\t\t\t\t\t\t\t<\/div>\n\t\t\t\t<\/div>\n\t\t\t\t<div class=\"elementor-element elementor-element-a81bb62 elementor-widget elementor-widget-text-editor\" data-id=\"a81bb62\" data-element_type=\"widget\" data-e-type=\"widget\" data-widget_type=\"text-editor.default\">\n\t\t\t\t<div class=\"elementor-widget-container\">\n\t\t\t\t\t\t\t\t\t<p>Je souhaite fournir des produits pour les marques exclusives de Service alimentaire Gordon.<\/p>\t\t\t\t\t\t\t\t<\/div>\n\t\t\t\t<\/div>\n\t\t\t\t<div class=\"elementor-element elementor-element-436e3c0 elementor-align-center elementor-widget elementor-widget-button\" data-id=\"436e3c0\" data-element_type=\"widget\" data-e-type=\"widget\" data-widget_type=\"button.default\">\n\t\t\t\t<div class=\"elementor-widget-container\">\n\t\t\t\t\t\t\t\t\t<div class=\"elementor-button-wrapper\">\n\t\t\t\t\t<a class=\"elementor-button elementor-button-link elementor-size-sm\" href=\"https:\/\/www.rangeme.com\/gordonfoodserviceprivatelabel\" target=\"_blank\">\n\t\t\t\t\t\t<span class=\"elementor-button-content-wrapper\">\n\t\t\t\t\t\t\t\t\t<span class=\"elementor-button-text\">En savoir plus<\/span>\n\t\t\t\t\t<\/span>\n\t\t\t\t\t<\/a>\n\t\t\t\t<\/div>\n\t\t\t\t\t\t\t\t<\/div>\n\t\t\t\t<\/div>\n\t\t\t\t\t<\/div>\n\t\t<\/div>\n\t\t\t\t<div class=\"elementor-column elementor-col-33 elementor-inner-column elementor-element elementor-element-598dfd9\" data-id=\"598dfd9\" data-element_type=\"column\" data-e-type=\"column\">\n\t\t\t<div class=\"elementor-widget-wrap elementor-element-populated\">\n\t\t\t\t\t\t<div class=\"elementor-element elementor-element-40bab86 elementor-widget elementor-widget-image\" data-id=\"40bab86\" data-element_type=\"widget\" data-e-type=\"widget\" data-widget_type=\"image.default\">\n\t\t\t\t<div class=\"elementor-widget-container\">\n\t\t\t\t\t\t\t\t\t\t\t\t\t\t\t<img decoding=\"async\" width=\"765\" height=\"765\" src=\"https:\/\/gfs.ca\/wp-content\/uploads\/2022\/12\/Photo-block-3.jpg\" class=\"attachment-large size-large wp-image-20842\" alt=\"\" srcset=\"https:\/\/gfs.ca\/wp-content\/uploads\/2022\/12\/Photo-block-3.jpg 765w, https:\/\/gfs.ca\/wp-content\/uploads\/2022\/12\/Photo-block-3-300x300.jpg 300w, https:\/\/gfs.ca\/wp-content\/uploads\/2022\/12\/Photo-block-3-150x150.jpg 150w, https:\/\/gfs.ca\/wp-content\/uploads\/2022\/12\/Photo-block-3-12x12.jpg 12w\" sizes=\"(max-width: 765px) 100vw, 765px\" \/>\t\t\t\t\t\t\t\t\t\t\t\t\t\t\t<\/div>\n\t\t\t\t<\/div>\n\t\t\t\t<div class=\"elementor-element elementor-element-745decd elementor-widget elementor-widget-text-editor\" data-id=\"745decd\" data-element_type=\"widget\" data-e-type=\"widget\" data-widget_type=\"text-editor.default\">\n\t\t\t\t<div class=\"elementor-widget-container\">\n\t\t\t\t\t\t\t\t\t<p>Je suis un fournisseur issu de la diversit\u00e9 et souhaite faire affaire avec Service alimentaire Gordon.<\/p>\t\t\t\t\t\t\t\t<\/div>\n\t\t\t\t<\/div>\n\t\t\t\t<div class=\"elementor-element elementor-element-c652cbe elementor-align-center elementor-widget elementor-widget-button\" data-id=\"c652cbe\" data-element_type=\"widget\" data-e-type=\"widget\" data-widget_type=\"button.default\">\n\t\t\t\t<div class=\"elementor-widget-container\">\n\t\t\t\t\t\t\t\t\t<div class=\"elementor-button-wrapper\">\n\t\t\t\t\t<a class=\"elementor-button elementor-button-link elementor-size-sm\" href=\"https:\/\/www.rangeme.com\/gordonfoodservicesupplierdiversity\" target=\"_blank\">\n\t\t\t\t\t\t<span class=\"elementor-button-content-wrapper\">\n\t\t\t\t\t\t\t\t\t<span class=\"elementor-button-text\">En savoir plus<\/span>\n\t\t\t\t\t<\/span>\n\t\t\t\t\t<\/a>\n\t\t\t\t<\/div>\n\t\t\t\t\t\t\t\t<\/div>\n\t\t\t\t<\/div>\n\t\t\t\t\t<\/div>\n\t\t<\/div>\n\t\t\t\t\t<\/div>\n\t\t<\/section>\n\t\t\t\t\t<\/div>\n\t\t<\/div>\n\t\t\t\t\t<\/div>\n\t\t<\/section>\n\t\t\t\t<section data-particle_enable=\"false\" data-particle-mobile-disabled=\"false\" class=\"elementor-section elementor-top-section elementor-element elementor-element-3609221 elementor-section-boxed elementor-section-height-default elementor-section-height-default\" data-id=\"3609221\" data-element_type=\"section\" data-e-type=\"section\">\n\t\t\t\t\t\t<div class=\"elementor-container elementor-column-gap-default\">\n\t\t\t\t\t<div class=\"elementor-column elementor-col-100 elementor-top-column elementor-element elementor-element-a2c7986\" data-id=\"a2c7986\" data-element_type=\"column\" data-e-type=\"column\">\n\t\t\t<div class=\"elementor-widget-wrap elementor-element-populated\">\n\t\t\t\t\t\t<div class=\"elementor-element elementor-element-7961efb elementor-widget elementor-widget-heading\" data-id=\"7961efb\" data-element_type=\"widget\" data-e-type=\"widget\" data-widget_type=\"heading.default\">\n\t\t\t\t<div class=\"elementor-widget-container\">\n\t\t\t\t\t<h2 class=\"elementor-heading-title elementor-size-default\">En cliquant sur l\u2019un des liens ci-dessus, vous serez redirig\u00e9 vers un site Web externe.<\/h2>\t\t\t\t<\/div>\n\t\t\t\t<\/div>\n\t\t\t\t<div class=\"elementor-element elementor-element-be20c16 elementor-widget elementor-widget-text-editor\" data-id=\"be20c16\" data-element_type=\"widget\" data-e-type=\"widget\" data-widget_type=\"text-editor.default\">\n\t\t\t\t<div class=\"elementor-widget-container\">\n\t\t\t\t\t\t\t\t\t<p>AVERTISSEMENT : Vous quittez maintenant le site Web de Service alimentaire Gordon et serez redirig\u00e9 vers le site tiers rangeme.com, qui n\u2019est ni d\u00e9tenu ni exploit\u00e9 par Service alimentaire Gordon. Service alimentaire Gordon n\u2019est pas responsable des sites tiers. En fournissant des informations personnelles ou professionnelles \u00e0 RangeMe, vous reconnaissez que vous autorisez la transmission directe ou indirecte de celles-ci \u00e0 Service alimentaire Gordon. Vous consentez \u00e9galement \u00e0 ce que nous divulguions ces informations aux employ\u00e9s, agents et affili\u00e9s de Service alimentaire Gordon et \u00e0 ce que nous utilisions ces informations pour vous contacter ou \u00e0 toute autre fin commerciale, bien que nous n\u2019ayons aucune obligation de le faire.\u00a0<\/p><p>De plus, vous reconnaissez que : 1) votre utilisation de sites tiers se fait enti\u00e8rement \u00e0 vos risques;\u00a0<br \/>2) toutes les activit\u00e9s auxquelles vous vous livrez ou les informations que vous divulguez sur des sites tiers sont soumises aux conditions et politiques de ces sites; 3) Service alimentaire Gordon n\u2019a aucun contr\u00f4le sur les conditions, politiques, op\u00e9rations, actions ou omissions des sites tiers ou de leurs op\u00e9rateurs ou agents, y compris ce qui concerne l\u2019utilisation, la confidentialit\u00e9 ou la s\u00e9curit\u00e9 des donn\u00e9es ainsi que les communications ou le respect de la l\u00e9gislation applicable (elle n\u2019en est donc pas responsable); 4) Service alimentaire Gordon n\u2019est pas responsable de toute r\u00e9clamation pouvant d\u00e9couler de votre utilisation de sites tiers, ni de perte ou dommage direct, indirect, cons\u00e9cutif, accessoire, sp\u00e9cial ou autre pouvant en r\u00e9sulter, quelle que soit la th\u00e9orie juridique sur laquelle ces r\u00e9clamations ou pertes sont fond\u00e9es.<\/p>\t\t\t\t\t\t\t\t<\/div>\n\t\t\t\t<\/div>\n\t\t\t\t\t<\/div>\n\t\t<\/div>\n\t\t\t\t\t<\/div>\n\t\t<\/section>\n\t\t\t\t<\/div>","protected":false},"excerpt":{"rendered":"<p>Vendor Submission Submit Your Product Offerings Vendor Submission Form Gordon Food Service leverages a third party software,\u00a0RangeMe, \u00a0to submit your product offerings to us. As category reviews occur, or the need arises, buyers will review products and vendor information entered on the RangeMe site. Please note that registration and submission in RangeMe is free. A [&hellip;]<\/p>\n","protected":false},"author":20,"featured_media":0,"parent":0,"menu_order":0,"comment_status":"closed","ping_status":"closed","template":"","meta":{"_acf_changed":false,"footnotes":""},"class_list":["post-20838","page","type-page","status-publish","hentry"],"acf":[],"yoast_head":"<!-- This site is optimized with the Yoast SEO Premium plugin v22.9 (Yoast SEO v27.0) - https:\/\/yoast.com\/product\/yoast-seo-premium-wordpress\/ -->\n<title>Vendor Submission | Gordon Food Service<\/title>\n<meta name=\"description\" content=\"Gordon Food Service leverages a third party software, RangeMe, to submit your product offerings to us. Learn more today.\" \/>\n<meta name=\"robots\" content=\"index, follow, max-snippet:-1, max-image-preview:large, max-video-preview:-1\" \/>\n<link rel=\"canonical\" href=\"https:\/\/gfs.ca\/fr-ca\/soumission-des-fournisseurs\/\" \/>\n<meta property=\"og:locale\" content=\"fr_CA\" \/>\n<meta property=\"og:type\" content=\"article\" \/>\n<meta property=\"og:title\" content=\"Vendor Submission\" \/>\n<meta property=\"og:description\" content=\"Gordon Food Service leverages a third party software, RangeMe, to submit your product offerings to us. Learn more today.\" \/>\n<meta property=\"og:url\" content=\"https:\/\/gfs.ca\/fr-ca\/soumission-des-fournisseurs\/\" \/>\n<meta property=\"og:site_name\" content=\"Gordon Food Service\" \/>\n<meta property=\"article:publisher\" content=\"https:\/\/www.facebook.com\/GordonFoodService\/\" \/>\n<meta property=\"article:modified_time\" content=\"2025-07-01T20:29:33+00:00\" \/>\n<meta property=\"og:image\" content=\"https:\/\/gfs.ca\/wp-content\/uploads\/2022\/12\/Photo-block-1-1-1.jpg\" \/>\n<meta name=\"twitter:card\" content=\"summary_large_image\" \/>\n<meta name=\"twitter:site\" content=\"@GFSDelivers\" \/>\n<meta name=\"twitter:label1\" content=\"Estimation du temps de lecture\" \/>\n\t<meta name=\"twitter:data1\" content=\"3 minutes\" \/>\n<!-- \/ Yoast SEO Premium plugin. -->","yoast_head_json":{"title":"Vendor Submission | Service Alimentaire Gordon","description":"Service Alimentaire Gordon utilise un logiciel tiers, RangeMe, pour nous soumettre vos offres de produits. Apprenez-en plus aujourd'hui.","robots":{"index":"index","follow":"follow","max-snippet":"max-snippet:-1","max-image-preview":"max-image-preview:large","max-video-preview":"max-video-preview:-1"},"canonical":"https:\/\/gfs.ca\/fr-ca\/soumission-des-fournisseurs\/","og_locale":"fr_CA","og_type":"article","og_title":"Vendor Submission","og_description":"Gordon Food Service leverages a third party software, RangeMe, to submit your product offerings to us. Learn more today.","og_url":"https:\/\/gfs.ca\/fr-ca\/soumission-des-fournisseurs\/","og_site_name":"Gordon Food Service","article_publisher":"https:\/\/www.facebook.com\/GordonFoodService\/","article_modified_time":"2025-07-01T20:29:33+00:00","og_image":[{"url":"https:\/\/gfs.ca\/wp-content\/uploads\/2022\/12\/Photo-block-1-1-1.jpg","type":"","width":"","height":""}],"twitter_card":"summary_large_image","twitter_site":"@GFSDelivers","twitter_misc":{"Estimation du temps de lecture":"3 minutes"},"schema":{"@context":"https:\/\/schema.org","@graph":[{"@type":"WebPage","@id":"https:\/\/gfs.ca\/en-ca\/vendor-submission\/","url":"https:\/\/gfs.ca\/en-ca\/vendor-submission\/","name":"Vendor Submission | Service Alimentaire Gordon","isPartOf":{"@id":"https:\/\/gfs.ca\/en-ca\/#website"},"primaryImageOfPage":{"@id":"https:\/\/gfs.ca\/en-ca\/vendor-submission\/#primaryimage"},"image":{"@id":"https:\/\/gfs.ca\/en-ca\/vendor-submission\/#primaryimage"},"thumbnailUrl":"https:\/\/gfs.ca\/wp-content\/uploads\/2022\/12\/Photo-block-1-1-1.jpg","datePublished":"2022-12-28T21:29:15+00:00","dateModified":"2025-07-01T20:29:33+00:00","description":"Service Alimentaire Gordon utilise un logiciel tiers, RangeMe, pour nous soumettre vos offres de produits. Apprenez-en plus aujourd'hui.","breadcrumb":{"@id":"https:\/\/gfs.ca\/en-ca\/vendor-submission\/#breadcrumb"},"inLanguage":"fr-CA","potentialAction":[{"@type":"ReadAction","target":["https:\/\/gfs.ca\/en-ca\/vendor-submission\/"]}]},{"@type":"ImageObject","inLanguage":"fr-CA","@id":"https:\/\/gfs.ca\/en-ca\/vendor-submission\/#primaryimage","url":"https:\/\/gfs.ca\/wp-content\/uploads\/2022\/12\/Photo-block-1-1-1.jpg","contentUrl":"https:\/\/gfs.ca\/wp-content\/uploads\/2022\/12\/Photo-block-1-1-1.jpg"},{"@type":"BreadcrumbList","@id":"https:\/\/gfs.ca\/en-ca\/vendor-submission\/#breadcrumb","itemListElement":[{"@type":"ListItem","position":1,"name":"Home","item":"https:\/\/gfs.ca\/en-ca\/"},{"@type":"ListItem","position":2,"name":"Vendor Submission"}]},{"@type":"WebSite","@id":"https:\/\/gfs.ca\/en-ca\/#website","url":"https:\/\/gfs.ca\/en-ca\/","name":"Service alimentaire Gordon","description":"","publisher":{"@id":"https:\/\/gfs.ca\/en-ca\/#organization"},"potentialAction":[{"@type":"SearchAction","target":{"@type":"EntryPoint","urlTemplate":"https:\/\/gfs.ca\/en-ca\/?s={search_term_string}"},"query-input":{"@type":"PropertyValueSpecification","valueRequired":true,"valueName":"search_term_string"}}],"inLanguage":"fr-CA"},{"@type":"Organization","@id":"https:\/\/gfs.ca\/en-ca\/#organization","name":"Service alimentaire Gordon","url":"https:\/\/gfs.ca\/en-ca\/","logo":{"@type":"ImageObject","inLanguage":"fr-CA","@id":"https:\/\/gfs.ca\/en-ca\/#\/schema\/logo\/image\/","url":"https:\/\/gfs.ca\/wp-content\/uploads\/2025\/11\/GFS-EN-Logo-og-image.png","contentUrl":"https:\/\/gfs.ca\/wp-content\/uploads\/2025\/11\/GFS-EN-Logo-og-image.png","width":1200,"height":630,"caption":"Gordon Food Service"},"image":{"@id":"https:\/\/gfs.ca\/en-ca\/#\/schema\/logo\/image\/"},"sameAs":["https:\/\/www.facebook.com\/GordonFoodService\/","https:\/\/x.com\/GFSDelivers","https:\/\/www.instagram.com\/gordonfoodservice\/","https:\/\/www.linkedin.com\/company\/gordon-food-service\/"]}]}},"_links":{"self":[{"href":"https:\/\/gfs.ca\/fr-ca\/wp-json\/wp\/v2\/pages\/20838","targetHints":{"allow":["GET"]}}],"collection":[{"href":"https:\/\/gfs.ca\/fr-ca\/wp-json\/wp\/v2\/pages"}],"about":[{"href":"https:\/\/gfs.ca\/fr-ca\/wp-json\/wp\/v2\/types\/page"}],"author":[{"embeddable":true,"href":"https:\/\/gfs.ca\/fr-ca\/wp-json\/wp\/v2\/users\/20"}],"replies":[{"embeddable":true,"href":"https:\/\/gfs.ca\/fr-ca\/wp-json\/wp\/v2\/comments?post=20838"}],"version-history":[{"count":3,"href":"https:\/\/gfs.ca\/fr-ca\/wp-json\/wp\/v2\/pages\/20838\/revisions"}],"predecessor-version":[{"id":38874,"href":"https:\/\/gfs.ca\/fr-ca\/wp-json\/wp\/v2\/pages\/20838\/revisions\/38874"}],"wp:attachment":[{"href":"https:\/\/gfs.ca\/fr-ca\/wp-json\/wp\/v2\/media?parent=20838"}],"curies":[{"name":"wp","href":"https:\/\/api.w.org\/{rel}","templated":true}]}}