{"id":20474,"date":"2022-12-27T15:32:12","date_gmt":"2022-12-27T21:32:12","guid":{"rendered":"https:\/\/dev-gordon-food-service-canada.pantheonsite.io\/?page_id=20474"},"modified":"2025-07-30T13:14:34","modified_gmt":"2025-07-30T17:14:34","slug":"gordon-culinaire-pro","status":"publish","type":"page","link":"https:\/\/gfs.ca\/fr-ca\/products-services\/technology-solutions\/gordon-culinary-pro\/","title":{"rendered":"Gordon Culinaire Pro (version fran\u00e7aise \u00e0 venir)"},"content":{"rendered":"<div data-elementor-type=\"wp-page\" data-elementor-id=\"20474\" class=\"elementor elementor-20474\" data-elementor-post-type=\"page\">\n\t\t\t\t<div data-particle_enable=\"false\" data-particle-mobile-disabled=\"false\" class=\"elementor-element elementor-element-37e4146 e-flex e-con-boxed e-con e-parent\" data-id=\"37e4146\" data-element_type=\"container\" data-e-type=\"container\" data-settings=\"{&quot;background_background&quot;:&quot;classic&quot;}\">\n\t\t\t\t\t<div class=\"e-con-inner\">\n\t\t<div data-particle_enable=\"false\" data-particle-mobile-disabled=\"false\" class=\"elementor-element elementor-element-1121069 e-con-full e-flex e-con e-child\" data-id=\"1121069\" data-element_type=\"container\" data-e-type=\"container\">\n\t\t\t\t<div class=\"elementor-element elementor-element-25a7280 elementor-widget elementor-widget-heading\" data-id=\"25a7280\" data-element_type=\"widget\" data-e-type=\"widget\" data-widget_type=\"heading.default\">\n\t\t\t\t<div class=\"elementor-widget-container\">\n\t\t\t\t\t<h2 class=\"elementor-heading-title elementor-size-default\">Gordon Culinaire Pro (version fran\u00e7aise \u00e0 venir)<\/h2>\t\t\t\t<\/div>\n\t\t\t\t<\/div>\n\t\t\t\t<div class=\"elementor-element elementor-element-6e22a6b elementor-widget elementor-widget-text-editor\" data-id=\"6e22a6b\" data-element_type=\"widget\" data-e-type=\"widget\" data-widget_type=\"text-editor.default\">\n\t\t\t\t<div class=\"elementor-widget-container\">\n\t\t\t\t\t\t\t\t\t<p>Am\u00e9liorez la gestion de vos recettes<\/p>\t\t\t\t\t\t\t\t<\/div>\n\t\t\t\t<\/div>\n\t\t<div data-particle_enable=\"false\" data-particle-mobile-disabled=\"false\" class=\"elementor-element elementor-element-33331ef e-grid e-con-full e-con e-child\" data-id=\"33331ef\" data-element_type=\"container\" data-e-type=\"container\">\n\t\t\t\t<div class=\"elementor-element elementor-element-28ab22e elementor-widget elementor-widget-button\" data-id=\"28ab22e\" data-element_type=\"widget\" data-e-type=\"widget\" data-widget_type=\"button.default\">\n\t\t\t\t<div class=\"elementor-widget-container\">\n\t\t\t\t\t\t\t\t\t<div class=\"elementor-button-wrapper\">\n\t\t\t\t\t<a class=\"elementor-button elementor-button-link elementor-size-sm\" href=\"https:\/\/meetings.hubspot.com\/sergio171\/book-a-gordon-culinary-pro-demo-with-our-team\" target=\"_blank\">\n\t\t\t\t\t\t<span class=\"elementor-button-content-wrapper\">\n\t\t\t\t\t\t\t\t\t<span class=\"elementor-button-text\">R\u00e9server une d\u00e9mo<\/span>\n\t\t\t\t\t<\/span>\n\t\t\t\t\t<\/a>\n\t\t\t\t<\/div>\n\t\t\t\t\t\t\t\t<\/div>\n\t\t\t\t<\/div>\n\t\t\t\t<\/div>\n\t\t\t\t<\/div>\n\t\t\t\t\t<\/div>\n\t\t\t\t<\/div>\n\t\t<div data-particle_enable=\"false\" data-particle-mobile-disabled=\"false\" class=\"elementor-element elementor-element-9498bc7 e-flex e-con-boxed e-con e-parent\" data-id=\"9498bc7\" data-element_type=\"container\" data-e-type=\"container\">\n\t\t\t\t\t<div class=\"e-con-inner\">\n\t\t<div data-particle_enable=\"false\" data-particle-mobile-disabled=\"false\" class=\"elementor-element elementor-element-aa13b17 e-con-full e-flex e-con e-child\" data-id=\"aa13b17\" data-element_type=\"container\" data-e-type=\"container\">\n\t\t\t\t<div class=\"elementor-element elementor-element-90b5b35 elementor-widget elementor-widget-text-editor\" data-id=\"90b5b35\" data-element_type=\"widget\" data-e-type=\"widget\" data-widget_type=\"text-editor.default\">\n\t\t\t\t<div class=\"elementor-widget-container\">\n\t\t\t\t\t\t\t\t\t<p>GESTION DES RECETTES<\/p>\t\t\t\t\t\t\t\t<\/div>\n\t\t\t\t<\/div>\n\t\t\t\t<div class=\"elementor-element elementor-element-dbea79c elementor-widget elementor-widget-heading\" data-id=\"dbea79c\" data-element_type=\"widget\" data-e-type=\"widget\" data-widget_type=\"heading.default\">\n\t\t\t\t<div class=\"elementor-widget-container\">\n\t\t\t\t\t<h2 class=\"elementor-heading-title elementor-size-default translation-block\">Qu\u2019est-ce que Gordon Culinaire Pro?<\/h2>\t\t\t\t<\/div>\n\t\t\t\t<\/div>\n\t\t\t\t<div class=\"elementor-element elementor-element-7ef3666 elementor-widget elementor-widget-text-editor\" data-id=\"7ef3666\" data-element_type=\"widget\" data-e-type=\"widget\" data-widget_type=\"text-editor.default\">\n\t\t\t\t<div class=\"elementor-widget-container\">\n\t\t\t\t\t\t\t\t\t<p>Cette solution permet aux chefs et aux membres de l'\u00e9quipe culinaire de cr\u00e9er et d'organiser efficacement leurs recettes et de former rapidement le personnel.<\/p><ul><li>Voyez les co\u00fbts th\u00e9oriques des aliments<\/li><li>Cr\u00e9ez des recettes au moyen d'une base de donn\u00e9es int\u00e9gr\u00e9e<\/li><li>Gardez en ordre vos livres de recettes, vos notes, vos vid\u00e9os, vos photos, etc.<\/li><li>Profitez de tableaux de prix pr\u00e9cis et de co\u00fbts actualis\u00e9s en temps r\u00e9el\u00a0<\/li><li>Partagez des photos et des vid\u00e9os de recettes pour la formation du personnel<\/li><\/ul>\t\t\t\t\t\t\t\t<\/div>\n\t\t\t\t<\/div>\n\t\t<div data-particle_enable=\"false\" data-particle-mobile-disabled=\"false\" class=\"elementor-element elementor-element-ff8900b e-grid e-con-full e-con e-child\" data-id=\"ff8900b\" data-element_type=\"container\" data-e-type=\"container\">\n\t\t\t\t<div class=\"elementor-element elementor-element-44d5d58 elementor-widget elementor-widget-button\" data-id=\"44d5d58\" data-element_type=\"widget\" data-e-type=\"widget\" data-widget_type=\"button.default\">\n\t\t\t\t<div class=\"elementor-widget-container\">\n\t\t\t\t\t\t\t\t\t<div class=\"elementor-button-wrapper\">\n\t\t\t\t\t<a class=\"elementor-button elementor-button-link elementor-size-sm\" href=\"https:\/\/cxslv04.na1.hs-sales-engage.com\/Ctc\/LY+23284\/cXsLV04\/JkM2-6qcW6N1vHY6lZ3ptW2TBKv03xN_lFN8V_tTHv92ynW35ydtF3V5RDxW2jXpZn3sxZJvW8w4C8B4mcWntW5PyP7C8PxsCYW2-d5tX6SG0NyW40w-bC1WZpn-W8Hf6kK7-F-8zN3RkT-GTh9XZW5l0Vpg318JYCN6gSZRTWQX8sW83_8gV48PMtzW20dJSN356_NjW5j2Xdz1V1dNqW4F-mDZ6Vx-hWVGsRsb14Hxf6W18JBt-4JffbvVny-dx397Km_W4BfTsz8xgpW_N2zTqyNV1h8DW7QdZGr93m7V6f2DX9Kj04\" target=\"_blank\">\n\t\t\t\t\t\t<span class=\"elementor-button-content-wrapper\">\n\t\t\t\t\t\t\t\t\t<span class=\"elementor-button-text\">R\u00e9server une d\u00e9mo<\/span>\n\t\t\t\t\t<\/span>\n\t\t\t\t\t<\/a>\n\t\t\t\t<\/div>\n\t\t\t\t\t\t\t\t<\/div>\n\t\t\t\t<\/div>\n\t\t\t\t<div class=\"elementor-element elementor-element-aeb16c2 elementor-widget elementor-widget-button\" data-id=\"aeb16c2\" data-element_type=\"widget\" data-e-type=\"widget\" data-widget_type=\"button.default\">\n\t\t\t\t<div class=\"elementor-widget-container\">\n\t\t\t\t\t\t\t\t\t<div class=\"elementor-button-wrapper\">\n\t\t\t\t\t<a class=\"elementor-button elementor-button-link elementor-size-sm\" href=\"https:\/\/app.getmeez.com\/login\" target=\"_blank\">\n\t\t\t\t\t\t<span class=\"elementor-button-content-wrapper\">\n\t\t\t\t\t\t\t\t\t<span class=\"elementor-button-text\">Consulter vos recettes<\/span>\n\t\t\t\t\t<\/span>\n\t\t\t\t\t<\/a>\n\t\t\t\t<\/div>\n\t\t\t\t\t\t\t\t<\/div>\n\t\t\t\t<\/div>\n\t\t\t\t<\/div>\n\t\t\t\t<\/div>\n\t\t<div data-particle_enable=\"false\" data-particle-mobile-disabled=\"false\" class=\"elementor-element elementor-element-e33a181 e-con-full e-flex e-con e-child\" data-id=\"e33a181\" data-element_type=\"container\" data-e-type=\"container\">\n\t\t\t\t<div class=\"elementor-element elementor-element-2e03d0c elementor-widget elementor-widget-image\" data-id=\"2e03d0c\" data-element_type=\"widget\" data-e-type=\"widget\" data-widget_type=\"image.default\">\n\t\t\t\t<div class=\"elementor-widget-container\">\n\t\t\t\t\t\t\t\t\t\t\t\t\t\t\t<img fetchpriority=\"high\" decoding=\"async\" width=\"800\" height=\"400\" src=\"https:\/\/gfs.ca\/wp-content\/uploads\/2023\/01\/Gordon-Culinary-Pro-Logo-sRGB-FR.png\" class=\"attachment-large size-large wp-image-36931\" alt=\"\" srcset=\"https:\/\/gfs.ca\/wp-content\/uploads\/2023\/01\/Gordon-Culinary-Pro-Logo-sRGB-FR.png 2400w, https:\/\/gfs.ca\/wp-content\/uploads\/2023\/01\/Gordon-Culinary-Pro-Logo-sRGB-FR-300x165.png 300w, https:\/\/gfs.ca\/wp-content\/uploads\/2023\/01\/Gordon-Culinary-Pro-Logo-sRGB-FR-1024x562.png 1024w, https:\/\/gfs.ca\/wp-content\/uploads\/2023\/01\/Gordon-Culinary-Pro-Logo-sRGB-FR-768x422.png 768w, https:\/\/gfs.ca\/wp-content\/uploads\/2023\/01\/Gordon-Culinary-Pro-Logo-sRGB-FR-1536x844.png 1536w, https:\/\/gfs.ca\/wp-content\/uploads\/2023\/01\/Gordon-Culinary-Pro-Logo-sRGB-FR-2048x1125.png 2048w, https:\/\/gfs.ca\/wp-content\/uploads\/2023\/01\/Gordon-Culinary-Pro-Logo-sRGB-FR-18x10.png 18w\" sizes=\"(max-width: 800px) 100vw, 800px\" \/>\t\t\t\t\t\t\t\t\t\t\t\t\t\t\t<\/div>\n\t\t\t\t<\/div>\n\t\t\t\t<div class=\"elementor-element elementor-element-eb2b924 elementor-widget elementor-widget-video\" data-id=\"eb2b924\" data-element_type=\"widget\" data-e-type=\"widget\" data-settings=\"{&quot;youtube_url&quot;:&quot;https:\\\/\\\/youtu.be\\\/-8s-Dnqq6aw&quot;,&quot;video_type&quot;:&quot;youtube&quot;,&quot;controls&quot;:&quot;yes&quot;}\" data-no-translation=\"\" data-widget_type=\"video.default\">\n\t\t\t\t<div class=\"elementor-widget-container\">\n\t\t\t\t\t<style>.elementor-element-eb2b924{display:none !important}<\/style>\t\t\t\t<\/div>\n\t\t\t\t<\/div>\n\t\t\t\t<div class=\"elementor-element elementor-element-8596dc2 elementor-widget elementor-widget-image\" data-id=\"8596dc2\" data-element_type=\"widget\" data-e-type=\"widget\" data-no-translation=\"\" data-widget_type=\"image.default\">\n\t\t\t\t<div class=\"elementor-widget-container\">\n\t\t\t\t\t\t\t\t\t\t\t\t\t\t\t<img decoding=\"async\" width=\"800\" height=\"511\" src=\"https:\/\/gfs.ca\/wp-content\/uploads\/2025\/07\/FR-Gordon-Culinary-Pro.png\" class=\"attachment-large size-large wp-image-40000\" alt=\"\" srcset=\"https:\/\/gfs.ca\/wp-content\/uploads\/2025\/07\/FR-Gordon-Culinary-Pro.png 940w, https:\/\/gfs.ca\/wp-content\/uploads\/2025\/07\/FR-Gordon-Culinary-Pro-300x191.png 300w, https:\/\/gfs.ca\/wp-content\/uploads\/2025\/07\/FR-Gordon-Culinary-Pro-768x490.png 768w, https:\/\/gfs.ca\/wp-content\/uploads\/2025\/07\/FR-Gordon-Culinary-Pro-18x12.png 18w\" sizes=\"(max-width: 800px) 100vw, 800px\" \/>\t\t\t\t\t\t\t\t\t\t\t\t\t\t\t<\/div>\n\t\t\t\t<\/div>\n\t\t\t\t<\/div>\n\t\t\t\t\t<\/div>\n\t\t\t\t<\/div>\n\t\t\t\t<\/div>","protected":false},"excerpt":{"rendered":"<p>Gordon Culinary Pro Elevate Your Recipe Management Book a Demo RECIPE MANAGEMENT What isGordon Culinary Pro? This solution allows chefs and culinary team members to create and organize their recipes efficiently and train staff quickly. View theoretical food costs Create recipes using a built-in database Stay organized with recipe books, notes, videos, photos, etc. Accurate [&hellip;]<\/p>\n","protected":false},"author":20,"featured_media":0,"parent":14113,"menu_order":0,"comment_status":"closed","ping_status":"closed","template":"","meta":{"_acf_changed":false,"footnotes":""},"class_list":["post-20474","page","type-page","status-publish","hentry"],"acf":[],"yoast_head":"<!-- This site is optimized with the Yoast SEO Premium plugin v22.9 (Yoast SEO v27.0) - https:\/\/yoast.com\/product\/yoast-seo-premium-wordpress\/ -->\n<title>Gordon Culinary Pro | Gordon Food Service<\/title>\n<meta name=\"description\" content=\"Gordon Culinary Pro, powered by meez\u2122, allows chefs and culinary team members to create and organize their recipes efficiently and train staff quickly. Learn more today.\" \/>\n<meta name=\"robots\" content=\"index, follow, max-snippet:-1, max-image-preview:large, max-video-preview:-1\" \/>\n<link rel=\"canonical\" href=\"https:\/\/gfs.ca\/fr-ca\/produits-services\/solutions-technologiques\/gordon-culinaire-pro\/\" \/>\n<meta property=\"og:locale\" content=\"fr_CA\" \/>\n<meta property=\"og:type\" content=\"article\" \/>\n<meta property=\"og:title\" content=\"Gordon Culinary Pro\" \/>\n<meta property=\"og:description\" content=\"Gordon Culinary Pro, powered by meez\u2122, allows chefs and culinary team members to create and organize their recipes efficiently and train staff quickly. Learn more today.\" \/>\n<meta property=\"og:url\" content=\"https:\/\/gfs.ca\/fr-ca\/produits-services\/solutions-technologiques\/gordon-culinaire-pro\/\" \/>\n<meta property=\"og:site_name\" content=\"Gordon Food Service\" \/>\n<meta property=\"article:publisher\" content=\"https:\/\/www.facebook.com\/GordonFoodService\/\" \/>\n<meta property=\"article:modified_time\" content=\"2025-07-30T17:14:34+00:00\" \/>\n<meta property=\"og:image\" content=\"https:\/\/gfs.ca\/wp-content\/uploads\/2025\/06\/Gordon-Culinary-Pro-Logo-sRGB-1024x512.png\" \/>\n<meta name=\"twitter:card\" content=\"summary_large_image\" \/>\n<meta name=\"twitter:site\" content=\"@GFSDelivers\" \/>\n<meta name=\"twitter:label1\" content=\"Estimation du temps de lecture\" \/>\n\t<meta name=\"twitter:data1\" content=\"1 minute\" \/>\n<!-- \/ Yoast SEO Premium plugin. -->","yoast_head_json":{"title":"Gordon Culinaire Pro | Service Alimentaire Gordon","description":"Gordon Culinary Pro, aliment\u00e9 par meez\u2122, permet aux chefs et aux membres de l'\u00e9quipe culinaire de cr\u00e9er et d'organiser efficacement leurs recettes et de former rapidement le personnel. Apprenez-en plus d\u00e8s aujourd'hui.","robots":{"index":"index","follow":"follow","max-snippet":"max-snippet:-1","max-image-preview":"max-image-preview:large","max-video-preview":"max-video-preview:-1"},"canonical":"https:\/\/gfs.ca\/fr-ca\/produits-services\/solutions-technologiques\/gordon-culinaire-pro\/","og_locale":"fr_CA","og_type":"article","og_title":"Gordon Culinary Pro","og_description":"Gordon Culinary Pro, powered by meez\u2122, allows chefs and culinary team members to create and organize their recipes efficiently and train staff quickly. Learn more today.","og_url":"https:\/\/gfs.ca\/fr-ca\/produits-services\/solutions-technologiques\/gordon-culinaire-pro\/","og_site_name":"Gordon Food Service","article_publisher":"https:\/\/www.facebook.com\/GordonFoodService\/","article_modified_time":"2025-07-30T17:14:34+00:00","og_image":[{"url":"https:\/\/gfs.ca\/wp-content\/uploads\/2025\/06\/Gordon-Culinary-Pro-Logo-sRGB-1024x512.png","type":"","width":"","height":""}],"twitter_card":"summary_large_image","twitter_site":"@GFSDelivers","twitter_misc":{"Estimation du temps de lecture":"1 minute"},"schema":{"@context":"https:\/\/schema.org","@graph":[{"@type":"WebPage","@id":"https:\/\/gfs.ca\/en-ca\/products-services\/technology-solutions\/gordon-culinary-pro\/","url":"https:\/\/gfs.ca\/en-ca\/products-services\/technology-solutions\/gordon-culinary-pro\/","name":"Gordon Culinaire Pro | Service Alimentaire Gordon","isPartOf":{"@id":"https:\/\/gfs.ca\/en-ca\/#website"},"primaryImageOfPage":{"@id":"https:\/\/gfs.ca\/en-ca\/products-services\/technology-solutions\/gordon-culinary-pro\/#primaryimage"},"image":{"@id":"https:\/\/gfs.ca\/en-ca\/products-services\/technology-solutions\/gordon-culinary-pro\/#primaryimage"},"thumbnailUrl":"https:\/\/gfs.ca\/wp-content\/uploads\/2025\/06\/Gordon-Culinary-Pro-Logo-sRGB-1024x512.png","datePublished":"2022-12-27T21:32:12+00:00","dateModified":"2025-07-30T17:14:34+00:00","description":"Gordon Culinary Pro, aliment\u00e9 par meez\u2122, permet aux chefs et aux membres de l'\u00e9quipe culinaire de cr\u00e9er et d'organiser efficacement leurs recettes et de former rapidement le personnel. Apprenez-en plus d\u00e8s aujourd'hui.","breadcrumb":{"@id":"https:\/\/gfs.ca\/en-ca\/products-services\/technology-solutions\/gordon-culinary-pro\/#breadcrumb"},"inLanguage":"fr-CA","potentialAction":[{"@type":"ReadAction","target":["https:\/\/gfs.ca\/en-ca\/products-services\/technology-solutions\/gordon-culinary-pro\/"]}]},{"@type":"ImageObject","inLanguage":"fr-CA","@id":"https:\/\/gfs.ca\/en-ca\/products-services\/technology-solutions\/gordon-culinary-pro\/#primaryimage","url":"https:\/\/gfs.ca\/wp-content\/uploads\/2025\/06\/Gordon-Culinary-Pro-Logo-sRGB-1024x512.png","contentUrl":"https:\/\/gfs.ca\/wp-content\/uploads\/2025\/06\/Gordon-Culinary-Pro-Logo-sRGB-1024x512.png"},{"@type":"BreadcrumbList","@id":"https:\/\/gfs.ca\/en-ca\/products-services\/technology-solutions\/gordon-culinary-pro\/#breadcrumb","itemListElement":[{"@type":"ListItem","position":1,"name":"Home","item":"https:\/\/gfs.ca\/en-ca\/"},{"@type":"ListItem","position":2,"name":"Products &amp; Services","item":"https:\/\/gfs.ca\/en-ca\/products-services\/"},{"@type":"ListItem","position":3,"name":"Technology Solutions","item":"https:\/\/gfs.ca\/fr-ca\/produits-services\/solutions-technologiques\/"},{"@type":"ListItem","position":4,"name":"Gordon Culinary Pro"}]},{"@type":"WebSite","@id":"https:\/\/gfs.ca\/en-ca\/#website","url":"https:\/\/gfs.ca\/en-ca\/","name":"Service alimentaire Gordon","description":"","publisher":{"@id":"https:\/\/gfs.ca\/en-ca\/#organization"},"potentialAction":[{"@type":"SearchAction","target":{"@type":"EntryPoint","urlTemplate":"https:\/\/gfs.ca\/en-ca\/?s={search_term_string}"},"query-input":{"@type":"PropertyValueSpecification","valueRequired":true,"valueName":"search_term_string"}}],"inLanguage":"fr-CA"},{"@type":"Organization","@id":"https:\/\/gfs.ca\/en-ca\/#organization","name":"Service alimentaire Gordon","url":"https:\/\/gfs.ca\/en-ca\/","logo":{"@type":"ImageObject","inLanguage":"fr-CA","@id":"https:\/\/gfs.ca\/en-ca\/#\/schema\/logo\/image\/","url":"https:\/\/gfs.ca\/wp-content\/uploads\/2025\/11\/GFS-EN-Logo-og-image.png","contentUrl":"https:\/\/gfs.ca\/wp-content\/uploads\/2025\/11\/GFS-EN-Logo-og-image.png","width":1200,"height":630,"caption":"Gordon Food Service"},"image":{"@id":"https:\/\/gfs.ca\/en-ca\/#\/schema\/logo\/image\/"},"sameAs":["https:\/\/www.facebook.com\/GordonFoodService\/","https:\/\/x.com\/GFSDelivers","https:\/\/www.instagram.com\/gordonfoodservice\/","https:\/\/www.linkedin.com\/company\/gordon-food-service\/"]}]}},"_links":{"self":[{"href":"https:\/\/gfs.ca\/fr-ca\/wp-json\/wp\/v2\/pages\/20474","targetHints":{"allow":["GET"]}}],"collection":[{"href":"https:\/\/gfs.ca\/fr-ca\/wp-json\/wp\/v2\/pages"}],"about":[{"href":"https:\/\/gfs.ca\/fr-ca\/wp-json\/wp\/v2\/types\/page"}],"author":[{"embeddable":true,"href":"https:\/\/gfs.ca\/fr-ca\/wp-json\/wp\/v2\/users\/20"}],"replies":[{"embeddable":true,"href":"https:\/\/gfs.ca\/fr-ca\/wp-json\/wp\/v2\/comments?post=20474"}],"version-history":[{"count":36,"href":"https:\/\/gfs.ca\/fr-ca\/wp-json\/wp\/v2\/pages\/20474\/revisions"}],"predecessor-version":[{"id":40003,"href":"https:\/\/gfs.ca\/fr-ca\/wp-json\/wp\/v2\/pages\/20474\/revisions\/40003"}],"up":[{"embeddable":true,"href":"https:\/\/gfs.ca\/fr-ca\/wp-json\/wp\/v2\/pages\/14113"}],"wp:attachment":[{"href":"https:\/\/gfs.ca\/fr-ca\/wp-json\/wp\/v2\/media?parent=20474"}],"curies":[{"name":"wp","href":"https:\/\/api.w.org\/{rel}","templated":true}]}}