{"id":19347,"date":"2022-12-19T08:21:43","date_gmt":"2022-12-19T14:21:43","guid":{"rendered":"https:\/\/live-gordon-food-service.pantheonsite.io\/?page_id=19347"},"modified":"2025-10-23T10:34:29","modified_gmt":"2025-10-23T14:34:29","slug":"integration-edi","status":"publish","type":"page","link":"https:\/\/gfs.ca\/fr-ca\/products-services\/technology-solutions\/ca-edi-integration\/","title":{"rendered":"Int\u00e9gration EDI"},"content":{"rendered":"<div data-elementor-type=\"wp-page\" data-elementor-id=\"19347\" class=\"elementor elementor-19347\" data-elementor-post-type=\"page\">\n\t\t\t\t<div data-particle_enable=\"false\" data-particle-mobile-disabled=\"false\" class=\"elementor-element elementor-element-2f46ca5e e-flex e-con-boxed e-con e-parent\" data-id=\"2f46ca5e\" data-element_type=\"container\" data-e-type=\"container\" data-settings=\"{&quot;background_background&quot;:&quot;classic&quot;}\">\n\t\t\t\t\t<div class=\"e-con-inner\">\n\t\t<div data-particle_enable=\"false\" data-particle-mobile-disabled=\"false\" class=\"elementor-element elementor-element-78eb07f e-con-full e-flex e-con e-child\" data-id=\"78eb07f\" data-element_type=\"container\" data-e-type=\"container\">\n\t\t\t\t<div class=\"elementor-element elementor-element-4e692119 elementor-widget elementor-widget-heading\" data-id=\"4e692119\" data-element_type=\"widget\" data-e-type=\"widget\" data-widget_type=\"heading.default\">\n\t\t\t\t<div class=\"elementor-widget-container\">\n\t\t\t\t\t<h2 class=\"elementor-heading-title elementor-size-default\">Int\u00e9gration EDI<\/h2>\t\t\t\t<\/div>\n\t\t\t\t<\/div>\n\t\t\t\t<div class=\"elementor-element elementor-element-72d77aa3 elementor-widget elementor-widget-text-editor\" data-id=\"72d77aa3\" data-element_type=\"widget\" data-e-type=\"widget\" data-widget_type=\"text-editor.default\">\n\t\t\t\t<div class=\"elementor-widget-container\">\n\t\t\t\t\t\t\t\t\t<p>Utiliser l\u2019\u00e9change de donn\u00e9es informatis\u00e9 (EDI) pour am\u00e9liorer l\u2019efficacit\u00e9 et la rentabilit\u00e9<\/p>\t\t\t\t\t\t\t\t<\/div>\n\t\t\t\t<\/div>\n\t\t\t\t<\/div>\n\t\t\t\t\t<\/div>\n\t\t\t\t<\/div>\n\t\t<div data-particle_enable=\"false\" data-particle-mobile-disabled=\"false\" class=\"elementor-element elementor-element-7c44fbb e-flex e-con-boxed e-con e-parent\" data-id=\"7c44fbb\" data-element_type=\"container\" data-e-type=\"container\">\n\t\t\t\t\t<div class=\"e-con-inner\">\n\t\t<div data-particle_enable=\"false\" data-particle-mobile-disabled=\"false\" class=\"elementor-element elementor-element-bb29c60 e-con-full e-flex e-con e-child\" data-id=\"bb29c60\" data-element_type=\"container\" data-e-type=\"container\">\n\t\t\t\t<div class=\"elementor-element elementor-element-b4c172e elementor-widget elementor-widget-text-editor\" data-id=\"b4c172e\" data-element_type=\"widget\" data-e-type=\"widget\" data-widget_type=\"text-editor.default\">\n\t\t\t\t<div class=\"elementor-widget-container\">\n\t\t\t\t\t\t\t\t\t<p>Nous comprenons que le temps, c\u2019est de l\u2019argent. C\u2019est pourquoi nous vous proposons une m\u00e9thode \u00e9prouv\u00e9e pour r\u00e9duire vos co\u00fbts et augmenter l\u2019efficacit\u00e9, la pr\u00e9cision et la rapidit\u00e9 dans votre \u00e9tablissement.<\/p><p>The dedicated Gordon Food Service team will work with your current software solution to seamlessly place orders and receive invoices with accuracy and efficiency. It is the practice of using EDI (electronic data interchange) to transmit business documents electronically between your back office system and ours, so you can use the system you have to get the results you need.<\/p>\t\t\t\t\t\t\t\t<\/div>\n\t\t\t\t<\/div>\n\t\t\t\t<\/div>\n\t\t\t\t\t<\/div>\n\t\t\t\t<\/div>\n\t\t<div data-particle_enable=\"false\" data-particle-mobile-disabled=\"false\" class=\"elementor-element elementor-element-e34c64a e-flex e-con-boxed e-con e-parent\" data-id=\"e34c64a\" data-element_type=\"container\" data-e-type=\"container\" data-settings=\"{&quot;background_background&quot;:&quot;classic&quot;}\">\n\t\t\t\t\t<div class=\"e-con-inner\">\n\t\t\t\t<div class=\"elementor-element elementor-element-ea60e2 elementor-widget elementor-widget-heading\" data-id=\"ea60e2\" data-element_type=\"widget\" data-e-type=\"widget\" data-widget_type=\"heading.default\">\n\t\t\t\t<div class=\"elementor-widget-container\">\n\t\t\t\t\t<h2 class=\"elementor-heading-title elementor-size-default\">Digital Solution Value Propositions<\/h2>\t\t\t\t<\/div>\n\t\t\t\t<\/div>\n\t\t<div data-particle_enable=\"false\" data-particle-mobile-disabled=\"false\" class=\"elementor-element elementor-element-4907473 e-grid e-con-full e-con e-child\" data-id=\"4907473\" data-element_type=\"container\" data-e-type=\"container\">\n\t\t<div data-particle_enable=\"false\" data-particle-mobile-disabled=\"false\" class=\"elementor-element elementor-element-1c2f7ef2 e-con-full e-flex e-con e-child\" data-id=\"1c2f7ef2\" data-element_type=\"container\" data-e-type=\"container\" data-settings=\"{&quot;background_background&quot;:&quot;classic&quot;}\">\n\t\t\t\t<div class=\"elementor-element elementor-element-5940adc1 elementor-widget elementor-widget-heading\" data-id=\"5940adc1\" data-element_type=\"widget\" data-e-type=\"widget\" data-widget_type=\"heading.default\">\n\t\t\t\t<div class=\"elementor-widget-container\">\n\t\t\t\t\t<h2 class=\"elementor-heading-title elementor-size-default\">\u00c9conomie de co\u00fbts<\/h2>\t\t\t\t<\/div>\n\t\t\t\t<\/div>\n\t\t\t\t<div class=\"elementor-element elementor-element-61dbf84f elementor-widget elementor-widget-text-editor\" data-id=\"61dbf84f\" data-element_type=\"widget\" data-e-type=\"widget\" data-widget_type=\"text-editor.default\">\n\t\t\t\t<div class=\"elementor-widget-container\">\n\t\t\t\t\t\t\t\t\t<p>Gr\u00e2ce \u00e0 l\u2019EDI, tous les co\u00fbts li\u00e9s au papier, \u00e0 l'impression, au classement, \u00e0 l'affranchissement et \u00e0 la recherche de documents sont r\u00e9duits ou \u00e9limin\u00e9s.<\/p>\t\t\t\t\t\t\t\t<\/div>\n\t\t\t\t<\/div>\n\t\t\t\t<\/div>\n\t\t<div data-particle_enable=\"false\" data-particle-mobile-disabled=\"false\" class=\"elementor-element elementor-element-1d347107 e-con-full e-flex e-con e-child\" data-id=\"1d347107\" data-element_type=\"container\" data-e-type=\"container\" data-settings=\"{&quot;background_background&quot;:&quot;classic&quot;}\">\n\t\t\t\t<div class=\"elementor-element elementor-element-2aa68dee elementor-widget elementor-widget-heading\" data-id=\"2aa68dee\" data-element_type=\"widget\" data-e-type=\"widget\" data-widget_type=\"heading.default\">\n\t\t\t\t<div class=\"elementor-widget-container\">\n\t\t\t\t\t<h2 class=\"elementor-heading-title elementor-size-default\">Information exacte en un clin d\u2019\u0153il<\/h2>\t\t\t\t<\/div>\n\t\t\t\t<\/div>\n\t\t\t\t<div class=\"elementor-element elementor-element-4573d024 elementor-widget elementor-widget-text-editor\" data-id=\"4573d024\" data-element_type=\"widget\" data-e-type=\"widget\" data-widget_type=\"text-editor.default\">\n\t\t\t\t<div class=\"elementor-widget-container\">\n\t\t\t\t\t\t\t\t\t<p>Gr\u00e2ce \u00e0 l\u2019EDI, vous ne perdrez plus un temps pr\u00e9cieux \u00e0 attendre que le service postal vous livre certains documents. En effet, cette technologie vous permet de consulter des documents et des renseignements en seulement quelques minutes. Fini les erreurs dues \u00e0 une \u00e9criture illisible, aux commandes perdues ou \u00e0 celles inexactes pass\u00e9es par t\u00e9l\u00e9phone! L\u2019exactitude de l\u2019information transmise vous \u00e9vite de perdre du temps \u00e0 tenter de r\u00e9soudre des conflits li\u00e9s \u00e0 des commandes.<\/p>\t\t\t\t\t\t\t\t<\/div>\n\t\t\t\t<\/div>\n\t\t\t\t<\/div>\n\t\t<div data-particle_enable=\"false\" data-particle-mobile-disabled=\"false\" class=\"elementor-element elementor-element-c87c2b2 e-con-full e-flex e-con e-child\" data-id=\"c87c2b2\" data-element_type=\"container\" data-e-type=\"container\" data-settings=\"{&quot;background_background&quot;:&quot;classic&quot;}\">\n\t\t\t\t<div class=\"elementor-element elementor-element-3874bbc8 elementor-widget elementor-widget-heading\" data-id=\"3874bbc8\" data-element_type=\"widget\" data-e-type=\"widget\" data-widget_type=\"heading.default\">\n\t\t\t\t<div class=\"elementor-widget-container\">\n\t\t\t\t\t<h2 class=\"elementor-heading-title elementor-size-default\">Int\u00e9gration de syst\u00e8mes<\/h2>\t\t\t\t<\/div>\n\t\t\t\t<\/div>\n\t\t\t\t<div class=\"elementor-element elementor-element-1d2afa67 elementor-widget elementor-widget-text-editor\" data-id=\"1d2afa67\" data-element_type=\"widget\" data-e-type=\"widget\" data-widget_type=\"text-editor.default\">\n\t\t\t\t<div class=\"elementor-widget-container\">\n\t\t\t\t\t\t\t\t\t<p>Clearview, MenuLink, Optimum Control, Micros, Branded Procurement, Tibersoft, Adaco et CBORD ne sont que quelques-uns des syst\u00e8mes courants pour lesquels Service alimentaire Gordon a mis en place des solutions afin d'assurer un processus commercial optimal.<\/p>\t\t\t\t\t\t\t\t<\/div>\n\t\t\t\t<\/div>\n\t\t\t\t<\/div>\n\t\t\t\t<\/div>\n\t\t<div data-particle_enable=\"false\" data-particle-mobile-disabled=\"false\" class=\"elementor-element elementor-element-db004fb e-grid e-con-full e-con e-child\" data-id=\"db004fb\" data-element_type=\"container\" data-e-type=\"container\">\n\t\t<div data-particle_enable=\"false\" data-particle-mobile-disabled=\"false\" class=\"elementor-element elementor-element-a13a819 e-con-full e-flex e-con e-child\" data-id=\"a13a819\" data-element_type=\"container\" data-e-type=\"container\" data-settings=\"{&quot;background_background&quot;:&quot;classic&quot;}\">\n\t\t\t\t<div class=\"elementor-element elementor-element-3b9bcdd elementor-widget elementor-widget-heading\" data-id=\"3b9bcdd\" data-element_type=\"widget\" data-e-type=\"widget\" data-widget_type=\"heading.default\">\n\t\t\t\t<div class=\"elementor-widget-container\">\n\t\t\t\t\t<h2 class=\"elementor-heading-title elementor-size-default\">Supported Transactions<\/h2>\t\t\t\t<\/div>\n\t\t\t\t<\/div>\n\t\t\t\t<div class=\"elementor-element elementor-element-8869cf8 elementor-widget elementor-widget-text-editor\" data-id=\"8869cf8\" data-element_type=\"widget\" data-e-type=\"widget\" data-widget_type=\"text-editor.default\">\n\t\t\t\t<div class=\"elementor-widget-container\">\n\t\t\t\t\t\t\t\t\t<p>810 Facture<br \/>850 Bon de commande<br \/>832 Catalogue de prix<br \/>855 Confirmation de commande<br \/>Et plus encore<\/p>\t\t\t\t\t\t\t\t<\/div>\n\t\t\t\t<\/div>\n\t\t\t\t<\/div>\n\t\t<div data-particle_enable=\"false\" data-particle-mobile-disabled=\"false\" class=\"elementor-element elementor-element-120c834 e-con-full e-flex e-con e-child\" data-id=\"120c834\" data-element_type=\"container\" data-e-type=\"container\" data-settings=\"{&quot;background_background&quot;:&quot;classic&quot;}\">\n\t\t\t\t<div class=\"elementor-element elementor-element-a669222 elementor-widget elementor-widget-heading\" data-id=\"a669222\" data-element_type=\"widget\" data-e-type=\"widget\" data-widget_type=\"heading.default\">\n\t\t\t\t<div class=\"elementor-widget-container\">\n\t\t\t\t\t<h2 class=\"elementor-heading-title elementor-size-default\">R\u00e9ussite commerciale<\/h2>\t\t\t\t<\/div>\n\t\t\t\t<\/div>\n\t\t\t\t<div class=\"elementor-element elementor-element-721a92e elementor-widget elementor-widget-text-editor\" data-id=\"721a92e\" data-element_type=\"widget\" data-e-type=\"widget\" data-widget_type=\"text-editor.default\">\n\t\t\t\t<div class=\"elementor-widget-container\">\n\t\t\t\t\t\t\t\t\t<p>Comme vous pouvez effectuer des transactions en temps r\u00e9el, vous serez en mesure de prendre des d\u00e9cisions plus rapidement et de vous adapter imm\u00e9diatement aux nouvelles tendances ou aux d\u00e9sirs de vos clients. L\u2019EDI favorise \u00e9galement votre r\u00e9ussite gr\u00e2ce \u00e0 la r\u00e9duction du d\u00e9lai de livraison. Que vous d\u00e9siriez percer sur les march\u00e9s \u00e9trangers ou simplement communiquer en temps r\u00e9el, l\u2019EDI ouvre une infinit\u00e9 de nouvelles possibilit\u00e9s.<\/p>\t\t\t\t\t\t\t\t<\/div>\n\t\t\t\t<\/div>\n\t\t\t\t<\/div>\n\t\t\t\t<\/div>\n\t\t\t\t\t<\/div>\n\t\t\t\t<\/div>\n\t\t\t\t<\/div>","protected":false},"excerpt":{"rendered":"<p>EDI Integration Electronic Date Interchange to Increase Efficiency &amp; Profitability We understand the money and time pressures of your business \u2013 so we offer a proven method\u00a0to lower your costs and improve the speed, accuracy, and efficiency of your operation. The dedicated Gordon Food Service team will work with your current software solution to seamlessly [&hellip;]<\/p>\n","protected":false},"author":20,"featured_media":0,"parent":14113,"menu_order":0,"comment_status":"closed","ping_status":"closed","template":"","meta":{"_acf_changed":false,"footnotes":""},"class_list":["post-19347","page","type-page","status-publish","hentry"],"acf":[],"yoast_head":"<!-- This site is optimized with the Yoast SEO Premium plugin v22.9 (Yoast SEO v27.0) - https:\/\/yoast.com\/product\/yoast-seo-premium-wordpress\/ -->\n<title>EDI Integration | Gordon Food Service<\/title>\n<meta name=\"description\" content=\"Electronic date interchange to increase efficiency &amp; profitability. Learn more today.\" \/>\n<meta name=\"robots\" content=\"index, follow, max-snippet:-1, max-image-preview:large, max-video-preview:-1\" \/>\n<link rel=\"canonical\" href=\"https:\/\/gfs.ca\/fr-ca\/produits-services\/solutions-technologiques\/integration-edi\/\" \/>\n<meta property=\"og:locale\" content=\"fr_CA\" \/>\n<meta property=\"og:type\" content=\"article\" \/>\n<meta property=\"og:title\" content=\"EDI Integration\" \/>\n<meta property=\"og:description\" content=\"Electronic date interchange to increase efficiency &amp; profitability. Learn more today.\" \/>\n<meta property=\"og:url\" content=\"https:\/\/gfs.ca\/fr-ca\/produits-services\/solutions-technologiques\/integration-edi\/\" \/>\n<meta property=\"og:site_name\" content=\"Gordon Food Service\" \/>\n<meta property=\"article:publisher\" content=\"https:\/\/www.facebook.com\/GordonFoodService\/\" \/>\n<meta property=\"article:modified_time\" content=\"2025-10-23T14:34:29+00:00\" \/>\n<meta property=\"og:image\" content=\"https:\/\/gfs.ca\/wp-content\/uploads\/2023\/02\/GordonFoodService_Logo_RGB.png\" \/>\n\t<meta property=\"og:image:width\" content=\"628\" \/>\n\t<meta property=\"og:image:height\" content=\"210\" \/>\n\t<meta property=\"og:image:type\" content=\"image\/png\" \/>\n<meta name=\"twitter:card\" content=\"summary_large_image\" \/>\n<meta name=\"twitter:site\" content=\"@GFSDelivers\" \/>\n<meta name=\"twitter:label1\" content=\"Estimation du temps de lecture\" \/>\n\t<meta name=\"twitter:data1\" content=\"2 minutes\" \/>\n<!-- \/ Yoast SEO Premium plugin. -->","yoast_head_json":{"title":"Int\u00e9gration EDI | Service Alimentaire Gordon","description":"L'\u00e9change de donn\u00e9es informatis\u00e9es pour accro\u00eetre l'efficacit\u00e9 et la rentabilit\u00e9. Apprenez-en davantage d\u00e8s aujourd'hui.","robots":{"index":"index","follow":"follow","max-snippet":"max-snippet:-1","max-image-preview":"max-image-preview:large","max-video-preview":"max-video-preview:-1"},"canonical":"https:\/\/gfs.ca\/fr-ca\/produits-services\/solutions-technologiques\/integration-edi\/","og_locale":"fr_CA","og_type":"article","og_title":"EDI Integration","og_description":"Electronic date interchange to increase efficiency & profitability. Learn more today.","og_url":"https:\/\/gfs.ca\/fr-ca\/produits-services\/solutions-technologiques\/integration-edi\/","og_site_name":"Gordon Food Service","article_publisher":"https:\/\/www.facebook.com\/GordonFoodService\/","article_modified_time":"2025-10-23T14:34:29+00:00","og_image":[{"width":628,"height":210,"url":"https:\/\/gfs.ca\/wp-content\/uploads\/2023\/02\/GordonFoodService_Logo_RGB.png","type":"image\/png"}],"twitter_card":"summary_large_image","twitter_site":"@GFSDelivers","twitter_misc":{"Estimation du temps de lecture":"2 minutes"},"schema":{"@context":"https:\/\/schema.org","@graph":[{"@type":"WebPage","@id":"https:\/\/gfs.ca\/en-ca\/products-services\/technology-solutions\/ca-edi-integration\/","url":"https:\/\/gfs.ca\/en-ca\/products-services\/technology-solutions\/ca-edi-integration\/","name":"Int\u00e9gration EDI | Service Alimentaire Gordon","isPartOf":{"@id":"https:\/\/gfs.ca\/en-ca\/#website"},"datePublished":"2022-12-19T14:21:43+00:00","dateModified":"2025-10-23T14:34:29+00:00","description":"L'\u00e9change de donn\u00e9es informatis\u00e9es pour accro\u00eetre l'efficacit\u00e9 et la rentabilit\u00e9. Apprenez-en davantage d\u00e8s aujourd'hui.","breadcrumb":{"@id":"https:\/\/gfs.ca\/en-ca\/products-services\/technology-solutions\/ca-edi-integration\/#breadcrumb"},"inLanguage":"fr-CA","potentialAction":[{"@type":"ReadAction","target":["https:\/\/gfs.ca\/en-ca\/products-services\/technology-solutions\/ca-edi-integration\/"]}]},{"@type":"BreadcrumbList","@id":"https:\/\/gfs.ca\/en-ca\/products-services\/technology-solutions\/ca-edi-integration\/#breadcrumb","itemListElement":[{"@type":"ListItem","position":1,"name":"Home","item":"https:\/\/gfs.ca\/en-ca\/"},{"@type":"ListItem","position":2,"name":"Products &amp; Services","item":"https:\/\/gfs.ca\/en-ca\/products-services\/"},{"@type":"ListItem","position":3,"name":"Technology Solutions","item":"https:\/\/gfs.ca\/fr-ca\/produits-services\/solutions-technologiques\/"},{"@type":"ListItem","position":4,"name":"EDI Integration"}]},{"@type":"WebSite","@id":"https:\/\/gfs.ca\/en-ca\/#website","url":"https:\/\/gfs.ca\/en-ca\/","name":"Service alimentaire Gordon","description":"","publisher":{"@id":"https:\/\/gfs.ca\/en-ca\/#organization"},"potentialAction":[{"@type":"SearchAction","target":{"@type":"EntryPoint","urlTemplate":"https:\/\/gfs.ca\/en-ca\/?s={search_term_string}"},"query-input":{"@type":"PropertyValueSpecification","valueRequired":true,"valueName":"search_term_string"}}],"inLanguage":"fr-CA"},{"@type":"Organization","@id":"https:\/\/gfs.ca\/en-ca\/#organization","name":"Service alimentaire Gordon","url":"https:\/\/gfs.ca\/en-ca\/","logo":{"@type":"ImageObject","inLanguage":"fr-CA","@id":"https:\/\/gfs.ca\/en-ca\/#\/schema\/logo\/image\/","url":"https:\/\/gfs.ca\/wp-content\/uploads\/2025\/11\/GFS-EN-Logo-og-image.png","contentUrl":"https:\/\/gfs.ca\/wp-content\/uploads\/2025\/11\/GFS-EN-Logo-og-image.png","width":1200,"height":630,"caption":"Gordon Food Service"},"image":{"@id":"https:\/\/gfs.ca\/en-ca\/#\/schema\/logo\/image\/"},"sameAs":["https:\/\/www.facebook.com\/GordonFoodService\/","https:\/\/x.com\/GFSDelivers","https:\/\/www.instagram.com\/gordonfoodservice\/","https:\/\/www.linkedin.com\/company\/gordon-food-service\/"]}]}},"_links":{"self":[{"href":"https:\/\/gfs.ca\/fr-ca\/wp-json\/wp\/v2\/pages\/19347","targetHints":{"allow":["GET"]}}],"collection":[{"href":"https:\/\/gfs.ca\/fr-ca\/wp-json\/wp\/v2\/pages"}],"about":[{"href":"https:\/\/gfs.ca\/fr-ca\/wp-json\/wp\/v2\/types\/page"}],"author":[{"embeddable":true,"href":"https:\/\/gfs.ca\/fr-ca\/wp-json\/wp\/v2\/users\/20"}],"replies":[{"embeddable":true,"href":"https:\/\/gfs.ca\/fr-ca\/wp-json\/wp\/v2\/comments?post=19347"}],"version-history":[{"count":9,"href":"https:\/\/gfs.ca\/fr-ca\/wp-json\/wp\/v2\/pages\/19347\/revisions"}],"predecessor-version":[{"id":41473,"href":"https:\/\/gfs.ca\/fr-ca\/wp-json\/wp\/v2\/pages\/19347\/revisions\/41473"}],"up":[{"embeddable":true,"href":"https:\/\/gfs.ca\/fr-ca\/wp-json\/wp\/v2\/pages\/14113"}],"wp:attachment":[{"href":"https:\/\/gfs.ca\/fr-ca\/wp-json\/wp\/v2\/media?parent=19347"}],"curies":[{"name":"wp","href":"https:\/\/api.w.org\/{rel}","templated":true}]}}