{"id":19333,"date":"2022-12-19T07:43:13","date_gmt":"2022-12-19T13:43:13","guid":{"rendered":"https:\/\/live-gordon-food-service.pantheonsite.io\/?page_id=19333"},"modified":"2025-10-23T08:51:17","modified_gmt":"2025-10-23T12:51:17","slug":"inventory-worksheet","status":"publish","type":"page","link":"https:\/\/gfs.ca\/fr-ca\/products-services\/technology-solutions\/inventory-worksheet\/","title":{"rendered":"Feuille<br>d\u2019inventaire"},"content":{"rendered":"<div data-elementor-type=\"wp-page\" data-elementor-id=\"19333\" class=\"elementor elementor-19333\" data-elementor-post-type=\"page\">\n\t\t\t\t<div data-particle_enable=\"false\" data-particle-mobile-disabled=\"false\" class=\"elementor-element elementor-element-ddcdbe1 e-flex e-con-boxed e-con e-parent\" data-id=\"ddcdbe1\" data-element_type=\"container\" data-e-type=\"container\" data-settings=\"{&quot;background_background&quot;:&quot;classic&quot;}\">\n\t\t\t\t\t<div class=\"e-con-inner\">\n\t\t<div data-particle_enable=\"false\" data-particle-mobile-disabled=\"false\" class=\"elementor-element elementor-element-8ad9199 e-con-full e-flex e-con e-child\" data-id=\"8ad9199\" data-element_type=\"container\" data-e-type=\"container\">\n\t\t\t\t<div class=\"elementor-element elementor-element-2193fee elementor-widget elementor-widget-heading\" data-id=\"2193fee\" data-element_type=\"widget\" data-e-type=\"widget\" data-widget_type=\"heading.default\">\n\t\t\t\t<div class=\"elementor-widget-container\">\n\t\t\t\t\t<h2 class=\"elementor-heading-title elementor-size-default translation-block\">Feuille<br>d\u2019inventaire<\/h2>\t\t\t\t<\/div>\n\t\t\t\t<\/div>\n\t\t\t\t<div class=\"elementor-element elementor-element-43a14dd elementor-widget elementor-widget-text-editor\" data-id=\"43a14dd\" data-element_type=\"widget\" data-e-type=\"widget\" data-widget_type=\"text-editor.default\">\n\t\t\t\t<div class=\"elementor-widget-container\">\n\t\t\t\t\t\t\t\t\t<p>Comprendre la valeur de votre inventaire<\/p>\t\t\t\t\t\t\t\t<\/div>\n\t\t\t\t<\/div>\n\t\t\t\t<\/div>\n\t\t\t\t\t<\/div>\n\t\t\t\t<\/div>\n\t\t<div data-particle_enable=\"false\" data-particle-mobile-disabled=\"false\" class=\"elementor-element elementor-element-a4b60f8 e-flex e-con-boxed e-con e-parent\" data-id=\"a4b60f8\" data-element_type=\"container\" data-e-type=\"container\">\n\t\t\t\t\t<div class=\"e-con-inner\">\n\t\t<div data-particle_enable=\"false\" data-particle-mobile-disabled=\"false\" class=\"elementor-element elementor-element-02511fc e-con-full e-flex e-con e-child\" data-id=\"02511fc\" data-element_type=\"container\" data-e-type=\"container\">\n\t\t\t\t<div class=\"elementor-element elementor-element-69fd799 elementor-widget elementor-widget-heading\" data-id=\"69fd799\" data-element_type=\"widget\" data-e-type=\"widget\" data-widget_type=\"heading.default\">\n\t\t\t\t<div class=\"elementor-widget-container\">\n\t\t\t\t\t<h2 class=\"elementor-heading-title elementor-size-default translation-block\">R\u00e9glez vos probl\u00e8mes d\u2019inventaire et obtenez une meilleure vue d\u2019ensemble sur vos activit\u00e9s<\/h2>\t\t\t\t<\/div>\n\t\t\t\t<\/div>\n\t\t\t\t<div class=\"elementor-element elementor-element-0b1ad4c elementor-widget elementor-widget-text-editor\" data-id=\"0b1ad4c\" data-element_type=\"widget\" data-e-type=\"widget\" data-widget_type=\"text-editor.default\">\n\t\t\t\t<div class=\"elementor-widget-container\">\n\t\t\t\t\t\t\t\t\t<p>Le gaspillage, la d\u00e9t\u00e9rioration, le vol et le surstockage sont tous des co\u00fbts alimentaires \u00abcach\u00e9s\u00bb qui peuvent s\u00e9rieusement porter atteinte aux liquidit\u00e9s d'une entreprise de services alimentaires. Notre nouvelle application de gestion des stocks, Inventaire Gordon, r\u00e9duira ces probl\u00e8mes et donnera aux clients un meilleur aper\u00e7u de leur co\u00fbt de revient.<\/p>\t\t\t\t\t\t\t\t<\/div>\n\t\t\t\t<\/div>\n\t\t\t\t<\/div>\n\t\t<div data-particle_enable=\"false\" data-particle-mobile-disabled=\"false\" class=\"elementor-element elementor-element-0a7f70d e-con-full e-flex e-con e-child\" data-id=\"0a7f70d\" data-element_type=\"container\" data-e-type=\"container\">\n\t\t\t\t<div class=\"elementor-element elementor-element-8f71891 elementor-widget elementor-widget-image\" data-id=\"8f71891\" data-element_type=\"widget\" data-e-type=\"widget\" data-widget_type=\"image.default\">\n\t\t\t\t<div class=\"elementor-widget-container\">\n\t\t\t\t\t\t\t\t\t\t\t\t\t\t\t<img fetchpriority=\"high\" decoding=\"async\" width=\"800\" height=\"419\" src=\"https:\/\/gfs.ca\/wp-content\/uploads\/2025\/07\/Gordon-Inventory-En-Screenshot-2-1024x536-1.avif\" class=\"attachment-large size-large wp-image-36933\" alt=\"\" srcset=\"https:\/\/gfs.ca\/wp-content\/uploads\/2025\/07\/Gordon-Inventory-En-Screenshot-2-1024x536-1.avif 1024w, https:\/\/gfs.ca\/wp-content\/uploads\/2025\/07\/Gordon-Inventory-En-Screenshot-2-1024x536-1-300x157.avif 300w, https:\/\/gfs.ca\/wp-content\/uploads\/2025\/07\/Gordon-Inventory-En-Screenshot-2-1024x536-1-768x402.avif 768w, https:\/\/gfs.ca\/wp-content\/uploads\/2025\/07\/Gordon-Inventory-En-Screenshot-2-1024x536-1-18x9.avif 18w\" sizes=\"(max-width: 800px) 100vw, 800px\" \/>\t\t\t\t\t\t\t\t\t\t\t\t\t\t\t<\/div>\n\t\t\t\t<\/div>\n\t\t\t\t<\/div>\n\t\t\t\t\t<\/div>\n\t\t\t\t<\/div>\n\t\t<div data-particle_enable=\"false\" data-particle-mobile-disabled=\"false\" class=\"elementor-element elementor-element-ba3b260 e-flex e-con-boxed e-con e-parent\" data-id=\"ba3b260\" data-element_type=\"container\" data-e-type=\"container\" data-settings=\"{&quot;background_background&quot;:&quot;classic&quot;}\">\n\t\t\t\t\t<div class=\"e-con-inner\">\n\t\t\t\t<div class=\"elementor-element elementor-element-31551d7 elementor-widget elementor-widget-heading\" data-id=\"31551d7\" data-element_type=\"widget\" data-e-type=\"widget\" data-widget_type=\"heading.default\">\n\t\t\t\t<div class=\"elementor-widget-container\">\n\t\t\t\t\t<h2 class=\"elementor-heading-title elementor-size-default\">Caract\u00e9ristiques et avantages<\/h2>\t\t\t\t<\/div>\n\t\t\t\t<\/div>\n\t\t<div data-particle_enable=\"false\" data-particle-mobile-disabled=\"false\" class=\"elementor-element elementor-element-afc3624 e-grid e-con-full e-con e-child\" data-id=\"afc3624\" data-element_type=\"container\" data-e-type=\"container\">\n\t\t<div data-particle_enable=\"false\" data-particle-mobile-disabled=\"false\" class=\"elementor-element elementor-element-adfbb86 e-con-full e-flex e-con e-child\" data-id=\"adfbb86\" data-element_type=\"container\" data-e-type=\"container\" data-settings=\"{&quot;background_background&quot;:&quot;classic&quot;}\">\n\t\t\t\t<div class=\"elementor-element elementor-element-73e71b3 elementor-widget elementor-widget-heading\" data-id=\"73e71b3\" data-element_type=\"widget\" data-e-type=\"widget\" data-widget_type=\"heading.default\">\n\t\t\t\t<div class=\"elementor-widget-container\">\n\t\t\t\t\t<h2 class=\"elementor-heading-title elementor-size-default\">Ressource int\u00e9gr\u00e9e \u00e0 Commande Gordon pour une utilisation simple et intuitive<\/h2>\t\t\t\t<\/div>\n\t\t\t\t<\/div>\n\t\t\t\t<\/div>\n\t\t<div data-particle_enable=\"false\" data-particle-mobile-disabled=\"false\" class=\"elementor-element elementor-element-4991e6f e-con-full e-flex e-con e-child\" data-id=\"4991e6f\" data-element_type=\"container\" data-e-type=\"container\" data-settings=\"{&quot;background_background&quot;:&quot;classic&quot;}\">\n\t\t\t\t<div class=\"elementor-element elementor-element-0437ef3 elementor-widget elementor-widget-heading\" data-id=\"0437ef3\" data-element_type=\"widget\" data-e-type=\"widget\" data-widget_type=\"heading.default\">\n\t\t\t\t<div class=\"elementor-widget-container\">\n\t\t\t\t\t<h2 class=\"elementor-heading-title elementor-size-default\">Importation du guide de commande ou du guide personnalis\u00e9 \u00e0 partir de Commande Gordon<\/h2>\t\t\t\t<\/div>\n\t\t\t\t<\/div>\n\t\t\t\t<\/div>\n\t\t<div data-particle_enable=\"false\" data-particle-mobile-disabled=\"false\" class=\"elementor-element elementor-element-57d6670 e-con-full e-flex e-con e-child\" data-id=\"57d6670\" data-element_type=\"container\" data-e-type=\"container\" data-settings=\"{&quot;background_background&quot;:&quot;classic&quot;}\">\n\t\t\t\t<div class=\"elementor-element elementor-element-07536a4 elementor-widget elementor-widget-heading\" data-id=\"07536a4\" data-element_type=\"widget\" data-e-type=\"widget\" data-widget_type=\"heading.default\">\n\t\t\t\t<div class=\"elementor-widget-container\">\n\t\t\t\t\t<h2 class=\"elementor-heading-title elementor-size-default\">Add Custom Items &amp; Suppliers<\/h2>\t\t\t\t<\/div>\n\t\t\t\t<\/div>\n\t\t\t\t<\/div>\n\t\t<div data-particle_enable=\"false\" data-particle-mobile-disabled=\"false\" class=\"elementor-element elementor-element-23e736a e-con-full e-flex e-con e-child\" data-id=\"23e736a\" data-element_type=\"container\" data-e-type=\"container\" data-settings=\"{&quot;background_background&quot;:&quot;classic&quot;}\">\n\t\t\t\t<div class=\"elementor-element elementor-element-ef6892e elementor-widget elementor-widget-heading\" data-id=\"ef6892e\" data-element_type=\"widget\" data-e-type=\"widget\" data-widget_type=\"heading.default\">\n\t\t\t\t<div class=\"elementor-widget-container\">\n\t\t\t\t\t<h2 class=\"elementor-heading-title elementor-size-default\">Unit\u00e9s de calcul standard ou sur mesure<\/h2>\t\t\t\t<\/div>\n\t\t\t\t<\/div>\n\t\t\t\t<\/div>\n\t\t<div data-particle_enable=\"false\" data-particle-mobile-disabled=\"false\" class=\"elementor-element elementor-element-515a940 e-con-full e-flex e-con e-child\" data-id=\"515a940\" data-element_type=\"container\" data-e-type=\"container\" data-settings=\"{&quot;background_background&quot;:&quot;classic&quot;}\">\n\t\t\t\t<div class=\"elementor-element elementor-element-a125610 elementor-widget elementor-widget-heading\" data-id=\"a125610\" data-element_type=\"widget\" data-e-type=\"widget\" data-widget_type=\"heading.default\">\n\t\t\t\t<div class=\"elementor-widget-container\">\n\t\t\t\t\t<h2 class=\"elementor-heading-title elementor-size-default\">Count &amp; Setup Your Worksheet on the Same Screen<\/h2>\t\t\t\t<\/div>\n\t\t\t\t<\/div>\n\t\t\t\t<\/div>\n\t\t<div data-particle_enable=\"false\" data-particle-mobile-disabled=\"false\" class=\"elementor-element elementor-element-5af35d1 e-con-full e-flex e-con e-child\" data-id=\"5af35d1\" data-element_type=\"container\" data-e-type=\"container\" data-settings=\"{&quot;background_background&quot;:&quot;classic&quot;}\">\n\t\t\t\t<div class=\"elementor-element elementor-element-7a126a5 elementor-widget elementor-widget-heading\" data-id=\"7a126a5\" data-element_type=\"widget\" data-e-type=\"widget\" data-widget_type=\"heading.default\">\n\t\t\t\t<div class=\"elementor-widget-container\">\n\t\t\t\t\t<h2 class=\"elementor-heading-title elementor-size-default\">Setup Sheet-to-Shelf With Drag &amp; Drop<\/h2>\t\t\t\t<\/div>\n\t\t\t\t<\/div>\n\t\t\t\t<\/div>\n\t\t\t\t<\/div>\n\t\t\t\t\t<\/div>\n\t\t\t\t<\/div>\n\t\t\t\t<\/div>","protected":false},"excerpt":{"rendered":"<p>InventoryWorksheet Understand the Value of Your Inventory Reduce Inventory Problems &amp;Gain Insight on Your Business Waste, spoilage, theft, and overstocking are all \u201chidden\u201d food costs that can seriously impede a foodservice operation\u2019s cash flow. Our user-friendly inventory management application, Inventory Worksheet, will reduce these inventory problems and give customers better insight into their total food [&hellip;]<\/p>\n","protected":false},"author":20,"featured_media":0,"parent":14113,"menu_order":0,"comment_status":"closed","ping_status":"closed","template":"","meta":{"_acf_changed":false,"footnotes":""},"class_list":["post-19333","page","type-page","status-publish","hentry"],"acf":[],"yoast_head":"<!-- This site is optimized with the Yoast SEO Premium plugin v22.9 (Yoast SEO v27.0) - https:\/\/yoast.com\/product\/yoast-seo-premium-wordpress\/ -->\n<title>Inventory Worksheet | Gordon Food Service<\/title>\n<meta name=\"description\" content=\"Inventory Worksheet will reduce inventory problems and give you a better insight into total food cost. Learn more today.\" \/>\n<meta name=\"robots\" content=\"index, follow, max-snippet:-1, max-image-preview:large, max-video-preview:-1\" \/>\n<link rel=\"canonical\" href=\"https:\/\/gfs.ca\/fr-ca\/produits-services\/solutions-technologiques\/inventory-worksheet\/\" \/>\n<meta property=\"og:locale\" content=\"fr_CA\" \/>\n<meta property=\"og:type\" content=\"article\" \/>\n<meta property=\"og:title\" content=\"Inventory Worksheet\" \/>\n<meta property=\"og:description\" content=\"Inventory Worksheet will reduce inventory problems and give you a better insight into total food cost. Learn more today.\" \/>\n<meta property=\"og:url\" content=\"https:\/\/gfs.ca\/fr-ca\/produits-services\/solutions-technologiques\/inventory-worksheet\/\" \/>\n<meta property=\"og:site_name\" content=\"Gordon Food Service\" \/>\n<meta property=\"article:publisher\" content=\"https:\/\/www.facebook.com\/GordonFoodService\/\" \/>\n<meta property=\"article:modified_time\" content=\"2025-10-23T12:51:17+00:00\" \/>\n<meta property=\"og:image\" content=\"https:\/\/gfs.ca\/wp-content\/uploads\/2025\/06\/Gordon-Inventory-En-Screenshot-1-1024x536.png\" \/>\n<meta name=\"twitter:card\" content=\"summary_large_image\" \/>\n<meta name=\"twitter:site\" content=\"@GFSDelivers\" \/>\n<meta name=\"twitter:label1\" content=\"Estimation du temps de lecture\" \/>\n\t<meta name=\"twitter:data1\" content=\"1 minute\" \/>\n<!-- \/ Yoast SEO Premium plugin. -->","yoast_head_json":{"title":"Inventory Worksheet | Gordon Food Service","description":"Inventory Worksheet will reduce inventory problems and give you a better insight into total food cost. Learn more today.","robots":{"index":"index","follow":"follow","max-snippet":"max-snippet:-1","max-image-preview":"max-image-preview:large","max-video-preview":"max-video-preview:-1"},"canonical":"https:\/\/gfs.ca\/fr-ca\/produits-services\/solutions-technologiques\/inventory-worksheet\/","og_locale":"fr_CA","og_type":"article","og_title":"Inventory Worksheet","og_description":"Inventory Worksheet will reduce inventory problems and give you a better insight into total food cost. Learn more today.","og_url":"https:\/\/gfs.ca\/fr-ca\/produits-services\/solutions-technologiques\/inventory-worksheet\/","og_site_name":"Gordon Food Service","article_publisher":"https:\/\/www.facebook.com\/GordonFoodService\/","article_modified_time":"2025-10-23T12:51:17+00:00","og_image":[{"url":"https:\/\/gfs.ca\/wp-content\/uploads\/2025\/06\/Gordon-Inventory-En-Screenshot-1-1024x536.png","type":"","width":"","height":""}],"twitter_card":"summary_large_image","twitter_site":"@GFSDelivers","twitter_misc":{"Estimation du temps de lecture":"1 minute"},"schema":{"@context":"https:\/\/schema.org","@graph":[{"@type":"WebPage","@id":"https:\/\/gfs.ca\/en-ca\/products-services\/technology-solutions\/inventory-worksheet\/","url":"https:\/\/gfs.ca\/en-ca\/products-services\/technology-solutions\/inventory-worksheet\/","name":"Inventory Worksheet | Gordon Food Service","isPartOf":{"@id":"https:\/\/gfs.ca\/en-ca\/#website"},"primaryImageOfPage":{"@id":"https:\/\/gfs.ca\/en-ca\/products-services\/technology-solutions\/inventory-worksheet\/#primaryimage"},"image":{"@id":"https:\/\/gfs.ca\/en-ca\/products-services\/technology-solutions\/inventory-worksheet\/#primaryimage"},"thumbnailUrl":"https:\/\/gfs.ca\/wp-content\/uploads\/2025\/06\/Gordon-Inventory-En-Screenshot-1-1024x536.png","datePublished":"2022-12-19T13:43:13+00:00","dateModified":"2025-10-23T12:51:17+00:00","description":"Inventory Worksheet will reduce inventory problems and give you a better insight into total food cost. Learn more today.","breadcrumb":{"@id":"https:\/\/gfs.ca\/en-ca\/products-services\/technology-solutions\/inventory-worksheet\/#breadcrumb"},"inLanguage":"fr-CA","potentialAction":[{"@type":"ReadAction","target":["https:\/\/gfs.ca\/en-ca\/products-services\/technology-solutions\/inventory-worksheet\/"]}]},{"@type":"ImageObject","inLanguage":"fr-CA","@id":"https:\/\/gfs.ca\/en-ca\/products-services\/technology-solutions\/inventory-worksheet\/#primaryimage","url":"https:\/\/gfs.ca\/wp-content\/uploads\/2025\/06\/Gordon-Inventory-En-Screenshot-1-1024x536.png","contentUrl":"https:\/\/gfs.ca\/wp-content\/uploads\/2025\/06\/Gordon-Inventory-En-Screenshot-1-1024x536.png"},{"@type":"BreadcrumbList","@id":"https:\/\/gfs.ca\/en-ca\/products-services\/technology-solutions\/inventory-worksheet\/#breadcrumb","itemListElement":[{"@type":"ListItem","position":1,"name":"Home","item":"https:\/\/gfs.ca\/en-ca\/"},{"@type":"ListItem","position":2,"name":"Products &amp; Services","item":"https:\/\/gfs.ca\/en-ca\/products-services\/"},{"@type":"ListItem","position":3,"name":"Technology Solutions","item":"https:\/\/gfs.ca\/fr-ca\/produits-services\/solutions-technologiques\/"},{"@type":"ListItem","position":4,"name":"Inventory Worksheet"}]},{"@type":"WebSite","@id":"https:\/\/gfs.ca\/en-ca\/#website","url":"https:\/\/gfs.ca\/en-ca\/","name":"Service alimentaire Gordon","description":"","publisher":{"@id":"https:\/\/gfs.ca\/en-ca\/#organization"},"potentialAction":[{"@type":"SearchAction","target":{"@type":"EntryPoint","urlTemplate":"https:\/\/gfs.ca\/en-ca\/?s={search_term_string}"},"query-input":{"@type":"PropertyValueSpecification","valueRequired":true,"valueName":"search_term_string"}}],"inLanguage":"fr-CA"},{"@type":"Organization","@id":"https:\/\/gfs.ca\/en-ca\/#organization","name":"Service alimentaire Gordon","url":"https:\/\/gfs.ca\/en-ca\/","logo":{"@type":"ImageObject","inLanguage":"fr-CA","@id":"https:\/\/gfs.ca\/en-ca\/#\/schema\/logo\/image\/","url":"https:\/\/gfs.ca\/wp-content\/uploads\/2025\/11\/GFS-EN-Logo-og-image.png","contentUrl":"https:\/\/gfs.ca\/wp-content\/uploads\/2025\/11\/GFS-EN-Logo-og-image.png","width":1200,"height":630,"caption":"Gordon Food Service"},"image":{"@id":"https:\/\/gfs.ca\/en-ca\/#\/schema\/logo\/image\/"},"sameAs":["https:\/\/www.facebook.com\/GordonFoodService\/","https:\/\/x.com\/GFSDelivers","https:\/\/www.instagram.com\/gordonfoodservice\/","https:\/\/www.linkedin.com\/company\/gordon-food-service\/"]}]}},"_links":{"self":[{"href":"https:\/\/gfs.ca\/fr-ca\/wp-json\/wp\/v2\/pages\/19333","targetHints":{"allow":["GET"]}}],"collection":[{"href":"https:\/\/gfs.ca\/fr-ca\/wp-json\/wp\/v2\/pages"}],"about":[{"href":"https:\/\/gfs.ca\/fr-ca\/wp-json\/wp\/v2\/types\/page"}],"author":[{"embeddable":true,"href":"https:\/\/gfs.ca\/fr-ca\/wp-json\/wp\/v2\/users\/20"}],"replies":[{"embeddable":true,"href":"https:\/\/gfs.ca\/fr-ca\/wp-json\/wp\/v2\/comments?post=19333"}],"version-history":[{"count":32,"href":"https:\/\/gfs.ca\/fr-ca\/wp-json\/wp\/v2\/pages\/19333\/revisions"}],"predecessor-version":[{"id":41460,"href":"https:\/\/gfs.ca\/fr-ca\/wp-json\/wp\/v2\/pages\/19333\/revisions\/41460"}],"up":[{"embeddable":true,"href":"https:\/\/gfs.ca\/fr-ca\/wp-json\/wp\/v2\/pages\/14113"}],"wp:attachment":[{"href":"https:\/\/gfs.ca\/fr-ca\/wp-json\/wp\/v2\/media?parent=19333"}],"curies":[{"name":"wp","href":"https:\/\/api.w.org\/{rel}","templated":true}]}}