{"id":14495,"date":"2022-12-01T14:14:38","date_gmt":"2022-12-01T20:14:38","guid":{"rendered":"https:\/\/live-gordon-food-service.pantheonsite.io\/?page_id=14495"},"modified":"2024-09-25T15:20:47","modified_gmt":"2024-09-25T19:20:47","slug":"connexion","status":"publish","type":"page","link":"https:\/\/gfs.ca\/fr-ca\/sign-in\/","title":{"rendered":"Connexion"},"content":{"rendered":"<div data-elementor-type=\"wp-page\" data-elementor-id=\"14495\" class=\"elementor elementor-14495\" data-elementor-post-type=\"page\">\n\t\t\t\t\t\t<section data-particle_enable=\"false\" data-particle-mobile-disabled=\"false\" class=\"elementor-section elementor-top-section elementor-element elementor-element-29c5018c elementor-section-boxed elementor-section-height-default elementor-section-height-default\" data-id=\"29c5018c\" data-element_type=\"section\" data-e-type=\"section\" data-settings=\"{&quot;background_background&quot;:&quot;classic&quot;}\">\n\t\t\t\t\t\t<div class=\"elementor-container elementor-column-gap-default\">\n\t\t\t\t\t<div class=\"elementor-column elementor-col-100 elementor-top-column elementor-element elementor-element-3e3f56b4\" data-id=\"3e3f56b4\" data-element_type=\"column\" data-e-type=\"column\">\n\t\t\t<div class=\"elementor-widget-wrap elementor-element-populated\">\n\t\t\t\t\t\t<div class=\"elementor-element elementor-element-3414606 elementor-widget__width-inherit elementor-widget elementor-widget-heading\" data-id=\"3414606\" data-element_type=\"widget\" data-e-type=\"widget\" data-widget_type=\"heading.default\">\n\t\t\t\t<div class=\"elementor-widget-container\">\n\t\t\t\t\t<h2 class=\"elementor-heading-title elementor-size-default\">S\u00e9lectionnez votre outil et connectez-vous<\/h2>\t\t\t\t<\/div>\n\t\t\t\t<\/div>\n\t\t\t\t\t<\/div>\n\t\t<\/div>\n\t\t\t\t\t<\/div>\n\t\t<\/section>\n\t\t\t\t<section data-particle_enable=\"false\" data-particle-mobile-disabled=\"false\" class=\"elementor-section elementor-top-section elementor-element elementor-element-696ac98 elementor-section-boxed elementor-section-height-default elementor-section-height-default\" data-id=\"696ac98\" data-element_type=\"section\" data-e-type=\"section\" data-settings=\"{&quot;background_background&quot;:&quot;classic&quot;}\">\n\t\t\t\t\t\t<div class=\"elementor-container elementor-column-gap-default\">\n\t\t\t\t\t<div class=\"elementor-column elementor-col-33 elementor-top-column elementor-element elementor-element-1efa2d6\" data-id=\"1efa2d6\" data-element_type=\"column\" data-e-type=\"column\" data-settings=\"{&quot;background_background&quot;:&quot;classic&quot;}\">\n\t\t\t<div class=\"elementor-widget-wrap elementor-element-populated\">\n\t\t\t\t\t\t<div class=\"elementor-element elementor-element-fcebfb5 elementor-widget elementor-widget-heading\" data-id=\"fcebfb5\" data-element_type=\"widget\" data-e-type=\"widget\" data-widget_type=\"heading.default\">\n\t\t\t\t<div class=\"elementor-widget-container\">\n\t\t\t\t\t<h2 class=\"elementor-heading-title elementor-size-default\">Commande Gordon<\/h2>\t\t\t\t<\/div>\n\t\t\t\t<\/div>\n\t\t\t\t<div class=\"elementor-element elementor-element-1bec6fe elementor-widget elementor-widget-text-editor\" data-id=\"1bec6fe\" data-element_type=\"widget\" data-e-type=\"widget\" data-widget_type=\"text-editor.default\">\n\t\t\t\t<div class=\"elementor-widget-container\">\n\t\t\t\t\t\t\t\t\t<p>Passez vos commandes\u00a0<\/p>\t\t\t\t\t\t\t\t<\/div>\n\t\t\t\t<\/div>\n\t\t\t\t<div class=\"elementor-element elementor-element-4347f03 elementor-widget elementor-widget-image\" data-id=\"4347f03\" data-element_type=\"widget\" data-e-type=\"widget\" data-widget_type=\"image.default\">\n\t\t\t\t<div class=\"elementor-widget-container\">\n\t\t\t\t\t\t\t\t\t\t\t\t\t\t\t<img fetchpriority=\"high\" decoding=\"async\" width=\"300\" height=\"204\" src=\"https:\/\/gfs.ca\/wp-content\/uploads\/2022\/12\/gordon-ordering_2-300x204.png\" class=\"attachment-medium size-medium wp-image-20557\" alt=\"\" srcset=\"https:\/\/gfs.ca\/wp-content\/uploads\/2022\/12\/gordon-ordering_2-300x204.png 300w, https:\/\/gfs.ca\/wp-content\/uploads\/2022\/12\/gordon-ordering_2-18x12.png 18w, https:\/\/gfs.ca\/wp-content\/uploads\/2022\/12\/gordon-ordering_2.png 500w\" sizes=\"(max-width: 300px) 100vw, 300px\" \/>\t\t\t\t\t\t\t\t\t\t\t\t\t\t\t<\/div>\n\t\t\t\t<\/div>\n\t\t\t\t<div class=\"elementor-element elementor-element-1cf6e29 elementor-align-center elementor-widget elementor-widget-button\" data-id=\"1cf6e29\" data-element_type=\"widget\" data-e-type=\"widget\" data-widget_type=\"button.default\">\n\t\t\t\t<div class=\"elementor-widget-container\">\n\t\t\t\t\t\t\t\t\t<div class=\"elementor-button-wrapper\">\n\t\t\t\t\t<a class=\"elementor-button elementor-button-link elementor-size-sm\" href=\"https:\/\/order.gfs.com\" target=\"_blank\">\n\t\t\t\t\t\t<span class=\"elementor-button-content-wrapper\">\n\t\t\t\t\t\t<span class=\"elementor-button-icon\">\n\t\t\t\t<i aria-hidden=\"true\" class=\"fas fa-arrow-right\"><\/i>\t\t\t<\/span>\n\t\t\t\t\t\t\t\t\t<span class=\"elementor-button-text\">Connexion<\/span>\n\t\t\t\t\t<\/span>\n\t\t\t\t\t<\/a>\n\t\t\t\t<\/div>\n\t\t\t\t\t\t\t\t<\/div>\n\t\t\t\t<\/div>\n\t\t\t\t<div class=\"elementor-element elementor-element-1b5f30a elementor-widget elementor-widget-text-editor\" data-id=\"1b5f30a\" data-element_type=\"widget\" data-e-type=\"widget\" data-widget_type=\"text-editor.default\">\n\t\t\t\t<div class=\"elementor-widget-container\">\n\t\t\t\t\t\t\t\t\t<p><span style=\"font-weight: 400;\">Apprenez-en plus sur <a href=\"https:\/\/gfs.ca\/fr-ca\/gerez-votre-entreprise\/commande-gordon\/\">Commande Gordon<\/a>. Si vous \u00eates un client ind\u00e9pendant du secteur de la restauration, veuillez communiquer avec votre repr\u00e9sentant pour avoir acc\u00e8s \u00e0 cet outil.<\/span><\/p>\t\t\t\t\t\t\t\t<\/div>\n\t\t\t\t<\/div>\n\t\t\t\t\t<\/div>\n\t\t<\/div>\n\t\t\t\t<div class=\"elementor-column elementor-col-33 elementor-top-column elementor-element elementor-element-6fcc8c7\" data-id=\"6fcc8c7\" data-element_type=\"column\" data-e-type=\"column\" data-settings=\"{&quot;background_background&quot;:&quot;classic&quot;}\">\n\t\t\t<div class=\"elementor-widget-wrap\">\n\t\t\t\t\t\t\t<\/div>\n\t\t<\/div>\n\t\t\t\t<div class=\"elementor-column elementor-col-33 elementor-top-column elementor-element elementor-element-0886f29\" data-id=\"0886f29\" data-element_type=\"column\" data-e-type=\"column\" data-settings=\"{&quot;background_background&quot;:&quot;classic&quot;}\">\n\t\t\t<div class=\"elementor-widget-wrap elementor-element-populated\">\n\t\t\t\t\t\t<div class=\"elementor-element elementor-element-9774e65 elementor-widget elementor-widget-heading\" data-id=\"9774e65\" data-element_type=\"widget\" data-e-type=\"widget\" data-widget_type=\"heading.default\">\n\t\t\t\t<div class=\"elementor-widget-container\">\n\t\t\t\t\t<h2 class=\"elementor-heading-title elementor-size-default\">Paiement en ligne<\/h2>\t\t\t\t<\/div>\n\t\t\t\t<\/div>\n\t\t\t\t<div class=\"elementor-element elementor-element-6341c22 elementor-widget elementor-widget-text-editor\" data-id=\"6341c22\" data-element_type=\"widget\" data-e-type=\"widget\" data-widget_type=\"text-editor.default\">\n\t\t\t\t<div class=\"elementor-widget-container\">\n\t\t\t\t\t\t\t\t\t<p>Payez vos factures<\/p>\t\t\t\t\t\t\t\t<\/div>\n\t\t\t\t<\/div>\n\t\t\t\t<div class=\"elementor-element elementor-element-0d5e532 elementor-widget elementor-widget-image\" data-id=\"0d5e532\" data-element_type=\"widget\" data-e-type=\"widget\" data-widget_type=\"image.default\">\n\t\t\t\t<div class=\"elementor-widget-container\">\n\t\t\t\t\t\t\t\t\t\t\t\t\t\t\t<img decoding=\"async\" width=\"300\" height=\"204\" src=\"https:\/\/gfs.ca\/wp-content\/uploads\/2022\/12\/online-payment_2-300x204.png\" class=\"attachment-medium size-medium wp-image-20558\" alt=\"\" srcset=\"https:\/\/gfs.ca\/wp-content\/uploads\/2022\/12\/online-payment_2-300x204.png 300w, https:\/\/gfs.ca\/wp-content\/uploads\/2022\/12\/online-payment_2-18x12.png 18w, https:\/\/gfs.ca\/wp-content\/uploads\/2022\/12\/online-payment_2.png 500w\" sizes=\"(max-width: 300px) 100vw, 300px\" \/>\t\t\t\t\t\t\t\t\t\t\t\t\t\t\t<\/div>\n\t\t\t\t<\/div>\n\t\t\t\t<div class=\"elementor-element elementor-element-2f0ddf6 elementor-align-center elementor-widget elementor-widget-button\" data-id=\"2f0ddf6\" data-element_type=\"widget\" data-e-type=\"widget\" data-widget_type=\"button.default\">\n\t\t\t\t<div class=\"elementor-widget-container\">\n\t\t\t\t\t\t\t\t\t<div class=\"elementor-button-wrapper\">\n\t\t\t\t\t<a class=\"elementor-button elementor-button-link elementor-size-sm\" href=\"https:\/\/pay.gfs.ca\/\" target=\"_blank\">\n\t\t\t\t\t\t<span class=\"elementor-button-content-wrapper\">\n\t\t\t\t\t\t<span class=\"elementor-button-icon\">\n\t\t\t\t<i aria-hidden=\"true\" class=\"fas fa-arrow-right\"><\/i>\t\t\t<\/span>\n\t\t\t\t\t\t\t\t\t<span class=\"elementor-button-text\">Connexion<\/span>\n\t\t\t\t\t<\/span>\n\t\t\t\t\t<\/a>\n\t\t\t\t<\/div>\n\t\t\t\t\t\t\t\t<\/div>\n\t\t\t\t<\/div>\n\t\t\t\t\t<\/div>\n\t\t<\/div>\n\t\t\t\t\t<\/div>\n\t\t<\/section>\n\t\t\t\t<section data-particle_enable=\"false\" data-particle-mobile-disabled=\"false\" class=\"elementor-section elementor-top-section elementor-element elementor-element-91f66fd elementor-section-boxed elementor-section-height-default elementor-section-height-default\" data-id=\"91f66fd\" data-element_type=\"section\" data-e-type=\"section\" data-settings=\"{&quot;background_background&quot;:&quot;classic&quot;}\">\n\t\t\t\t\t\t<div class=\"elementor-container elementor-column-gap-default\">\n\t\t\t\t\t<div class=\"elementor-column elementor-col-100 elementor-top-column elementor-element elementor-element-a29212c\" data-id=\"a29212c\" data-element_type=\"column\" data-e-type=\"column\">\n\t\t\t<div class=\"elementor-widget-wrap elementor-element-populated\">\n\t\t\t\t\t\t<div class=\"elementor-element elementor-element-8c7d5b7 elementor-widget elementor-widget-text-editor\" data-id=\"8c7d5b7\" data-element_type=\"widget\" data-e-type=\"widget\" data-widget_type=\"text-editor.default\">\n\t\t\t\t<div class=\"elementor-widget-container\">\n\t\t\t\t\t\t\t\t\t<p>Soutien technologique client<\/p>\t\t\t\t\t\t\t\t<\/div>\n\t\t\t\t<\/div>\n\t\t\t\t<div class=\"elementor-element elementor-element-2838100 elementor-widget elementor-widget-text-editor\" data-id=\"2838100\" data-element_type=\"widget\" data-e-type=\"widget\" data-widget_type=\"text-editor.default\">\n\t\t\t\t<div class=\"elementor-widget-container\">\n\t\t\t\t\t\t\t\t\t<p>Appelez au 800-689-0955 ou envoyez un courriel \u00e0 <a href=\"mailto:ca.support@gfs.com\" target=\"_blank\" rel=\"noopener\">ca.support@gfs.com<\/a><\/p>\t\t\t\t\t\t\t\t<\/div>\n\t\t\t\t<\/div>\n\t\t\t\t<div class=\"elementor-element elementor-element-0aeac07 elementor-widget elementor-widget-text-editor\" data-id=\"0aeac07\" data-element_type=\"widget\" data-e-type=\"widget\" data-widget_type=\"text-editor.default\">\n\t\t\t\t<div class=\"elementor-widget-container\">\n\t\t\t\t\t\t\t\t\t<p><span style=\"font-weight: 400;\">\u00a0<\/span><span style=\"font-weight: 400;\">Pour obtenir les coordonn\u00e9es de votre centre de distribution, veuillez <a href=\"https:\/\/gfs.ca\/fr-ca\/notre-clientele\/livraison\/\">cliquer ici<\/a>.<\/span><\/p>\t\t\t\t\t\t\t\t<\/div>\n\t\t\t\t<\/div>\n\t\t\t\t\t<\/div>\n\t\t<\/div>\n\t\t\t\t\t<\/div>\n\t\t<\/section>\n\t\t\t\t<section data-particle_enable=\"false\" data-particle-mobile-disabled=\"false\" class=\"elementor-section elementor-top-section elementor-element elementor-element-eb23255 elementor-reverse-tablet elementor-reverse-mobile elementor-hidden-desktop elementor-hidden-tablet elementor-hidden-mobile elementor-section-boxed elementor-section-height-default elementor-section-height-default\" data-id=\"eb23255\" data-element_type=\"section\" data-e-type=\"section\" data-settings=\"{&quot;background_background&quot;:&quot;classic&quot;}\">\n\t\t\t\t\t\t<div class=\"elementor-container elementor-column-gap-default\">\n\t\t\t\t\t<div class=\"elementor-column elementor-col-100 elementor-top-column elementor-element elementor-element-6b2626c\" data-id=\"6b2626c\" data-element_type=\"column\" data-e-type=\"column\">\n\t\t\t<div class=\"elementor-widget-wrap elementor-element-populated\">\n\t\t\t\t\t\t<section data-particle_enable=\"false\" data-particle-mobile-disabled=\"false\" class=\"elementor-section elementor-inner-section elementor-element elementor-element-2bf1ed5 elementor-section-height-min-height elementor-section-boxed elementor-section-height-default\" data-id=\"2bf1ed5\" data-element_type=\"section\" data-e-type=\"section\">\n\t\t\t\t\t\t<div class=\"elementor-container elementor-column-gap-default\">\n\t\t\t\t\t<div class=\"elementor-column elementor-col-50 elementor-inner-column elementor-element elementor-element-4967201\" data-id=\"4967201\" data-element_type=\"column\" data-e-type=\"column\">\n\t\t\t<div class=\"elementor-widget-wrap elementor-element-populated\">\n\t\t\t\t\t\t<div class=\"elementor-element elementor-element-47b83a4 elementor-widget elementor-widget-heading\" data-id=\"47b83a4\" data-element_type=\"widget\" data-e-type=\"widget\" data-widget_type=\"heading.default\">\n\t\t\t\t<div class=\"elementor-widget-container\">\n\t\t\t\t\t<h2 class=\"elementor-heading-title elementor-size-default\">Looking for Menu &amp; Business Solutions?<\/h2>\t\t\t\t<\/div>\n\t\t\t\t<\/div>\n\t\t\t\t<div class=\"elementor-element elementor-element-0e3f5e0 elementor-widget elementor-widget-text-editor\" data-id=\"0e3f5e0\" data-element_type=\"widget\" data-e-type=\"widget\" data-widget_type=\"text-editor.default\">\n\t\t\t\t<div class=\"elementor-widget-container\">\n\t\t\t\t\t\t\t\t\t<p>Access Our Recipe, Inventory, and Menu Management Solutions<\/p>\t\t\t\t\t\t\t\t<\/div>\n\t\t\t\t<\/div>\n\t\t\t\t<div class=\"elementor-element elementor-element-22a64cd elementor-widget elementor-widget-text-editor\" data-id=\"22a64cd\" data-element_type=\"widget\" data-e-type=\"widget\" data-widget_type=\"text-editor.default\">\n\t\t\t\t<div class=\"elementor-widget-container\">\n\t\t\t\t\t\t\t\t\t<p>Sign In to Gordon Experience which will connect you to the following tools:<\/p>\t\t\t\t\t\t\t\t<\/div>\n\t\t\t\t<\/div>\n\t\t\t\t<div class=\"elementor-element elementor-element-b709946 elementor-widget elementor-widget-text-editor\" data-id=\"b709946\" data-element_type=\"widget\" data-e-type=\"widget\" data-widget_type=\"text-editor.default\">\n\t\t\t\t<div class=\"elementor-widget-container\">\n\t\t\t\t\t\t\t\t\t<p><em>Inventory Manager | Recipe Manager | <\/em><em>Cycle Menu Management | Commodity Management Application<\/em><\/p>\t\t\t\t\t\t\t\t<\/div>\n\t\t\t\t<\/div>\n\t\t\t\t<div class=\"elementor-element elementor-element-56ab753 elementor-widget elementor-widget-text-editor\" data-id=\"56ab753\" data-element_type=\"widget\" data-e-type=\"widget\" data-widget_type=\"text-editor.default\">\n\t\t\t\t<div class=\"elementor-widget-container\">\n\t\t\t\t\t\t\t\t\t<p>Learn more about our new solutions: <a href=\"https:\/\/gfs.ca\/fr-ca\/gerez-votre-entreprise\/gordon-restaurant-pro\/\">Gordon Restaurant Pro<\/a> &amp; <a href=\"https:\/\/gfs.ca\/fr-ca\/gerez-votre-entreprise\/gordon-culinaire-pro\/\">Gordon Culinaire Pro (version fran\u00e7aise \u00e0 venir)<\/a><\/p>\t\t\t\t\t\t\t\t<\/div>\n\t\t\t\t<\/div>\n\t\t\t\t<div class=\"elementor-element elementor-element-60b7669 elementor-widget elementor-widget-button\" data-id=\"60b7669\" data-element_type=\"widget\" data-e-type=\"widget\" data-widget_type=\"button.default\">\n\t\t\t\t<div class=\"elementor-widget-container\">\n\t\t\t\t\t\t\t\t\t<div class=\"elementor-button-wrapper\">\n\t\t\t\t\t<a class=\"elementor-button elementor-button-link elementor-size-sm\" href=\"https:\/\/apps.gfs.com\/\">\n\t\t\t\t\t\t<span class=\"elementor-button-content-wrapper\">\n\t\t\t\t\t\t<span class=\"elementor-button-icon\">\n\t\t\t\t<i aria-hidden=\"true\" class=\"fas fa-arrow-right\"><\/i>\t\t\t<\/span>\n\t\t\t\t\t\t\t\t\t<span class=\"elementor-button-text\">Connexion<\/span>\n\t\t\t\t\t<\/span>\n\t\t\t\t\t<\/a>\n\t\t\t\t<\/div>\n\t\t\t\t\t\t\t\t<\/div>\n\t\t\t\t<\/div>\n\t\t\t\t\t<\/div>\n\t\t<\/div>\n\t\t\t\t<div class=\"elementor-column elementor-col-50 elementor-inner-column elementor-element elementor-element-c05b172\" data-id=\"c05b172\" data-element_type=\"column\" data-e-type=\"column\" data-settings=\"{&quot;background_background&quot;:&quot;classic&quot;}\">\n\t\t\t<div class=\"elementor-widget-wrap\">\n\t\t\t\t\t\t\t<\/div>\n\t\t<\/div>\n\t\t\t\t\t<\/div>\n\t\t<\/section>\n\t\t\t\t\t<\/div>\n\t\t<\/div>\n\t\t\t\t\t<\/div>\n\t\t<\/section>\n\t\t\t\t<section data-particle_enable=\"false\" data-particle-mobile-disabled=\"false\" class=\"elementor-section elementor-top-section elementor-element elementor-element-0511527 elementor-hidden-desktop elementor-hidden-tablet elementor-hidden-mobile elementor-section-boxed elementor-section-height-default elementor-section-height-default\" data-id=\"0511527\" data-element_type=\"section\" data-e-type=\"section\" data-settings=\"{&quot;background_background&quot;:&quot;classic&quot;}\">\n\t\t\t\t\t\t<div class=\"elementor-container elementor-column-gap-default\">\n\t\t\t\t\t<div class=\"elementor-column elementor-col-100 elementor-top-column elementor-element elementor-element-77f1a4a\" data-id=\"77f1a4a\" data-element_type=\"column\" data-e-type=\"column\">\n\t\t\t<div class=\"elementor-widget-wrap elementor-element-populated\">\n\t\t\t\t\t\t<div class=\"elementor-element elementor-element-4d76267 elementor-widget elementor-widget-text-editor\" data-id=\"4d76267\" data-element_type=\"widget\" data-e-type=\"widget\" data-widget_type=\"text-editor.default\">\n\t\t\t\t<div class=\"elementor-widget-container\">\n\t\t\t\t\t\t\t\t\t<p>Soutien technologique client<\/p>\t\t\t\t\t\t\t\t<\/div>\n\t\t\t\t<\/div>\n\t\t\t\t<div class=\"elementor-element elementor-element-c19024d elementor-widget elementor-widget-text-editor\" data-id=\"c19024d\" data-element_type=\"widget\" data-e-type=\"widget\" data-widget_type=\"text-editor.default\">\n\t\t\t\t<div class=\"elementor-widget-container\">\n\t\t\t\t\t\t\t\t\t<p>Call (800) 968-6437 or email <a href=\"mailto:cts@gfs.com\">cts@gfs.com<\/a><\/p>\t\t\t\t\t\t\t\t<\/div>\n\t\t\t\t<\/div>\n\t\t\t\t\t<\/div>\n\t\t<\/div>\n\t\t\t\t\t<\/div>\n\t\t<\/section>\n\t\t\t\t<section data-particle_enable=\"false\" data-particle-mobile-disabled=\"false\" class=\"elementor-section elementor-top-section elementor-element elementor-element-2fd4edb6 elementor-section-height-min-height elementor-section-boxed elementor-section-height-default elementor-section-items-middle\" data-id=\"2fd4edb6\" data-element_type=\"section\" data-e-type=\"section\" data-settings=\"{&quot;background_background&quot;:&quot;classic&quot;}\">\n\t\t\t\t\t\t\t<div class=\"elementor-background-overlay\"><\/div>\n\t\t\t\t\t\t\t<div class=\"elementor-container elementor-column-gap-default\">\n\t\t\t\t\t<div class=\"elementor-column elementor-col-100 elementor-top-column elementor-element elementor-element-27216bfd\" data-id=\"27216bfd\" data-element_type=\"column\" data-e-type=\"column\">\n\t\t\t<div class=\"elementor-widget-wrap elementor-element-populated\">\n\t\t\t\t\t\t<div class=\"elementor-element elementor-element-71709783 elementor-widget elementor-widget-heading\" data-id=\"71709783\" data-element_type=\"widget\" data-e-type=\"widget\" data-widget_type=\"heading.default\">\n\t\t\t\t<div class=\"elementor-widget-container\">\n\t\t\t\t\t<h1 class=\"elementor-heading-title elementor-size-default\">Vous souhaitez faire affaire avec nous?<\/h1>\t\t\t\t<\/div>\n\t\t\t\t<\/div>\n\t\t\t\t<div class=\"elementor-element elementor-element-19a85478 elementor-widget elementor-widget-text-editor\" data-id=\"19a85478\" data-element_type=\"widget\" data-e-type=\"widget\" data-widget_type=\"text-editor.default\">\n\t\t\t\t<div class=\"elementor-widget-container\">\n\t\t\t\t\t\t\t\t\t<p>Commencez d\u00e8s aujourd\u2019hui! Parlez-nous un peu de votre entreprise et quelqu\u2019un vous contactera.<\/p>\t\t\t\t\t\t\t\t<\/div>\n\t\t\t\t<\/div>\n\t\t\t\t<div class=\"elementor-element elementor-element-23ef0c3 elementor-align-center elementor-widget elementor-widget-button\" data-id=\"23ef0c3\" data-element_type=\"widget\" data-e-type=\"widget\" data-widget_type=\"button.default\">\n\t\t\t\t<div class=\"elementor-widget-container\">\n\t\t\t\t\t\t\t\t\t<div class=\"elementor-button-wrapper\">\n\t\t\t\t\t<a class=\"elementor-button elementor-button-link elementor-size-sm\" href=\"https:\/\/gfs.ca\/fr-ca\/devenir-client\/\">\n\t\t\t\t\t\t<span class=\"elementor-button-content-wrapper\">\n\t\t\t\t\t\t<span class=\"elementor-button-icon\">\n\t\t\t\t<i aria-hidden=\"true\" class=\"fas fa-arrow-right\"><\/i>\t\t\t<\/span>\n\t\t\t\t\t\t\t\t\t<span class=\"elementor-button-text\">Devenir client<\/span>\n\t\t\t\t\t<\/span>\n\t\t\t\t\t<\/a>\n\t\t\t\t<\/div>\n\t\t\t\t\t\t\t\t<\/div>\n\t\t\t\t<\/div>\n\t\t\t\t\t<\/div>\n\t\t<\/div>\n\t\t\t\t\t<\/div>\n\t\t<\/section>\n\t\t\t\t<\/div>","protected":false},"excerpt":{"rendered":"<p>Select Your Tool &amp; Sign In Gordon Ordering Place Your Orders\u00a0 Sign In Learn more about Gordon Ordering.\u00a0 If you are an independent food service customer, please contact your Sales Rep for access to this tool. Online Payment Pay Your Invoices Sign In Customer Technology Support Call (800) 689-0955 or email ca.support@gfs.com \u00a0For contact information [&hellip;]<\/p>\n","protected":false},"author":20,"featured_media":0,"parent":0,"menu_order":0,"comment_status":"closed","ping_status":"closed","template":"","meta":{"_acf_changed":false,"footnotes":""},"class_list":["post-14495","page","type-page","status-publish","hentry"],"acf":[],"yoast_head":"<!-- This site is optimized with the Yoast SEO Premium plugin v22.9 (Yoast SEO v27.0) - https:\/\/yoast.com\/product\/yoast-seo-premium-wordpress\/ -->\n<title>Sign In | Gordon Food Service<\/title>\n<meta name=\"description\" content=\"Sign in to your Gordon Food Service account to get started today!\" \/>\n<meta name=\"robots\" content=\"index, follow, max-snippet:-1, max-image-preview:large, max-video-preview:-1\" \/>\n<link rel=\"canonical\" href=\"https:\/\/gfs.ca\/fr-ca\/connexion\/\" \/>\n<meta property=\"og:locale\" content=\"fr_CA\" \/>\n<meta property=\"og:type\" content=\"article\" \/>\n<meta property=\"og:title\" content=\"Sign In\" \/>\n<meta property=\"og:description\" content=\"Sign in to your Gordon Food Service account to get started today!\" \/>\n<meta property=\"og:url\" content=\"https:\/\/gfs.ca\/fr-ca\/connexion\/\" \/>\n<meta property=\"og:site_name\" content=\"Gordon Food Service\" \/>\n<meta property=\"article:publisher\" content=\"https:\/\/www.facebook.com\/GordonFoodService\/\" \/>\n<meta property=\"article:modified_time\" content=\"2024-09-25T19:20:47+00:00\" \/>\n<meta property=\"og:image\" content=\"https:\/\/gfs.ca\/wp-content\/uploads\/2022\/12\/gordon-ordering_2-300x204.png\" \/>\n<meta name=\"twitter:card\" content=\"summary_large_image\" \/>\n<meta name=\"twitter:site\" content=\"@GFSDelivers\" \/>\n<meta name=\"twitter:label1\" content=\"Estimation du temps de lecture\" \/>\n\t<meta name=\"twitter:data1\" content=\"2 minutes\" \/>\n<!-- \/ Yoast SEO Premium plugin. -->","yoast_head_json":{"title":"Connexion | Service alimentaire Gordon","description":"Connectez-vous \u00e0 votre compte Service alimentaire Gordon pour commencer d\u00e8s aujourd'hui !","robots":{"index":"index","follow":"follow","max-snippet":"max-snippet:-1","max-image-preview":"max-image-preview:large","max-video-preview":"max-video-preview:-1"},"canonical":"https:\/\/gfs.ca\/fr-ca\/connexion\/","og_locale":"fr_CA","og_type":"article","og_title":"Sign In","og_description":"Sign in to your Gordon Food Service account to get started today!","og_url":"https:\/\/gfs.ca\/fr-ca\/connexion\/","og_site_name":"Gordon Food Service","article_publisher":"https:\/\/www.facebook.com\/GordonFoodService\/","article_modified_time":"2024-09-25T19:20:47+00:00","og_image":[{"url":"https:\/\/gfs.ca\/wp-content\/uploads\/2022\/12\/gordon-ordering_2-300x204.png","type":"","width":"","height":""}],"twitter_card":"summary_large_image","twitter_site":"@GFSDelivers","twitter_misc":{"Estimation du temps de lecture":"2 minutes"},"schema":{"@context":"https:\/\/schema.org","@graph":[{"@type":"WebPage","@id":"https:\/\/gfs.ca\/fr-ca\/connexion\/","url":"https:\/\/gfs.ca\/fr-ca\/connexion\/","name":"Connexion | Service alimentaire Gordon","isPartOf":{"@id":"https:\/\/gfs.ca\/en-ca\/#website"},"primaryImageOfPage":{"@id":"https:\/\/gfs.ca\/fr-ca\/connexion\/#primaryimage"},"image":{"@id":"https:\/\/gfs.ca\/fr-ca\/connexion\/#primaryimage"},"thumbnailUrl":"https:\/\/gfs.ca\/wp-content\/uploads\/2022\/12\/gordon-ordering_2-300x204.png","datePublished":"2022-12-01T20:14:38+00:00","dateModified":"2024-09-25T19:20:47+00:00","description":"Connectez-vous \u00e0 votre compte Service alimentaire Gordon pour commencer d\u00e8s aujourd'hui !","breadcrumb":{"@id":"https:\/\/gfs.ca\/fr-ca\/connexion\/#breadcrumb"},"inLanguage":"fr-CA","potentialAction":[{"@type":"ReadAction","target":["https:\/\/gfs.ca\/fr-ca\/connexion\/"]}]},{"@type":"ImageObject","inLanguage":"fr-CA","@id":"https:\/\/gfs.ca\/fr-ca\/connexion\/#primaryimage","url":"https:\/\/gfs.ca\/wp-content\/uploads\/2022\/12\/gordon-ordering_2-300x204.png","contentUrl":"https:\/\/gfs.ca\/wp-content\/uploads\/2022\/12\/gordon-ordering_2-300x204.png"},{"@type":"BreadcrumbList","@id":"https:\/\/gfs.ca\/fr-ca\/connexion\/#breadcrumb","itemListElement":[{"@type":"ListItem","position":1,"name":"Home","item":"https:\/\/gfs.ca\/en-ca\/"},{"@type":"ListItem","position":2,"name":"Sign In"}]},{"@type":"WebSite","@id":"https:\/\/gfs.ca\/en-ca\/#website","url":"https:\/\/gfs.ca\/en-ca\/","name":"Service alimentaire Gordon","description":"","publisher":{"@id":"https:\/\/gfs.ca\/en-ca\/#organization"},"potentialAction":[{"@type":"SearchAction","target":{"@type":"EntryPoint","urlTemplate":"https:\/\/gfs.ca\/en-ca\/?s={search_term_string}"},"query-input":{"@type":"PropertyValueSpecification","valueRequired":true,"valueName":"search_term_string"}}],"inLanguage":"fr-CA"},{"@type":"Organization","@id":"https:\/\/gfs.ca\/en-ca\/#organization","name":"Service alimentaire Gordon","url":"https:\/\/gfs.ca\/en-ca\/","logo":{"@type":"ImageObject","inLanguage":"fr-CA","@id":"https:\/\/gfs.ca\/en-ca\/#\/schema\/logo\/image\/","url":"https:\/\/gfs.ca\/wp-content\/uploads\/2025\/11\/GFS-EN-Logo-og-image.png","contentUrl":"https:\/\/gfs.ca\/wp-content\/uploads\/2025\/11\/GFS-EN-Logo-og-image.png","width":1200,"height":630,"caption":"Gordon Food Service"},"image":{"@id":"https:\/\/gfs.ca\/en-ca\/#\/schema\/logo\/image\/"},"sameAs":["https:\/\/www.facebook.com\/GordonFoodService\/","https:\/\/x.com\/GFSDelivers","https:\/\/www.instagram.com\/gordonfoodservice\/","https:\/\/www.linkedin.com\/company\/gordon-food-service\/"]}]}},"_links":{"self":[{"href":"https:\/\/gfs.ca\/fr-ca\/wp-json\/wp\/v2\/pages\/14495","targetHints":{"allow":["GET"]}}],"collection":[{"href":"https:\/\/gfs.ca\/fr-ca\/wp-json\/wp\/v2\/pages"}],"about":[{"href":"https:\/\/gfs.ca\/fr-ca\/wp-json\/wp\/v2\/types\/page"}],"author":[{"embeddable":true,"href":"https:\/\/gfs.ca\/fr-ca\/wp-json\/wp\/v2\/users\/20"}],"replies":[{"embeddable":true,"href":"https:\/\/gfs.ca\/fr-ca\/wp-json\/wp\/v2\/comments?post=14495"}],"version-history":[{"count":3,"href":"https:\/\/gfs.ca\/fr-ca\/wp-json\/wp\/v2\/pages\/14495\/revisions"}],"predecessor-version":[{"id":34896,"href":"https:\/\/gfs.ca\/fr-ca\/wp-json\/wp\/v2\/pages\/14495\/revisions\/34896"}],"wp:attachment":[{"href":"https:\/\/gfs.ca\/fr-ca\/wp-json\/wp\/v2\/media?parent=14495"}],"curies":[{"name":"wp","href":"https:\/\/api.w.org\/{rel}","templated":true}]}}