{"id":12228,"date":"2022-11-15T15:46:10","date_gmt":"2022-11-15T21:46:10","guid":{"rendered":"https:\/\/live-gordon-food-service.pantheonsite.io\/?page_id=12228"},"modified":"2026-04-06T14:09:06","modified_gmt":"2026-04-06T18:09:06","slug":"programme-choix-eclaire","status":"publish","type":"page","link":"https:\/\/gfs.ca\/fr-ca\/about-us\/our-responsibility\/clear-choice-program\/","title":{"rendered":"Programme Choix \u00e9clair\u00e9"},"content":{"rendered":"<div data-elementor-type=\"wp-page\" data-elementor-id=\"12228\" class=\"elementor elementor-12228\" data-elementor-post-type=\"page\">\n\t\t\t\t<div data-particle_enable=\"false\" data-particle-mobile-disabled=\"false\" class=\"elementor-element elementor-element-39f1049 e-flex e-con-boxed e-con e-parent\" data-id=\"39f1049\" data-element_type=\"container\" data-e-type=\"container\">\n\t\t\t\t\t<div class=\"e-con-inner\">\n\t\t<div data-particle_enable=\"false\" data-particle-mobile-disabled=\"false\" class=\"elementor-element elementor-element-27de0f8 e-con-full e-flex e-con e-child\" data-id=\"27de0f8\" data-element_type=\"container\" data-e-type=\"container\">\n\t\t\t\t<div class=\"elementor-element elementor-element-a546457 elementor-widget elementor-widget-heading\" data-id=\"a546457\" data-element_type=\"widget\" data-e-type=\"widget\" data-widget_type=\"heading.default\">\n\t\t\t\t<div class=\"elementor-widget-container\">\n\t\t\t\t\t<h2 class=\"elementor-heading-title elementor-size-default\">Programme Choix \u00e9clair\u00e9<\/h2>\t\t\t\t<\/div>\n\t\t\t\t<\/div>\n\t\t\t\t<div class=\"elementor-element elementor-element-9d6f683 elementor-widget elementor-widget-heading\" data-id=\"9d6f683\" data-element_type=\"widget\" data-e-type=\"widget\" data-widget_type=\"heading.default\">\n\t\t\t\t<div class=\"elementor-widget-container\">\n\t\t\t\t\t<h2 class=\"elementor-heading-title elementor-size-default\">Parlons de transparence<\/h2>\t\t\t\t<\/div>\n\t\t\t\t<\/div>\n\t\t\t\t<div class=\"elementor-element elementor-element-32eae01 elementor-widget elementor-widget-text-editor\" data-id=\"32eae01\" data-element_type=\"widget\" data-e-type=\"widget\" data-widget_type=\"text-editor.default\">\n\t\t\t\t<div class=\"elementor-widget-container\">\n\t\t\t\t\t\t\t\t\t<p>Les consommateurs veulent savoir ce que contiennent et ne contiennent pas les aliments qu\u2019ils ach\u00e8tent de m\u00eame que l\u2019endroit d\u2019o\u00f9 ils proviennent et la fa\u00e7on dont ils ont \u00e9t\u00e9 cultiv\u00e9s, produits ou transform\u00e9s. Ils cherchent aussi \u00e0 \u00e9viter les additifs, \u00e0 promouvoir le bien-\u00eatre animal et \u00e0 r\u00e9duire leur impact sur l\u2019environnement en faisant de meilleurs choix alimentaires et en utilisant des produits recycl\u00e9s, recyclables, biod\u00e9gradables ou compostables.<\/p><p>Essentiellement, ils souhaitent se sentir en accord avec la totalit\u00e9 de leur exp\u00e9rience culinaire, des aliments \u00e0 la mani\u00e8re dont ils sont emball\u00e9s\u2026 et tout ce qui se trouve entre les deux.<\/p><p>En vous donnant acc\u00e8s \u00e0 une vaste gamme de produits r\u00e9partis dans six cat\u00e9gories, le programme Choix \u00e9clair\u00e9 vous aidera \u00e0 satisfaire cette demande.<\/p>\t\t\t\t\t\t\t\t<\/div>\n\t\t\t\t<\/div>\n\t\t\t\t<div class=\"elementor-element elementor-element-b998082 elementor-widget elementor-widget-heading\" data-id=\"b998082\" data-element_type=\"widget\" data-e-type=\"widget\" data-widget_type=\"heading.default\">\n\t\t\t\t<div class=\"elementor-widget-container\">\n\t\t\t\t\t<h2 class=\"elementor-heading-title elementor-size-default\">Ingr\u00e9dients plus sains<\/h2>\t\t\t\t<\/div>\n\t\t\t\t<\/div>\n\t\t\t\t<div class=\"elementor-element elementor-element-5cd3c1a elementor-widget elementor-widget-text-editor\" data-id=\"5cd3c1a\" data-element_type=\"widget\" data-e-type=\"widget\" data-widget_type=\"text-editor.default\">\n\t\t\t\t<div class=\"elementor-widget-container\">\n\t\t\t\t\t\t\t\t\t<p>Les consommateurs s\u2019int\u00e9ressent de plus en plus \u00e0 la fa\u00e7on dont les aliments sont produits. Ils s\u2019attendent \u00e0 ce qu\u2019on leur offre des produits aux ingr\u00e9dients simples et reconnaissables qui contiennent peu d\u2019additifs. Les produits de cette cat\u00e9gorie poss\u00e8dent une, plusieurs ou toutes les caract\u00e9ristiques suivantes.<\/p><ul><li>Biologique<\/li><li>Sans agent de conservation artificiel<\/li><li>Sans colorant artificiel<\/li><li>Sans \u00e9dulcorant artificiel<\/li><li>Sans glutamate monosodique<\/li><li>Sans OGM<\/li><li>Sans saveur artificielle<\/li><li>Sans sirop de ma\u00efs \u00e0 haute teneur en fructose<\/li><\/ul>\t\t\t\t\t\t\t\t<\/div>\n\t\t\t\t<\/div>\n\t\t\t\t<div class=\"elementor-element elementor-element-b190b4a elementor-widget elementor-widget-heading\" data-id=\"b190b4a\" data-element_type=\"widget\" data-e-type=\"widget\" data-widget_type=\"heading.default\">\n\t\t\t\t<div class=\"elementor-widget-container\">\n\t\t\t\t\t<h2 class=\"elementor-heading-title elementor-size-default\">Bien-\u00eatre des animaux<\/h2>\t\t\t\t<\/div>\n\t\t\t\t<\/div>\n\t\t\t\t<div class=\"elementor-element elementor-element-cc81144 elementor-widget elementor-widget-text-editor\" data-id=\"cc81144\" data-element_type=\"widget\" data-e-type=\"widget\" data-widget_type=\"text-editor.default\">\n\t\t\t\t<div class=\"elementor-widget-container\">\n\t\t\t\t\t\t\t\t\t<p>Quand il est question de viande, de volaille, de produits laitiers et d\u2019\u0153ufs, nombreux sont les consommateurs qui se soucient du bien-\u00eatre des animaux. Les produits de cette cat\u00e9gorie font l\u2019objet de certifications ou proviennent d\u2019animaux \u00e9lev\u00e9s selon des pratiques agricoles qui ont \u00e9t\u00e9 cr\u00e9\u00e9es dans l\u2019optique d\u2019assurer la s\u00e9curit\u00e9 et le bien-\u00eatre des animaux.<\/p><ul><li>\u00c9lev\u00e9 en libert\u00e9<\/li><li>\u00c9lev\u00e9 en plein air<\/li><li>\u00c9lev\u00e9 sans l\u2019usage d\u2019antibiotiques<\/li><li>\u00c9lev\u00e9 sans l\u2019usage d\u2019hormones ajout\u00e9es<\/li><li>Enti\u00e8rement nourri \u00e0 l\u2019herbe<\/li><li>Sans ractopamine<\/li><\/ul>\t\t\t\t\t\t\t\t<\/div>\n\t\t\t\t<\/div>\n\t\t\t\t<div class=\"elementor-element elementor-element-023570f elementor-widget elementor-widget-heading\" data-id=\"023570f\" data-element_type=\"widget\" data-e-type=\"widget\" data-widget_type=\"heading.default\">\n\t\t\t\t<div class=\"elementor-widget-container\">\n\t\t\t\t\t<h2 class=\"elementor-heading-title elementor-size-default\">P\u00eache et aquaculture durables<\/h2>\t\t\t\t<\/div>\n\t\t\t\t<\/div>\n\t\t\t\t<div class=\"elementor-element elementor-element-695b6d4 elementor-widget elementor-widget-text-editor\" data-id=\"695b6d4\" data-element_type=\"widget\" data-e-type=\"widget\" data-widget_type=\"text-editor.default\">\n\t\t\t\t<div class=\"elementor-widget-container\">\n\t\t\t\t\t\t\t\t\t<p>Les consommateurs tiennent \u00e0 la protection et \u00e0 la restauration des \u00e9cosyst\u00e8mes marins, et nous aussi. En achetant du poisson et des fruits de mer \u00e9lev\u00e9s ou p\u00each\u00e9s au moyen de pratiques durables, ils contribuent \u00e0 prot\u00e9ger les milieux marins pour les g\u00e9n\u00e9rations \u00e0 venir. Les certifications suivantes sont synonymes de pratiques exemplaires dans ce domaine.<\/p><ul><li>Aquaculture Stewardship Council (ASC)<\/li><li>Best Aquaculture Practices (BAP)<\/li><li>Marine Stewardship Council (MSC)<\/li><li>Monterey Bay Aquarium Seafood Watch<\/li><\/ul>\t\t\t\t\t\t\t\t<\/div>\n\t\t\t\t<\/div>\n\t\t\t\t<div class=\"elementor-element elementor-element-28c6028 elementor-widget elementor-widget-heading\" data-id=\"28c6028\" data-element_type=\"widget\" data-e-type=\"widget\" data-widget_type=\"heading.default\">\n\t\t\t\t<div class=\"elementor-widget-container\">\n\t\t\t\t\t<h2 class=\"elementor-heading-title elementor-size-default\">Pratiques \u00e9thiques<\/h2>\t\t\t\t<\/div>\n\t\t\t\t<\/div>\n\t\t\t\t<div class=\"elementor-element elementor-element-7578c86 elementor-widget elementor-widget-text-editor\" data-id=\"7578c86\" data-element_type=\"widget\" data-e-type=\"widget\" data-widget_type=\"text-editor.default\">\n\t\t\t\t<div class=\"elementor-widget-container\">\n\t\t\t\t\t\t\t\t\t<p>Les gens veulent se sentir bien avec leurs choix alimentaires et savoir que ces derniers ont un impact positif autant sur les autres que sur la plan\u00e8te. Les pratiques d\u2019approvisionnement et certifications de tierce partie associ\u00e9es \u00e0 cette cat\u00e9gorie aident \u00e0 faire en sorte que des agriculteurs de partout dans le monde re\u00e7oivent un salaire d\u00e9cent et b\u00e9n\u00e9ficient d\u2019un moyen de subsistance durable.<\/p>\n<ul>\n<li>Approvisionnement direct aupr\u00e8s de producteurs<\/li>\n<li>\u00c9quitable<\/li>\n<li>Rainforest Alliance<\/li>\n<\/ul>\t\t\t\t\t\t\t\t<\/div>\n\t\t\t\t<\/div>\n\t\t\t\t<div class=\"elementor-element elementor-element-a4bd1bf elementor-widget elementor-widget-heading\" data-id=\"a4bd1bf\" data-element_type=\"widget\" data-e-type=\"widget\" data-widget_type=\"heading.default\">\n\t\t\t\t<div class=\"elementor-widget-container\">\n\t\t\t\t\t<h2 class=\"elementor-heading-title elementor-size-default\">Respect de l\u2019environnement<\/h2>\t\t\t\t<\/div>\n\t\t\t\t<\/div>\n\t\t\t\t<div class=\"elementor-element elementor-element-9c88b49 elementor-widget elementor-widget-text-editor\" data-id=\"9c88b49\" data-element_type=\"widget\" data-e-type=\"widget\" data-widget_type=\"text-editor.default\">\n\t\t\t\t<div class=\"elementor-widget-container\">\n\t\t\t\t\t\t\t\t\t<p>La r\u00e9duction de l\u2019impact des produits chimiques sur l\u2019environnement et de l\u2019envoi de d\u00e9chets dans les sites d\u2019enfouissement a des effets positifs sur la plan\u00e8te, mais aussi sur nos clients. Les produits qui r\u00e9pondent aux crit\u00e8res suivants ont \u00e9t\u00e9 \u00e9labor\u00e9s dans cette optique.<\/p><ul><li>Certifi\u00e9 compostable<\/li><li>\u00c9coLogo<\/li><li>Green Seal<\/li><li>Fait \u00e0 partir de mat\u00e9riaux recycl\u00e9s<\/li><li>Fait \u00e0 partir de ressources renouvelables<\/li><\/ul>\t\t\t\t\t\t\t\t<\/div>\n\t\t\t\t<\/div>\n\t\t\t\t<div class=\"elementor-element elementor-element-7de9808 elementor-widget elementor-widget-heading\" data-id=\"7de9808\" data-element_type=\"widget\" data-e-type=\"widget\" data-widget_type=\"heading.default\">\n\t\t\t\t<div class=\"elementor-widget-container\">\n\t\t\t\t\t<h2 class=\"elementor-heading-title elementor-size-default\">Caract\u00e9ristiques alimentaires<\/h2>\t\t\t\t<\/div>\n\t\t\t\t<\/div>\n\t\t\t\t<div class=\"elementor-element elementor-element-63d2270 elementor-widget elementor-widget-text-editor\" data-id=\"63d2270\" data-element_type=\"widget\" data-e-type=\"widget\" data-widget_type=\"text-editor.default\">\n\t\t\t\t<div class=\"elementor-widget-container\">\n\t\t\t\t\t\t\t\t\t<p>Produits fabriqu\u00e9s et pr\u00e9par\u00e9s conform\u00e9ment aux exigences sp\u00e9cifiques \u00e0 certaines normes et pr\u00e9f\u00e9rences alimentaires.<\/p><ul><li>Sans gluten<\/li><li>Halal<\/li><li>Casher<\/li><li>Prot\u00e9ine \u00e0 base v\u00e9g\u00e9tale<\/li><li>V\u00e9g\u00e9talien<\/li><li>V\u00e9g\u00e9tarien<\/li><\/ul>\t\t\t\t\t\t\t\t<\/div>\n\t\t\t\t<\/div>\n\t\t\t\t<\/div>\n\t\t\t\t\t<\/div>\n\t\t\t\t<\/div>\n\t\t<div data-particle_enable=\"false\" data-particle-mobile-disabled=\"false\" class=\"elementor-element elementor-element-d621d42 e-flex e-con-boxed e-con e-parent\" data-id=\"d621d42\" data-element_type=\"container\" data-e-type=\"container\">\n\t\t\t\t\t<div class=\"e-con-inner\">\n\t\t<div data-particle_enable=\"false\" data-particle-mobile-disabled=\"false\" class=\"elementor-element elementor-element-7e095db e-con-full e-flex e-con e-child\" data-id=\"7e095db\" data-element_type=\"container\" data-e-type=\"container\">\n\t\t\t\t<div class=\"elementor-element elementor-element-b8ac9c2 elementor-widget elementor-widget-video\" data-id=\"b8ac9c2\" data-element_type=\"widget\" data-e-type=\"widget\" data-settings=\"{&quot;youtube_url&quot;:&quot;https:\\\/\\\/youtu.be\\\/JdMPCS5E0QY&quot;,&quot;video_type&quot;:&quot;youtube&quot;,&quot;controls&quot;:&quot;yes&quot;}\" data-no-translation=\"\" data-widget_type=\"video.default\">\n\t\t\t\t<div class=\"elementor-widget-container\">\n\t\t\t\t\t<style>.elementor-element-b8ac9c2{display:none !important}<\/style>\t\t\t\t<\/div>\n\t\t\t\t<\/div>\n\t\t\t\t<div class=\"elementor-element elementor-element-7f91197 elementor-widget elementor-widget-video\" data-id=\"7f91197\" data-element_type=\"widget\" data-e-type=\"widget\" data-settings=\"{&quot;youtube_url&quot;:&quot;https:\\\/\\\/youtu.be\\\/8Hv64LEVMfY&quot;,&quot;video_type&quot;:&quot;youtube&quot;,&quot;controls&quot;:&quot;yes&quot;}\" data-no-translation=\"\" data-widget_type=\"video.default\">\n\t\t\t\t<div class=\"elementor-widget-container\">\n\t\t\t\t\t\t\t<div class=\"elementor-wrapper elementor-open-inline\">\n\t\t\t<div class=\"elementor-video\"><\/div>\t\t<\/div>\n\t\t\t\t\t\t<\/div>\n\t\t\t\t<\/div>\n\t\t\t\t<\/div>\n\t\t\t\t\t<\/div>\n\t\t\t\t<\/div>\n\t\t\t\t<\/div>","protected":false},"excerpt":{"rendered":"<p>Clear Choice Program Let&#8217;s Talk Transparency Consumers want to know what is and is not in the food they purchase, where it comes from and how it was grown, processed or made. They are also looking to avoid additives, promote animal welfare and lessen their environmental impact by making better food choices and by using [&hellip;]<\/p>\n","protected":false},"author":20,"featured_media":34873,"parent":36961,"menu_order":0,"comment_status":"closed","ping_status":"closed","template":"","meta":{"_acf_changed":false,"footnotes":""},"class_list":["post-12228","page","type-page","status-publish","has-post-thumbnail","hentry"],"acf":[],"yoast_head":"<!-- This site is optimized with the Yoast SEO Premium plugin v22.9 (Yoast SEO v27.0) - https:\/\/yoast.com\/product\/yoast-seo-premium-wordpress\/ -->\n<title>Clear Choice Program | Gordon Food Service<\/title>\n<meta name=\"description\" content=\"Gordon Food Service Clear Choice Program provides visibility to a portfolio of products in seven categories to help you meet the product transparency demand. Learn more today.\" \/>\n<meta name=\"robots\" content=\"index, follow, max-snippet:-1, max-image-preview:large, max-video-preview:-1\" \/>\n<link rel=\"canonical\" href=\"https:\/\/gfs.ca\/fr-ca\/notre-entreprise\/notre-responsabilite\/programme-choix-eclaire\/\" \/>\n<meta property=\"og:locale\" content=\"fr_CA\" \/>\n<meta property=\"og:type\" content=\"article\" \/>\n<meta property=\"og:title\" content=\"Clear Choice Program\" \/>\n<meta property=\"og:description\" content=\"Gordon Food Service Clear Choice Program provides visibility to a portfolio of products in seven categories to help you meet the product transparency demand. Learn more today.\" \/>\n<meta property=\"og:url\" content=\"https:\/\/gfs.ca\/fr-ca\/notre-entreprise\/notre-responsabilite\/programme-choix-eclaire\/\" \/>\n<meta property=\"og:site_name\" content=\"Gordon Food Service\" \/>\n<meta property=\"article:publisher\" content=\"https:\/\/www.facebook.com\/GordonFoodService\/\" \/>\n<meta property=\"article:modified_time\" content=\"2026-04-06T18:09:06+00:00\" \/>\n<meta property=\"og:image\" content=\"https:\/\/gfs.ca\/wp-content\/uploads\/2024\/09\/Traditional-Fish-Fry.jpg\" \/>\n\t<meta property=\"og:image:width\" content=\"2048\" \/>\n\t<meta property=\"og:image:height\" content=\"1365\" \/>\n\t<meta property=\"og:image:type\" content=\"image\/jpeg\" \/>\n<meta name=\"twitter:card\" content=\"summary_large_image\" \/>\n<meta name=\"twitter:site\" content=\"@GFSDelivers\" \/>\n<meta name=\"twitter:label1\" content=\"Estimation du temps de lecture\" \/>\n\t<meta name=\"twitter:data1\" content=\"2 minutes\" \/>\n<!-- \/ Yoast SEO Premium plugin. -->","yoast_head_json":{"title":"Clear Choice Program | Gordon Food Service","description":"Le programme Clear Choice offre une visibilit\u00e9 \u00e0 un portefeuille de produits dans sept cat\u00e9gories pour vous aider \u00e0 r\u00e9pondre \u00e0 la demande de transparence des produits. Apprenez-en davantage d\u00e8s aujourd'hui.","robots":{"index":"index","follow":"follow","max-snippet":"max-snippet:-1","max-image-preview":"max-image-preview:large","max-video-preview":"max-video-preview:-1"},"canonical":"https:\/\/gfs.ca\/fr-ca\/notre-entreprise\/notre-responsabilite\/programme-choix-eclaire\/","og_locale":"fr_CA","og_type":"article","og_title":"Clear Choice Program","og_description":"Gordon Food Service Clear Choice Program provides visibility to a portfolio of products in seven categories to help you meet the product transparency demand. Learn more today.","og_url":"https:\/\/gfs.ca\/fr-ca\/notre-entreprise\/notre-responsabilite\/programme-choix-eclaire\/","og_site_name":"Gordon Food Service","article_publisher":"https:\/\/www.facebook.com\/GordonFoodService\/","article_modified_time":"2026-04-06T18:09:06+00:00","og_image":[{"width":2048,"height":1365,"url":"https:\/\/gfs.ca\/wp-content\/uploads\/2024\/09\/Traditional-Fish-Fry.jpg","type":"image\/jpeg"}],"twitter_card":"summary_large_image","twitter_site":"@GFSDelivers","twitter_misc":{"Estimation du temps de lecture":"2 minutes"},"schema":{"@context":"https:\/\/schema.org","@graph":[{"@type":"WebPage","@id":"https:\/\/gfs.ca\/about-us\/our-responsibility\/clear-choice-program\/","url":"https:\/\/gfs.ca\/about-us\/our-responsibility\/clear-choice-program\/","name":"Clear Choice Program | Gordon Food Service","isPartOf":{"@id":"https:\/\/gfs.ca\/en-ca\/#website"},"primaryImageOfPage":{"@id":"https:\/\/gfs.ca\/about-us\/our-responsibility\/clear-choice-program\/#primaryimage"},"image":{"@id":"https:\/\/gfs.ca\/about-us\/our-responsibility\/clear-choice-program\/#primaryimage"},"thumbnailUrl":"https:\/\/gfs.ca\/wp-content\/uploads\/2024\/09\/Traditional-Fish-Fry.jpg","datePublished":"2022-11-15T21:46:10+00:00","dateModified":"2026-04-06T18:09:06+00:00","description":"Le programme Clear Choice offre une visibilit\u00e9 \u00e0 un portefeuille de produits dans sept cat\u00e9gories pour vous aider \u00e0 r\u00e9pondre \u00e0 la demande de transparence des produits. Apprenez-en davantage d\u00e8s aujourd'hui.","breadcrumb":{"@id":"https:\/\/gfs.ca\/about-us\/our-responsibility\/clear-choice-program\/#breadcrumb"},"inLanguage":"fr-CA","potentialAction":[{"@type":"ReadAction","target":["https:\/\/gfs.ca\/about-us\/our-responsibility\/clear-choice-program\/"]}]},{"@type":"ImageObject","inLanguage":"fr-CA","@id":"https:\/\/gfs.ca\/about-us\/our-responsibility\/clear-choice-program\/#primaryimage","url":"https:\/\/gfs.ca\/wp-content\/uploads\/2024\/09\/Traditional-Fish-Fry.jpg","contentUrl":"https:\/\/gfs.ca\/wp-content\/uploads\/2024\/09\/Traditional-Fish-Fry.jpg","width":2048,"height":1365,"caption":"Plate of lemon pepper beer battered fish with lemons next to it and green garnish"},{"@type":"BreadcrumbList","@id":"https:\/\/gfs.ca\/about-us\/our-responsibility\/clear-choice-program\/#breadcrumb","itemListElement":[{"@type":"ListItem","position":1,"name":"Home","item":"https:\/\/gfs.ca\/en-ca\/"},{"@type":"ListItem","position":2,"name":"About Us","item":"https:\/\/gfs.ca\/about-us\/"},{"@type":"ListItem","position":3,"name":"Our Responsibility","item":"https:\/\/gfs.ca\/about-us\/our-responsibility\/"},{"@type":"ListItem","position":4,"name":"Clear Choice Program"}]},{"@type":"WebSite","@id":"https:\/\/gfs.ca\/en-ca\/#website","url":"https:\/\/gfs.ca\/en-ca\/","name":"Service alimentaire Gordon","description":"","publisher":{"@id":"https:\/\/gfs.ca\/en-ca\/#organization"},"potentialAction":[{"@type":"SearchAction","target":{"@type":"EntryPoint","urlTemplate":"https:\/\/gfs.ca\/en-ca\/?s={search_term_string}"},"query-input":{"@type":"PropertyValueSpecification","valueRequired":true,"valueName":"search_term_string"}}],"inLanguage":"fr-CA"},{"@type":"Organization","@id":"https:\/\/gfs.ca\/en-ca\/#organization","name":"Service alimentaire Gordon","url":"https:\/\/gfs.ca\/en-ca\/","logo":{"@type":"ImageObject","inLanguage":"fr-CA","@id":"https:\/\/gfs.ca\/en-ca\/#\/schema\/logo\/image\/","url":"https:\/\/gfs.ca\/wp-content\/uploads\/2025\/11\/GFS-EN-Logo-og-image.png","contentUrl":"https:\/\/gfs.ca\/wp-content\/uploads\/2025\/11\/GFS-EN-Logo-og-image.png","width":1200,"height":630,"caption":"Gordon Food Service"},"image":{"@id":"https:\/\/gfs.ca\/en-ca\/#\/schema\/logo\/image\/"},"sameAs":["https:\/\/www.facebook.com\/GordonFoodService\/","https:\/\/x.com\/GFSDelivers","https:\/\/www.instagram.com\/gordonfoodservice\/","https:\/\/www.linkedin.com\/company\/gordon-food-service\/"]}]}},"_links":{"self":[{"href":"https:\/\/gfs.ca\/fr-ca\/wp-json\/wp\/v2\/pages\/12228","targetHints":{"allow":["GET"]}}],"collection":[{"href":"https:\/\/gfs.ca\/fr-ca\/wp-json\/wp\/v2\/pages"}],"about":[{"href":"https:\/\/gfs.ca\/fr-ca\/wp-json\/wp\/v2\/types\/page"}],"author":[{"embeddable":true,"href":"https:\/\/gfs.ca\/fr-ca\/wp-json\/wp\/v2\/users\/20"}],"replies":[{"embeddable":true,"href":"https:\/\/gfs.ca\/fr-ca\/wp-json\/wp\/v2\/comments?post=12228"}],"version-history":[{"count":18,"href":"https:\/\/gfs.ca\/fr-ca\/wp-json\/wp\/v2\/pages\/12228\/revisions"}],"predecessor-version":[{"id":41513,"href":"https:\/\/gfs.ca\/fr-ca\/wp-json\/wp\/v2\/pages\/12228\/revisions\/41513"}],"up":[{"embeddable":true,"href":"https:\/\/gfs.ca\/fr-ca\/wp-json\/wp\/v2\/pages\/36961"}],"wp:featuredmedia":[{"embeddable":true,"href":"https:\/\/gfs.ca\/fr-ca\/wp-json\/wp\/v2\/media\/34873"}],"wp:attachment":[{"href":"https:\/\/gfs.ca\/fr-ca\/wp-json\/wp\/v2\/media?parent=12228"}],"curies":[{"name":"wp","href":"https:\/\/api.w.org\/{rel}","templated":true}]}}