{"id":10292,"date":"2022-09-20T11:03:31","date_gmt":"2022-09-20T16:03:31","guid":{"rendered":"https:\/\/live-gordon-food-service.pantheonsite.io\/?page_id=10292"},"modified":"2025-12-03T11:31:56","modified_gmt":"2025-12-03T16:31:56","slug":"application-assistant-gordon-4","status":"publish","type":"page","link":"https:\/\/gfs.ca\/fr-ca\/products-services\/technology-solutions\/gordon-now-app\/","title":{"rendered":"Application Assistant Gordon"},"content":{"rendered":"<div data-elementor-type=\"wp-page\" data-elementor-id=\"10292\" class=\"elementor elementor-10292\" data-elementor-post-type=\"page\">\n\t\t\t\t<div data-particle_enable=\"false\" data-particle-mobile-disabled=\"false\" class=\"elementor-element elementor-element-027ff37 e-flex e-con-boxed e-con e-parent\" data-id=\"027ff37\" data-element_type=\"container\" data-e-type=\"container\" data-settings=\"{&quot;background_background&quot;:&quot;classic&quot;}\">\n\t\t\t\t\t<div class=\"e-con-inner\">\n\t\t<div data-particle_enable=\"false\" data-particle-mobile-disabled=\"false\" class=\"elementor-element elementor-element-9f42a57 e-con-full e-flex e-con e-child\" data-id=\"9f42a57\" data-element_type=\"container\" data-e-type=\"container\">\n\t\t\t\t<div class=\"elementor-element elementor-element-f118fad elementor-widget elementor-widget-heading\" data-id=\"f118fad\" data-element_type=\"widget\" data-e-type=\"widget\" data-widget_type=\"heading.default\">\n\t\t\t\t<div class=\"elementor-widget-container\">\n\t\t\t\t\t<h2 class=\"elementor-heading-title elementor-size-default\">Assistant Gordon<\/h2>\t\t\t\t<\/div>\n\t\t\t\t<\/div>\n\t\t\t\t<div class=\"elementor-element elementor-element-afd2398 elementor-widget elementor-widget-text-editor\" data-id=\"afd2398\" data-element_type=\"widget\" data-e-type=\"widget\" data-widget_type=\"text-editor.default\">\n\t\t\t\t<div class=\"elementor-widget-container\">\n\t\t\t\t\t\t\t\t\t<p>Passez des commandes, suivez vos livraisons, g\u00e9rez vos stocks et profitez d\u2019un soutien instantan\u00e9. Tout \u00e7a en une seule application.<\/p>\t\t\t\t\t\t\t\t<\/div>\n\t\t\t\t<\/div>\n\t\t\t\t<\/div>\n\t\t\t\t\t<\/div>\n\t\t\t\t<\/div>\n\t\t<div data-particle_enable=\"false\" data-particle-mobile-disabled=\"false\" class=\"elementor-element elementor-element-ce64a77 e-flex e-con-boxed e-con e-parent\" data-id=\"ce64a77\" data-element_type=\"container\" data-e-type=\"container\">\n\t\t\t\t\t<div class=\"e-con-inner\">\n\t\t<div data-particle_enable=\"false\" data-particle-mobile-disabled=\"false\" class=\"elementor-element elementor-element-7c848cd e-con-full e-flex e-con e-child\" data-id=\"7c848cd\" data-element_type=\"container\" data-e-type=\"container\">\n\t\t\t\t<div class=\"elementor-element elementor-element-ee3d94b elementor-widget elementor-widget-image\" data-id=\"ee3d94b\" data-element_type=\"widget\" data-e-type=\"widget\" data-widget_type=\"image.default\">\n\t\t\t\t<div class=\"elementor-widget-container\">\n\t\t\t\t\t\t\t\t\t\t\t\t\t\t\t<img fetchpriority=\"high\" decoding=\"async\" width=\"800\" height=\"420\" src=\"https:\/\/gfs.ca\/wp-content\/uploads\/2022\/12\/Gordon-Now-Logo-sRGB-FR.png\" class=\"attachment-large size-large wp-image-36930\" alt=\"\" srcset=\"https:\/\/gfs.ca\/wp-content\/uploads\/2022\/12\/Gordon-Now-Logo-sRGB-FR.png 2400w, https:\/\/gfs.ca\/wp-content\/uploads\/2022\/12\/Gordon-Now-Logo-sRGB-FR-300x110.png 300w, https:\/\/gfs.ca\/wp-content\/uploads\/2022\/12\/Gordon-Now-Logo-sRGB-FR-1024x374.png 1024w, https:\/\/gfs.ca\/wp-content\/uploads\/2022\/12\/Gordon-Now-Logo-sRGB-FR-768x281.png 768w, https:\/\/gfs.ca\/wp-content\/uploads\/2022\/12\/Gordon-Now-Logo-sRGB-FR-1536x561.png 1536w, https:\/\/gfs.ca\/wp-content\/uploads\/2022\/12\/Gordon-Now-Logo-sRGB-FR-2048x748.png 2048w, https:\/\/gfs.ca\/wp-content\/uploads\/2022\/12\/Gordon-Now-Logo-sRGB-FR-18x7.png 18w\" sizes=\"(max-width: 800px) 100vw, 800px\" \/>\t\t\t\t\t\t\t\t\t\t\t\t\t\t\t<\/div>\n\t\t\t\t<\/div>\n\t\t\t\t<div class=\"elementor-element elementor-element-da7d3a9 elementor-widget elementor-widget-heading\" data-id=\"da7d3a9\" data-element_type=\"widget\" data-e-type=\"widget\" data-widget_type=\"heading.default\">\n\t\t\t\t<div class=\"elementor-widget-container\">\n\t\t\t\t\t<h2 class=\"elementor-heading-title elementor-size-default\">G\u00e9rez votre entreprise quand, o\u00f9 et comme vous le souhaitez.<\/h2>\t\t\t\t<\/div>\n\t\t\t\t<\/div>\n\t\t\t\t<div class=\"elementor-element elementor-element-ae7ad13 elementor-widget elementor-widget-text-editor\" data-id=\"ae7ad13\" data-element_type=\"widget\" data-e-type=\"widget\" data-widget_type=\"text-editor.default\">\n\t\t\t\t<div class=\"elementor-widget-container\">\n\t\t\t\t\t\t\t\t\t<p>Nous r\u00e9volutionnons la restauration gr\u00e2ce \u00e0 Assistant Gordon. Passez vos commandes de partout et en tout temps, obtenez des d\u00e9lais exacts gr\u00e2ce au suivi des livraisons en temps r\u00e9el et g\u00e9rez facilement vos stocks pour que vos activit\u00e9s se d\u00e9roulent rondement. L\u2019application Assistant Gordon fournit les bonnes informations au moment o\u00f9 vous en avez besoin pour que vous soyez toujours en contr\u00f4le.<\/p>\t\t\t\t\t\t\t\t<\/div>\n\t\t\t\t<\/div>\n\t\t\t\t<\/div>\n\t\t<div data-particle_enable=\"false\" data-particle-mobile-disabled=\"false\" class=\"elementor-element elementor-element-5f1ee65 e-con-full e-flex e-con e-child\" data-id=\"5f1ee65\" data-element_type=\"container\" data-e-type=\"container\">\n\t\t\t\t<div class=\"elementor-element elementor-element-eb96b03 elementor-widget elementor-widget-image\" data-id=\"eb96b03\" data-element_type=\"widget\" data-e-type=\"widget\" data-widget_type=\"image.default\">\n\t\t\t\t<div class=\"elementor-widget-container\">\n\t\t\t\t\t\t\t\t\t\t\t\t\t\t\t<img decoding=\"async\" width=\"576\" height=\"1024\" src=\"https:\/\/gfs.ca\/wp-content\/uploads\/2025\/06\/Gordon-Now-Screenshots-2-2-576x1024.png\" class=\"attachment-large size-large wp-image-37101\" alt=\"\" srcset=\"https:\/\/gfs.ca\/wp-content\/uploads\/2025\/06\/Gordon-Now-Screenshots-2-2-576x1024.png 576w, https:\/\/gfs.ca\/wp-content\/uploads\/2025\/06\/Gordon-Now-Screenshots-2-2-169x300.png 169w, https:\/\/gfs.ca\/wp-content\/uploads\/2025\/06\/Gordon-Now-Screenshots-2-2-768x1365.png 768w, https:\/\/gfs.ca\/wp-content\/uploads\/2025\/06\/Gordon-Now-Screenshots-2-2-864x1536.png 864w, https:\/\/gfs.ca\/wp-content\/uploads\/2025\/06\/Gordon-Now-Screenshots-2-2-7x12.png 7w, https:\/\/gfs.ca\/wp-content\/uploads\/2025\/06\/Gordon-Now-Screenshots-2-2.png 1080w\" sizes=\"(max-width: 576px) 100vw, 576px\" \/>\t\t\t\t\t\t\t\t\t\t\t\t\t\t\t<\/div>\n\t\t\t\t<\/div>\n\t\t\t\t<\/div>\n\t\t\t\t\t<\/div>\n\t\t\t\t<\/div>\n\t\t<div data-particle_enable=\"false\" data-particle-mobile-disabled=\"false\" class=\"elementor-element elementor-element-498902c e-flex e-con-boxed e-con e-parent\" data-id=\"498902c\" data-element_type=\"container\" data-e-type=\"container\" data-settings=\"{&quot;background_background&quot;:&quot;classic&quot;}\">\n\t\t\t\t\t<div class=\"e-con-inner\">\n\t\t\t\t<div class=\"elementor-element elementor-element-78ff1a8 elementor-widget elementor-widget-heading\" data-id=\"78ff1a8\" data-element_type=\"widget\" data-e-type=\"widget\" data-widget_type=\"heading.default\">\n\t\t\t\t<div class=\"elementor-widget-container\">\n\t\t\t\t\t<h2 class=\"elementor-heading-title elementor-size-default\">Caract\u00e9ristiques suppl\u00e9mentaires de l\u2019application Assistant Gordon<\/h2>\t\t\t\t<\/div>\n\t\t\t\t<\/div>\n\t\t<div data-particle_enable=\"false\" data-particle-mobile-disabled=\"false\" class=\"elementor-element elementor-element-94d210f e-grid e-con-full e-con e-child\" data-id=\"94d210f\" data-element_type=\"container\" data-e-type=\"container\">\n\t\t<div data-particle_enable=\"false\" data-particle-mobile-disabled=\"false\" class=\"elementor-element elementor-element-8cf022c e-con-full e-flex e-con e-child\" data-id=\"8cf022c\" data-element_type=\"container\" data-e-type=\"container\" data-settings=\"{&quot;background_background&quot;:&quot;classic&quot;}\">\n\t\t\t\t<div class=\"elementor-element elementor-element-d41fed7 elementor-widget elementor-widget-heading\" data-id=\"d41fed7\" data-element_type=\"widget\" data-e-type=\"widget\" data-widget_type=\"heading.default\">\n\t\t\t\t<div class=\"elementor-widget-container\">\n\t\t\t\t\t<h2 class=\"elementor-heading-title elementor-size-default\">Activation de notifications pouss\u00e9es pour les livraisons<\/h2>\t\t\t\t<\/div>\n\t\t\t\t<\/div>\n\t\t\t\t<\/div>\n\t\t<div data-particle_enable=\"false\" data-particle-mobile-disabled=\"false\" class=\"elementor-element elementor-element-dc5a1bd e-con-full e-flex e-con e-child\" data-id=\"dc5a1bd\" data-element_type=\"container\" data-e-type=\"container\" data-settings=\"{&quot;background_background&quot;:&quot;classic&quot;}\">\n\t\t\t\t<div class=\"elementor-element elementor-element-6efac4f elementor-widget elementor-widget-heading\" data-id=\"6efac4f\" data-element_type=\"widget\" data-e-type=\"widget\" data-widget_type=\"heading.default\">\n\t\t\t\t<div class=\"elementor-widget-container\">\n\t\t\t\t\t<h2 class=\"elementor-heading-title elementor-size-default\">Commande et paiement<\/h2>\t\t\t\t<\/div>\n\t\t\t\t<\/div>\n\t\t\t\t<\/div>\n\t\t<div data-particle_enable=\"false\" data-particle-mobile-disabled=\"false\" class=\"elementor-element elementor-element-692b3b9 e-con-full e-flex e-con e-child\" data-id=\"692b3b9\" data-element_type=\"container\" data-e-type=\"container\" data-settings=\"{&quot;background_background&quot;:&quot;classic&quot;}\">\n\t\t\t\t<div class=\"elementor-element elementor-element-5a57e4a elementor-widget elementor-widget-heading\" data-id=\"5a57e4a\" data-element_type=\"widget\" data-e-type=\"widget\" data-widget_type=\"heading.default\">\n\t\t\t\t<div class=\"elementor-widget-container\">\n\t\t\t\t\t<h2 class=\"elementor-heading-title elementor-size-default\">Suivi de l\u2019arriv\u00e9e du camion de livraison<\/h2>\t\t\t\t<\/div>\n\t\t\t\t<\/div>\n\t\t\t\t<\/div>\n\t\t<div data-particle_enable=\"false\" data-particle-mobile-disabled=\"false\" class=\"elementor-element elementor-element-5688f6d e-con-full e-flex e-con e-child\" data-id=\"5688f6d\" data-element_type=\"container\" data-e-type=\"container\" data-settings=\"{&quot;background_background&quot;:&quot;classic&quot;}\">\n\t\t\t\t<div class=\"elementor-element elementor-element-cedc7e5 elementor-widget elementor-widget-heading\" data-id=\"cedc7e5\" data-element_type=\"widget\" data-e-type=\"widget\" data-widget_type=\"heading.default\">\n\t\t\t\t<div class=\"elementor-widget-container\">\n\t\t\t\t\t<h2 class=\"elementor-heading-title elementor-size-default\">Aper\u00e7u du contenu du camion de livraison<\/h2>\t\t\t\t<\/div>\n\t\t\t\t<\/div>\n\t\t\t\t<\/div>\n\t\t<div data-particle_enable=\"false\" data-particle-mobile-disabled=\"false\" class=\"elementor-element elementor-element-3460d69 e-con-full e-flex e-con e-child\" data-id=\"3460d69\" data-element_type=\"container\" data-e-type=\"container\" data-settings=\"{&quot;background_background&quot;:&quot;classic&quot;}\">\n\t\t\t\t<div class=\"elementor-element elementor-element-8544100 elementor-widget elementor-widget-heading\" data-id=\"8544100\" data-element_type=\"widget\" data-e-type=\"widget\" data-widget_type=\"heading.default\">\n\t\t\t\t<div class=\"elementor-widget-container\">\n\t\t\t\t\t<h2 class=\"elementor-heading-title elementor-size-default\">Consultation des produits en rupture de stock ou manquants dans la livraison<\/h2>\t\t\t\t<\/div>\n\t\t\t\t<\/div>\n\t\t\t\t<\/div>\n\t\t<div data-particle_enable=\"false\" data-particle-mobile-disabled=\"false\" class=\"elementor-element elementor-element-2aebe43 e-con-full e-flex e-con e-child\" data-id=\"2aebe43\" data-element_type=\"container\" data-e-type=\"container\" data-settings=\"{&quot;background_background&quot;:&quot;classic&quot;}\">\n\t\t\t\t<div class=\"elementor-element elementor-element-a3b3350 elementor-widget elementor-widget-heading\" data-id=\"a3b3350\" data-element_type=\"widget\" data-e-type=\"widget\" data-widget_type=\"heading.default\">\n\t\t\t\t<div class=\"elementor-widget-container\">\n\t\t\t\t\t<h2 class=\"elementor-heading-title elementor-size-default translation-block\">Demandes de service aupr\u00e8s d\u2019InnoServ<\/h2>\t\t\t\t<\/div>\n\t\t\t\t<\/div>\n\t\t\t\t<\/div>\n\t\t<div data-particle_enable=\"false\" data-particle-mobile-disabled=\"false\" class=\"elementor-element elementor-element-b3a6643 e-con-full e-flex e-con e-child\" data-id=\"b3a6643\" data-element_type=\"container\" data-e-type=\"container\" data-settings=\"{&quot;background_background&quot;:&quot;classic&quot;}\">\n\t\t\t\t<div class=\"elementor-element elementor-element-cf4f82f elementor-widget elementor-widget-heading\" data-id=\"cf4f82f\" data-element_type=\"widget\" data-e-type=\"widget\" data-widget_type=\"heading.default\">\n\t\t\t\t<div class=\"elementor-widget-container\">\n\t\t\t\t\t<h2 class=\"elementor-heading-title elementor-size-default\">Acc\u00e8s aux coordonn\u00e9es les plus couramment utilis\u00e9es<\/h2>\t\t\t\t<\/div>\n\t\t\t\t<\/div>\n\t\t\t\t<\/div>\n\t\t<div data-particle_enable=\"false\" data-particle-mobile-disabled=\"false\" class=\"elementor-element elementor-element-186b61a e-con-full e-flex e-con e-child\" data-id=\"186b61a\" data-element_type=\"container\" data-e-type=\"container\" data-settings=\"{&quot;background_background&quot;:&quot;classic&quot;}\">\n\t\t\t\t<div class=\"elementor-element elementor-element-2416920 elementor-widget elementor-widget-heading\" data-id=\"2416920\" data-element_type=\"widget\" data-e-type=\"widget\" data-widget_type=\"heading.default\">\n\t\t\t\t<div class=\"elementor-widget-container\">\n\t\t\t\t\t<h2 class=\"elementor-heading-title elementor-size-default\">Affichage en fran\u00e7ais, en anglais ou en espagnol<\/h2>\t\t\t\t<\/div>\n\t\t\t\t<\/div>\n\t\t\t\t<\/div>\n\t\t\t\t<\/div>\n\t\t\t\t\t<\/div>\n\t\t\t\t<\/div>\n\t\t<div data-particle_enable=\"false\" data-particle-mobile-disabled=\"false\" class=\"elementor-element elementor-element-74701f3 featured-cards e-flex e-con-boxed e-con e-parent\" data-id=\"74701f3\" data-element_type=\"container\" data-e-type=\"container\" data-settings=\"{&quot;background_background&quot;:&quot;classic&quot;}\">\n\t\t\t\t\t<div class=\"e-con-inner\">\n\t\t<div data-particle_enable=\"false\" data-particle-mobile-disabled=\"false\" class=\"elementor-element elementor-element-e7d1ce4 e-con-full e-flex e-con e-child\" data-id=\"e7d1ce4\" data-element_type=\"container\" data-e-type=\"container\">\n\t\t\t\t<div class=\"elementor-element elementor-element-f86420d elementor-widget elementor-widget-menu-anchor\" data-id=\"f86420d\" data-element_type=\"widget\" data-e-type=\"widget\" data-widget_type=\"menu-anchor.default\">\n\t\t\t\t<div class=\"elementor-widget-container\">\n\t\t\t\t\t\t\t<div class=\"elementor-menu-anchor\" id=\"download-app\"><\/div>\n\t\t\t\t\t\t<\/div>\n\t\t\t\t<\/div>\n\t\t\t\t<div class=\"elementor-element elementor-element-d598799 elementor-widget__width-initial elementor-widget elementor-widget-text-editor\" data-id=\"d598799\" data-element_type=\"widget\" data-e-type=\"widget\" data-widget_type=\"text-editor.default\">\n\t\t\t\t<div class=\"elementor-widget-container\">\n\t\t\t\t\t\t\t\t\t<p>Si vous \u00eates d\u00e9j\u00e0 client, t\u00e9l\u00e9chargez l\u2019application gratuite d\u00e8s aujourd\u2019hui et connectez-vous en utilisant votre nom d\u2019utilisateur et votre mot de passe Commande Gordon existants.<\/p>\t\t\t\t\t\t\t\t<\/div>\n\t\t\t\t<\/div>\n\t\t<div data-particle_enable=\"false\" data-particle-mobile-disabled=\"false\" class=\"elementor-element elementor-element-3464023 e-con-full e-flex e-con e-child\" data-id=\"3464023\" data-element_type=\"container\" data-e-type=\"container\">\n\t\t<div data-particle_enable=\"false\" data-particle-mobile-disabled=\"false\" class=\"elementor-element elementor-element-4c3acb5 e-con-full e-flex e-con e-child\" data-id=\"4c3acb5\" data-element_type=\"container\" data-e-type=\"container\" data-settings=\"{&quot;background_background&quot;:&quot;classic&quot;}\">\n\t\t\t\t<div class=\"elementor-element elementor-element-248f34b elementor-widget elementor-widget-heading\" data-id=\"248f34b\" data-element_type=\"widget\" data-e-type=\"widget\" data-widget_type=\"heading.default\">\n\t\t\t\t<div class=\"elementor-widget-container\">\n\t\t\t\t\t<h2 class=\"elementor-heading-title elementor-size-default\">Utilisateurs d\u2019appareils iPhone<\/h2>\t\t\t\t<\/div>\n\t\t\t\t<\/div>\n\t\t\t\t<div class=\"elementor-element elementor-element-379100b elementor-widget elementor-widget-text-editor\" data-id=\"379100b\" data-element_type=\"widget\" data-e-type=\"widget\" data-widget_type=\"text-editor.default\">\n\t\t\t\t<div class=\"elementor-widget-container\">\n\t\t\t\t\t\t\t\t\t<p>T\u00e9l\u00e9chargez l\u2019application \u00e0 partir de l\u2019Apple Store<\/p>\t\t\t\t\t\t\t\t<\/div>\n\t\t\t\t<\/div>\n\t\t\t\t<div class=\"elementor-element elementor-element-0905b63 elementor-widget elementor-widget-button\" data-id=\"0905b63\" data-element_type=\"widget\" data-e-type=\"widget\" data-widget_type=\"button.default\">\n\t\t\t\t<div class=\"elementor-widget-container\">\n\t\t\t\t\t\t\t\t\t<div class=\"elementor-button-wrapper\">\n\t\t\t\t\t<a class=\"elementor-button elementor-button-link elementor-size-sm\" href=\"https:\/\/itunes.apple.com\/us\/app\/gordon-now\/id1389981504?mt=8\" target=\"_blank\">\n\t\t\t\t\t\t<span class=\"elementor-button-content-wrapper\">\n\t\t\t\t\t\t\t\t\t<span class=\"elementor-button-text\">Aller sur l\u2019App Store<\/span>\n\t\t\t\t\t<\/span>\n\t\t\t\t\t<\/a>\n\t\t\t\t<\/div>\n\t\t\t\t\t\t\t\t<\/div>\n\t\t\t\t<\/div>\n\t\t\t\t<\/div>\n\t\t<div data-particle_enable=\"false\" data-particle-mobile-disabled=\"false\" class=\"elementor-element elementor-element-aec0ef2 e-con-full e-flex e-con e-child\" data-id=\"aec0ef2\" data-element_type=\"container\" data-e-type=\"container\" data-settings=\"{&quot;background_background&quot;:&quot;classic&quot;}\">\n\t\t\t\t<div class=\"elementor-element elementor-element-27b12d0 elementor-widget elementor-widget-heading\" data-id=\"27b12d0\" data-element_type=\"widget\" data-e-type=\"widget\" data-widget_type=\"heading.default\">\n\t\t\t\t<div class=\"elementor-widget-container\">\n\t\t\t\t\t<h2 class=\"elementor-heading-title elementor-size-default\">Utilisateurs d\u2019appareils Android<\/h2>\t\t\t\t<\/div>\n\t\t\t\t<\/div>\n\t\t\t\t<div class=\"elementor-element elementor-element-a3f0665 elementor-widget elementor-widget-text-editor\" data-id=\"a3f0665\" data-element_type=\"widget\" data-e-type=\"widget\" data-widget_type=\"text-editor.default\">\n\t\t\t\t<div class=\"elementor-widget-container\">\n\t\t\t\t\t\t\t\t\t<p>T\u00e9l\u00e9chargez l\u2019application \u00e0 partir du Google Play Store<\/p>\t\t\t\t\t\t\t\t<\/div>\n\t\t\t\t<\/div>\n\t\t\t\t<div class=\"elementor-element elementor-element-7128d5e elementor-widget elementor-widget-button\" data-id=\"7128d5e\" data-element_type=\"widget\" data-e-type=\"widget\" data-widget_type=\"button.default\">\n\t\t\t\t<div class=\"elementor-widget-container\">\n\t\t\t\t\t\t\t\t\t<div class=\"elementor-button-wrapper\">\n\t\t\t\t\t<a class=\"elementor-button elementor-button-link elementor-size-sm\" href=\"https:\/\/play.google.com\/store\/apps\/details?id=com.gfs.gordonnow&#038;hl=en_US&#038;gl=US\" target=\"_blank\">\n\t\t\t\t\t\t<span class=\"elementor-button-content-wrapper\">\n\t\t\t\t\t\t\t\t\t<span class=\"elementor-button-text\">Aller sur le Google Play Store<\/span>\n\t\t\t\t\t<\/span>\n\t\t\t\t\t<\/a>\n\t\t\t\t<\/div>\n\t\t\t\t\t\t\t\t<\/div>\n\t\t\t\t<\/div>\n\t\t\t\t<\/div>\n\t\t\t\t<\/div>\n\t\t\t\t<\/div>\n\t\t\t\t\t<\/div>\n\t\t\t\t<\/div>\n\t\t\t\t<\/div>","protected":false},"excerpt":{"rendered":"<p>Gordon Now Place orders, track deliveries, manage inventory, and get instant support\u2014all in one app. Manage your business whenever, wherever, and however you want. We&#8217;re revolutionizing food service with Gordon Now. Place orders on the go from anywhere, get exact ETAs with real-time delivery tracking, and seamlessly manage your inventory to keep things running perfectly. [&hellip;]<\/p>\n","protected":false},"author":20,"featured_media":0,"parent":14113,"menu_order":0,"comment_status":"closed","ping_status":"closed","template":"","meta":{"_acf_changed":false,"footnotes":""},"class_list":["post-10292","page","type-page","status-publish","hentry"],"acf":[],"yoast_head":"<!-- This site is optimized with the Yoast SEO Premium plugin v22.9 (Yoast SEO v27.0) - https:\/\/yoast.com\/product\/yoast-seo-premium-wordpress\/ -->\n<title>Gordon Now App | Gordon Food Service<\/title>\n<meta name=\"description\" content=\"Track Your Orders &amp; Deliveries With the Gordon Now App\" \/>\n<meta name=\"robots\" content=\"index, follow, max-snippet:-1, max-image-preview:large, max-video-preview:-1\" \/>\n<link rel=\"canonical\" href=\"https:\/\/gfs.ca\/fr-ca\/produits-services\/solutions-technologiques\/application-assistant-gordon-4\/\" \/>\n<meta property=\"og:locale\" content=\"fr_CA\" \/>\n<meta property=\"og:type\" content=\"article\" \/>\n<meta property=\"og:title\" content=\"Gordon Now App\" \/>\n<meta property=\"og:description\" content=\"Track Your Orders &amp; Deliveries With the Gordon Now App\" \/>\n<meta property=\"og:url\" content=\"https:\/\/gfs.ca\/fr-ca\/produits-services\/solutions-technologiques\/application-assistant-gordon-4\/\" \/>\n<meta property=\"og:site_name\" content=\"Gordon Food Service\" \/>\n<meta property=\"article:publisher\" content=\"https:\/\/www.facebook.com\/GordonFoodService\/\" \/>\n<meta property=\"article:modified_time\" content=\"2025-12-03T16:31:56+00:00\" \/>\n<meta property=\"og:image\" content=\"https:\/\/gfs.ca\/wp-content\/uploads\/2025\/06\/Gordon-Now-Logo-sRGB-1-e1672956718674-1024x538.png\" \/>\n<meta name=\"twitter:card\" content=\"summary_large_image\" \/>\n<meta name=\"twitter:site\" content=\"@GFSDelivers\" \/>\n<meta name=\"twitter:label1\" content=\"Estimation du temps de lecture\" \/>\n\t<meta name=\"twitter:data1\" content=\"2 minutes\" \/>\n<!-- \/ Yoast SEO Premium plugin. -->","yoast_head_json":{"title":"L'application Assistant Gordon | Service Alimentaire Gordon","description":"Suivez vos commandes et vos livraisons avec l'application Gordon Now","robots":{"index":"index","follow":"follow","max-snippet":"max-snippet:-1","max-image-preview":"max-image-preview:large","max-video-preview":"max-video-preview:-1"},"canonical":"https:\/\/gfs.ca\/fr-ca\/produits-services\/solutions-technologiques\/application-assistant-gordon-4\/","og_locale":"fr_CA","og_type":"article","og_title":"Gordon Now App","og_description":"Track Your Orders & Deliveries With the Gordon Now App","og_url":"https:\/\/gfs.ca\/fr-ca\/produits-services\/solutions-technologiques\/application-assistant-gordon-4\/","og_site_name":"Gordon Food Service","article_publisher":"https:\/\/www.facebook.com\/GordonFoodService\/","article_modified_time":"2025-12-03T16:31:56+00:00","og_image":[{"url":"https:\/\/gfs.ca\/wp-content\/uploads\/2025\/06\/Gordon-Now-Logo-sRGB-1-e1672956718674-1024x538.png","type":"","width":"","height":""}],"twitter_card":"summary_large_image","twitter_site":"@GFSDelivers","twitter_misc":{"Estimation du temps de lecture":"2 minutes"},"schema":{"@context":"https:\/\/schema.org","@graph":[{"@type":"WebPage","@id":"https:\/\/gfs.ca\/en-ca\/products-services\/technology-solutions\/gordon-now-app\/","url":"https:\/\/gfs.ca\/en-ca\/products-services\/technology-solutions\/gordon-now-app\/","name":"L'application Assistant Gordon | Service Alimentaire Gordon","isPartOf":{"@id":"https:\/\/gfs.ca\/en-ca\/#website"},"primaryImageOfPage":{"@id":"https:\/\/gfs.ca\/en-ca\/products-services\/technology-solutions\/gordon-now-app\/#primaryimage"},"image":{"@id":"https:\/\/gfs.ca\/en-ca\/products-services\/technology-solutions\/gordon-now-app\/#primaryimage"},"thumbnailUrl":"https:\/\/gfs.ca\/wp-content\/uploads\/2025\/06\/Gordon-Now-Logo-sRGB-1-e1672956718674-1024x538.png","datePublished":"2022-09-20T16:03:31+00:00","dateModified":"2025-12-03T16:31:56+00:00","description":"Suivez vos commandes et vos livraisons avec l'application Gordon Now","breadcrumb":{"@id":"https:\/\/gfs.ca\/en-ca\/products-services\/technology-solutions\/gordon-now-app\/#breadcrumb"},"inLanguage":"fr-CA","potentialAction":[{"@type":"ReadAction","target":["https:\/\/gfs.ca\/en-ca\/products-services\/technology-solutions\/gordon-now-app\/"]}]},{"@type":"ImageObject","inLanguage":"fr-CA","@id":"https:\/\/gfs.ca\/en-ca\/products-services\/technology-solutions\/gordon-now-app\/#primaryimage","url":"https:\/\/gfs.ca\/wp-content\/uploads\/2025\/06\/Gordon-Now-Logo-sRGB-1-e1672956718674-1024x538.png","contentUrl":"https:\/\/gfs.ca\/wp-content\/uploads\/2025\/06\/Gordon-Now-Logo-sRGB-1-e1672956718674-1024x538.png"},{"@type":"BreadcrumbList","@id":"https:\/\/gfs.ca\/en-ca\/products-services\/technology-solutions\/gordon-now-app\/#breadcrumb","itemListElement":[{"@type":"ListItem","position":1,"name":"Home","item":"https:\/\/gfs.ca\/en-ca\/"},{"@type":"ListItem","position":2,"name":"Products &amp; Services","item":"https:\/\/gfs.ca\/en-ca\/products-services\/"},{"@type":"ListItem","position":3,"name":"Technology Solutions","item":"https:\/\/gfs.ca\/fr-ca\/produits-services\/solutions-technologiques\/"},{"@type":"ListItem","position":4,"name":"Gordon Now App"}]},{"@type":"WebSite","@id":"https:\/\/gfs.ca\/en-ca\/#website","url":"https:\/\/gfs.ca\/en-ca\/","name":"Service alimentaire Gordon","description":"","publisher":{"@id":"https:\/\/gfs.ca\/en-ca\/#organization"},"potentialAction":[{"@type":"SearchAction","target":{"@type":"EntryPoint","urlTemplate":"https:\/\/gfs.ca\/en-ca\/?s={search_term_string}"},"query-input":{"@type":"PropertyValueSpecification","valueRequired":true,"valueName":"search_term_string"}}],"inLanguage":"fr-CA"},{"@type":"Organization","@id":"https:\/\/gfs.ca\/en-ca\/#organization","name":"Service alimentaire Gordon","url":"https:\/\/gfs.ca\/en-ca\/","logo":{"@type":"ImageObject","inLanguage":"fr-CA","@id":"https:\/\/gfs.ca\/en-ca\/#\/schema\/logo\/image\/","url":"https:\/\/gfs.ca\/wp-content\/uploads\/2025\/11\/GFS-EN-Logo-og-image.png","contentUrl":"https:\/\/gfs.ca\/wp-content\/uploads\/2025\/11\/GFS-EN-Logo-og-image.png","width":1200,"height":630,"caption":"Gordon Food Service"},"image":{"@id":"https:\/\/gfs.ca\/en-ca\/#\/schema\/logo\/image\/"},"sameAs":["https:\/\/www.facebook.com\/GordonFoodService\/","https:\/\/x.com\/GFSDelivers","https:\/\/www.instagram.com\/gordonfoodservice\/","https:\/\/www.linkedin.com\/company\/gordon-food-service\/"]}]}},"_links":{"self":[{"href":"https:\/\/gfs.ca\/fr-ca\/wp-json\/wp\/v2\/pages\/10292","targetHints":{"allow":["GET"]}}],"collection":[{"href":"https:\/\/gfs.ca\/fr-ca\/wp-json\/wp\/v2\/pages"}],"about":[{"href":"https:\/\/gfs.ca\/fr-ca\/wp-json\/wp\/v2\/types\/page"}],"author":[{"embeddable":true,"href":"https:\/\/gfs.ca\/fr-ca\/wp-json\/wp\/v2\/users\/20"}],"replies":[{"embeddable":true,"href":"https:\/\/gfs.ca\/fr-ca\/wp-json\/wp\/v2\/comments?post=10292"}],"version-history":[{"count":39,"href":"https:\/\/gfs.ca\/fr-ca\/wp-json\/wp\/v2\/pages\/10292\/revisions"}],"predecessor-version":[{"id":42147,"href":"https:\/\/gfs.ca\/fr-ca\/wp-json\/wp\/v2\/pages\/10292\/revisions\/42147"}],"up":[{"embeddable":true,"href":"https:\/\/gfs.ca\/fr-ca\/wp-json\/wp\/v2\/pages\/14113"}],"wp:attachment":[{"href":"https:\/\/gfs.ca\/fr-ca\/wp-json\/wp\/v2\/media?parent=10292"}],"curies":[{"name":"wp","href":"https:\/\/api.w.org\/{rel}","templated":true}]}}